{"id":253,"date":"2022-05-04T14:23:18","date_gmt":"2022-05-04T14:23:18","guid":{"rendered":"https:\/\/startersites.io\/blocksy\/gadgets\/?post_type=product&#038;p=253"},"modified":"2025-10-29T02:45:09","modified_gmt":"2025-10-29T07:45:09","slug":"ventilador-de-bano-ce","status":"publish","type":"product","link":"https:\/\/www.ecvents.com\/es\/product\/ventilador-de-bano-ce\/","title":{"rendered":"ventilador de ba\u00f1o CE"},"content":{"rendered":"<div class=\"column mcb-column mcb-item-ef2dc8aa4 one laptop-one tablet-one mobile-one column_column vb-item\">\n<div class=\"mcb-column-inner mfn-module-wrapper mcb-column-inner-ef2dc8aa4 mcb-item-column-inner\">\n<div class=\"column_attr mfn-inline-editor clearfix\">\n<p><img loading=\"lazy\" decoding=\"async\" class=\"alignnone size-full wp-image-2485\" src=\"https:\/\/www.kcvents.com\/wp-content\/uploads\/2025\/07\/ec-Motor-Exhaust-Fan.jpg\" alt=\"\" width=\"1000\" height=\"589\" data-no-translation=\"\" \/><\/p>\n<h4>Dimensiones (mm)<\/h4>\n<table>\n<thead>\n<tr>\n<th>modelo<\/th>\n<th>panel<\/th>\n<th>espesor<\/th>\n<th>di\u00e1metro<\/th>\n<\/tr>\n<\/thead>\n<tbody>\n<tr>\n<td>APC10 \u2013 CE<\/td>\n<td>142*142<\/td>\n<td>75<\/td>\n<td>98<\/td>\n<\/tr>\n<tr>\n<td>APC15 \u2013 CE<\/td>\n<td>200*200<\/td>\n<td>75<\/td>\n<td>150<\/td>\n<\/tr>\n<tr>\n<td>APC20 \u2013 CE<\/td>\n<td>250*250<\/td>\n<td>100<\/td>\n<td>180<\/td>\n<\/tr>\n<\/tbody>\n<\/table>\n<h4>Especificaci\u00f3n:<\/h4>\n<table>\n<thead>\n<tr>\n<th>modelo<\/th>\n<th>Voltaje (V\/Hz)<\/th>\n<th>Potencia (W)<\/th>\n<th>Flujo de aire (m\u00b3\/h)<\/th>\n<th>Velocidad (r\/min)<\/th>\n<th>Ruido (dB)<\/th>\n<th>Tama\u00f1o (mm)<\/th>\n<th>Tama\u00f1o del orificio (mm)<\/th>\n<\/tr>\n<\/thead>\n<tbody>\n<tr>\n<td>APC10 \u2013 CE<\/td>\n<td>220V \u2013 50Hz<\/td>\n<td>4<\/td>\n<td>192<\/td>\n<td>1800<\/td>\n<td>38<\/td>\n<td>142<em>77<\/em>98<\/td>\n<td>102 \u2013 103<\/td>\n<\/tr>\n<tr>\n<td>APC15 \u2013 CE<\/td>\n<td>220V \u2013 50Hz<\/td>\n<td>5<\/td>\n<td>192<\/td>\n<td>1800<\/td>\n<td>40<\/td>\n<td>200<em>87<\/em>150<\/td>\n<td>152 \u2013 158<\/td>\n<\/tr>\n<tr>\n<td>APC20 \u2013 CE<\/td>\n<td>220V \u2013 50Hz<\/td>\n<td>6<\/td>\n<td>258<\/td>\n<td>1800<\/td>\n<td>42<\/td>\n<td>250<em>100<\/em>180<\/td>\n<td>198 - 203<\/td>\n<\/tr>\n<\/tbody>\n<\/table>\n<p>&nbsp;<\/p>\n<\/div>\n<\/div>\n<\/div>\n<div class=\"column mcb-column mcb-item-95b6ace20 one laptop-one tablet-one mobile-one column_column vb-item\">\n<div class=\"mcb-column-inner mfn-module-wrapper mcb-column-inner-95b6ace20 mcb-item-column-inner\">\n<div class=\"column_attr mfn-inline-editor clearfix\">\n<p>&nbsp;<\/p>\n<div class=\"button_align align_center\"><a class=\"button button_right button_size_2\" title=\"\" href=\"mailto:info@kcvents.com\" target=\"_blank\" rel=\"noopener\"><i class=\"icon-direction\" aria-hidden=\"true\"><\/i><span class=\"button_label\">consultar<\/span><\/a><\/div>\n<\/div>\n<\/div>\n<\/div>","protected":false},"excerpt":{"rendered":"<ol>\n<li>Ventilaci\u00f3n eficiente con motor EC de alto rendimiento, asegurando un flujo de aire \u00f3ptimo para su espacio. Rendimiento potente y fiable.<\/li>\n<li>Tecnolog\u00eda avanzada de motores EC para una ventilaci\u00f3n potente y consumir energ\u00eda m\u00ednima. Ahorre dinero en facturas de servicios p\u00fablicos con nuestro dise\u00f1o eficiente.<\/li>\n<li>Dise\u00f1ado para un funcionamiento silencioso, perfecto para dormitorios, oficinas o espacios sensibles al ruido. Disfruta de un ambiente tranquilo con nuestro fan<\/li>\n<li>La construcci\u00f3n robusta y los materiales resistentes a la corrosi\u00f3n garantizan la durabilidad. Ideal para ba\u00f1os, cocinas o ambientes comerciales donde la fiabilidad es esencial.<\/li>\n<li>El sistema de montaje simple y las instrucciones incluidas hacen que la instalaci\u00f3n sea muy f\u00e1cil. Configuraci\u00f3n sin problemas para entusiastas del bricolaje o instaladores profesionales.<\/li>\n<\/ol>\n<p><a class=\"button button_right button_size_2\" title=\"\" href=\"mailto:info@kcvents.com\" target=\"_blank\" rel=\"noopener\"><i class=\"icon-direction\" aria-hidden=\"true\"><\/i><span class=\"button_label\">consultar<\/span><\/a>\u00a0<a class=\"button button_right button_size_2\" title=\"\" href=\"https:\/\/www.kcvents.com\/portfolio-item\/ec-motor-exhaust-fan\" target=\"_blank\" rel=\"noopener\"><i class=\"icon-acrobat\" aria-hidden=\"true\"><\/i><span class=\"button_label\">cat\u00e1logo<\/span><\/a><\/p>","protected":false},"featured_media":934,"comment_status":"open","ping_status":"closed","template":"","meta":{"_acf_changed":false},"product_brand":[],"product_cat":[28],"product_tag":[],"class_list":{"0":"post-253","1":"product","2":"type-product","3":"status-publish","4":"has-post-thumbnail","6":"product_cat-exhaust-fan","8":"first","9":"instock","10":"taxable","11":"shipping-taxable","12":"purchasable","13":"product-type-variable","14":"has-default-attributes"},"acf":[],"_links":{"self":[{"href":"https:\/\/www.ecvents.com\/es\/wp-json\/wp\/v2\/product\/253","targetHints":{"allow":["GET"]}}],"collection":[{"href":"https:\/\/www.ecvents.com\/es\/wp-json\/wp\/v2\/product"}],"about":[{"href":"https:\/\/www.ecvents.com\/es\/wp-json\/wp\/v2\/types\/product"}],"replies":[{"embeddable":true,"href":"https:\/\/www.ecvents.com\/es\/wp-json\/wp\/v2\/comments?post=253"}],"wp:featuredmedia":[{"embeddable":true,"href":"https:\/\/www.ecvents.com\/es\/wp-json\/wp\/v2\/media\/934"}],"wp:attachment":[{"href":"https:\/\/www.ecvents.com\/es\/wp-json\/wp\/v2\/media?parent=253"}],"wp:term":[{"taxonomy":"product_brand","embeddable":true,"href":"https:\/\/www.ecvents.com\/es\/wp-json\/wp\/v2\/product_brand?post=253"},{"taxonomy":"product_cat","embeddable":true,"href":"https:\/\/www.ecvents.com\/es\/wp-json\/wp\/v2\/product_cat?post=253"},{"taxonomy":"product_tag","embeddable":true,"href":"https:\/\/www.ecvents.com\/es\/wp-json\/wp\/v2\/product_tag?post=253"}],"curies":[{"name":"pp","href":"https:\/\/api.w.org\/{rel}","templated":true}]}}