{"id":257,"date":"2022-05-04T14:26:24","date_gmt":"2022-05-04T14:26:24","guid":{"rendered":"https:\/\/startersites.io\/blocksy\/gadgets\/?post_type=product&#038;p=257"},"modified":"2025-11-04T21:16:55","modified_gmt":"2025-11-05T02:16:55","slug":"ventilador-hepa-de-pared-vt501-f","status":"publish","type":"product","link":"https:\/\/www.ecvents.com\/es\/product\/ventilador-hepa-de-pared-vt501-f\/","title":{"rendered":"Ventilador HEPA de pared VT501-F"},"content":{"rendered":"<div class=\"column mcb-column mcb-item-zu642fdg6 one laptop-one tablet-one mobile-one column_column vb-item\">\n<div class=\"mcb-column-inner mfn-module-wrapper mcb-column-inner-zu642fdg6 mcb-item-column-inner\">\n<div class=\"column_attr mfn-inline-editor clearfix\">\n<h4><strong>Procedimiento de instalaci\u00f3n<\/strong><\/h4>\n<p>Dise\u00f1ado para ventilar habitaciones, proyecto de escape, ahorro de energ\u00eda, circular aire fresco.<\/p>\n<p>VT501\/VT501 \u2013 WF\/VT501 \u2013 MS<\/p>\n<table>\n<tbody>\n<tr>\n<td>anfetamina<\/td>\n<td>dormir<\/td>\n<td>\u2160<\/td>\n<td>\u2161<\/td>\n<td>\u2162<\/td>\n<\/tr>\n<tr>\n<td>voltaje<\/td>\n<td colspan=\"5\">12 V CC o 100 \u2013 240 V 50 - 60 Hz<\/td>\n<\/tr>\n<tr>\n<td>Ventilaci\u00f3n Potencia total (W)<\/td>\n<td>2.5<\/td>\n<td>3.0<\/td>\n<td>4.5<\/td>\n<td>8.5<\/td>\n<\/tr>\n<tr>\n<td>Corriente del ventilador(A)<\/td>\n<td>0.025<\/td>\n<td>0.030<\/td>\n<td>0.045<\/td>\n<td>0.070<\/td>\n<\/tr>\n<tr>\n<td>Flujo de aire (m\u00b3\/h)<\/td>\n<td>20<\/td>\n<td>48<\/td>\n<td>54<\/td>\n<td>60<\/td>\n<\/tr>\n<tr>\n<td>Velocidad (RPM)<\/td>\n<td>630<\/td>\n<td>1100<\/td>\n<td>1600<\/td>\n<td>2200<\/td>\n<\/tr>\n<tr>\n<td>Temperatura del aire transportada<\/td>\n<td colspan=\"5\">-20\u00b0C(-4\u00b0F) a +50\u00b0C(122\u00b0F)<\/td>\n<\/tr>\n<tr>\n<td>Eficiencia de intercambio de calor<\/td>\n<td colspan=\"5\">Hasta 90%<\/td>\n<\/tr>\n<tr>\n<td>N\u00facleo intercambiador de calor<\/td>\n<td colspan=\"5\">cer\u00e1mico<\/td>\n<\/tr>\n<\/tbody>\n<\/table>\n<p>formato<\/p>\n<p><img decoding=\"async\" src=\"https:\/\/www.kcvents.com\/wp-content\/uploads\/2021\/12\/VT501-F-size.jpg\" data-no-translation=\"\" \/><\/p>\n<table>\n<thead>\n<tr>\n<th>par\u00e1metro<\/th>\n<th>preciar<\/th>\n<\/tr>\n<\/thead>\n<tbody>\n<tr>\n<td>\u200b<strong>Unidad de di\u00e1metro<\/strong>\u200b<\/td>\n<td>160 mm<\/td>\n<\/tr>\n<tr>\n<td>\u200b<strong>Tubo exterior<\/strong>\u200b<\/td>\n<td>163 mm<\/td>\n<\/tr>\n<tr>\n<td>\u200b<strong>Di\u00e1metro\/Grosor de la<\/strong>\u200b<\/td>\n<td>Est\u00e1ndar: 250 mm \u2013 500 mm<\/td>\n<\/tr>\n<tr>\n<td>\u200b<strong>Tubo de instalaci\u00f3n<\/strong>(se puede cortar)<\/td>\n<td>250 mm a 500 mm<\/td>\n<\/tr>\n<tr>\n<td>\u200b<strong>Cubierta interior<\/strong>\u200b<\/td>\n<td>242 mm \u00d7 242 mm<\/td>\n<\/tr>\n<\/tbody>\n<\/table>\n<\/div>\n<\/div>\n<\/div>\n<div class=\"column mcb-column mcb-item-j0ieo32ou one laptop-one tablet-one mobile-one column_button vb-item\">\n<div class=\"mcb-column-inner mfn-module-wrapper mcb-column-inner-j0ieo32ou mcb-item-button-inner\">\n<div class=\"button_align align_center\"><a class=\"button button_right button_size_2\" title=\"\" href=\"mailto:info@kcvents.com\"><i class=\"icon-direction\" aria-hidden=\"true\"><\/i><span class=\"button_label\">consultar<\/span><\/a><\/div>\n<\/div>\n<\/div>","protected":false},"excerpt":{"rendered":"<ol>\n<li>Modo de aire con doble filtrado, interior ser lleno de aire fresco durante 24 horas.<\/li>\n<li>Cuerpo de ventilador cuadrado, hermosa instalaci\u00f3n para colgar, adecuado para varios tipos de estilos de decoraci\u00f3n.<\/li>\n<li>Purificar aire interior, filtro continuo PM2.5, formaldeh\u00eddo, etc.<\/li>\n<li>Nuevo dise\u00f1o para aire de admisi\u00f3n de \u00e1ngulo de 360\u00b0.<\/li>\n<li>Control de sensor infrarrojo, f\u00e1cil operaci\u00f3n.<\/li>\n<li>Modo de humedad: el ventilador se controla autom\u00e1ticamente mediante sensor de humedad.<\/li>\n<\/ol>\n<p><a class=\"button button_right button_size_2\" title=\"\" href=\"mailto:info@kcvents.com\" target=\"_blank\" rel=\"noopener\"><i class=\"icon-direction\" aria-hidden=\"true\"><\/i><span class=\"button_label\">consultar<\/span><\/a>\u00a0<a class=\"button button_right button_size_2\" title=\"\" href=\"https:\/\/www.kcvents.com\/wp-content\/uploads\/2022\/03\/VT-501-INSTALLATION.pdf\" target=\"_blank\" rel=\"noopener\"><i class=\"icon-acrobat\" aria-hidden=\"true\"><\/i><span class=\"button_label\">cat\u00e1logo<\/span><\/a><\/p>","protected":false},"featured_media":1750,"comment_status":"open","ping_status":"closed","template":"","meta":{"_acf_changed":false},"product_brand":[],"product_cat":[25],"product_tag":[],"class_list":{"0":"post-257","1":"product","2":"type-product","3":"status-publish","4":"has-post-thumbnail","6":"product_cat-single-room-hrv","8":"first","9":"instock","10":"taxable","11":"shipping-taxable","12":"purchasable","13":"product-type-simple"},"acf":[],"_links":{"self":[{"href":"https:\/\/www.ecvents.com\/es\/wp-json\/wp\/v2\/product\/257","targetHints":{"allow":["GET"]}}],"collection":[{"href":"https:\/\/www.ecvents.com\/es\/wp-json\/wp\/v2\/product"}],"about":[{"href":"https:\/\/www.ecvents.com\/es\/wp-json\/wp\/v2\/types\/product"}],"replies":[{"embeddable":true,"href":"https:\/\/www.ecvents.com\/es\/wp-json\/wp\/v2\/comments?post=257"}],"wp:featuredmedia":[{"embeddable":true,"href":"https:\/\/www.ecvents.com\/es\/wp-json\/wp\/v2\/media\/1750"}],"wp:attachment":[{"href":"https:\/\/www.ecvents.com\/es\/wp-json\/wp\/v2\/media?parent=257"}],"wp:term":[{"taxonomy":"product_brand","embeddable":true,"href":"https:\/\/www.ecvents.com\/es\/wp-json\/wp\/v2\/product_brand?post=257"},{"taxonomy":"product_cat","embeddable":true,"href":"https:\/\/www.ecvents.com\/es\/wp-json\/wp\/v2\/product_cat?post=257"},{"taxonomy":"product_tag","embeddable":true,"href":"https:\/\/www.ecvents.com\/es\/wp-json\/wp\/v2\/product_tag?post=257"}],"curies":[{"name":"pp","href":"https:\/\/api.w.org\/{rel}","templated":true}]}}