{"id":259,"date":"2022-05-04T14:27:46","date_gmt":"2022-05-04T14:27:46","guid":{"rendered":"https:\/\/startersites.io\/blocksy\/gadgets\/?post_type=product&#038;p=259"},"modified":"2026-03-25T01:46:01","modified_gmt":"2026-03-25T06:46:01","slug":"ventilador-de-recuperacion-de-calor-vt125","status":"publish","type":"product","link":"https:\/\/www.ecvents.com\/es\/product\/ventilador-de-recuperacion-de-calor-vt125\/","title":{"rendered":"Ventilador de recuperaci\u00f3n de calor VT125"},"content":{"rendered":"<h4 class=\"wp-block-heading\">Dimensiones (unidad: mm):<\/h4>\n\n\n\n<figure class=\"wp-block-image\"><img decoding=\"async\" src=\"https:\/\/www.kcvents.com\/wp-content\/uploads\/2025\/07\/model-2.png\" alt=\"\" class=\"wp-image-2550\" data-no-translation=\"\"\/><\/figure>\n\n\n\n<h4 class=\"wp-block-heading\">Especificaciones del producto<\/h4>\n\n\n\n<figure class=\"wp-block-table\"><table><thead><tr><td><strong>Campo (ingl\u00e9s)<\/strong><\/td><td><strong>preciar<\/strong><\/td><td><strong>Campo (ingl\u00e9s)<\/strong><\/td><td><strong>preciar<\/strong><\/td><\/tr><\/thead><tbody><tr><td><strong>voltaje<\/strong><\/td><td>de otra manera que<\/td><td><strong>productos qu\u00edmicos peligrosos<\/strong><\/td><td>nadie<\/td><\/tr><tr><td><strong>marca de f\u00e1brica<\/strong><\/td><td>vent<\/td><td><strong>n\u00famero de modelo<\/strong><\/td><td>VT125-WF<\/td><\/tr><tr><td><strong>lugar de origen<\/strong><\/td><td>China continental<\/td><td><strong>proceso de dar un<\/strong><\/td><td>CE<\/td><\/tr><tr><td><strong>potencia<\/strong><\/td><td>12W<\/td><td><strong>Tama\u00f1o del panel<\/strong><\/td><td>245 \u00d7 245 mm<\/td><\/tr><tr><td><strong>fuente de alimentaci\u00f3n<\/strong><\/td><td>90V-240V 50\/60Hz<\/td><td><strong>\u00c1rea aplicable<\/strong><\/td><td>24 m\u00b2 (258 pies cuadrados)<\/td><\/tr><\/tbody><\/table><\/figure>\n\n\n\n<h4 class=\"wp-block-heading\">Tabla de par\u00e1metros:<\/h4>\n\n\n\n<figure class=\"wp-block-table\"><table><tbody><tr><th><strong>anfetamina<\/strong><\/th><th><strong>dormir<\/strong><\/th><th><strong>\u2160<\/strong><\/th><th><strong>\u2161<\/strong><\/th><th><strong>\u2162<\/strong><\/th><\/tr><tr><td>voltaje<\/td><td colspan=\"4\">12 V CC o 100 \u2013 240 V 50 - 60 Hz<\/td><\/tr><tr><td>Ventilaci\u00f3n Potencia total (W)<\/td><td>5.5<\/td><td>6.0<\/td><td>8.5<\/td><td>12<\/td><\/tr><tr><td>Corriente del ventilador (A)<\/td><td>0.035<\/td><td>0.040<\/td><td>0.050<\/td><td>0.080<\/td><\/tr><tr><td>Flujo de aire (m\u00b3\/h)<\/td><td>20<\/td><td>30<\/td><td>45<\/td><td>60<\/td><\/tr><tr><td>Velocidad (RPM)<\/td><td>1000<\/td><td>1200<\/td><td>2050<\/td><td>2900<\/td><\/tr><tr><td>Temperatura del aire transportada<\/td><td colspan=\"4\">-20\u00b0C (-4\u00b0F) a +50\u00b0C (122\u00b0F)<\/td><\/tr><tr><td>Eficiencia de intercambio de calor<\/td><td colspan=\"4\">Hasta 90%<\/td><\/tr><tr><td>N\u00facleo intercambiador de calor<\/td><td colspan=\"4\">cer\u00e1mico<\/td><\/tr><\/tbody><\/table><\/figure>\n\n\n\n<h4 class=\"wp-block-heading\">Eficiencia tranquila.\u202f Limpiar\u202fequilibrio.\u202f Construido\u202fpara\u202fhora\u202fconfort.<\/h4>\n\n\n\n<p>los&nbsp;<strong>VT125\u202fHeat\u202fRecuperaci\u00f3n\u202fVentador<\/strong>&nbsp;Demuestra que el buen aire no tiene que hacer un sonido. Operando silenciosamente en el fondo, intercambia continuamente aire interior por aire fresco exterior mientras recupera hasta 90\u202f%\u202f de la energ\u00eda t\u00e9rmica que de otro modo se perder\u00eda. El resultado: un espacio que se siente naturalmente refrescado, equilibrado y c\u00f3modamente vivo.<\/p>\n\n\n\n<p>En su n\u00facleo, un&nbsp;<strong>M\u00f3dulo de intercambio de cer\u00e1mica<\/strong>&nbsp;Transfiere el calor del aire saliente al flujo entrante. En invierno mantiene los interiores c\u00f3modos y en verano minimiza la ganancia de calor, reduciendo la carga de HVAC y los costos de energ\u00eda sin comprometer la comodidad.<\/p>\n\n\n\n<p>Impulsado por un&nbsp;<strong>Ahorro de energ\u00eda\u202fEC\u202fMotor<\/strong>, el VT125 mantiene un flujo de aire suave y eficiente a niveles de silencio. Incluso en su flujo de aire m\u00e1ximo, 60\u202fm\u00b3\/h\u202fairflow, solo consume 5.5\u202f\u2013\u202f12\u202fw\u202fw\u202f de potencia y se combina a la perfecci\u00f3n con dormitorios, oficinas o espacios de estudio donde el silencio m\u00e1s importa.<\/p>\n\n\n\n<p>A&nbsp;<strong>Perfil delgado y refinado<\/strong>&nbsp;Permite la instalaci\u00f3n en techos, paredes o gabinetes, perfecto para apartamentos modernos donde el espacio es escaso. su&nbsp;<strong>Sistema de filtraci\u00f3n de doble capa<\/strong>&nbsp;Maneja tanto contaminantes \u00e1speros como finos: A\u202fFiltro\u202fFiltro\u202fpara\u202fpolvo\u202fy\u202flint,\u202fm\u00e1s opcional\u202fHepa\u202fy\u202factividad\u2011carbono\u202felementos\u202felementos\u202feliminar\u202f\u202f\u202f\u202f\u202f\u202f\u202f\u202f\u202f\u202f\u202f\u202f\u202f\u202f\u202f\u202f\u202f\u202f\u202f\u202f\u202f\u202f\u202f\u2010\u202f\u202f\u202f\u202f\u200d\u202f\u202f\u202f\u202f\u203c\u202f\u202f\u202f\u202f\u202f\u203c\u202f\u202f\u202f\u202f\u203c\u202f\u202f\u202f\u203c\u202f\u202f\u202f\u202f\u203c\u202f\u202f\u202f\u202f\u203c\u202f.<\/p>\n\n\n\n<p>El mantenimiento es sencillo. Los filtros se deslizan para la limpieza y la interfaz permanece intuitiva: sin complejidad, sin complicaciones. Una vez instalado, hace su trabajo silenciosamente mientras disfruta de la calma y la claridad del aire equilibrado.<\/p>","protected":false},"excerpt":{"rendered":"<p>1.KCVENTS VT125 HRV \u2013 Ventilador de recuperaci\u00f3n de calor de alta eficiencia.<br \/>\nLas tecnolog\u00edas avanzadas se utilizan para recuperar el calor, reducir los costos y mejorar la calidad del aire interior.<\/p>\n<p>2 Funcionamiento silencioso: equipado con un motor EC, garantiza un bajo ruido y alta eficiencia, lo que lo hace ideal para hogares y oficinas.<\/p>\n<p>3. Compact: dise\u00f1o delgado que se adapta a techos, paredes o gabinetes en espacios peque\u00f1os y medianos.<\/p>\n<p>4. Filtraci\u00f3n avanzada: el VT125 incluye un prefiltro y filtros HEPA y de carbono opcionales para eliminar el polvo, los al\u00e9rgenos y los contaminantes.<\/p>\n<p>5. Controles simples y bajo mantenimiento: dise\u00f1ado teniendo en cuenta la facilidad de uso, el VT125 cuenta con una interfaz intuitiva para un funcionamiento sin esfuerzo y bajo mantenimiento. Ideal para cualquiera que busque un sistema HRV sin problemas que ofrezca una \u00f3ptima recuperaci\u00f3n de calor y circulaci\u00f3n de aire.<\/p>\n<p>&nbsp;<\/p>\n<p><a class=\"button button_right button_size_2\" title=\"\" href=\"mailto:info@kcvents.com\" target=\"_blank\" rel=\"noopener\"><i class=\"icon-direction\" aria-hidden=\"true\"><\/i><span class=\"button_label\">consultar<\/span><\/a>\u00a0<a class=\"button button_right button_size_2\" title=\"\" href=\"https:\/\/www.kcvents.com\/wp-content\/uploads\/2025\/07\/VT125.pdf\" target=\"_blank\" rel=\"noopener\"><i class=\"icon-acrobat\" aria-hidden=\"true\"><\/i><span class=\"button_label\">cat\u00e1logo<\/span><\/a><\/p>","protected":false},"featured_media":915,"comment_status":"open","ping_status":"closed","template":"","meta":{"_acf_changed":false},"product_brand":[],"product_cat":[25],"product_tag":[],"class_list":{"0":"post-259","1":"product","2":"type-product","3":"status-publish","4":"has-post-thumbnail","6":"product_cat-single-room-hrv","8":"first","9":"instock","10":"taxable","11":"shipping-taxable","12":"purchasable","13":"product-type-variable","14":"has-default-attributes"},"acf":[],"_links":{"self":[{"href":"https:\/\/www.ecvents.com\/es\/wp-json\/wp\/v2\/product\/259","targetHints":{"allow":["GET"]}}],"collection":[{"href":"https:\/\/www.ecvents.com\/es\/wp-json\/wp\/v2\/product"}],"about":[{"href":"https:\/\/www.ecvents.com\/es\/wp-json\/wp\/v2\/types\/product"}],"replies":[{"embeddable":true,"href":"https:\/\/www.ecvents.com\/es\/wp-json\/wp\/v2\/comments?post=259"}],"wp:featuredmedia":[{"embeddable":true,"href":"https:\/\/www.ecvents.com\/es\/wp-json\/wp\/v2\/media\/915"}],"wp:attachment":[{"href":"https:\/\/www.ecvents.com\/es\/wp-json\/wp\/v2\/media?parent=259"}],"wp:term":[{"taxonomy":"product_brand","embeddable":true,"href":"https:\/\/www.ecvents.com\/es\/wp-json\/wp\/v2\/product_brand?post=259"},{"taxonomy":"product_cat","embeddable":true,"href":"https:\/\/www.ecvents.com\/es\/wp-json\/wp\/v2\/product_cat?post=259"},{"taxonomy":"product_tag","embeddable":true,"href":"https:\/\/www.ecvents.com\/es\/wp-json\/wp\/v2\/product_tag?post=259"}],"curies":[{"name":"pp","href":"https:\/\/api.w.org\/{rel}","templated":true}]}}