{"id":4312,"date":"2026-01-12T20:17:03","date_gmt":"2026-01-13T01:17:03","guid":{"rendered":"https:\/\/www.ecvents.com\/?post_type=product&#038;p=4312"},"modified":"2026-01-23T04:00:21","modified_gmt":"2026-01-23T09:00:21","slug":"ventilador-de-escape-de-bano-remoto-amortiguador-de-pared-de-pared-de-ventana-g","status":"publish","type":"product","link":"https:\/\/www.ecvents.com\/es\/product\/ventilador-de-escape-de-bano-remoto-amortiguador-de-pared-de-pared-de-ventana-g\/","title":{"rendered":"Ventilador de escape de ba\u00f1o de ventana y montaje en pared KCVENTS con mando a distancia, amortiguador de tiro trasero (4\/6\/8 pulgadas)"},"content":{"rendered":"<div class=\"wp-block-stackable-columns stk-block-columns stk-block stk-c89edeb\" data-block-id=\"c89edeb\"><style>.stk-c89edeb {margin-top:var(--stk--preset--spacing--none, 0px) !important;margin-bottom:0px !important;}<\/style><div class=\"stk-row stk-inner-blocks stk-block-content stk-content-align stk-c89edeb-column\">\n<div class=\"wp-block-stackable-column stk-block-column stk-column stk-block stk-f790622 col-img-full\" data-v=\"4\" data-block-id=\"f790622\"><style>.stk-f790622 {margin-right:auto !important;margin-left:auto !important;}@media screen and (min-width:690px){.stk-f790622 {flex:var(--stk-flex-grow, 1) 1 calc(33.333% - var(--stk-column-gap, 0px) * 1 \/ 2 ) !important;}}<\/style><div class=\"stk-column-wrapper stk-block-column__content stk-container stk-f790622-container stk--no-background stk--no-padding\"><div class=\"stk-block-content stk-inner-blocks stk-f790622-inner-blocks\">\n<p><strong>Ventilador de escape de motor EC de alto rendimiento: silencioso, eficiente e inteligente<\/strong><\/p>\n\n\n\n<p>Actualice su ventilaci\u00f3n con la serie KCVENTS APC-G. Con tecnolog\u00eda avanzada de motor EC, este ventilador ofrece un potente flujo de aire mientras opera a niveles silenciosos de susurro (&lt;35 dB). Dise\u00f1ado para una compatibilidad global (80-245 V), es la soluci\u00f3n definitiva para eliminar la humedad, los olores y el humo de su hogar.<\/p>\n<\/div><\/div><\/div>\n\n\n\n<div class=\"wp-block-stackable-column stk-block-column stk-column stk-block stk-9a66b73\" data-v=\"4\" data-block-id=\"9a66b73\"><style>.stk-9a66b73-container{margin-top:var(--stk--preset--spacing--none, 0px) !important;margin-bottom:var(--stk--preset--spacing--none, 0px) !important;}.stk-9a66b73 {align-self:center !important;}@media screen and (min-width:690px){.stk-9a66b73 {flex:var(--stk-flex-grow, 1) 1 calc(66.666% - var(--stk-column-gap, 0px) * 1 \/ 2 ) !important;}}<\/style><div class=\"stk-column-wrapper stk-block-column__content stk-container stk-9a66b73-container stk--no-background stk--no-padding\"><div class=\"stk-block-content stk-inner-blocks stk-9a66b73-inner-blocks\">\n<figure class=\"wp-block-image size-full\"><img loading=\"lazy\" decoding=\"async\" width=\"1024\" height=\"1024\" src=\"https:\/\/www.ecvents.com\/wp-content\/uploads\/2026\/01\/kcvents-apc-g-bathroom-exhaust-fan-retail-packaging-eco-friendly-3.jpg\" alt=\"\" class=\"wp-image-4422\" srcset=\"https:\/\/www.ecvents.com\/wp-content\/uploads\/2026\/01\/kcvents-apc-g-bathroom-exhaust-fan-retail-packaging-eco-friendly-3.jpg 1024w, https:\/\/www.ecvents.com\/wp-content\/uploads\/2026\/01\/kcvents-apc-g-bathroom-exhaust-fan-retail-packaging-eco-friendly-3-300x300.jpg 300w, https:\/\/www.ecvents.com\/wp-content\/uploads\/2026\/01\/kcvents-apc-g-bathroom-exhaust-fan-retail-packaging-eco-friendly-3-150x150.jpg 150w, https:\/\/www.ecvents.com\/wp-content\/uploads\/2026\/01\/kcvents-apc-g-bathroom-exhaust-fan-retail-packaging-eco-friendly-3-768x768.jpg 768w, https:\/\/www.ecvents.com\/wp-content\/uploads\/2026\/01\/kcvents-apc-g-bathroom-exhaust-fan-retail-packaging-eco-friendly-3-12x12.jpg 12w, https:\/\/www.ecvents.com\/wp-content\/uploads\/2026\/01\/kcvents-apc-g-bathroom-exhaust-fan-retail-packaging-eco-friendly-3-500x500.jpg 500w, https:\/\/www.ecvents.com\/wp-content\/uploads\/2026\/01\/kcvents-apc-g-bathroom-exhaust-fan-retail-packaging-eco-friendly-3-80x80.jpg 80w\" sizes=\"auto, (max-width: 1024px) 100vw, 1024px\" data-no-translation=\"\" \/><\/figure>\n<\/div><\/div><\/div>\n<\/div><\/div>\n\n\n\n<div class=\"wp-block-stackable-columns stk-block-columns stk-block stk-411cbfd\" data-block-id=\"411cbfd\"><style>.stk-411cbfd {margin-bottom:1px !important;}<\/style><div class=\"stk-row stk-inner-blocks stk-block-content stk-content-align stk-411cbfd-column\">\n<div class=\"wp-block-stackable-column stk-block-column stk-column stk-block stk-989a0c0\" data-v=\"4\" data-block-id=\"989a0c0\"><style>.stk-989a0c0 {align-self:center !important;}@media screen and (min-width:690px){.stk-989a0c0 {flex:var(--stk-flex-grow, 1) 1 calc(33.333% - var(--stk-column-gap, 0px) * 1 \/ 2 ) !important;}}<\/style><div class=\"stk-column-wrapper stk-block-column__content stk-container stk-989a0c0-container stk--no-background stk--no-padding\"><div class=\"stk-block-content stk-inner-blocks stk-989a0c0-inner-blocks\">\n<p><strong>C\u00f3mo funciona: simple y potente<\/strong><br>esto es un verdadero&nbsp;<strong>Ventilador de escape unidireccional<\/strong>&nbsp;Con amortiguador de tiro de fondo de calidad profesional:<\/p>\n\n\n\n<ul class=\"wp-block-list\">\n<li><strong>Extracci\u00f3n activa:<\/strong>\u00a0Saca activamente la humedad, los humos de cocina, los olores, el humo y el vapor del ba\u00f1o en minutos.<\/li>\n\n\n\n<li><strong>V\u00e1lvula de gravedad inteligente:<\/strong>\u00a0El flujo de aire empuja la cubierta hacia el aire de escape. Una vez que el ventilador se detiene, se cierra autom\u00e1ticamente y sella herm\u00e9ticamente.<\/li>\n\n\n\n<li><strong>Insectos y a prueba de olores:<\/strong>\u00a0Mantiene su habitaci\u00f3n libre de insectos, mosquitos, polvo, corrientes de aire fr\u00edo y olores de reflujo.<\/li>\n<\/ul>\n<\/div><\/div><\/div>\n\n\n\n<div class=\"wp-block-stackable-column stk-block-column stk-column stk-block stk-3715bf6\" data-v=\"4\" data-block-id=\"3715bf6\"><style>@media screen and (min-width:690px){.stk-3715bf6 {flex:var(--stk-flex-grow, 1) 1 calc(66.666% - var(--stk-column-gap, 0px) * 1 \/ 2 ) !important;}}<\/style><div class=\"stk-column-wrapper stk-block-column__content stk-container stk-3715bf6-container stk--no-background stk--no-padding\"><div class=\"stk-block-content stk-inner-blocks stk-3715bf6-inner-blocks\">\n<div class=\"wp-block-stackable-video-popup stk-block-video-popup stk-block stk-48f57cc\" data-video=\"https:\/\/www.ecvents.com\/wp-content\/uploads\/2026\/01\/KCvents_G_Bathroom_Exhaust_Fan_70-171CFM_Ultra_Quiet_4-7W_Remote_Control_2026.mp4\" data-block-id=\"48f57cc\"><div class=\"stk-block-video-popup__overlay stk-row stk-inner-blocks stk-block-content stk-hover-parent\" aria-label=\"Reproducir video\" tabindex=\"0\" role=\"button\">\n<div class=\"wp-block-stackable-icon stk-block-icon has-text-align-center stk-block stk-c99c00e\" data-block-id=\"c99c00e\"><style>.stk-c99c00e .stk--svg-wrapper .stk--inner-svg svg:last-child, .stk-c99c00e .stk--svg-wrapper .stk--inner-svg svg:last-child :is(g, path, rect, polygon, ellipse){fill:#c25a5a !important;}<\/style><span class=\"stk--svg-wrapper\"><div class=\"stk--inner-svg\"><svg style=\"height:0;width:0\"><defs><lineargradient id=\"linear-gradient-c99c00e\" x1=\"0\" x2=\"100%\" y1=\"0\" y2=\"0\"><stop offset=\"0%\" style=\"stop-opacity:1;stop-color:var(--linear-gradient-c-99-c-00-e-color-1)\"><\/stop><stop offset=\"100%\" style=\"stop-opacity:1;stop-color:var(--linear-gradient-c-99-c-00-e-color-2)\"><\/stop><\/lineargradient><\/defs><\/svg><svg data-prefix=\"fas\" data-icon=\"play\" class=\"svg-inline--fa fa-play fa-w-14\" xmlns=\"http:\/\/www.w3.org\/2000\/svg\" viewbox=\"0 0 448 512\" aria-hidden=\"true\" width=\"32\" height=\"32\"><path fill=\"currentColor\" d=\"M424.4 214.7L72.4 6.6C43.8-10.3 0 6.1 0 47.9V464c0 37.5 40.7 60.1 72.4 41.3l352-208c31.4-18.5 31.5-64.1 0-82.6z\"><\/path><\/svg><\/div><\/span><\/div>\n\n\n\n<div class=\"wp-block-stackable-image stk-block-image stk-block stk-a0475b0\" data-block-id=\"a0475b0\"><figure><span class=\"stk-img-wrapper stk-image--shape-stretch\"><img loading=\"lazy\" decoding=\"async\" class=\"stk-img wp-image-4400\" src=\"https:\/\/www.ecvents.com\/wp-content\/uploads\/2025\/08\/kcvents-g-fan-backdraft-damper-prevent-mosquitoes-insects-1.jpg\" width=\"1025\" height=\"1024\" alt=\"1. Backdraft damper for HVAC systems, mosquito and insect prevention, smooth exhaust, high efficiency airflow control.\" srcset=\"https:\/\/www.ecvents.com\/wp-content\/uploads\/2025\/08\/kcvents-g-fan-backdraft-damper-prevent-mosquitoes-insects-1.jpg 1025w, https:\/\/www.ecvents.com\/wp-content\/uploads\/2025\/08\/kcvents-g-fan-backdraft-damper-prevent-mosquitoes-insects-1-300x300.jpg 300w, https:\/\/www.ecvents.com\/wp-content\/uploads\/2025\/08\/kcvents-g-fan-backdraft-damper-prevent-mosquitoes-insects-1-150x150.jpg 150w, https:\/\/www.ecvents.com\/wp-content\/uploads\/2025\/08\/kcvents-g-fan-backdraft-damper-prevent-mosquitoes-insects-1-768x767.jpg 768w, https:\/\/www.ecvents.com\/wp-content\/uploads\/2025\/08\/kcvents-g-fan-backdraft-damper-prevent-mosquitoes-insects-1-12x12.jpg 12w, https:\/\/www.ecvents.com\/wp-content\/uploads\/2025\/08\/kcvents-g-fan-backdraft-damper-prevent-mosquitoes-insects-1-500x500.jpg 500w, https:\/\/www.ecvents.com\/wp-content\/uploads\/2025\/08\/kcvents-g-fan-backdraft-damper-prevent-mosquitoes-insects-1-80x80.jpg 80w\" sizes=\"auto, (max-width: 1025px) 100vw, 1025px\" data-no-translation=\"\" \/><\/span><\/figure><\/div>\n<\/div><\/div>\n<\/div><\/div><\/div>\n<\/div><\/div>\n\n\n\n<div class=\"wp-block-stackable-columns stk-block-columns stk-block stk-f0a90b4\" data-block-id=\"f0a90b4\"><style>.stk-f0a90b4 {margin-bottom:0px !important;}<\/style><div class=\"stk-row stk-inner-blocks stk-block-content stk-content-align stk-f0a90b4-column\">\n<div class=\"wp-block-stackable-column stk-block-column stk-column stk-block stk-c842183\" data-v=\"4\" data-block-id=\"c842183\"><style>.stk-c842183 {align-self:center !important;}@media screen and (min-width:690px){.stk-c842183 {flex:var(--stk-flex-grow, 1) 1 calc(50% - var(--stk-column-gap, 0px) * 1 \/ 2 ) !important;}}<\/style><div class=\"stk-column-wrapper stk-block-column__content stk-container stk-c842183-container stk--no-background stk--no-padding\"><div class=\"stk-block-content stk-inner-blocks stk-c842183-inner-blocks\">\n<p><strong>\u00a0\u00bfPor qu\u00e9 actualizar a nuestro ventilador de escape de motor EC?<\/strong><\/p>\n\n\n\n<ul class=\"wp-block-list\">\n<li><strong>Tecnolog\u00eda avanzada de motores EC:<\/strong>\u00a0Supera los motores de CA tradicionales con mayor eficiencia energ\u00e9tica y una mayor vida \u00fatil. Diga adi\u00f3s a los reemplazos frecuentes.<\/li>\n\n\n\n<li><strong>Operaci\u00f3n silenciosa (&lt;35dB):<\/strong>\u00a0Disfruta de un ambiente tranquilo. Funciona a un nivel de ruido significativamente m\u00e1s bajo que los ventiladores est\u00e1ndar (&gt;70dB).<\/li>\n\n\n\n<li><strong>Cuchillas equilibradas din\u00e1micas:<\/strong>\u00a0Dise\u00f1ado para estabilidad y potente flujo de aire, eliminando la vibraci\u00f3n.<\/li>\n\n\n\n<li><strong>Control sin problemas:<\/strong>\u00a0A diferencia de los modelos est\u00e1ndar, el nuestro admite opciones de conmutaci\u00f3n o control remoto convenientes.<\/li>\n<\/ul>\n<\/div><\/div><\/div>\n\n\n\n<div class=\"wp-block-stackable-column stk-block-column stk-column stk-block stk-5812ad0 col-img-full\" data-v=\"4\" data-block-id=\"5812ad0\"><style>@media screen and (min-width:690px){.stk-5812ad0 {flex:var(--stk-flex-grow, 1) 1 calc(50% - var(--stk-column-gap, 0px) * 1 \/ 2 ) !important;}}<\/style><div class=\"stk-column-wrapper stk-block-column__content stk-container stk-5812ad0-container stk--no-background stk--no-padding\"><div class=\"stk-block-content stk-inner-blocks stk-5812ad0-inner-blocks\">\n<figure class=\"wp-block-image size-large\"><img loading=\"lazy\" decoding=\"async\" width=\"1024\" height=\"483\" src=\"https:\/\/www.ecvents.com\/wp-content\/uploads\/2026\/01\/kcvents-ec-motor-fan-vs-ordinary-fan-comparison-chart-3-1024x483.jpg\" alt=\"\" class=\"wp-image-4429\" srcset=\"https:\/\/www.ecvents.com\/wp-content\/uploads\/2026\/01\/kcvents-ec-motor-fan-vs-ordinary-fan-comparison-chart-3-1024x483.jpg 1024w, https:\/\/www.ecvents.com\/wp-content\/uploads\/2026\/01\/kcvents-ec-motor-fan-vs-ordinary-fan-comparison-chart-3-300x142.jpg 300w, https:\/\/www.ecvents.com\/wp-content\/uploads\/2026\/01\/kcvents-ec-motor-fan-vs-ordinary-fan-comparison-chart-3-768x362.jpg 768w, https:\/\/www.ecvents.com\/wp-content\/uploads\/2026\/01\/kcvents-ec-motor-fan-vs-ordinary-fan-comparison-chart-3-18x8.jpg 18w, https:\/\/www.ecvents.com\/wp-content\/uploads\/2026\/01\/kcvents-ec-motor-fan-vs-ordinary-fan-comparison-chart-3-500x236.jpg 500w, https:\/\/www.ecvents.com\/wp-content\/uploads\/2026\/01\/kcvents-ec-motor-fan-vs-ordinary-fan-comparison-chart-3.jpg 1424w\" sizes=\"auto, (max-width: 1024px) 100vw, 1024px\" data-no-translation=\"\" \/><\/figure>\n<\/div><\/div><\/div>\n<\/div><\/div>\n\n\n\n<div class=\"wp-block-stackable-columns stk-block-columns stk-block stk-25a4184\" data-block-id=\"25a4184\"><style>.stk-25a4184 {margin-bottom:0px !important;}<\/style><div class=\"stk-row stk-inner-blocks stk-block-content stk-content-align stk-25a4184-column\">\n<div class=\"wp-block-stackable-column stk-block-column stk-column stk-block stk-63a74db\" data-v=\"4\" data-block-id=\"63a74db\"><style>.stk-63a74db {align-self:center !important;}@media screen and (min-width:690px){.stk-63a74db {flex:var(--stk-flex-grow, 1) 1 calc(33.333% - var(--stk-column-gap, 0px) * 1 \/ 2 ) !important;}}<\/style><div class=\"stk-column-wrapper stk-block-column__content stk-container stk-63a74db-container stk--no-background stk--no-padding\"><div class=\"stk-block-content stk-inner-blocks stk-63a74db-inner-blocks\">\n<p><strong>Aplicaciones perfectas<\/strong><\/p>\n\n\n\n<ul class=\"wp-block-list\">\n<li><strong>Ba\u00f1os:<\/strong>\u00a0Ba\u00f1o principal, ba\u00f1o de invitados, tocador.<\/li>\n\n\n\n<li><strong>Cocinas:<\/strong>\u00a0Limpia r\u00e1pidamente el humo de la cocci\u00f3n y los olores de grasa.<\/li>\n\n\n\n<li><strong>S\u00f3tanos, garajes, lavaderos:<\/strong>\u00a0Previene el moho y los olores mohosos.<\/li>\n\n\n\n<li>Cualquier habitaci\u00f3n que necesite una r\u00e1pida eliminaci\u00f3n de aire h\u00famedo o contaminado<\/li>\n<\/ul>\n<\/div><\/div><\/div>\n\n\n\n<div class=\"wp-block-stackable-column stk-block-column stk-column stk-block stk-370dcc5\" data-v=\"4\" data-block-id=\"370dcc5\"><style>@media screen and (min-width:690px){.stk-370dcc5 {flex:var(--stk-flex-grow, 1) 1 calc(66.666% - var(--stk-column-gap, 0px) * 1 \/ 2 ) !important;}}<\/style><div class=\"stk-column-wrapper stk-block-column__content stk-container stk-370dcc5-container stk--no-background stk--no-padding\"><div class=\"stk-block-content stk-inner-blocks stk-370dcc5-inner-blocks\">\n<figure class=\"wp-block-image size-full\"><img loading=\"lazy\" decoding=\"async\" width=\"1024\" height=\"1024\" src=\"https:\/\/www.ecvents.com\/wp-content\/uploads\/2025\/08\/kcvents-g-fan-application-scenarios-bathroom-kitchen-petroom-1.jpg\" alt=\"A clean, modern bathroom with a ceiling-mounted exhaust fan, highlighting indoor air quality and ventilation solutions from ECvents EC Motor Shop.\" class=\"wp-image-4416\" srcset=\"https:\/\/www.ecvents.com\/wp-content\/uploads\/2025\/08\/kcvents-g-fan-application-scenarios-bathroom-kitchen-petroom-1.jpg 1024w, https:\/\/www.ecvents.com\/wp-content\/uploads\/2025\/08\/kcvents-g-fan-application-scenarios-bathroom-kitchen-petroom-1-300x300.jpg 300w, https:\/\/www.ecvents.com\/wp-content\/uploads\/2025\/08\/kcvents-g-fan-application-scenarios-bathroom-kitchen-petroom-1-150x150.jpg 150w, https:\/\/www.ecvents.com\/wp-content\/uploads\/2025\/08\/kcvents-g-fan-application-scenarios-bathroom-kitchen-petroom-1-768x768.jpg 768w, https:\/\/www.ecvents.com\/wp-content\/uploads\/2025\/08\/kcvents-g-fan-application-scenarios-bathroom-kitchen-petroom-1-12x12.jpg 12w, https:\/\/www.ecvents.com\/wp-content\/uploads\/2025\/08\/kcvents-g-fan-application-scenarios-bathroom-kitchen-petroom-1-500x500.jpg 500w, https:\/\/www.ecvents.com\/wp-content\/uploads\/2025\/08\/kcvents-g-fan-application-scenarios-bathroom-kitchen-petroom-1-80x80.jpg 80w\" sizes=\"auto, (max-width: 1024px) 100vw, 1024px\" data-no-translation=\"\" \/><\/figure>\n<\/div><\/div><\/div>\n<\/div><\/div>\n\n\n\n<p style=\"margin-top:0;margin-bottom:0;padding-top:0;padding-bottom:0\"><strong><strong>Elige el tama\u00f1o perfecto para tu habitaci\u00f3n<\/strong>\uff1a<\/strong><\/p>\n\n\n\n<p style=\"margin-top:0;margin-bottom:0\">\u00a1No adivine! Elija el modelo adecuado seg\u00fan el tama\u00f1o de su habitaci\u00f3n.<\/p>\n\n\n\n<figure style=\"margin-top:0;margin-bottom:0\" class=\"wp-block-table\"><table><thead><tr><th>modelo<\/th><th>Tama\u00f1o del conducto<\/th><th>voltaje<\/th><th>Potencia (motor EC)<\/th><th>Flujo de aire (CFM)<\/th><th>Flujo de aire (m\u00b3\/h)<\/th><th>Tama\u00f1o recomendado de la habitaci\u00f3n<\/th><\/tr><\/thead><tbody><tr><td>APC10-G<\/td><td>4 pulgadas<\/td><td>80\u2013245 V \/ 50\u201360 Hz<\/td><td>4W<\/td><td>70 cfm<\/td><td>120 m\u00b3\/h<\/td><td>perfecto para\u00a0<strong>\u2264 80 pies cuadrados<\/strong>\u00a0(\u2264 7.5 \u33a1)<\/td><\/tr><tr><td>APC15-G<\/td><td>6 pulgadas<\/td><td>80\u2013245 V \/ 50\u201360 Hz<\/td><td>5W<\/td><td>124 CFM<\/td><td>210 m\u00b3\/h<\/td><td>Ideal para\u00a0<strong>80-110 pies cuadrados<\/strong>\u00a0(7.5-10.2 \u33a1)<\/td><\/tr><tr><td>APC20-G<\/td><td>8 pulgadas<\/td><td>80\u2013245 V \/ 50\u201360 Hz<\/td><td>7W<\/td><td>171 CFM<\/td><td>290 m\u00b3\/h<\/td><td>poderoso para\u00a0<strong>110-150 pies cuadrados<\/strong>\u00a0(10-14 \u33a1)<\/td><\/tr><\/tbody><\/table><\/figure>\n\n\n\n<p style=\"margin-top:var(--wp--preset--spacing--20);margin-bottom:0\"><strong>Dimensiones t\u00e9cnicas (especificaciones de instalaci\u00f3n)<\/strong><\/p>\n\n\n\n<p style=\"margin-top:0;margin-bottom:0\"><em>Por favor, compruebe el tama\u00f1o de su apertura de pared\/ventana antes de comprar.<\/em><\/p>\n\n\n\n<div class=\"wp-block-stackable-columns stk-block-columns stk-block stk-2d28ca7\" data-block-id=\"2d28ca7\"><style>.stk-2d28ca7 {margin-top:var(--stk--preset--spacing--none, 0px) !important;margin-bottom:0px !important;}<\/style><div class=\"stk-row stk-inner-blocks stk-block-content stk-content-align stk-2d28ca7-column\">\n<div class=\"wp-block-stackable-column stk-block-column stk-column stk-block stk-cfda450 col-img-full\" data-v=\"4\" data-block-id=\"cfda450\"><style>.stk-cfda450 {margin-right:auto !important;margin-left:auto !important;}@media screen and (min-width:690px){.stk-cfda450 {flex:var(--stk-flex-grow, 1) 1 calc(40% - var(--stk-column-gap, 0px) * 1 \/ 2 ) !important;}}<\/style><div class=\"stk-column-wrapper stk-block-column__content stk-container stk-cfda450-container stk--no-background stk--no-padding\"><div class=\"stk-block-content stk-inner-blocks stk-cfda450-inner-blocks\">\n<figure class=\"wp-block-image size-full\"><img loading=\"lazy\" decoding=\"async\" width=\"614\" height=\"301\" src=\"https:\/\/www.ecvents.com\/wp-content\/uploads\/2026\/01\/kcvents-g-bathroom-exhaust-fan-size.png\" alt=\"High-quality EC motor for industrial applications, featuring efficient design and durable construction, available at ECvents EC Motor Shop for reliable performance.\" class=\"wp-image-4348\" srcset=\"https:\/\/www.ecvents.com\/wp-content\/uploads\/2026\/01\/kcvents-g-bathroom-exhaust-fan-size.png 614w, https:\/\/www.ecvents.com\/wp-content\/uploads\/2026\/01\/kcvents-g-bathroom-exhaust-fan-size-300x147.png 300w, https:\/\/www.ecvents.com\/wp-content\/uploads\/2026\/01\/kcvents-g-bathroom-exhaust-fan-size-18x9.png 18w, https:\/\/www.ecvents.com\/wp-content\/uploads\/2026\/01\/kcvents-g-bathroom-exhaust-fan-size-500x245.png 500w\" sizes=\"auto, (max-width: 614px) 100vw, 614px\" data-no-translation=\"\" \/><\/figure>\n<\/div><\/div><\/div>\n\n\n\n<div class=\"wp-block-stackable-column stk-block-column stk-column stk-block stk-736e1e6\" data-v=\"4\" data-block-id=\"736e1e6\"><style>.stk-736e1e6-container{margin-top:var(--stk--preset--spacing--none, 0px) !important;margin-bottom:var(--stk--preset--spacing--none, 0px) !important;}.stk-736e1e6 {align-self:center !important;}@media screen and (min-width:690px){.stk-736e1e6 {flex:var(--stk-flex-grow, 1) 1 calc(60% - var(--stk-column-gap, 0px) * 1 \/ 2 ) !important;}}<\/style><div class=\"stk-column-wrapper stk-block-column__content stk-container stk-736e1e6-container stk--no-background stk--no-padding\"><div class=\"stk-block-content stk-inner-blocks stk-736e1e6-inner-blocks\">\n<figure class=\"wp-block-table\"><table><thead><tr><th>modelo <\/th><th>un (mm)<\/th><th>B (mm)<\/th><th>C (mil)<\/th><\/tr><\/thead><tbody><tr><td><strong>APC10-G<\/strong><\/td><td>125<\/td><td>155<\/td><td>100<\/td><\/tr><tr><td><strong>APC15-G<\/strong><\/td><td>125<\/td><td>205<\/td><td>150<\/td><\/tr><tr><td><strong>APC20-G<\/strong><\/td><td>150<\/td><td>245<\/td><td>200<\/td><\/tr><\/tbody><\/table><\/figure>\n<\/div><\/div><\/div>\n<\/div><\/div>\n\n\n\n<p style=\"margin-top:var(--wp--preset--spacing--20);margin-bottom:0\"><strong>2025 caracter\u00edsticas clave que m\u00e1s aman los clientes<\/strong><\/p>\n\n\n\n<figure style=\"padding-top:0;padding-bottom:0\" class=\"wp-block-table\"><table><thead><tr><th>r\u00e1faga<\/th><th>Beneficio real para ti<\/th><\/tr><\/thead><tbody><tr><td><strong>Control remoto inal\u00e1mbrico completo<\/strong><\/td><td>Encienda\/apague o cambie la velocidad sin salir de la ducha (solo versi\u00f3n remota).<\/td><\/tr><tr><td><strong>Motor EC de alta eficiencia<\/strong><\/td><td>Consume s\u00f3lo 4W-7W.Utiliza menos energ\u00eda que una bombilla LED est\u00e1ndar. Consumo mensual: solo 3\u20135 kWh (24\/7 de ejecuci\u00f3n).<\/td><\/tr><tr><td><strong>Voltaje universal<\/strong><\/td><td>Tensi\u00f3n de 80\u2013245 V de ancho. Compatible con los est\u00e1ndares de energ\u00eda de EE. UU., Europa y Asia. No necesita convertidor.<\/td><\/tr><tr><td><strong>Instalaci\u00f3n verdadera de ventana o pared<\/strong><\/td><td>No requiere acceso al \u00e1tico: instalar en 15 minutos.<\/td><\/tr><tr><td><strong>Eco y salud<\/strong><\/td><td>Funciona fresco (\u2264 105 \u2103), materiales certificados ETL.<\/td><\/tr><\/tbody><\/table><\/figure>\n\n\n\n<h4 class=\"wp-block-heading\" style=\"margin-top:10px;margin-bottom:10px\">El paquete incluye todo lo que necesita para una instalaci\u00f3n r\u00e1pida<\/h4>\n\n\n\n<ul class=\"wp-block-list\">\n<li>1 \u00d7 ventilador de escape KCVents G (el tama\u00f1o seleccionado: 4\u2033 \/ 6\u2033 \/ 8\u2033)<\/li>\n\n\n\n<li>1 \u00d7 Amortiguador de tiro trasero (preinstalado, a prueba de errores y anti-retroceso)<\/li>\n\n\n\n<li>1 \u00d7 Manual de usuario en ingl\u00e9s f\u00e1cil de leer + plantilla de perforaci\u00f3n<\/li>\n\n\n\n<li>1 \u00d7 kit de tornillo para montaje en pared\/ventana<\/li>\n<\/ul>\n\n\n\n<p style=\"margin-bottom:10px\"><strong><strong>Actualizaci\u00f3n de la versi\u00f3n del mando a distancia:<\/strong><\/strong><\/p>\n\n\n\n<ul class=\"wp-block-list\">\n<li>Incluye todo lo anterior\u00a0<strong>m\u00e1s<\/strong>:<\/li>\n\n\n\n<li>1 \u00d7 Control remoto inal\u00e1mbrico + bater\u00eda (listo para usarlo fuera de la caja)<br>\u2192 Elija la opci\u00f3n \u201cCon Remoto\u201d en la parte superior de la p\u00e1gina si desea esta actualizaci\u00f3n<\/li>\n<\/ul>\n\n\n\n<p style=\"margin-bottom:10px\"><strong>Garant\u00eda y soporte<\/strong><\/p>\n\n\n\n<ul style=\"margin-bottom:10px\" class=\"wp-block-list\">\n<li>Garant\u00eda de motor EC de 3 a\u00f1os<\/li>\n\n\n\n<li>Atenci\u00f3n al cliente de por vida (respuesta dentro de las 12 horas)<\/li>\n<\/ul>\n\n\n\n<p>La mayor\u00eda de los clientes terminan la instalaci\u00f3n en 15 a 25 minutos, no se necesita electricista.<\/p>\n\n\n\n<p><strong><strong>\u26a0\ufe0f Nota importante:\u00a0<\/strong><\/strong><br>este es el\u00a0<strong>Escape cl\u00e1sico de una v\u00eda<\/strong>\u00a0Modelo (saca aire). si necesitas\u00a0<strong>Flujo de aire reversible<\/strong>\u00a0(Escape + toma de aire fresco), por favor revise nuestro\u00a0<strong>Serie APC-G Reversible<\/strong>.<\/p>\n\n\n\n<p><\/p>","protected":false},"excerpt":{"rendered":"<ul>\n<li><strong>Operaci\u00f3n ultra silenciosa:<\/strong>\u00a0Funciona a \u226435dB, creando un ambiente pac\u00edfico a diferencia de los ruidosos ventiladores tradicionales.<\/li>\n<li><strong>Motor EC de ahorro de energ\u00eda:<\/strong>\u00a0Consume solo 4W\u20137W, ahorrando hasta 80% en facturas de electricidad en comparaci\u00f3n con los motores de CA.<\/li>\n<li><strong>Amortiguador de tiro de fondo incorporado:<\/strong>\u00a0Sella autom\u00e1ticamente apagado cuando est\u00e1 apagado para evitar insectos, mosquitos y olores de reflujo.<\/li>\n<li><strong>Carcasa ABS duradera:<\/strong>\u00a0Hecho de material de primera calidad resistente a los rayos UV que es impermeable, antioxidante y f\u00e1cil de limpiar.<\/li>\n<li><strong>Control flexible:<\/strong>\u00a0elegir\u00a0<strong>interruptor manual<\/strong>\u00a0por simplicidad o\u00a0<strong>mando a distancia<\/strong>\u00a0Para un ajuste de velocidad conveniente y funciones de temporizador.<\/li>\n<\/ul>","protected":false},"featured_media":1099,"comment_status":"open","ping_status":"closed","template":"","meta":{"_acf_changed":false},"product_brand":[62],"product_cat":[28],"product_tag":[31,30,29,34,33],"class_list":{"0":"post-4312","1":"product","2":"type-product","3":"status-publish","4":"has-post-thumbnail","6":"product_brand-kcvents","7":"product_cat-exhaust-fan","8":"product_tag-backdraft-damper","9":"product_tag-durable-abs-housing","10":"product_tag-energy-efficient-ec-motor","11":"product_tag-low-noise-operation","12":"product_tag-variable-speed-control","13":"pa_control-mode-manual-switch","14":"pa_control-mode-remote-control","16":"first","17":"instock","18":"sale","19":"purchasable","20":"product-type-variable","21":"has-default-attributes"},"acf":[],"_links":{"self":[{"href":"https:\/\/www.ecvents.com\/es\/wp-json\/wp\/v2\/product\/4312","targetHints":{"allow":["GET"]}}],"collection":[{"href":"https:\/\/www.ecvents.com\/es\/wp-json\/wp\/v2\/product"}],"about":[{"href":"https:\/\/www.ecvents.com\/es\/wp-json\/wp\/v2\/types\/product"}],"replies":[{"embeddable":true,"href":"https:\/\/www.ecvents.com\/es\/wp-json\/wp\/v2\/comments?post=4312"}],"wp:featuredmedia":[{"embeddable":true,"href":"https:\/\/www.ecvents.com\/es\/wp-json\/wp\/v2\/media\/1099"}],"wp:attachment":[{"href":"https:\/\/www.ecvents.com\/es\/wp-json\/wp\/v2\/media?parent=4312"}],"wp:term":[{"taxonomy":"product_brand","embeddable":true,"href":"https:\/\/www.ecvents.com\/es\/wp-json\/wp\/v2\/product_brand?post=4312"},{"taxonomy":"product_cat","embeddable":true,"href":"https:\/\/www.ecvents.com\/es\/wp-json\/wp\/v2\/product_cat?post=4312"},{"taxonomy":"product_tag","embeddable":true,"href":"https:\/\/www.ecvents.com\/es\/wp-json\/wp\/v2\/product_tag?post=4312"}],"curies":[{"name":"pp","href":"https:\/\/api.w.org\/{rel}","templated":true}]}}