{"id":4599,"date":"2026-03-19T06:01:12","date_gmt":"2026-03-19T11:01:12","guid":{"rendered":"https:\/\/www.ecvents.com\/?post_type=product&#038;p=4599"},"modified":"2026-03-19T06:01:41","modified_gmt":"2026-03-19T11:01:41","slug":"ventilador-de-escape-del-obturador-del-motor-ec-3","status":"publish","type":"product","link":"https:\/\/www.ecvents.com\/es\/product\/ventilador-de-escape-del-obturador-del-motor-ec-3\/","title":{"rendered":"Ventilador de escape de obturador de motor EC"},"content":{"rendered":"<div class=\"someee\">\n<h2><strong>Poder inteligente. Precisi\u00f3n silenciosa. Construido para mover aire real.<\/strong><\/h2>\n<p>los\u00a0<strong>EC\u202fMotor\u202fShutter\u202fExhaust\u202fFan<\/strong>\u00a0Est\u00e1 dise\u00f1ado para cuando la ventilaci\u00f3n debe sentirse, no escucharse. Dise\u00f1ado para talleres, \u00e1ticos, invernaderos y zonas comerciales exigentes, se mueve 2.560\u202fCFM\u202f de aire a trav\u00e9s de un sistema de 16 pulgadas\u202fshutter\u202f de 16 pulgadas\u202f de 16 pulgadas\u202f \u202f \u202f \u202f \u202f \u202f \u202f \u202f \u202f \u202f \u202f \u202f \u202f \u202f \u202f \u202f 2 A\u202f SMART 10 velocidades PWM Controlador PWM Salida de forma instant\u00e1nea: equilibrar la velocidad, el sonido y el uso de energ\u00eda en perfecta proporci\u00f3n.<\/p>\n<p>Su forma habla el lenguaje de la durabilidad.\u00a0<strong>Persianas de acero galvanizado<\/strong>\u00a0Selle bien cuando est\u00e9 inactivo, protegiendo contra el polvo y la lluvia, mientras\u00a0<strong>Aspa de aluminio aerodin\u00e1mica<\/strong>\u00a0Gira libremente a trav\u00e9s de largas horas de uso continuo. Dentro, una \u202fgeneraci\u00f3n siguiente\u00a0<strong>Motor conmutado electr\u00f3nico<\/strong>\u00a0Transforma la potencia en un par constante sin tensi\u00f3n mec\u00e1nica, manteniendo un fuerte flujo de aire a solo 67\u202f\u2013\u202f70\u202fdba.<\/p>\n<p>Cada caracter\u00edstica tiene un prop\u00f3sito.\u00a0<strong>Rodamientos de bolas dobles<\/strong>,\u00a0<strong>Sellado con clasificaci\u00f3n IP44<\/strong>, y\u00a0<strong>Marco A\u202fResistente a la Corrosi\u00f3n<\/strong>\u00a0Extienda la vida laboral del ventilador m\u00e1s all\u00e1 de 67.000 horas.\u00a0<strong>Compatibilidad UIS-Plataforma<\/strong>\u00a0Hace que la integraci\u00f3n sea f\u00e1cil para entornos automatizados, mientras que la memoria integrada recupera la \u00faltima configuraci\u00f3n con cada inicio. Desde garajes hasta cuartos de cultivo, ofrece un flujo de aire confiable sin demandar atenci\u00f3n: resistencia industrial conformada para una inteligencia silenciosa.<\/p>\n<\/div>\n<hr \/>\n<p>Rendimiento:<\/p>\n<div class=\"scroll-table-wrapper\">\n<div class=\"scroll-table\">\n<table id=\"tablepress-65\" class=\"tablepress tablepress-id-65\">\n<thead>\n<tr class=\"row-1\">\n\t<th class=\"column-1\">presupuesto<\/th><th class=\"column-2\">trabizo<\/th>\n<\/tr>\n<\/thead>\n<tbody class=\"row-striping row-hover\">\n<tr class=\"row-2\">\n\t<td class=\"column-1\">Tama\u00f1o del abanico<\/td><td class=\"column-2\">16 pulgadas (40,6 cm)<\/td>\n<\/tr>\n<tr class=\"row-3\">\n\t<td class=\"column-1\">Dimensiones totales<\/td><td class=\"column-2\">19.09\" \u00d7 19.09\" \u00d7 7.72\" (48.5 \u00d7 48.5 \u00d7 19.6 cm)<\/td>\n<\/tr>\n<tr class=\"row-4\">\n\t<td class=\"column-1\">Tama\u00f1o del orificio de montaje<\/td><td class=\"column-2\">Aproximadamente 16.92\" \u00d7 16.92\" (43 \u00d7 43 cm)<\/td>\n<\/tr>\n<tr class=\"row-5\">\n\t<td class=\"column-1\">Capacidad de flujo de aire<\/td><td class=\"column-2\">2.560 CFM (ventilaci\u00f3n de alta eficiencia)<\/td>\n<\/tr>\n<tr class=\"row-6\">\n\t<td class=\"column-1\">presi\u00f3n est\u00e1tica<\/td><td class=\"column-2\">25,9 mm-h\u2082O (aproximadamente 96 Pa)<\/td>\n<\/tr>\n<tr class=\"row-7\">\n\t<td class=\"column-1\">nivel de ruido<\/td><td class=\"column-2\">Por lo general, 70 dBA (var\u00eda entre 67 y 70 dBA entre fuentes)<\/td>\n<\/tr>\n<tr class=\"row-8\">\n\t<td class=\"column-1\">Conducir y controlar<\/td><td class=\"column-2\">Modulaci\u00f3n inteligente PWM, 10 velocidades (algunos modelos de 8 velocidades), con funci\u00f3n de memoria<\/td>\n<\/tr>\n<tr class=\"row-9\">\n\t<td class=\"column-1\">Tipo de motor<\/td><td class=\"column-2\">EC (conmutado electr\u00f3nico) Motor eficiente de energ\u00eda, bajo ruido, alta eficiencia<\/td>\n<\/tr>\n<tr class=\"row-10\">\n\t<td class=\"column-1\">Potencia \/ corriente<\/td><td class=\"column-2\">100 W \/ 1,5 A (100\u2013240 V CA, 50\/60 Hz)<\/td>\n<\/tr>\n<tr class=\"row-11\">\n\t<td class=\"column-1\">Cojinetes y vida \u00fatil<\/td><td class=\"column-2\">Rodamientos de bolas dobles, L10 de vida \u00fatil de 67.000 horas<\/td>\n<\/tr>\n<tr class=\"row-12\">\n\t<td class=\"column-1\">Protecci\u00f3n contra entrada<\/td><td class=\"column-2\">Clasificaci\u00f3n IP-44, resistente al polvo y al agua; dise\u00f1o estructural resistente a la corrosi\u00f3n<\/td>\n<\/tr>\n<\/tbody>\n<\/table>\n<!-- #tablepress-65 from cache --><\/div>\n<\/div>\n<div><\/div>\n<div class=\"woocb\"><a class=\"wocb\" href=\"https:\/\/www.beiaole.com\/wp-content\/uploads\/2025\/08\/EC-Motor-Shutter-Exhaust-Fan-1.pdf\" target=\"_blank\" rel=\"noopener\">hacerse<\/a><\/div>\n<div><\/div>","protected":false},"excerpt":{"rendered":"<ul>\n<li>\n<h2>Alta eficiencia\u202fFlujo de aire:<\/h2>\n<p>\u202f16\u202fpulgada\u202ffan\u202fmoves\u202f2,560\u202fcfm\u202f(\u2248\u202f4,350\u202fm\u00b3\/h)\u202fcon\u202fpressure\u202fen torno\u202f96\u202fpa\u202ffuerte,\u202fventilaci\u00f3n.<\/li>\n<li>\n<h2>Avanzado\u202fEC\u202fMotor\u202fTecnolog\u00eda:<\/h2>\n<p>\u202fPWM\u202fControl\u202fHabilita\u202fPrecisi\u00f3n\u202fVelocidad\u202fModulaci\u00f3n,\u202f10\u2011Ajuste\u2011Nivel\u202fAjuste\u202fy\u202fSuperior\u202fEficiencia\u202fEnerg\u00eda\u202fEficiencia.<\/li>\n<li>\n<h2>Construcci\u00f3n duradera:<\/h2>\n<p>\u202facero\u202fresistente\u202facero\u202fshutters\u202fy\u202fligero\u202faluminium\u202fdecorado\u202fdise\u00f1ado\u202fpara\u202fdeber\u202fde-continuo\u202fen\u202fhumid\u202fambientemente tostado\u202fenvironments.<\/li>\n<li>\n<h2>Resistencia\u202fFuerza:<\/h2>\n<p>\u202fNivels de sonido\u202fentre 67\u202f\u2013\u202f70\u202fdba\u202fentregar\u202fserious\u202fairflow\u202fsin\u202fhrh\u202fmec\u00e1nico\u202fruido.<\/li>\n<li>\n<h2>Vida \u00fatil larga:<\/h2>\n<p>\u202fDual\u202fBall\u202fBailars\u202fSoporte\u202fL10\u202fL10\u202fVida\u202fde\u202f67,000\u202fhoras\u202fbajo\u202fcarga\u202fcarga.<\/li>\n<li>\n<h2>Integraci\u00f3n Smart\u202fControl\u202f:<\/h2>\n<p>\u202fUIS\u2011Plataforma\u202fPreparada\u202fcon\u202fMemoria\u202ffunci\u00f3n\u202fpara\u202fajustes de ventilaci\u00f3n\u202frepetibles\u202fventilations.<\/li>\n<li>\n<h2>Protecci\u00f3n ambiental:<\/h2>\n<p>\u202fIP44\u202fCalificaci\u00f3n\u202fpara\u202fpolvo\u202fy\u202fmoistura\u202fresistencia\u202fasegura\u202fsegundo\u202foperaci\u00f3n\u202foperaci\u00f3n\u202fa\u00f1o-a\u00f1o.<\/li>\n<\/ul>\n<hr \/>","protected":false},"featured_media":4629,"comment_status":"open","ping_status":"closed","template":"","meta":{"_acf_changed":false},"product_brand":[],"product_cat":[28],"product_tag":[],"class_list":{"0":"post-4599","1":"product","2":"type-product","3":"status-publish","4":"has-post-thumbnail","6":"product_cat-exhaust-fan","8":"first","9":"instock","10":"sale","11":"taxable","12":"shipping-taxable","13":"purchasable","14":"product-type-simple"},"acf":[],"_links":{"self":[{"href":"https:\/\/www.ecvents.com\/es\/wp-json\/wp\/v2\/product\/4599","targetHints":{"allow":["GET"]}}],"collection":[{"href":"https:\/\/www.ecvents.com\/es\/wp-json\/wp\/v2\/product"}],"about":[{"href":"https:\/\/www.ecvents.com\/es\/wp-json\/wp\/v2\/types\/product"}],"replies":[{"embeddable":true,"href":"https:\/\/www.ecvents.com\/es\/wp-json\/wp\/v2\/comments?post=4599"}],"wp:featuredmedia":[{"embeddable":true,"href":"https:\/\/www.ecvents.com\/es\/wp-json\/wp\/v2\/media\/4629"}],"wp:attachment":[{"href":"https:\/\/www.ecvents.com\/es\/wp-json\/wp\/v2\/media?parent=4599"}],"wp:term":[{"taxonomy":"product_brand","embeddable":true,"href":"https:\/\/www.ecvents.com\/es\/wp-json\/wp\/v2\/product_brand?post=4599"},{"taxonomy":"product_cat","embeddable":true,"href":"https:\/\/www.ecvents.com\/es\/wp-json\/wp\/v2\/product_cat?post=4599"},{"taxonomy":"product_tag","embeddable":true,"href":"https:\/\/www.ecvents.com\/es\/wp-json\/wp\/v2\/product_tag?post=4599"}],"curies":[{"name":"pp","href":"https:\/\/api.w.org\/{rel}","templated":true}]}}