{"id":4600,"date":"2026-03-19T06:01:12","date_gmt":"2026-03-19T11:01:12","guid":{"rendered":"https:\/\/www.ecvents.com\/?post_type=product&#038;p=4600"},"modified":"2026-03-19T06:02:35","modified_gmt":"2026-03-19T11:02:35","slug":"deshumidificador-de-techo","status":"publish","type":"product","link":"https:\/\/www.ecvents.com\/es\/product\/deshumidificador-de-techo\/","title":{"rendered":"Deshumidificador de techo"},"content":{"rendered":"<div class=\"someee\">\n<h2><strong>Equilibrio tranquilo. comodidad seca. Dise\u00f1ado para un rendimiento oculto.<\/strong><\/h2>\n<p>los\u00a0<strong>Deshumidificador de techo<\/strong>\u00a0Aporta control invisible a la comodidad interior. Montado discretamente sobre la cabeza, mantiene la humedad bajo control: extrayendo la humedad en silencio para que cada habitaci\u00f3n se sienta m\u00e1s liviana, fresca y m\u00e1s f\u00e1cil de respirar. Sin intrusi\u00f3n, sin desorden, solo una sensaci\u00f3n constante de aire tranquilo que se mueve en silencio sobre ti.<\/p>\n<p>su\u00a0<strong>Compresor rotativo compacto<\/strong>\u00a0Se combina con un sistema de flujo de aire de precisi\u00f3n para ofrecer una deshumidificaci\u00f3n estable e inteligente de energ\u00eda. Conductos optimizados para ruido y un conjunto de ventilador equilibrado reducen la vibraci\u00f3n, lo que permite un funcionamiento continuo con una huella ac\u00fastica m\u00ednima. Detr\u00e1s de su comportamiento tranquilo se encuentra el poder confiable dise\u00f1ado para a\u00f1os de servicio.<\/p>\n<p>la unidad\u00a0<strong>Cuerpo de acero galvanizado<\/strong>\u00a0Tiene doble revestimiento para resistencia a la corrosi\u00f3n, manteniendo la integridad estructural y un acabado limpio con el tiempo. dentro,\u00a0<strong>Tubos de cobre y aletas de aluminio<\/strong>\u00a0Gestiona el intercambio de calor con eficiencia y longevidad. un\u00a0<strong>C\u00e1mara de doble ventilaci\u00f3n<\/strong>\u00a0Promueve el ciclo de aire natural, reemplazando el estancamiento h\u00famedo con un flujo limpio y transpirable en todo el espacio.<\/p>\n<p>La interacci\u00f3n es intuitiva. los\u00a0<strong>Control de pantalla t\u00e1ctil de 86\u2011Box<\/strong>\u00a0Ajusta los modos al instante mientras que los sensores integrados monitorean los niveles de humedad, temperatura, CO\u2082 y PM2.5\u2014precisi\u00f3n autom\u00e1tica que nunca tendr\u00e1 que supervisar.<\/p>\n<\/div>\n<hr \/>\n<p>Rendimiento:<\/p>\n<div class=\"scroll-table-wrapper\">\n<div class=\"scroll-table\">\n<table id=\"tablepress-62\" class=\"tablepress tablepress-id-62\">\n<thead>\n<tr class=\"row-1\">\n\t<th class=\"column-1\">modelo<\/th><th class=\"column-2\">250GXD<\/th><th class=\"column-3\">350GXD<\/th><th class=\"column-4\">500GXD<\/th><th class=\"column-5\">800GXD<\/th>\n<\/tr>\n<\/thead>\n<tbody class=\"row-striping row-hover\">\n<tr class=\"row-2\">\n\t<td class=\"column-1\">Voltaje (V)<\/td><td class=\"column-2\">220<\/td><td class=\"column-3\">220<\/td><td class=\"column-4\">220<\/td><td class=\"column-5\">220<\/td>\n<\/tr>\n<tr class=\"row-3\">\n\t<td class=\"column-1\">Volumen de aire (m\u00b3\/h)<\/td><td class=\"column-2\">250<\/td><td class=\"column-3\">350<\/td><td class=\"column-4\">500<\/td><td class=\"column-5\">800<\/td>\n<\/tr>\n<tr class=\"row-4\">\n\t<td class=\"column-1\">Flujo de aire(m\u00b3\/h)<\/td><td class=\"column-2\">0~120<\/td><td class=\"column-3\">0~160<\/td><td class=\"column-4\">0~220<\/td><td class=\"column-5\">0~380<\/td>\n<\/tr>\n<tr class=\"row-5\">\n\t<td class=\"column-1\">Capacidad de deshumidificaci\u00f3n (l\/d\u00eda)<\/td><td class=\"column-2\">32<\/td><td class=\"column-3\">58<\/td><td class=\"column-4\">70<\/td><td class=\"column-5\">120<\/td>\n<\/tr>\n<tr class=\"row-6\">\n\t<td class=\"column-1\">Poder (W)<\/td><td class=\"column-2\">580<\/td><td class=\"column-3\">720<\/td><td class=\"column-4\">850<\/td><td class=\"column-5\">1000<\/td>\n<\/tr>\n<tr class=\"row-7\">\n\t<td class=\"column-1\">Presi\u00f3n est\u00e1tica externa (PA)<\/td><td class=\"column-2\">80<\/td><td class=\"column-3\">90<\/td><td class=\"column-4\">100<\/td><td class=\"column-5\">120<\/td>\n<\/tr>\n<tr class=\"row-8\">\n\t<td class=\"column-1\">Ruido (dB)<\/td><td class=\"column-2\">38<\/td><td class=\"column-3\">40<\/td><td class=\"column-4\">45<\/td><td class=\"column-5\">65<\/td>\n<\/tr>\n<tr class=\"row-9\">\n\t<td class=\"column-1\">Peso (kg)<\/td><td class=\"column-2\">48<\/td><td class=\"column-3\">55<\/td><td class=\"column-4\">68<\/td><td class=\"column-5\">62<\/td>\n<\/tr>\n<tr class=\"row-10\">\n\t<td class=\"column-1\">Modo de descongelaci\u00f3n<\/td><td class=\"column-2\">coche<\/td><td class=\"column-3\">coche<\/td><td class=\"column-4\">coche<\/td><td class=\"column-5\">coche<\/td>\n<\/tr>\n<tr class=\"row-11\">\n\t<td class=\"column-1\">Modo de control<\/td><td class=\"column-2\">86 - Pantalla de teclas t\u00e1ctil de caja<\/td><td class=\"column-3\">86 - Pantalla de teclas t\u00e1ctil de caja<\/td><td class=\"column-4\">86 - Pantalla de teclas t\u00e1ctil de caja<\/td><td class=\"column-5\">86 - Pantalla de teclas t\u00e1ctil de caja<\/td>\n<\/tr>\n<tr class=\"row-12\">\n\t<td class=\"column-1\">Modo de drenaje<\/td><td class=\"column-2\">Drenaje directo a trav\u00e9s de manguera<\/td><td class=\"column-3\">Drenaje directo a trav\u00e9s de manguera<\/td><td class=\"column-4\">Drenaje directo a trav\u00e9s de manguera<\/td><td class=\"column-5\">Drenaje directo a trav\u00e9s de manguera<\/td>\n<\/tr>\n<tr class=\"row-13\">\n\t<td class=\"column-1\">Tama\u00f1o de salida de aire (mm)<\/td><td class=\"column-2\">0150<\/td><td class=\"column-3\">0150<\/td><td class=\"column-4\">0150<\/td><td class=\"column-5\">0200 (opcional 0150)<\/td>\n<\/tr>\n<tr class=\"row-14\">\n\t<td class=\"column-1\">Dimensiones (mm)<br \/>\n(largo x ancho x alto)<\/td><td class=\"column-2\">1100\u00d7680\u00d7300<\/td><td class=\"column-3\">1100\u00d7680\u00d7300<\/td><td class=\"column-4\">1100\u00d7680\u00d7300<\/td><td class=\"column-5\">1450\u00d71000\u00d7350<\/td>\n<\/tr>\n<\/tbody>\n<\/table>\n<!-- #tablepress-62 from cache --><\/div>\n<\/div>\n<div><\/div>\n<div class=\"woocb\"><a class=\"wocb\" href=\"http:\/\/www.beiaole.com\/wp-content\/uploads\/2025\/09\/d5.1.pdf\" target=\"_blank\" rel=\"noopener\">hacerse<\/a><\/div>\n<div><\/div>","protected":false},"excerpt":{"rendered":"<ul>\n<li>\n<h2>Potente\u202fDehumidificaci\u00f3n:<\/h2>\n<p>\u202fQuita\u202f32\u202f\u2013\u202f120\u202fL\u202fde\u202fMoisture\u202fpor\u202fd\u00eda\u202fa trav\u00e9s de flujos de aire\u202fRango\u202fde\u202f250\u202fa\u202f800\u202fm\u00b2\/h.<\/li>\n<li>\n<h2>Operaci\u00f3n de bajo ruido:<\/h2>\n<p>\u202fNiveles ac\u00fasticos\u202fcomo\u202fbajos\u202fcomo\u202f38\u202fDB\u202fCrear\u202fUn\u202fsin disturbar\u202fambiente\u202fpara vivir\u202fareas dormidas.<\/li>\n<li>\n<h2>Construcci\u00f3n duradera\u202ftodo metal:<\/h2>\n<p>\u202fValo de acero \u202f galvanizado\u202f con \u202frevestimiento\u202f de acero\u202f con \u202f revestido \u202f resiste \u202f y \u202fdesgaste\u202f en condiciones de humedad.<\/li>\n<li>\n<h2>Intercambio eficiente de calor:<\/h2>\n<p>\u202fCobre\u202fTipos\u202fy\u202faluminium\u202faletas\u202fmaximiza\u202fT\u00e9rmico\u202ftransferencia\u202fy\u202falarga\u2011plazo\u2011estabilidad.<\/li>\n<li>\n<h2>Sensores inteligentes\u202fambientales:<\/h2>\n<p>\u202fBuilt\u2011in\u202fCo\u2082,\u202fTemperature,\u202fy\u202fPM2.5\u202fMonitorizaci\u00f3n\u202fpara\u202fAdaptativo\u202fclima\u202fgesti\u00f3n\u202fmanejo.<\/li>\n<li>\n<h2>Control de uso sencillo:<\/h2>\n<p>\u202f86\u202fBox\u202fTouch\u202fInterfaz\u202fpara\u202fModo\u202fselecci\u00f3n\u202fy\u202fSystem\u202fComentario\u202fab\u202fa\u202fa\u202fap.<\/li>\n<li>\n<h2>Flexible\u202fDrenaje\u202fy\u202fDescongelar:<\/h2>\n<p>\u202fAutom\u00e1tico\u202fDescongelar\u202fy\u202fDirecto\u202fmanguera\u202fDrenaje\u202fsimplificar\u202fmantenimiento.<\/li>\n<li>\n<h2>Dise\u00f1o compacto de techo:<\/h2>\n<p>\u202fUltra\u2011delgado\u202fForma\u202fFactor\u202f(300\u2013350\u202fmm\u202fintegra\u202fintegra\u202fintegrables\u202fsin costura\u202ftechones modernos.<\/li>\n<\/ul>\n<hr \/>","protected":false},"featured_media":4631,"comment_status":"open","ping_status":"closed","template":"","meta":{"_acf_changed":false},"product_brand":[],"product_cat":[64],"product_tag":[],"class_list":{"0":"post-4600","1":"product","2":"type-product","3":"status-publish","4":"has-post-thumbnail","6":"product_cat-dehumidifier-series","8":"first","9":"outofstock","10":"taxable","11":"shipping-taxable","12":"purchasable","13":"product-type-variable"},"acf":[],"_links":{"self":[{"href":"https:\/\/www.ecvents.com\/es\/wp-json\/wp\/v2\/product\/4600","targetHints":{"allow":["GET"]}}],"collection":[{"href":"https:\/\/www.ecvents.com\/es\/wp-json\/wp\/v2\/product"}],"about":[{"href":"https:\/\/www.ecvents.com\/es\/wp-json\/wp\/v2\/types\/product"}],"replies":[{"embeddable":true,"href":"https:\/\/www.ecvents.com\/es\/wp-json\/wp\/v2\/comments?post=4600"}],"wp:featuredmedia":[{"embeddable":true,"href":"https:\/\/www.ecvents.com\/es\/wp-json\/wp\/v2\/media\/4631"}],"wp:attachment":[{"href":"https:\/\/www.ecvents.com\/es\/wp-json\/wp\/v2\/media?parent=4600"}],"wp:term":[{"taxonomy":"product_brand","embeddable":true,"href":"https:\/\/www.ecvents.com\/es\/wp-json\/wp\/v2\/product_brand?post=4600"},{"taxonomy":"product_cat","embeddable":true,"href":"https:\/\/www.ecvents.com\/es\/wp-json\/wp\/v2\/product_cat?post=4600"},{"taxonomy":"product_tag","embeddable":true,"href":"https:\/\/www.ecvents.com\/es\/wp-json\/wp\/v2\/product_tag?post=4600"}],"curies":[{"name":"pp","href":"https:\/\/api.w.org\/{rel}","templated":true}]}}