{"id":4601,"date":"2026-03-19T06:01:12","date_gmt":"2026-03-19T11:01:12","guid":{"rendered":"https:\/\/www.ecvents.com\/?post_type=product&#038;p=4601"},"modified":"2026-03-19T06:02:35","modified_gmt":"2026-03-19T11:02:35","slug":"cortina-de-aire-de-flujo-cruzado-serie-q","status":"publish","type":"product","link":"https:\/\/www.ecvents.com\/es\/product\/cortina-de-aire-de-flujo-cruzado-serie-q\/","title":{"rendered":"Cortina de aire de flujo cruzado Serie Q"},"content":{"rendered":"<div class=\"someee\">\n<h2><strong>Escudo silencioso. comodidad constante. Dise\u00f1ado para definir cada entrada.<\/strong><\/h2>\n<p>los\u00a0<strong>Cortina de aire de flujo cruzado\u202fQ\u202fSeries<\/strong>\u00a0Aporta una precisi\u00f3n silenciosa al umbral entre el interior y el exterior. Su deber es simple pero esencial: mantener el aire acondicionado, el calor y el polvo exteriores, y crear una barrera de comodidad suave e invisible. Ideal para tiendas, cafeter\u00edas y cocinas comerciales, estabiliza el clima interior y ahorra energ\u00eda y mantiene cada entrada de casa.<\/p>\n<p>los\u00a0<strong>Carcasa curva aerodin\u00e1mica<\/strong>\u00a0Combina durabilidad con elegancia. Hecho de metal a prueba de \u00f3xido, se siente s\u00f3lido sin exceso de peso. Las rayas de entrada discretas no son solo visuales, equilibran el flujo de aire de manera uniforme en todo el ancho para una cobertura constante. La estructura refinada hace que la instalaci\u00f3n sea r\u00e1pida y sin esfuerzo.<\/p>\n<p>dentro, un\u00a0<strong>Motor de cobre puro<\/strong>\u00a0y\u00a0<strong>Rueda de flujo cruzado de precisi\u00f3n<\/strong>\u00a0Mantener un potente rendimiento con un ruido muy poco. La direcci\u00f3n del aire se ajusta f\u00e1cilmente a trav\u00e9s de un\u00a0<strong>Barra gu\u00eda redise\u00f1ada<\/strong>, y el\u00a0<strong>Interruptor de control de dos velocidades<\/strong>\u00a0cambia de una brisa suave a una fuerte corriente protectora cuando se requiere una mayor separaci\u00f3n. Probado para m\u00e1s\u00a0<strong>8.000\u202fhoras de funcionamiento continuo<\/strong>, la serie q\u202f q\u202f \u202f q\u202f \u202f q\u202f \u202f q\u202f \u202f q\u202f.<\/p>\n<\/div>\n<hr \/>\n<p>Rendimiento:<\/p>\n<div class=\"scroll-table-wrapper\">\n<div class=\"scroll-table\">\n<table id=\"tablepress-54\" class=\"tablepress tablepress-id-54\">\n<thead>\n<tr class=\"row-1\">\n\t<th class=\"column-1\">modelo<\/th><th class=\"column-2\">Dimensiones (mm)<\/th><th class=\"column-3\">Voltaje (V)<\/th><th class=\"column-4\">Frecuencia (Hz)<\/th><th class=\"column-5\">Poder (W)<\/th><th class=\"column-6\">Velocidad (m\/s)<\/th><th class=\"column-7\">Flujo de aire(m\u00b3\/h)<\/th><th class=\"column-8\">Ruido (dB)<\/th><th class=\"column-9\">Peso (kg)<\/th>\n<\/tr>\n<\/thead>\n<tbody class=\"row-striping row-hover\">\n<tr class=\"row-2\">\n\t<td class=\"column-1\">FM-125-06<\/td><td class=\"column-2\">600x145\u00d7185<\/td><td class=\"column-3\">220<\/td><td class=\"column-4\">50<\/td><td class=\"column-5\">105<\/td><td class=\"column-6\">9-11<\/td><td class=\"column-7\">1200<\/td><td class=\"column-8\">50<\/td><td class=\"column-9\">5.5<\/td>\n<\/tr>\n<tr class=\"row-3\">\n\t<td class=\"column-1\">FM-125-09<\/td><td class=\"column-2\">900x145\u00d7185<\/td><td class=\"column-3\">220<\/td><td class=\"column-4\">50<\/td><td class=\"column-5\">105<\/td><td class=\"column-6\">9-11<\/td><td class=\"column-7\">1300<\/td><td class=\"column-8\">57<\/td><td class=\"column-9\">7<\/td>\n<\/tr>\n<tr class=\"row-4\">\n\t<td class=\"column-1\">FM-125-10<\/td><td class=\"column-2\">1000\u00d7145\u00d7185<\/td><td class=\"column-3\">220<\/td><td class=\"column-4\">50<\/td><td class=\"column-5\">130<\/td><td class=\"column-6\">9-11<\/td><td class=\"column-7\">1500<\/td><td class=\"column-8\">58<\/td><td class=\"column-9\">7.5<\/td>\n<\/tr>\n<tr class=\"row-5\">\n\t<td class=\"column-1\">FM-125-12<\/td><td class=\"column-2\">1200x145\u00d7185<\/td><td class=\"column-3\">220<\/td><td class=\"column-4\">50<\/td><td class=\"column-5\">160<\/td><td class=\"column-6\">9-11<\/td><td class=\"column-7\">1700<\/td><td class=\"column-8\">58<\/td><td class=\"column-9\">8.5<\/td>\n<\/tr>\n<tr class=\"row-6\">\n\t<td class=\"column-1\">FM-125-15<\/td><td class=\"column-2\">1500x145\u00d7185<\/td><td class=\"column-3\">220<\/td><td class=\"column-4\">50<\/td><td class=\"column-5\">200<\/td><td class=\"column-6\">9-11<\/td><td class=\"column-7\">2150<\/td><td class=\"column-8\">59<\/td><td class=\"column-9\">10<\/td>\n<\/tr>\n<tr class=\"row-7\">\n\t<td class=\"column-1\">FM-125-18<\/td><td class=\"column-2\">1800\u00d7145x185<\/td><td class=\"column-3\">220<\/td><td class=\"column-4\">50<\/td><td class=\"column-5\">250<\/td><td class=\"column-6\">9-11<\/td><td class=\"column-7\">2600<\/td><td class=\"column-8\">60<\/td><td class=\"column-9\">13<\/td>\n<\/tr>\n<tr class=\"row-8\">\n\t<td class=\"column-1\">FM-125-20<\/td><td class=\"column-2\">2000x145\u00d7185<\/td><td class=\"column-3\">220<\/td><td class=\"column-4\">50<\/td><td class=\"column-5\">280<\/td><td class=\"column-6\">9-11<\/td><td class=\"column-7\">2900<\/td><td class=\"column-8\">61<\/td><td class=\"column-9\">13.5<\/td>\n<\/tr>\n<\/tbody>\n<\/table>\n<!-- #tablepress-54 from cache --><\/div>\n<\/div>\n<div><\/div>\n<div class=\"woocb\"><a class=\"wocb\" href=\"http:\/\/www.beiaole.com\/wp-content\/uploads\/2025\/10\/d4.2.pdf\" target=\"_blank\" rel=\"noopener\">hacerse<\/a><\/div>\n<div><\/div>","protected":false},"excerpt":{"rendered":"<ul>\n<li>\n<h2>Barrera estable\u202faire\u202f:<\/h2>\n<p>\u202fMantiene\u202fseparaci\u00f3n\u202fentre\u202finterior\u202fy\u202fambiente exterior\u202fpara\u202fefectiva\u202ftemperatura\u202fy\u202fcontrol de polvo\u202f.<\/li>\n<li>\n<h2>Rendimiento de bajo ruido:<\/h2>\n<p>\u202fFlujo\u202faerodin\u00e1mica\u202fy\u202fprecisi\u00f3n\u2011balanceado\u202frueda\u202freducir\u202fsonido\u202fa\u202fas\u202fas\u202fas\u202f50\u202f\u2013\u202f61\u202fdb.<\/li>\n<li>\n<h2>Cuerpo duradero a prueba de \u00f3xido:<\/h2>\n<p>\u202fMetal\u202fvivienda\u202fresiste\u202fCorrosi\u00f3n\u202fy\u202fdesgaste\u202fpara\u202fa largo\u2011plazo\u202fuso comercial\u202f.<\/li>\n<li>\n<h2>Direcci\u00f3n de aire ajustable:<\/h2>\n<p>\u202finclinar\u202fgu\u00eda\u202fbar\u202fasegura\u202faire preciso\u202faire\u202fentrega\u202fpara\u202fpara\u202fdiferente\u202falturas\u202fpuertas\u202fy\u202f condiciones de tr\u00e1fico.<\/li>\n<li>\n<h2>Control de dos velocidades:<\/h2>\n<p>\u202fSimple\u202fKey\u202fSwitch\u202fpara\u202ffast\u202foperation\u202f\u2014\u202felegir\u202fgentil\u202fo\u202falta velocidad\u202fvelocidad\u202fcomo\u202fse necesita.<\/li>\n<li>\n<h2>Accionamiento de energ\u00eda eficiente:<\/h2>\n<p>\u202fCobre\u202fMotor\u202fsustain\u202ffuerte\u202fproducto\u202fcon\u202fbajo\u202fpoder\u202fconsumo.<\/li>\n<li>\n<h2>Vida \u00fatil extendida:<\/h2>\n<p>\u202fm\u00e1s\u202f8,000\u202fhoras\u202fde\u202fprobados\u202foperaciones\u202foperaciones\u202fpara\u202fde-mantenimiento\u202fde-continuo\u202fuso ligero.<\/li>\n<\/ul>\n<hr \/>","protected":false},"featured_media":4632,"comment_status":"open","ping_status":"closed","template":"","meta":{"_acf_changed":false},"product_brand":[],"product_cat":[65],"product_tag":[],"class_list":{"0":"post-4601","1":"product","2":"type-product","3":"status-publish","4":"has-post-thumbnail","6":"product_cat-air-curtain","8":"first","9":"instock","10":"taxable","11":"shipping-taxable","12":"purchasable","13":"product-type-variable","14":"has-default-attributes"},"acf":[],"_links":{"self":[{"href":"https:\/\/www.ecvents.com\/es\/wp-json\/wp\/v2\/product\/4601","targetHints":{"allow":["GET"]}}],"collection":[{"href":"https:\/\/www.ecvents.com\/es\/wp-json\/wp\/v2\/product"}],"about":[{"href":"https:\/\/www.ecvents.com\/es\/wp-json\/wp\/v2\/types\/product"}],"replies":[{"embeddable":true,"href":"https:\/\/www.ecvents.com\/es\/wp-json\/wp\/v2\/comments?post=4601"}],"wp:featuredmedia":[{"embeddable":true,"href":"https:\/\/www.ecvents.com\/es\/wp-json\/wp\/v2\/media\/4632"}],"wp:attachment":[{"href":"https:\/\/www.ecvents.com\/es\/wp-json\/wp\/v2\/media?parent=4601"}],"wp:term":[{"taxonomy":"product_brand","embeddable":true,"href":"https:\/\/www.ecvents.com\/es\/wp-json\/wp\/v2\/product_brand?post=4601"},{"taxonomy":"product_cat","embeddable":true,"href":"https:\/\/www.ecvents.com\/es\/wp-json\/wp\/v2\/product_cat?post=4601"},{"taxonomy":"product_tag","embeddable":true,"href":"https:\/\/www.ecvents.com\/es\/wp-json\/wp\/v2\/product_tag?post=4601"}],"curies":[{"name":"pp","href":"https:\/\/api.w.org\/{rel}","templated":true}]}}