{"id":4602,"date":"2026-03-19T06:01:12","date_gmt":"2026-03-19T11:01:12","guid":{"rendered":"https:\/\/www.ecvents.com\/?post_type=product&#038;p=4602"},"modified":"2026-03-19T06:02:04","modified_gmt":"2026-03-19T11:02:04","slug":"ventilador-de-aire-de-alta-presion","status":"publish","type":"product","link":"https:\/\/www.ecvents.com\/es\/product\/ventilador-de-aire-de-alta-presion\/","title":{"rendered":"Ventilador de aire de alta presi\u00f3n"},"content":{"rendered":"<div class=\"someee\">\n<h2><strong>Presi\u00f3n m\u00e1s alta. alcance m\u00e1s amplio. confianza en cada flujo.<\/strong><\/h2>\n<p>Cuando las v\u00edas de ventilaci\u00f3n se alargan y se acumula resistencia, el\u00a0<strong>Ventilador de aire de alta presi\u00f3n<\/strong>\u00a0Mantiene el rendimiento estable. Construido para entornos de alta demanda (cocinas comerciales, tramos de conductos extendidos o rutas a\u00e9reas de varias zonas) combina la fuerte presi\u00f3n est\u00e1tica de un ventilador centr\u00edfugo con la eficiencia de movimiento del aire de un sistema de gabinete. El resultado: flujo de aire robusto y consistente que permanece presurizado donde los ventiladores ordinarios pierden impulso.<\/p>\n<p>En su n\u00facleo, un\u00a0<strong>Motor de cobre con clasificaci\u00f3n IP54<\/strong>\u00a0Encapsulado en una carcasa de aluminio de alta resistencia ofrece una potencia de funcionamiento fr\u00eda y duradera. su\u00a0<strong>Impulsor de todo metal<\/strong>\u00a0y\u00a0<strong>Dise\u00f1o de conductos internos aerodin\u00e1mico<\/strong>\u00a0Produzca un flujo de aire equilibrado y de alta velocidad a largas distancias, mientras suprime la vibraci\u00f3n y mantiene el ruido impresionantemente bajo para su clase de salida.<\/p>\n<p>A pesar de su m\u00fasculo, el ventilador permanece compacto. los\u00a0<strong>Configuraci\u00f3n de motor integrado<\/strong>\u00a0Reduce las dimensiones generales, encajando en huecos de techo ajustados comunes en restaurantes y instalaciones minoristas. Construido para una operaci\u00f3n continua, funciona con una autoridad silenciosa d\u00eda tras d\u00eda.<\/p>\n<p>Los puntos de acceso de mantenimiento inteligente completan el dise\u00f1o.\u00a0<strong>Cubiertas de inspecci\u00f3n de liberaci\u00f3n r\u00e1pida<\/strong>\u00a0La limpieza o el mantenimiento pueden hacerse en minutos, sin desmontaje completo, sin tiempo de inactividad prolongado.<\/p>\n<\/div>\n<hr \/>\n<p>Dimensiones (unidad: mm):<\/p>\n<div class=\"scroll-table-wrapper\">\n<div class=\"scroll-table\">\n<table id=\"tablepress-16\" class=\"tablepress tablepress-id-16\">\n<thead>\n<tr class=\"row-1\">\n\t<th class=\"column-1\">modelo<\/th><th class=\"column-2\">L<\/th><th class=\"column-3\">L1<\/th><th class=\"column-4\">W<\/th><th class=\"column-5\">w1<\/th><th class=\"column-6\">H<\/th><th class=\"column-7\">hola<\/th><th class=\"column-8\">D1<\/th><th class=\"column-9\">F<\/th><th class=\"column-10\">Tama\u00f1o de salida de aire<br \/>\n(AXB)<\/th><th class=\"column-11\">Tama\u00f1o de entrada de aire<br \/>\n(CXD)<\/th>\n<\/tr>\n<\/thead>\n<tbody class=\"row-striping row-hover\">\n<tr class=\"row-2\">\n\t<td class=\"column-1\">DT28-6000<\/td><td class=\"column-2\">620<\/td><td class=\"column-3\">520<\/td><td class=\"column-4\">700<\/td><td class=\"column-5\">750<\/td><td class=\"column-6\">615<\/td><td class=\"column-7\">100<\/td><td class=\"column-8\">50<\/td><td class=\"column-9\">25<\/td><td class=\"column-10\">405x285<\/td><td class=\"column-11\">630x565<\/td>\n<\/tr>\n<tr class=\"row-3\">\n\t<td class=\"column-1\">DT30-8000<\/td><td class=\"column-2\">650<\/td><td class=\"column-3\">550<\/td><td class=\"column-4\">750<\/td><td class=\"column-5\">800<\/td><td class=\"column-6\">650<\/td><td class=\"column-7\">100<\/td><td class=\"column-8\">50<\/td><td class=\"column-9\">25<\/td><td class=\"column-10\">430x300<\/td><td class=\"column-11\">680x600<\/td>\n<\/tr>\n<tr class=\"row-4\">\n\t<td class=\"column-1\">DT30-10000<\/td><td class=\"column-2\">650<\/td><td class=\"column-3\">550<\/td><td class=\"column-4\">750<\/td><td class=\"column-5\">800<\/td><td class=\"column-6\">650<\/td><td class=\"column-7\">100<\/td><td class=\"column-8\">50<\/td><td class=\"column-9\">25<\/td><td class=\"column-10\">430x300<\/td><td class=\"column-11\">680x600<\/td>\n<\/tr>\n<tr class=\"row-5\">\n\t<td class=\"column-1\">DT32-12000<\/td><td class=\"column-2\">725<\/td><td class=\"column-3\">625<\/td><td class=\"column-4\">800<\/td><td class=\"column-5\">850<\/td><td class=\"column-6\">725<\/td><td class=\"column-7\">100<\/td><td class=\"column-8\">50<\/td><td class=\"column-9\">25<\/td><td class=\"column-10\">405x330<\/td><td class=\"column-11\">730x675<\/td>\n<\/tr>\n<\/tbody>\n<\/table>\n<!-- #tablepress-16 from cache --><\/div>\n<\/div>\n<div><\/div>\n<div class=\"woocb\"><a class=\"wocb\" href=\"http:\/\/www.beiaole.com\/wp-content\/uploads\/2025\/08\/d2.1.1.pdf\" target=\"_blank\" rel=\"noopener\">hacerse<\/a><\/div>\n<div><\/div>\n<div><img loading=\"lazy\" decoding=\"async\" class=\"aligncenter wp-image-15946 size-large\" src=\"http:\/\/www.beiaole.com\/wp-content\/uploads\/2025\/08\/s2.1-1024x813.png\" alt=\"High Pressure Air Cabinet Fan-size\" width=\"1024\" height=\"813\" data-no-translation=\"\" \/><\/div>\n<p>Rendimiento:<\/p>\n<div class=\"scroll-table-wrapper\">\n<div class=\"scroll-table\">\n<table id=\"tablepress-17\" class=\"tablepress tablepress-id-17\">\n<thead>\n<tr class=\"row-1\">\n\t<th class=\"column-1\">modelo<\/th><th class=\"column-2\">Voltaje (V)<\/th><th class=\"column-3\">Frecuencia (Hz)<\/th><th class=\"column-4\">Velocidad (RPM)<\/th><th class=\"column-5\">Poder (W)<\/th><th class=\"column-6\">Flujo de aire(m\u00b3\/h)<\/th><th class=\"column-7\">Presi\u00f3n est\u00e1tica (Pa)<\/th><th class=\"column-8\">Ruido (dB)<\/th><th class=\"column-9\">N.m. (kg)<\/th>\n<\/tr>\n<\/thead>\n<tbody class=\"row-striping row-hover\">\n<tr class=\"row-2\">\n\t<td class=\"column-1\">DT28-6000<\/td><td class=\"column-2\">380<\/td><td class=\"column-3\">50<\/td><td class=\"column-4\">1400-1450<\/td><td class=\"column-5\">1500<\/td><td class=\"column-6\">6500-4800<\/td><td class=\"column-7\">520-710<\/td><td class=\"column-8\">64<\/td><td class=\"column-9\">60<\/td>\n<\/tr>\n<tr class=\"row-3\">\n\t<td class=\"column-1\">DT30-8000<\/td><td class=\"column-2\">380<\/td><td class=\"column-3\">50<\/td><td class=\"column-4\">1400-1450<\/td><td class=\"column-5\">2200<\/td><td class=\"column-6\">8500-6500<\/td><td class=\"column-7\">640-740<\/td><td class=\"column-8\">67<\/td><td class=\"column-9\">68<\/td>\n<\/tr>\n<tr class=\"row-4\">\n\t<td class=\"column-1\">DT30-10000<\/td><td class=\"column-2\">380<\/td><td class=\"column-3\">50<\/td><td class=\"column-4\">1400-1450<\/td><td class=\"column-5\">3000<\/td><td class=\"column-6\">10500-8500<\/td><td class=\"column-7\">720-800<\/td><td class=\"column-8\">70<\/td><td class=\"column-9\">72<\/td>\n<\/tr>\n<tr class=\"row-5\">\n\t<td class=\"column-1\">DT32-12000<\/td><td class=\"column-2\">380<\/td><td class=\"column-3\">50<\/td><td class=\"column-4\">1400-1450<\/td><td class=\"column-5\">4000<\/td><td class=\"column-6\">12500-9000<\/td><td class=\"column-7\">740-850<\/td><td class=\"column-8\">73<\/td><td class=\"column-9\">90<\/td>\n<\/tr>\n<\/tbody>\n<\/table>\n<!-- #tablepress-17 from cache --><\/div>\n<\/div>\n<div><\/div>\n<div class=\"woocb\"><a class=\"wocb\" href=\"http:\/\/www.beiaole.com\/wp-content\/uploads\/2025\/08\/d2.1.2.pdf\" target=\"_blank\" rel=\"noopener\">hacerse<\/a><\/div>\n<div><\/div>\n<div><img loading=\"lazy\" decoding=\"async\" class=\"aligncenter wp-image-17232 size-large\" src=\"http:\/\/www.beiaole.com\/wp-content\/uploads\/2025\/08\/x2.1.1-1024x395.jpg\" alt=\"High Pressure Air Cabinet Fan-q1\" width=\"1024\" height=\"395\" data-no-translation=\"\" \/><\/div>\n<div><img loading=\"lazy\" decoding=\"async\" class=\"aligncenter wp-image-17233 size-large\" src=\"http:\/\/www.beiaole.com\/wp-content\/uploads\/2025\/08\/x2.1.2-1024x393.jpg\" alt=\"High Pressure Air Cabinet Fan-q2\" width=\"1024\" height=\"393\" data-no-translation=\"\" \/><\/div>","protected":false},"excerpt":{"rendered":"<ul>\n<li>\n<h2>Rendimiento de alta presi\u00f3n:<\/h2>\n<p>\u202fEst\u00e1tico\u202fPresi\u00f3n\u202fRango\u202fUp\u202fa\u202f850\u202fPA\u202fasegura\u202festable\u202faire\u202faire\u202fa trav\u00e9s\u202flong\u202fo\u202falta\u2011resistencia\u202fconductos\u202fredes.<\/li>\n<li>\n<h2>Salida de flujo de aire fuerte:<\/h2>\n<p>\u202fmovimientos\u202f4,800\u202f\u2013\u202f12,500\u202fm\u00b3\/h\u202fde\u202faire\u202fat\u202f1400\u202frpm\u202fpara\u202faplicaciones\u202fcomercial\u202faires\u202fair\u202fa1400\u202f1200\u202fair\u202fair\u202fa1\u202f1400\u202f rpm\u202f \u202f \u202f \u202f \u202f \u202f \u202f \u202f \u202f \ufffd.<\/li>\n<li>\n<h2>Motor de clasificaci\u00f3n durable\u202fIP54:<\/h2>\n<p>\u202fpuro\u202fcobre\u202fcon n\u00facleo\u202fcon\u202faluminio\u202faloja\u202fvivienda\u202fresistente\u202fa\u202fal calor,\u202fhumedad,\u202fambiente de grasa\u202fenvironments.<\/li>\n<li>\n<h2>Todo-metal\u202fimpulsor:<\/h2>\n<p>\u202fPrecisi\u00f3n\u2011equilibrado\u202fpara\u202falta\u202feficiencia\u202fy\u202flarga\u2011distancia\u202faire\u202faire\u202fproyecci\u00f3n.<\/li>\n<li>\n<h2>Dise\u00f1o compacto de techo:<\/h2>\n<p>\u202fIntegrados\u202fMotor\u202festructura\u202fahorra\u202fespacio\u202fin\u202fdenso\u202finstalaciones\u202fcomo\u202fcomo\u202fcocinetas\u202fy\u202fconductos\u202fejes.<\/li>\n<li>\n<h2>Accesible\u202fMantenimiento:<\/h2>\n<p>\u202fInspecci\u00f3n lateral\u202fpuertos\u202fHabilitar\u202fR\u00e1pid\u202flimpieza\u202fy\u202freemplazo\u202fcomponente\u202fsin\u202fdesarme\u202fdesarme\u202fdesarme.<\/li>\n<li>\n<h2>Operaci\u00f3n de sonido- sintonizado:<\/h2>\n<p>\u202fNivels de ruido\u202fde\u202f64\u202fa\u202f73\u202fdb\u202fmantenimiento\u202fmanejable\u202fequilibrio ac\u00fastico\u202fpara\u202fconfiguraciones comerciales\u202fcomerciales.<\/li>\n<\/ul>\n<hr \/>","protected":false},"featured_media":4638,"comment_status":"open","ping_status":"closed","template":"","meta":{"_acf_changed":false},"product_brand":[],"product_cat":[66],"product_tag":[],"class_list":{"0":"post-4602","1":"product","2":"type-product","3":"status-publish","4":"has-post-thumbnail","6":"product_cat-cabinet-fan","8":"first","9":"instock","10":"taxable","11":"shipping-taxable","12":"purchasable","13":"product-type-variable","14":"has-default-attributes"},"acf":[],"_links":{"self":[{"href":"https:\/\/www.ecvents.com\/es\/wp-json\/wp\/v2\/product\/4602","targetHints":{"allow":["GET"]}}],"collection":[{"href":"https:\/\/www.ecvents.com\/es\/wp-json\/wp\/v2\/product"}],"about":[{"href":"https:\/\/www.ecvents.com\/es\/wp-json\/wp\/v2\/types\/product"}],"replies":[{"embeddable":true,"href":"https:\/\/www.ecvents.com\/es\/wp-json\/wp\/v2\/comments?post=4602"}],"wp:featuredmedia":[{"embeddable":true,"href":"https:\/\/www.ecvents.com\/es\/wp-json\/wp\/v2\/media\/4638"}],"wp:attachment":[{"href":"https:\/\/www.ecvents.com\/es\/wp-json\/wp\/v2\/media?parent=4602"}],"wp:term":[{"taxonomy":"product_brand","embeddable":true,"href":"https:\/\/www.ecvents.com\/es\/wp-json\/wp\/v2\/product_brand?post=4602"},{"taxonomy":"product_cat","embeddable":true,"href":"https:\/\/www.ecvents.com\/es\/wp-json\/wp\/v2\/product_cat?post=4602"},{"taxonomy":"product_tag","embeddable":true,"href":"https:\/\/www.ecvents.com\/es\/wp-json\/wp\/v2\/product_tag?post=4602"}],"curies":[{"name":"pp","href":"https:\/\/api.w.org\/{rel}","templated":true}]}}