{"id":4603,"date":"2026-03-19T06:01:12","date_gmt":"2026-03-19T11:01:12","guid":{"rendered":"https:\/\/www.ecvents.com\/?post_type=product&#038;p=4603"},"modified":"2026-03-19T06:02:04","modified_gmt":"2026-03-19T11:02:04","slug":"unidad-de-recuperacion-de-energia-para-el-hogar","status":"publish","type":"product","link":"https:\/\/www.ecvents.com\/es\/product\/unidad-de-recuperacion-de-energia-para-el-hogar\/","title":{"rendered":"Unidad de recuperaci\u00f3n de energ\u00eda para el hogar"},"content":{"rendered":"<div class=\"someee\">\n<h2><strong>aire puro. energ\u00eda tranquila. Dise\u00f1ado para una vida m\u00e1s saludable.<\/strong><\/h2>\n<p>los\u00a0<strong>Unidad de recuperaci\u00f3n de energ\u00eda dom\u00e9stica (Hema y \u202f PM2.5\u202f Removal)<\/strong>\u00a0Hace que el aire fresco interior sea una certeza tranquila. impulsado por un\u00a0<strong>Motor de n\u00facleo de cobre de alta eficiencia<\/strong>\u00a0y rodamientos de precisi\u00f3n, ofrece una circulaci\u00f3n de aire estable con un uso m\u00ednimo de energ\u00eda. Una vez instalado, se desvanece silenciosamente hacia el fondo, desapercibido, excepto por la atm\u00f3sfera tranquila y limpia que construye todos los d\u00edas.<\/p>\n<p>su\u00a0<strong>Sistema de filtraci\u00f3n nanomejorado<\/strong>, reforzado con grafeno, combina propiedades antibacterianas e hidr\u00f3fobas para eliminar part\u00edculas finas de neblina, bacterias y olores residuales. El resultado es un aire que se siente naturalmente m\u00e1s ligero, notablemente m\u00e1s fresco sin ruido ni interrupci\u00f3n.<\/p>\n<p>gracias a un\u00a0<strong>Perfil ultrafino de 20 cm<\/strong>, la unidad encaja f\u00e1cilmente en techos y espacios estrechos t\u00edpicos de los apartamentos modernos, combinando el rendimiento con la discreci\u00f3n. Las trayectorias de suministro y escape independientes equilibran la presi\u00f3n entre las habitaciones para mantener un flujo de aire uniforme sin corrientes de aire o fluctuaci\u00f3n de temperatura.<\/p>\n<\/div>\n<hr \/>\n<p>Dimensiones (unidad: mm):<\/p>\n<div class=\"scroll-table-wrapper\">\n<div class=\"scroll-table\">\n<table id=\"tablepress-1\" class=\"tablepress tablepress-id-1\">\n<thead>\n<tr class=\"row-1\">\n\t<th class=\"column-1\">modelo<\/th><th class=\"column-2\">L<\/th><th class=\"column-3\">L1<\/th><th class=\"column-4\">L2<\/th><th class=\"column-5\">W<\/th><th class=\"column-6\">w1<\/th><th class=\"column-7\">w2<\/th><th class=\"column-8\">H<\/th><th class=\"column-9\">H1<\/th><th class=\"column-10\">D<\/th><th class=\"column-11\">E<\/th><th class=\"column-12\">F<\/th>\n<\/tr>\n<\/thead>\n<tbody class=\"row-striping row-hover\">\n<tr class=\"row-2\">\n\t<td class=\"column-1\">QRXF-150<\/td><td class=\"column-2\">867<\/td><td class=\"column-3\">746<\/td><td class=\"column-4\">602<\/td><td class=\"column-5\">816<\/td><td class=\"column-6\">460<\/td><td class=\"column-7\">854<\/td><td class=\"column-8\">222<\/td><td class=\"column-9\">11.5<\/td><td class=\"column-10\">563<\/td><td class=\"column-11\">62<\/td><td class=\"column-12\">\u03c6100<\/td>\n<\/tr>\n<tr class=\"row-3\">\n\t<td class=\"column-1\">QRXF-250<\/td><td class=\"column-2\">893<\/td><td class=\"column-3\">746<\/td><td class=\"column-4\">602<\/td><td class=\"column-5\">816<\/td><td class=\"column-6\">460<\/td><td class=\"column-7\">854<\/td><td class=\"column-8\">222<\/td><td class=\"column-9\">11.5<\/td><td class=\"column-10\">563<\/td><td class=\"column-11\">75<\/td><td class=\"column-12\">\u03c6150<\/td>\n<\/tr>\n<tr class=\"row-4\">\n\t<td class=\"column-1\">QRXF-350<\/td><td class=\"column-2\">893<\/td><td class=\"column-3\">746<\/td><td class=\"column-4\">602<\/td><td class=\"column-5\">816<\/td><td class=\"column-6\">460<\/td><td class=\"column-7\">854<\/td><td class=\"column-8\">252<\/td><td class=\"column-9\">11.5<\/td><td class=\"column-10\">563<\/td><td class=\"column-11\">75<\/td><td class=\"column-12\">\u03c6150<\/td>\n<\/tr>\n<tr class=\"row-5\">\n\t<td class=\"column-1\">QRXF-500<\/td><td class=\"column-2\">885<\/td><td class=\"column-3\">746<\/td><td class=\"column-4\">602<\/td><td class=\"column-5\">816<\/td><td class=\"column-6\">460<\/td><td class=\"column-7\">854<\/td><td class=\"column-8\">282<\/td><td class=\"column-9\">11.5<\/td><td class=\"column-10\">523<\/td><td class=\"column-11\">71<\/td><td class=\"column-12\">200<\/td>\n<\/tr>\n<\/tbody>\n<\/table>\n<!-- #tablepress-1 from cache --><\/div>\n<\/div>\n<div><\/div>\n<div class=\"woocb\"><a class=\"wocb\" href=\"http:\/\/www.beiaole.com\/wp-content\/uploads\/2025\/08\/d1.2.1.pdf\" target=\"_blank\" rel=\"noopener\">hacerse<\/a><\/div>\n<div><\/div>\n<div><img loading=\"lazy\" decoding=\"async\" class=\"aligncenter wp-image-15446 size-large\" src=\"http:\/\/www.beiaole.com\/wp-content\/uploads\/2025\/08\/s1.1.2-1024x456.png\" alt=\"Home Energy Recovery Unit(Haze &amp; PM2.5 Removal)-size\" width=\"1024\" height=\"456\" data-no-translation=\"\" \/><\/div>\n<div><\/div>\n<p>Rendimiento:<\/p>\n<div class=\"scroll-table-wrapper\">\n<div class=\"scroll-table\">\n<table id=\"tablepress-2\" class=\"tablepress tablepress-id-2 tbody-has-connected-cells\">\n<thead>\n<tr class=\"row-1\">\n\t<th class=\"column-1\">modelo<\/th><th class=\"column-2\">Voltaje (V)<\/th><th class=\"column-3\">Frecuencia (Hz)<\/th><th class=\"column-4\">velocidad<\/th><th class=\"column-5\">Poder (W)<\/th><th class=\"column-6\">Flujo de aire(m\u00b3\/h)<\/th><th class=\"column-7\">Presi\u00f3n est\u00e1tica (Pa)<\/th><th class=\"column-8\">Filtro primario (%)<\/th><th class=\"column-9\">Filtro de alta eficiencia (%)<\/th><th colspan=\"2\" class=\"column-10\">Tasa de eficiencia de cambio (%)<\/th><th colspan=\"2\" class=\"column-12\">Tipo de cambio de entalp\u00eda(%)<\/th><th class=\"column-14\">Ruido (dB)<\/th><th class=\"column-15\">Tama\u00f1o del conducto (mm)<\/th><th class=\"column-16\">\u00c1rea de aplicaci\u00f3n (m\u00b2)<\/th><th class=\"column-17\">N.W (kg)<\/th>\n<\/tr>\n<\/thead>\n<tbody class=\"row-striping row-hover\">\n<tr class=\"row-2\">\n\t<td class=\"column-1\"><\/td><td class=\"column-2\"><\/td><td class=\"column-3\"><\/td><td class=\"column-4\"><\/td><td class=\"column-5\"><\/td><td class=\"column-6\"><\/td><td class=\"column-7\"><\/td><td class=\"column-8\"><\/td><td class=\"column-9\"><\/td><td class=\"column-10\">enfriamiento<\/td><td class=\"column-11\">calefacci\u00f3n<\/td><td class=\"column-12\">enfriamiento<\/td><td class=\"column-13\">calefacci\u00f3n<\/td><td class=\"column-14\"><\/td><td class=\"column-15\"><\/td><td class=\"column-16\"><\/td><td class=\"column-17\"><\/td>\n<\/tr>\n<tr class=\"row-3\">\n\t<td rowspan=\"2\" class=\"column-1\">QRXF-150<\/td><td rowspan=\"2\" class=\"column-2\">220<\/td><td rowspan=\"2\" class=\"column-3\">50<\/td><td class=\"column-4\">alto<\/td><td class=\"column-5\">100<\/td><td class=\"column-6\">150<\/td><td class=\"column-7\">200<\/td><td rowspan=\"2\" class=\"column-8\">76.1<\/td><td rowspan=\"2\" class=\"column-9\">99.9<\/td><td class=\"column-10\">63<\/td><td class=\"column-11\">78<\/td><td class=\"column-12\">64<\/td><td class=\"column-13\">68<\/td><td class=\"column-14\">37<\/td><td rowspan=\"2\" class=\"column-15\">\u03c6100<\/td><td rowspan=\"2\" class=\"column-16\">80<\/td><td rowspan=\"2\" class=\"column-17\">25.3<\/td>\n<\/tr>\n<tr class=\"row-4\">\n\t<td class=\"column-4\">deficiente<\/td><td class=\"column-5\">76<\/td><td class=\"column-6\">120<\/td><td class=\"column-7\">170<\/td><td class=\"column-10\">65<\/td><td class=\"column-11\">79<\/td><td class=\"column-12\">66<\/td><td class=\"column-13\">73<\/td><td class=\"column-14\">35<\/td>\n<\/tr>\n<tr class=\"row-5\">\n\t<td rowspan=\"2\" class=\"column-1\">QRXF-250<\/td><td rowspan=\"2\" class=\"column-2\">220<\/td><td rowspan=\"2\" class=\"column-3\">50<\/td><td class=\"column-4\">alto<\/td><td class=\"column-5\">150<\/td><td class=\"column-6\">250<\/td><td class=\"column-7\">210<\/td><td rowspan=\"2\" class=\"column-8\">76.1<\/td><td rowspan=\"2\" class=\"column-9\">99.9<\/td><td class=\"column-10\">62<\/td><td class=\"column-11\">77<\/td><td class=\"column-12\">64<\/td><td class=\"column-13\">67<\/td><td class=\"column-14\">41<\/td><td rowspan=\"2\" class=\"column-15\">\u03c6150<\/td><td rowspan=\"2\" class=\"column-16\">80-100<\/td><td rowspan=\"2\" class=\"column-17\">27.5<\/td>\n<\/tr>\n<tr class=\"row-6\">\n\t<td class=\"column-4\">deficiente<\/td><td class=\"column-5\">132<\/td><td class=\"column-6\">180<\/td><td class=\"column-7\">185<\/td><td class=\"column-10\">65<\/td><td class=\"column-11\">80<\/td><td class=\"column-12\">63<\/td><td class=\"column-13\">69<\/td><td class=\"column-14\">39<\/td>\n<\/tr>\n<tr class=\"row-7\">\n\t<td rowspan=\"2\" class=\"column-1\">QRXF-350<\/td><td rowspan=\"2\" class=\"column-2\">220<\/td><td rowspan=\"2\" class=\"column-3\">50<\/td><td class=\"column-4\">alto<\/td><td class=\"column-5\">200<\/td><td class=\"column-6\">350<\/td><td class=\"column-7\">230<\/td><td rowspan=\"2\" class=\"column-8\">76.1<\/td><td rowspan=\"2\" class=\"column-9\">99.9<\/td><td class=\"column-10\">62<\/td><td class=\"column-11\">78<\/td><td class=\"column-12\">61<\/td><td class=\"column-13\">67<\/td><td class=\"column-14\">41<\/td><td rowspan=\"2\" class=\"column-15\">\u03c6150<\/td><td rowspan=\"2\" class=\"column-16\">100-130<\/td><td rowspan=\"2\" class=\"column-17\">28<\/td>\n<\/tr>\n<tr class=\"row-8\">\n\t<td class=\"column-4\">deficiente<\/td><td class=\"column-5\">160<\/td><td class=\"column-6\">250<\/td><td class=\"column-7\">200<\/td><td class=\"column-10\">66<\/td><td class=\"column-11\">81<\/td><td class=\"column-12\">65<\/td><td class=\"column-13\">68<\/td><td class=\"column-14\">39<\/td>\n<\/tr>\n<tr class=\"row-9\">\n\t<td rowspan=\"2\" class=\"column-1\">QRXF-500<\/td><td rowspan=\"2\" class=\"column-2\">220<\/td><td rowspan=\"2\" class=\"column-3\">50<\/td><td class=\"column-4\">alto<\/td><td class=\"column-5\">230<\/td><td class=\"column-6\">550<\/td><td class=\"column-7\">255<\/td><td rowspan=\"2\" class=\"column-8\">76.1<\/td><td rowspan=\"2\" class=\"column-9\">99.9<\/td><td class=\"column-10\">61<\/td><td class=\"column-11\">70<\/td><td class=\"column-12\">64<\/td><td class=\"column-13\">69<\/td><td class=\"column-14\">42<\/td><td rowspan=\"2\" class=\"column-15\">200<\/td><td rowspan=\"2\" class=\"column-16\">150-200<\/td><td rowspan=\"2\" class=\"column-17\">32.2<\/td>\n<\/tr>\n<tr class=\"row-10\">\n\t<td class=\"column-4\">deficiente<\/td><td class=\"column-5\">177<\/td><td class=\"column-6\">400<\/td><td class=\"column-7\">240<\/td><td class=\"column-10\">59<\/td><td class=\"column-11\">72<\/td><td class=\"column-12\">65<\/td><td class=\"column-13\">69<\/td><td class=\"column-14\">40<\/td>\n<\/tr>\n<\/tbody>\n<\/table>\n<!-- #tablepress-2 from cache --><\/div>\n<\/div>\n<div><\/div>\n<div class=\"woocb\"><a class=\"wocb\" href=\"http:\/\/www.beiaole.com\/wp-content\/uploads\/2025\/08\/d1.2.2.pdf\" target=\"_blank\" rel=\"noopener\">hacerse<\/a><\/div>\n<div><\/div>\n<p><img loading=\"lazy\" decoding=\"async\" class=\"aligncenter wp-image-17216 size-large\" src=\"http:\/\/www.beiaole.com\/wp-content\/uploads\/2025\/08\/x1.2.1-1024x463.jpg\" alt=\"Home Energy Recovery Unit(Haze &amp; PM2.5 Removal)-q1\" width=\"1024\" height=\"463\" data-no-translation=\"\" \/><br \/>\n<img loading=\"lazy\" decoding=\"async\" class=\"aligncenter wp-image-17217 size-large\" src=\"http:\/\/www.beiaole.com\/wp-content\/uploads\/2025\/08\/x1.2.2-1024x463.jpg\" alt=\"Home Energy Recovery Unit(Haze &amp; PM2.5 Removal)-q2\" width=\"1024\" height=\"463\" data-no-translation=\"\" \/><\/p>\n<div class=\"viddd\">\n<div class=\"lyte-wrapper\" style=\"width:560px;max-width:100%;margin:5px auto;\"><div class=\"lyMe\" id=\"WYL_XM7wpj8RP5Q\"><div id=\"lyte_XM7wpj8RP5Q\" data-src=\"https:\/\/www.ecvents.com\/wp-content\/plugins\/wp-youtube-lyte\/lyteCache.php?origThumbUrl=%2F%2Fi.ytimg.com%2Fvi%2FXM7wpj8RP5Q%2Fhqdefault.jpg\" class=\"pL\"><div class=\"tC\"><div class=\"tT\"><\/div><\/div><div class=\"play\"><\/div><div class=\"ctrl\"><div class=\"Lctrl\"><\/div><div class=\"Rctrl\"><\/div><\/div><\/div><noscript><a href=\"https:\/\/youtu.be\/XM7wpj8RP5Q\" rel=\"nofollow noopener\" target=\"_blank\"><img loading=\"lazy\" decoding=\"async\" src=\"https:\/\/www.ecvents.com\/wp-content\/plugins\/wp-youtube-lyte\/lyteCache.php?origThumbUrl=https%3A%2F%2Fi.ytimg.com%2Fvi%2FXM7wpj8RP5Q%2F0.jpg\" alt=\"YouTube video thumbnail\" width=\"560\" height=\"295\" data-no-translation=\"\" \/><br \/>Ver este v\u00eddeo en youtube<\/a><\/noscript><\/div><\/div><div class=\"lL\" style=\"max-width:100%;width:560px;margin:5px auto;\"><\/div><\/p>\n<\/div>\n<p><img loading=\"lazy\" decoding=\"async\" class=\"aligncenter wp-image-23089 size-full\" src=\"http:\/\/www.beiaole.com\/wp-content\/uploads\/2022\/01\/KCQR-Energy-Recovery-Unitm1.jpg\" alt=\"Home Energy Recovery Unit-m1\" width=\"1200\" height=\"985\" data-no-translation=\"\" \/><\/p>\n<p><img loading=\"lazy\" decoding=\"async\" class=\"aligncenter wp-image-23093 size-full\" src=\"http:\/\/www.beiaole.com\/wp-content\/uploads\/2022\/01\/KCQR-Energy-Recovery-Unitm2.jpg\" alt=\"Home Energy Recovery Unit-m2\" width=\"1200\" height=\"837\" data-no-translation=\"\" \/><\/p>\n<p><img loading=\"lazy\" decoding=\"async\" class=\"aligncenter wp-image-23092 size-full\" src=\"http:\/\/www.beiaole.com\/wp-content\/uploads\/2022\/01\/KCQR-Energy-Recovery-Unitm3.jpg\" alt=\"Home Energy Recovery Unit-m3\" width=\"1200\" height=\"1383\" data-no-translation=\"\" \/><\/p>\n<p><img loading=\"lazy\" decoding=\"async\" class=\"aligncenter wp-image-23090 size-full\" src=\"http:\/\/www.beiaole.com\/wp-content\/uploads\/2022\/01\/KCQR-Energy-Recovery-Unitm4.jpg\" alt=\"Home Energy Recovery Unit-m4\" width=\"1200\" height=\"531\" data-no-translation=\"\" \/><\/p>\n<p><img loading=\"lazy\" decoding=\"async\" class=\"aligncenter wp-image-23091 size-full\" src=\"http:\/\/www.beiaole.com\/wp-content\/uploads\/2022\/01\/KCQR-Energy-Recovery-Unitm5.jpg\" alt=\"Home Energy Recovery Unit-m5\" width=\"1200\" height=\"1197\" data-no-translation=\"\" \/><\/p>","protected":false},"excerpt":{"rendered":"<ul>\n<li>\n<h2>Alta eficiencia\u202fFlujo de aire:<\/h2>\n<p>\u202fDelivers\u202f120\u202f\u2013\u202f550\u202fm\u00b3\/h\u202fcon\u202fpressure\u202fup\u202fto\u202f255\u202fpa\u202festable\u202fair\u202fintercambio\u202fin\u202fespacios residenciales.<\/li>\n<li>\n<h2>Sistema avanzado de filtraci\u00f3n:<\/h2>\n<p>\u202f \u202f \u202f con \u202f con \u202f con \u202flavables\u202f con \u202flavable\u202fFiltro\u202f, \u202fFiltro\u202fmetal\u202f, \u202fFiltro\u202f, \u202fapagado\u2011Carbo\u202folor\u202fcapa\u202fde \u202fde carbono\u202fde \u202fde \u202fde-capa\u202fde \u202fde \u202fde \u202fde \u202fde-capa\u202fde \u202fde \u202fde-capa\u202fde \u202fde \u202fde carbono\u202fdesaparici\u00f3n\u202fde \u202fdesaparici\u00f3n\u202fdesaparici\u00f3n\u202fdesaparici\u00f3n\u202f99.9%\u202fde\u202fde\u202fde\u202f.<\/li>\n<li>\n<h2>Revestimiento de grafeno: nano:<\/h2>\n<p>\u202fProporciona\u202fAntibacteria\u202fy\u202fMoisture\u2011permeable\u202fpropiedad\u202fpara\u202fa largo\u2011plazo\u202faire\u202fseguridad\u202fy\u202flimpieza.<\/li>\n<li>\n<h2>Energ\u00eda\u202fRecuperaci\u00f3n\u202fCore:<\/h2>\n<p>\u202fFlujo cruzado\u202fEntalp\u00eda\u202fCore\u202fLogro\u202fUp\u202fa\u202f79%\u202fCalor\u202fy\u202fHumedad\u202fExchange\u202fEficiencia\u202fFor\u202fenerg\u00eda\u202fReducci\u00f3n\u202fEnerg\u00eda\u202fP\u00e9rdida de energ\u00eda\u202fExchange\u202fEficiencia\u202fpara\u202fenerg\u00eda reducida\u202fenerg\u00eda\u202fp\u00e9rdida.<\/li>\n<li>\n<h2>Perfil delgado:<\/h2>\n<p>\u202fSolo\u202f20\u202fcm\u202fgrues\u202fpara\u202fajustable\u202finstalaciones\u202fsin\u202fdesarrollo\u202fdesarrollo\u202fdesempe\u00f1o.<\/li>\n<li>\n<h2>Huella ac\u00fastica baja:<\/h2>\n<p>\u202fNiveles de ruido\u202fde\u202f35\u202fa\u202f42\u202fdb\u202factivar\u202ftranquilo\u202foperation\u202fen\u202fdormir\u202fo\u202fzonas vivientes.<\/li>\n<li>\n<h2>Acceso f\u00e1cil\u202fservicio:<\/h2>\n<p>\u202fInspecci\u00f3n\u202fpuertos\u202fy\u202fderemovibles\u202fpaneles\u202fPermitir\u202ffiltro\u202flimpiador\u202flimpieza\u202flimpieza\u202fy\u202freemplazo\u202fsin herramientas.<\/li>\n<\/ul>\n<hr \/>","protected":false},"featured_media":4639,"comment_status":"open","ping_status":"closed","template":"","meta":{"_acf_changed":false},"product_brand":[],"product_cat":[71],"product_tag":[],"class_list":{"0":"post-4603","1":"product","2":"type-product","3":"status-publish","4":"has-post-thumbnail","6":"product_cat-energy-recovery-ventilator-2","8":"first","9":"instock","10":"taxable","11":"shipping-taxable","12":"purchasable","13":"product-type-variable","14":"has-default-attributes"},"acf":[],"_links":{"self":[{"href":"https:\/\/www.ecvents.com\/es\/wp-json\/wp\/v2\/product\/4603","targetHints":{"allow":["GET"]}}],"collection":[{"href":"https:\/\/www.ecvents.com\/es\/wp-json\/wp\/v2\/product"}],"about":[{"href":"https:\/\/www.ecvents.com\/es\/wp-json\/wp\/v2\/types\/product"}],"replies":[{"embeddable":true,"href":"https:\/\/www.ecvents.com\/es\/wp-json\/wp\/v2\/comments?post=4603"}],"wp:featuredmedia":[{"embeddable":true,"href":"https:\/\/www.ecvents.com\/es\/wp-json\/wp\/v2\/media\/4639"}],"wp:attachment":[{"href":"https:\/\/www.ecvents.com\/es\/wp-json\/wp\/v2\/media?parent=4603"}],"wp:term":[{"taxonomy":"product_brand","embeddable":true,"href":"https:\/\/www.ecvents.com\/es\/wp-json\/wp\/v2\/product_brand?post=4603"},{"taxonomy":"product_cat","embeddable":true,"href":"https:\/\/www.ecvents.com\/es\/wp-json\/wp\/v2\/product_cat?post=4603"},{"taxonomy":"product_tag","embeddable":true,"href":"https:\/\/www.ecvents.com\/es\/wp-json\/wp\/v2\/product_tag?post=4603"}],"curies":[{"name":"pp","href":"https:\/\/api.w.org\/{rel}","templated":true}]}}