{"id":4604,"date":"2026-03-19T06:01:13","date_gmt":"2026-03-19T11:01:13","guid":{"rendered":"https:\/\/www.ecvents.com\/?post_type=product&#038;p=4604"},"modified":"2026-03-19T06:06:47","modified_gmt":"2026-03-19T11:06:47","slug":"ventilador-de-caja-en-linea-de-una-sola-via","status":"publish","type":"product","link":"https:\/\/www.ecvents.com\/es\/product\/ventilador-de-caja-en-linea-de-una-sola-via\/","title":{"rendered":"Ventilador de caja en l\u00ednea de una sola v\u00eda"},"content":{"rendered":"<div class=\"someee\">\n<h2><strong>Fuerza tranquila. Flujo constante. Construido para sistemas de aire del mundo real.<\/strong><\/h2>\n<p>los\u00a0<strong>Ventilador de caja en l\u00ednea de una sola v\u00eda<\/strong>\u00a0Est\u00e1 dise\u00f1ado para un prop\u00f3sito simple: ventilaci\u00f3n confiable que funciona de manera silenciosa y eficiente, todos los d\u00edas. Con un motor de cobre duradero, ofrece un flujo de aire constante y mantiene bajo el uso de energ\u00eda. Los rodamientos de bolas de precisi\u00f3n y una estructura de conducto interno aerodin\u00e1mica garantizan un funcionamiento suave y silencioso sin vibraciones ni fatiga. Es el tipo de rendimiento que simplemente funciona, de cambio tras turno.<\/p>\n<p>Dise\u00f1ado para la resistencia, el\u00a0<strong>Gabinete de metal<\/strong>\u00a0Resiste la corrosi\u00f3n, la deformaci\u00f3n y la resonancia del ruido. Cada panel se siente s\u00f3lido y bien terminado, construido para entornos que esperan estabilidad a largo plazo y est\u00e9tica limpia. Su construcci\u00f3n refinada hace que el mantenimiento sea m\u00ednimo y constante de fiabilidad.<\/p>\n<p>Construido para adaptarse, este ventilador se integra f\u00e1cilmente en una amplia gama de entornos de ventilaci\u00f3n, desde apartamentos residenciales hasta techos de oficina, tiendas minoristas o instalaciones p\u00fablicas. Se pueden vincular m\u00faltiples unidades para extender el flujo de aire a trav\u00e9s de las zonas, lo que brinda flexibilidad escalable a los sistemas de aire complejos. A pesar de su forma compacta, la aerodin\u00e1mica interna ofrece\u00a0<strong>Presi\u00f3n est\u00e1tica alta<\/strong>\u00a0Para movimientos de aire de larga distancia dentro de espacio limitado.<\/p>\n<\/div>\n<hr \/>\n<p>Dimensiones (unidad: mm):<\/p>\n<div class=\"scroll-table-wrapper\">\n<div class=\"scroll-table\">\n<table id=\"tablepress-24\" class=\"tablepress tablepress-id-24\">\n<thead>\n<tr class=\"row-1\">\n\t<th class=\"column-1\">modelo<\/th><th class=\"column-2\">L<\/th><th class=\"column-3\">L1<\/th><th class=\"column-4\">w<\/th><th class=\"column-5\">w1<\/th><th class=\"column-6\">H<\/th><th class=\"column-7\">H1<\/th><th class=\"column-8\">C<\/th>\n<\/tr>\n<\/thead>\n<tbody class=\"row-striping row-hover\">\n<tr class=\"row-2\">\n\t<td class=\"column-1\">DPT10-12B<\/td><td class=\"column-2\">462<\/td><td class=\"column-3\">388<\/td><td class=\"column-4\">240<\/td><td class=\"column-5\">180<\/td><td class=\"column-6\">200<\/td><td class=\"column-7\">45<\/td><td class=\"column-8\">96<\/td>\n<\/tr>\n<tr class=\"row-3\">\n\t<td class=\"column-1\">DPT10-24B<\/td><td class=\"column-2\">462<\/td><td class=\"column-3\">388<\/td><td class=\"column-4\">240<\/td><td class=\"column-5\">180<\/td><td class=\"column-6\">200<\/td><td class=\"column-7\">45<\/td><td class=\"column-8\">96<\/td>\n<\/tr>\n<tr class=\"row-4\">\n\t<td class=\"column-1\">DPT15-32B<\/td><td class=\"column-2\">488<\/td><td class=\"column-3\">388<\/td><td class=\"column-4\">240<\/td><td class=\"column-5\">186<\/td><td class=\"column-6\">238<\/td><td class=\"column-7\">40<\/td><td class=\"column-8\">\u03c6148<\/td>\n<\/tr>\n<tr class=\"row-5\">\n\t<td class=\"column-1\">DPT15-42B<\/td><td class=\"column-2\">540<\/td><td class=\"column-3\">440<\/td><td class=\"column-4\">270<\/td><td class=\"column-5\">210<\/td><td class=\"column-6\">280<\/td><td class=\"column-7\">51<\/td><td class=\"column-8\">\u03c6148<\/td>\n<\/tr>\n<tr class=\"row-6\">\n\t<td class=\"column-1\">DPT20-54B<\/td><td class=\"column-2\">562<\/td><td class=\"column-3\">470<\/td><td class=\"column-4\">340<\/td><td class=\"column-5\">270<\/td><td class=\"column-6\">282<\/td><td class=\"column-7\">52<\/td><td class=\"column-8\">\u03c6198<\/td>\n<\/tr>\n<tr class=\"row-7\">\n\t<td class=\"column-1\">DPT20-54C<\/td><td class=\"column-2\">632<\/td><td class=\"column-3\">540<\/td><td class=\"column-4\">370<\/td><td class=\"column-5\">270<\/td><td class=\"column-6\">320<\/td><td class=\"column-7\">71<\/td><td class=\"column-8\">\u03c6198<\/td>\n<\/tr>\n<tr class=\"row-8\">\n\t<td class=\"column-1\">DPT20-65B<\/td><td class=\"column-2\">662<\/td><td class=\"column-3\">570<\/td><td class=\"column-4\">401<\/td><td class=\"column-5\">300<\/td><td class=\"column-6\">365<\/td><td class=\"column-7\">94<\/td><td class=\"column-8\">\u03c6198<\/td>\n<\/tr>\n<tr class=\"row-9\">\n\t<td class=\"column-1\">DPT25-76B<\/td><td class=\"column-2\">662<\/td><td class=\"column-3\">570<\/td><td class=\"column-4\">401<\/td><td class=\"column-5\">300<\/td><td class=\"column-6\">365<\/td><td class=\"column-7\">94<\/td><td class=\"column-8\">250<\/td>\n<\/tr>\n<tr class=\"row-10\">\n\t<td class=\"column-1\">DPT25-76C<\/td><td class=\"column-2\">732<\/td><td class=\"column-3\">640<\/td><td class=\"column-4\">401<\/td><td class=\"column-5\">340<\/td><td class=\"column-6\">380<\/td><td class=\"column-7\">61<\/td><td class=\"column-8\">250<\/td>\n<\/tr>\n<tr class=\"row-11\">\n\t<td class=\"column-1\">DPT25-86B<\/td><td class=\"column-2\">732<\/td><td class=\"column-3\">640<\/td><td class=\"column-4\">401<\/td><td class=\"column-5\">340<\/td><td class=\"column-6\">380<\/td><td class=\"column-7\">61<\/td><td class=\"column-8\">250<\/td>\n<\/tr>\n<\/tbody>\n<\/table>\n<!-- #tablepress-24 from cache --><\/div>\n<\/div>\n<div><\/div>\n<div class=\"woocb\"><a class=\"wocb\" href=\"http:\/\/www.beiaole.com\/wp-content\/uploads\/2025\/08\/d3.1.1.pdf\" target=\"_blank\" rel=\"noopener\">hacerse<\/a><\/div>\n<div><\/div>\n<p><img loading=\"lazy\" decoding=\"async\" class=\"aligncenter wp-image-16139 size-large\" src=\"http:\/\/www.beiaole.com\/wp-content\/uploads\/2025\/08\/s3.1-1024x464.png\" alt=\"Single Way Inline Box Fan-size\" width=\"1024\" height=\"464\" data-no-translation=\"\" \/><br \/>\nRendimiento:<\/p>\n<div class=\"scroll-table-wrapper\">\n<div class=\"scroll-table\">\n<table id=\"tablepress-25\" class=\"tablepress tablepress-id-25\">\n<thead>\n<tr class=\"row-1\">\n\t<th class=\"column-1\">modelo<\/th><th class=\"column-2\">Poder (W)<\/th><th class=\"column-3\">Voltaje (V)<\/th><th class=\"column-4\">Frecuencia (Hz)<\/th><th class=\"column-5\">Flujo de aire(m\u00b3\/h)<\/th><th class=\"column-6\">Presi\u00f3n est\u00e1tica (Pa)<\/th><th class=\"column-7\">Ruido (dB)<\/th><th class=\"column-8\">Tama\u00f1o del conducto (mm)<\/th><th class=\"column-9\">\u00c1rea de aplicaci\u00f3n (m\u00b2)<\/th><th class=\"column-10\">N.m. (kg)<\/th>\n<\/tr>\n<\/thead>\n<tbody class=\"row-striping row-hover\">\n<tr class=\"row-2\">\n\t<td class=\"column-1\">DPT10-12B<\/td><td class=\"column-2\">20<\/td><td class=\"column-3\">220<\/td><td class=\"column-4\">50<\/td><td class=\"column-5\">100<\/td><td class=\"column-6\">80<\/td><td class=\"column-7\">20<\/td><td class=\"column-8\">\u03c6100<\/td><td class=\"column-9\">4-8<\/td><td class=\"column-10\">6.1<\/td>\n<\/tr>\n<tr class=\"row-3\">\n\t<td class=\"column-1\">DPT10-24B<\/td><td class=\"column-2\">25\/20<\/td><td class=\"column-3\">220<\/td><td class=\"column-4\">50<\/td><td class=\"column-5\">200\/150<\/td><td class=\"column-6\">125\/100<\/td><td class=\"column-7\">23<\/td><td class=\"column-8\">\u03c6100<\/td><td class=\"column-9\">8-13<\/td><td class=\"column-10\">6.2<\/td>\n<\/tr>\n<tr class=\"row-4\">\n\t<td class=\"column-1\">DPT15-32B<\/td><td class=\"column-2\">50\/35<\/td><td class=\"column-3\">220<\/td><td class=\"column-4\">50<\/td><td class=\"column-5\">360\/250<\/td><td class=\"column-6\">160\/120<\/td><td class=\"column-7\">27<\/td><td class=\"column-8\">\u03c6150<\/td><td class=\"column-9\">20-25<\/td><td class=\"column-10\">7.4<\/td>\n<\/tr>\n<tr class=\"row-5\">\n\t<td class=\"column-1\">DPT15-42B<\/td><td class=\"column-2\">100\/95<\/td><td class=\"column-3\">220<\/td><td class=\"column-4\">50<\/td><td class=\"column-5\">500\/400<\/td><td class=\"column-6\">190\/165<\/td><td class=\"column-7\">29<\/td><td class=\"column-8\">\u03c6150<\/td><td class=\"column-9\">25-28<\/td><td class=\"column-10\">10<\/td>\n<\/tr>\n<tr class=\"row-6\">\n\t<td class=\"column-1\">DPT20-54B<\/td><td class=\"column-2\">110\/100<\/td><td class=\"column-3\">220<\/td><td class=\"column-4\">50<\/td><td class=\"column-5\">770\/600<\/td><td class=\"column-6\">200\/195<\/td><td class=\"column-7\">35<\/td><td class=\"column-8\">200<\/td><td class=\"column-9\">28-40<\/td><td class=\"column-10\">11.4<\/td>\n<\/tr>\n<tr class=\"row-7\">\n\t<td class=\"column-1\">DPT20-54C<\/td><td class=\"column-2\">210\/180<\/td><td class=\"column-3\">220<\/td><td class=\"column-4\">50<\/td><td class=\"column-5\">920\/800<\/td><td class=\"column-6\">240\/220<\/td><td class=\"column-7\">37<\/td><td class=\"column-8\">200<\/td><td class=\"column-9\">40-50<\/td><td class=\"column-10\">16<\/td>\n<\/tr>\n<tr class=\"row-8\">\n\t<td class=\"column-1\">DPT20-65B<\/td><td class=\"column-2\">280\/225<\/td><td class=\"column-3\">220<\/td><td class=\"column-4\">50<\/td><td class=\"column-5\">1200\/1000<\/td><td class=\"column-6\">360\/320<\/td><td class=\"column-7\">41<\/td><td class=\"column-8\">200<\/td><td class=\"column-9\">58-75<\/td><td class=\"column-10\">19<\/td>\n<\/tr>\n<tr class=\"row-9\">\n\t<td class=\"column-1\">DPT25-76B<\/td><td class=\"column-2\">300\/280<\/td><td class=\"column-3\">220<\/td><td class=\"column-4\">50<\/td><td class=\"column-5\">1700\/1500<\/td><td class=\"column-6\">420\/410<\/td><td class=\"column-7\">43<\/td><td class=\"column-8\">250<\/td><td class=\"column-9\">85-150<\/td><td class=\"column-10\">19.5<\/td>\n<\/tr>\n<tr class=\"row-10\">\n\t<td class=\"column-1\">DPT25-76C<\/td><td class=\"column-2\">320\/290<\/td><td class=\"column-3\">220<\/td><td class=\"column-4\">50<\/td><td class=\"column-5\">1900\/1800<\/td><td class=\"column-6\">430\/425<\/td><td class=\"column-7\">46<\/td><td class=\"column-8\">250<\/td><td class=\"column-9\">210-240<\/td><td class=\"column-10\">23<\/td>\n<\/tr>\n<tr class=\"row-11\">\n\t<td class=\"column-1\">DPT25-86B<\/td><td class=\"column-2\">530\/500<\/td><td class=\"column-3\">220<\/td><td class=\"column-4\">50<\/td><td class=\"column-5\">2600\/2400<\/td><td class=\"column-6\">530\/510<\/td><td class=\"column-7\">46<\/td><td class=\"column-8\">250<\/td><td class=\"column-9\">240-270<\/td><td class=\"column-10\">24<\/td>\n<\/tr>\n<\/tbody>\n<\/table>\n<!-- #tablepress-25 from cache --><\/div>\n<\/div>\n<div><\/div>\n<div class=\"woocb\"><a class=\"wocb\" href=\"http:\/\/www.beiaole.com\/wp-content\/uploads\/2025\/08\/d3.1.2.pdf\" target=\"_blank\" rel=\"noopener\">hacerse<\/a><\/div>\n<div><\/div>\n<p><img loading=\"lazy\" decoding=\"async\" class=\"aligncenter wp-image-17249 size-large\" src=\"http:\/\/www.beiaole.com\/wp-content\/uploads\/2025\/08\/x3.1-1024x312.jpg\" alt=\"Single Way Inline Box Fan-q1\" width=\"1024\" height=\"312\" data-no-translation=\"\" \/><\/p>","protected":false},"excerpt":{"rendered":"<ul>\n<li>\n<h2>Salida eficiente\u202fFlujo de aire:<\/h2>\n<p>\u202fProporciona 100\u202f\u2013\u202f2,600\u202fm\u00b3\/h\u202fde\u202faire\u202fcon\u202fcon\u202fpresi\u00f3n\u202fest\u00e1 est\u00e1tico\u202falimento\u202fa\u202f530\u202fpa\u202fpara\u202fdelivery\u202fa trav\u00e9s de\u202fconductos\u202fredes.<\/li>\n<li>\n<h2>Motor de cobre duradero: motor:<\/h2>\n<p>\u202fEnerg\u00eda\u2011Eficiente\u202fDrive\u202fDise\u00f1ado\u202fpara\u202foperaci\u00f3n constante,\u202fcontinuo\u202f.<\/li>\n<li>\n<h2>Rendimiento de bajo ruido:<\/h2>\n<p>\u202fOptimizado\u202fImpler\u202fy\u202fFlow\u202fCanal\u202fKeep\u202fNivels\u202fLevels\u202fLow\u202fcomo\u202f20\u202f\u2013\u202f46\u202fDB.<\/li>\n<li>\n<h2>Todo-metal\u202ftabla:<\/h2>\n<p>\u202fPrecisi\u00f3n\u2011Bajada\u202fAcero\u202fFramework\u202fResiste\u202fRuso,\u202fImpacto,\u202fy\u202fVibraci\u00f3n\u202fpara\u202fa largo\u202fla-estabilidad\u202fTermino.<\/li>\n<li>\n<h2>Factor de forma compacta:<\/h2>\n<p>\u202fslim\u202fcuerpo\u202fen\u202fen\u202ftechos\u202fo\u202fespacios escasos\u202fmec\u00e1nicos\u202fsin\u202fpressure\u202fpressure\u202f o\u202fcobertura.<\/li>\n<li>\n<h2>Integraci\u00f3n flexible\u202fsistema\u202f:<\/h2>\n<p>\u202fCompatible\u202fcon\u202fotro\u202ffans\u202finline\u202fpara\u202fmodular\u202fexpansi\u00f3n\u202fexpansi\u00f3n\u202facross\u202fmultiple\u202fzonas.<\/li>\n<li>\n<h2>F\u00e1cil\u202fmantenimiento:<\/h2>\n<p>\u202faccesible\u202fpanel\u202fdise\u00f1o\u202fsimplifica\u202flimpieza\u202fy\u202finspecciones de servicio\u202f.<\/li>\n<\/ul>\n<hr \/>","protected":false},"featured_media":4645,"comment_status":"open","ping_status":"closed","template":"","meta":{"_acf_changed":false},"product_brand":[],"product_cat":[27],"product_tag":[],"class_list":{"0":"post-4604","1":"product","2":"type-product","3":"status-publish","4":"has-post-thumbnail","6":"product_cat-inline-duct-fan","8":"first","9":"instock","10":"taxable","11":"shipping-taxable","12":"purchasable","13":"product-type-variable","14":"has-default-attributes"},"acf":[],"_links":{"self":[{"href":"https:\/\/www.ecvents.com\/es\/wp-json\/wp\/v2\/product\/4604","targetHints":{"allow":["GET"]}}],"collection":[{"href":"https:\/\/www.ecvents.com\/es\/wp-json\/wp\/v2\/product"}],"about":[{"href":"https:\/\/www.ecvents.com\/es\/wp-json\/wp\/v2\/types\/product"}],"replies":[{"embeddable":true,"href":"https:\/\/www.ecvents.com\/es\/wp-json\/wp\/v2\/comments?post=4604"}],"wp:featuredmedia":[{"embeddable":true,"href":"https:\/\/www.ecvents.com\/es\/wp-json\/wp\/v2\/media\/4645"}],"wp:attachment":[{"href":"https:\/\/www.ecvents.com\/es\/wp-json\/wp\/v2\/media?parent=4604"}],"wp:term":[{"taxonomy":"product_brand","embeddable":true,"href":"https:\/\/www.ecvents.com\/es\/wp-json\/wp\/v2\/product_brand?post=4604"},{"taxonomy":"product_cat","embeddable":true,"href":"https:\/\/www.ecvents.com\/es\/wp-json\/wp\/v2\/product_cat?post=4604"},{"taxonomy":"product_tag","embeddable":true,"href":"https:\/\/www.ecvents.com\/es\/wp-json\/wp\/v2\/product_tag?post=4604"}],"curies":[{"name":"pp","href":"https:\/\/api.w.org\/{rel}","templated":true}]}}