{"id":4609,"date":"2026-03-19T06:01:13","date_gmt":"2026-03-19T11:01:13","guid":{"rendered":"https:\/\/www.ecvents.com\/?post_type=product&#038;p=4609"},"modified":"2026-03-19T06:02:35","modified_gmt":"2026-03-19T11:02:35","slug":"ventilador-de-recuperacion-de-energia-comercial","status":"publish","type":"product","link":"https:\/\/www.ecvents.com\/es\/product\/ventilador-de-recuperacion-de-energia-comercial\/","title":{"rendered":"Ventilador de recuperaci\u00f3n de energ\u00eda comercial"},"content":{"rendered":"<div class=\"someee\">\n<h2><strong>intercambio limpio. poder tranquilo. Construido para un flujo de aire inteligente.<\/strong><\/h2>\n<p>los\u00a0<strong>Ventilador de recuperaci\u00f3n de energ\u00eda comercial<\/strong>\u00a0Aporta ventilaci\u00f3n de precisi\u00f3n a entornos grandes y ocupados: entrada de aire fresco, aire viciado y energ\u00eda conservada en el medio. Dise\u00f1ado para oficinas, zonas comerciales y salas comerciales, mantiene un flujo de aire estable con un ruido notablemente bajo, lo que traduce la disciplina de ingenier\u00eda en la comodidad diaria.<\/p>\n<p>En su n\u00facleo es un\u00a0<strong>Motor de cobre de ahorro de energ\u00eda<\/strong>\u00a0en compa\u00f1\u00eda de\u00a0<strong>Rodamientos de bolas de precisi\u00f3n<\/strong>, garantizando un funcionamiento suave y continuo y fiabilidad a largo plazo. los\u00a0<strong>N\u00facleo de intercambio de calor entre flujos<\/strong>, producido a partir de papel de alta calidad, transfiere tanto calor como humedad, reduciendo la demanda energ\u00e9tica del sistema y manteniendo equilibradas las condiciones interiores.<\/p>\n<p>Cada detalle sirve a la performance. independiente\u00a0<strong>Canales de suministro y escape<\/strong>\u00a0Mantenga la presi\u00f3n de aire igualada en espacios grandes, por lo que la ventilaci\u00f3n se siente natural, sin corrientes de aire, sin zonas muertas. de conjunto\u00a0<strong>Filtraci\u00f3n de doble capa<\/strong>\u00a0Captura el polvo y los olores antes de que circulen, mientras que una construcci\u00f3n duradera totalmente met\u00e1lica y el aislamiento sellado minimizan la vibraci\u00f3n y la salida ac\u00fastica.<\/p>\n<p>El mantenimiento se simplifica para el uso del mundo real.\u00a0<strong>Paneles de servicio de acceso r\u00e1pido<\/strong>\u00a0Y los puertos de inspecci\u00f3n dedicados permiten reemplazar los filtros o limpiar los n\u00facleos en cuesti\u00f3n de minutos, sin herramientas especiales, sin interrupciones en el trabajo diario.<\/p>\n<\/div>\n<hr \/>\n<p>Dimensiones (unidad: mm):<\/p>\n<div class=\"scroll-table-wrapper\">\n<div class=\"scroll-table\">\n<table id=\"tablepress-6\" class=\"tablepress tablepress-id-6\">\n<thead>\n<tr class=\"row-1\">\n\t<th class=\"column-1\">modelo<\/th><th class=\"column-2\">L<\/th><th class=\"column-3\">L1<\/th><th class=\"column-4\">L2<\/th><th class=\"column-5\">W<\/th><th class=\"column-6\">w1<\/th><th class=\"column-7\">w2<\/th><th class=\"column-8\">H<\/th><th class=\"column-9\">H1<\/th><th class=\"column-10\">M<\/th>\n<\/tr>\n<\/thead>\n<tbody class=\"row-striping row-hover\">\n<tr class=\"row-2\">\n\t<td class=\"column-1\">SYQR-1000<\/td><td class=\"column-2\">1255<\/td><td class=\"column-3\">1156<\/td><td class=\"column-4\">1116<\/td><td class=\"column-5\">832<\/td><td class=\"column-6\">719<\/td><td class=\"column-7\">400<\/td><td class=\"column-8\">365<\/td><td class=\"column-9\">15<\/td><td class=\"column-10\">200<\/td>\n<\/tr>\n<tr class=\"row-3\">\n\t<td class=\"column-1\">SYQR-1500<\/td><td class=\"column-2\">1255<\/td><td class=\"column-3\">1156<\/td><td class=\"column-4\">1116<\/td><td class=\"column-5\">832<\/td><td class=\"column-6\">719<\/td><td class=\"column-7\">400<\/td><td class=\"column-8\">365<\/td><td class=\"column-9\">15<\/td><td class=\"column-10\">250<\/td>\n<\/tr>\n<tr class=\"row-4\">\n\t<td class=\"column-1\">SYQR-2000<\/td><td class=\"column-2\">1299<\/td><td class=\"column-3\">1200<\/td><td class=\"column-4\">1160<\/td><td class=\"column-5\">832<\/td><td class=\"column-6\">734<\/td><td class=\"column-7\">400<\/td><td class=\"column-8\">380<\/td><td class=\"column-9\">15<\/td><td class=\"column-10\">250<\/td>\n<\/tr>\n<tr class=\"row-5\">\n\t<td class=\"column-1\">SYQR-2500<\/td><td class=\"column-2\">1478<\/td><td class=\"column-3\">1379<\/td><td class=\"column-4\">1338<\/td><td class=\"column-5\">975<\/td><td class=\"column-6\">877<\/td><td class=\"column-7\">485<\/td><td class=\"column-8\">421<\/td><td class=\"column-9\">15<\/td><td class=\"column-10\">250<\/td>\n<\/tr>\n<\/tbody>\n<\/table>\n<!-- #tablepress-6 from cache --><\/div>\n<\/div>\n<div><\/div>\n<div class=\"woocb\"><a class=\"wocb\" href=\"http:\/\/www.beiaole.com\/wp-content\/uploads\/2025\/08\/d1.4.1.pdf\" target=\"_blank\" rel=\"noopener\">hacerse<\/a><\/div>\n<div><\/div>\n<p><img loading=\"lazy\" decoding=\"async\" class=\"aligncenter wp-image-15756 size-large\" src=\"http:\/\/www.beiaole.com\/wp-content\/uploads\/2025\/08\/s1.4.1-e1754985354976-1024x353.png\" alt=\"Commercial Energy Recovery Ventilator-size\" width=\"1024\" height=\"353\" data-no-translation=\"\" \/><br \/>\nDimensiones (unidad: mm):<\/p>\n<div class=\"scroll-table-wrapper\">\n<div class=\"scroll-table\">\n<table id=\"tablepress-7\" class=\"tablepress tablepress-id-7\">\n<thead>\n<tr class=\"row-1\">\n\t<th class=\"column-1\">modelo<\/th><th class=\"column-2\">L<\/th><th class=\"column-3\">L1<\/th><th class=\"column-4\">L2<\/th><th class=\"column-5\">W<\/th><th class=\"column-6\">w1<\/th><th class=\"column-7\">w2<\/th><th class=\"column-8\">H<\/th><th class=\"column-9\">H1<\/th><th class=\"column-10\">F<\/th><th class=\"column-11\">nataci\u00f3n<\/th><th class=\"column-12\">M1xN1<\/th>\n<\/tr>\n<\/thead>\n<tbody class=\"row-striping row-hover\">\n<tr class=\"row-2\">\n\t<td class=\"column-1\"><\/td><td class=\"column-2\"><\/td><td class=\"column-3\"><\/td><td class=\"column-4\"><\/td><td class=\"column-5\"><\/td><td class=\"column-6\"><\/td><td class=\"column-7\"><\/td><td class=\"column-8\"><\/td><td class=\"column-9\"><\/td><td class=\"column-10\"><\/td><td class=\"column-11\">(Tama\u00f1o de salida de aire)<\/td><td class=\"column-12\">(tama\u00f1o de entrada de aire)<\/td>\n<\/tr>\n<tr class=\"row-3\">\n\t<td class=\"column-1\">SYQR-3000<\/td><td class=\"column-2\">1452<\/td><td class=\"column-3\">1395<\/td><td class=\"column-4\">1355<\/td><td class=\"column-5\">1185<\/td><td class=\"column-6\">1087<\/td><td class=\"column-7\">590<\/td><td class=\"column-8\">440<\/td><td class=\"column-9\">15<\/td><td class=\"column-10\">25<\/td><td class=\"column-11\">335x320<\/td><td class=\"column-12\">430x312<\/td>\n<\/tr>\n<tr class=\"row-4\">\n\t<td class=\"column-1\">SYQR-4000<\/td><td class=\"column-2\">1452<\/td><td class=\"column-3\">1395<\/td><td class=\"column-4\">1355<\/td><td class=\"column-5\">1185<\/td><td class=\"column-6\">1087<\/td><td class=\"column-7\">590<\/td><td class=\"column-8\">440<\/td><td class=\"column-9\">15<\/td><td class=\"column-10\">25<\/td><td class=\"column-11\">335x320<\/td><td class=\"column-12\">430x312<\/td>\n<\/tr>\n<tr class=\"row-5\">\n\t<td class=\"column-1\">SYQR-5000<\/td><td class=\"column-2\">2009<\/td><td class=\"column-3\">1757<\/td><td class=\"column-4\">1912<\/td><td class=\"column-5\">1201<\/td><td class=\"column-6\">1321<\/td><td class=\"column-7\">536<\/td><td class=\"column-8\">730<\/td><td class=\"column-9\">130<\/td><td class=\"column-10\">25<\/td><td class=\"column-11\">400x460<\/td><td class=\"column-12\">400x460<\/td>\n<\/tr>\n<tr class=\"row-6\">\n\t<td class=\"column-1\">SYQR-6000<\/td><td class=\"column-2\">2009<\/td><td class=\"column-3\">1757<\/td><td class=\"column-4\">1912<\/td><td class=\"column-5\">1201<\/td><td class=\"column-6\">1321<\/td><td class=\"column-7\">536<\/td><td class=\"column-8\">730<\/td><td class=\"column-9\">130<\/td><td class=\"column-10\">25<\/td><td class=\"column-11\">400x460<\/td><td class=\"column-12\">400x460<\/td>\n<\/tr>\n<tr class=\"row-7\">\n\t<td class=\"column-1\">SYQR-8000<\/td><td class=\"column-2\">2009<\/td><td class=\"column-3\">1757<\/td><td class=\"column-4\">1912<\/td><td class=\"column-5\">1201<\/td><td class=\"column-6\">1321<\/td><td class=\"column-7\">556<\/td><td class=\"column-8\">795<\/td><td class=\"column-9\">130<\/td><td class=\"column-10\">25<\/td><td class=\"column-11\">440x460<\/td><td class=\"column-12\">440x460<\/td>\n<\/tr>\n<\/tbody>\n<\/table>\n<!-- #tablepress-7 from cache --><\/div>\n<\/div>\n<div><\/div>\n<div class=\"woocb\"><a class=\"wocb\" href=\"http:\/\/www.beiaole.com\/wp-content\/uploads\/2025\/08\/d1.4.2.pdf\" target=\"_blank\" rel=\"noopener\">hacerse<\/a><\/div>\n<div><\/div>\n<p><img loading=\"lazy\" decoding=\"async\" class=\"aligncenter wp-image-15661 size-large\" src=\"http:\/\/www.beiaole.com\/wp-content\/uploads\/2025\/08\/s1.4.2-1024x336.png\" alt=\"Commercial Energy Recovery Ventilator-size\" width=\"1024\" height=\"336\" data-no-translation=\"\" \/><br \/>\nRendimiento:<\/p>\n<div class=\"scroll-table-wrapper\">\n<div class=\"scroll-table\">\n<table id=\"tablepress-8\" class=\"tablepress tablepress-id-8\">\n<thead>\n<tr class=\"row-1\">\n\t<th class=\"column-1\">modelo<\/th><th class=\"column-2\">velocidad<\/th><th class=\"column-3\">Voltaje (V)<\/th><th class=\"column-4\">Frecuencia (Hz)<\/th><th class=\"column-5\">Poder (W)<\/th><th class=\"column-6\">Flujo de aire(m\u00b3\/h)<\/th><th class=\"column-7\">Presi\u00f3n est\u00e1tica (Pa)<\/th><th class=\"column-8\">Ruido (dB)<\/th><th class=\"column-9\">Filtro primario (%)<\/th><th colspan=\"2\" class=\"column-10\">Tasa de eficiencia de cambio (%)<\/th><th colspan=\"2\" class=\"column-12\">Tipo de cambio de entalp\u00eda(%)<\/th><th class=\"column-14\">N.W (kg)<\/th>\n<\/tr>\n<\/thead>\n<tbody class=\"row-striping row-hover\">\n<tr class=\"row-2\">\n\t<td class=\"column-1\"><\/td><td class=\"column-2\"><\/td><td class=\"column-3\"><\/td><td class=\"column-4\"><\/td><td class=\"column-5\"><\/td><td class=\"column-6\"><\/td><td class=\"column-7\"><\/td><td class=\"column-8\"><\/td><td class=\"column-9\"><\/td><td class=\"column-10\">enfriamiento<\/td><td class=\"column-11\">calefacci\u00f3n<\/td><td class=\"column-12\">enfriamiento<\/td><td class=\"column-13\">calefacci\u00f3n<\/td><td class=\"column-14\"><\/td>\n<\/tr>\n<tr class=\"row-3\">\n\t<td class=\"column-1\">SYQR-1000<\/td><td class=\"column-2\">h\/l<\/td><td class=\"column-3\">220<\/td><td class=\"column-4\">50<\/td><td class=\"column-5\">600\/500<\/td><td class=\"column-6\">1000\/800<\/td><td class=\"column-7\">245\/210<\/td><td class=\"column-8\">48\/46<\/td><td class=\"column-9\">76.1<\/td><td class=\"column-10\">61\/63<\/td><td class=\"column-11\">60\/69<\/td><td class=\"column-12\">61\/65<\/td><td class=\"column-13\">65\/69<\/td><td class=\"column-14\">66.5<\/td>\n<\/tr>\n<tr class=\"row-4\">\n\t<td class=\"column-1\">SYQR-1500<\/td><td class=\"column-2\">h\/l<\/td><td class=\"column-3\">220<\/td><td class=\"column-4\">50<\/td><td class=\"column-5\">1100\/900<\/td><td class=\"column-6\">1500\/1200<\/td><td class=\"column-7\">265\/230<\/td><td class=\"column-8\">52\/50<\/td><td class=\"column-9\">76.1<\/td><td class=\"column-10\">65\/66<\/td><td class=\"column-11\">68\/71<\/td><td class=\"column-12\">64\/68<\/td><td class=\"column-13\">65\/71<\/td><td class=\"column-14\">67<\/td>\n<\/tr>\n<tr class=\"row-5\">\n\t<td class=\"column-1\">SYQR-2000<\/td><td class=\"column-2\">h\/l<\/td><td class=\"column-3\">220<\/td><td class=\"column-4\">50<\/td><td class=\"column-5\">1400\/1200<\/td><td class=\"column-6\">2000\/1700<\/td><td class=\"column-7\">270\/245<\/td><td class=\"column-8\">55\/53<\/td><td class=\"column-9\">76.1<\/td><td class=\"column-10\">64\/66<\/td><td class=\"column-11\">65\/73<\/td><td class=\"column-12\">63\/68<\/td><td class=\"column-13\">66\/73<\/td><td class=\"column-14\">83<\/td>\n<\/tr>\n<tr class=\"row-6\">\n\t<td class=\"column-1\">SYQR-2500<\/td><td class=\"column-2\">h\/l<\/td><td class=\"column-3\">220<\/td><td class=\"column-4\">50<\/td><td class=\"column-5\">1600\/1400<\/td><td class=\"column-6\">2500\/2200<\/td><td class=\"column-7\">285\/255<\/td><td class=\"column-8\">56\/53<\/td><td class=\"column-9\">76.1<\/td><td class=\"column-10\">64\/69<\/td><td class=\"column-11\">63\/76<\/td><td class=\"column-12\">63\/68<\/td><td class=\"column-13\">62\/72<\/td><td class=\"column-14\">85<\/td>\n<\/tr>\n<tr class=\"row-7\">\n\t<td class=\"column-1\">SYQR-3000<\/td><td class=\"column-2\">\/<\/td><td class=\"column-3\">220\/380<\/td><td class=\"column-4\">50<\/td><td class=\"column-5\">1900<\/td><td class=\"column-6\">3000<\/td><td class=\"column-7\">275<\/td><td class=\"column-8\">57<\/td><td class=\"column-9\">76.1<\/td><td class=\"column-10\">65<\/td><td class=\"column-11\">69<\/td><td class=\"column-12\">66<\/td><td class=\"column-13\">69<\/td><td class=\"column-14\">106.5<\/td>\n<\/tr>\n<tr class=\"row-8\">\n\t<td class=\"column-1\">SYQR-4000<\/td><td class=\"column-2\">\/<\/td><td class=\"column-3\">220\/380<\/td><td class=\"column-4\">50<\/td><td class=\"column-5\">2200<\/td><td class=\"column-6\">4000<\/td><td class=\"column-7\">305<\/td><td class=\"column-8\">58<\/td><td class=\"column-9\">76.1<\/td><td class=\"column-10\">63<\/td><td class=\"column-11\">71<\/td><td class=\"column-12\">64<\/td><td class=\"column-13\">70<\/td><td class=\"column-14\">107.5<\/td>\n<\/tr>\n<tr class=\"row-9\">\n\t<td class=\"column-1\">SYQR-5000<\/td><td class=\"column-2\">\/<\/td><td class=\"column-3\">380<\/td><td class=\"column-4\">50<\/td><td class=\"column-5\">3000<\/td><td class=\"column-6\">5000<\/td><td class=\"column-7\">320<\/td><td class=\"column-8\">60<\/td><td class=\"column-9\">76.1<\/td><td class=\"column-10\">67<\/td><td class=\"column-11\">74<\/td><td class=\"column-12\">60<\/td><td class=\"column-13\">68<\/td><td class=\"column-14\">164<\/td>\n<\/tr>\n<tr class=\"row-10\">\n\t<td class=\"column-1\">SYQR-6000<\/td><td class=\"column-2\">\/<\/td><td class=\"column-3\">380<\/td><td class=\"column-4\">50<\/td><td class=\"column-5\">3300<\/td><td class=\"column-6\">6000<\/td><td class=\"column-7\">345<\/td><td class=\"column-8\">62<\/td><td class=\"column-9\">76.1<\/td><td class=\"column-10\">70<\/td><td class=\"column-11\">77<\/td><td class=\"column-12\">63<\/td><td class=\"column-13\">70<\/td><td class=\"column-14\">195<\/td>\n<\/tr>\n<tr class=\"row-11\">\n\t<td class=\"column-1\">SYQR-8000<\/td><td class=\"column-2\">\/<\/td><td class=\"column-3\">380<\/td><td class=\"column-4\">50<\/td><td class=\"column-5\">4400<\/td><td class=\"column-6\">8000<\/td><td class=\"column-7\">370<\/td><td class=\"column-8\">65<\/td><td class=\"column-9\">76.1<\/td><td class=\"column-10\">71<\/td><td class=\"column-11\">75<\/td><td class=\"column-12\">67<\/td><td class=\"column-13\">72<\/td><td class=\"column-14\">284<\/td>\n<\/tr>\n<\/tbody>\n<\/table>\n<!-- #tablepress-8 from cache --><\/div>\n<\/div>\n<div><\/div>\n<div class=\"woocb\"><a class=\"wocb\" href=\"http:\/\/www.beiaole.com\/wp-content\/uploads\/2025\/08\/d1.4.3.pdf\" target=\"_blank\" rel=\"noopener\">hacerse<\/a><\/div>\n<div><\/div>\n<p><img loading=\"lazy\" decoding=\"async\" class=\"aligncenter wp-image-17221 size-full\" src=\"http:\/\/www.beiaole.com\/wp-content\/uploads\/2025\/08\/x1.4.1.jpg\" alt=\"Commercial Energy Recovery Ventilator-q1\" width=\"924\" height=\"421\" data-no-translation=\"\" \/><\/p>\n<p><img loading=\"lazy\" decoding=\"async\" class=\"aligncenter wp-image-17222 size-full\" src=\"http:\/\/www.beiaole.com\/wp-content\/uploads\/2025\/08\/x1.4.2.jpg\" alt=\"Commercial Energy Recovery Ventilator-q2\" width=\"958\" height=\"431\" data-no-translation=\"\" \/><\/p>\n<p><img loading=\"lazy\" decoding=\"async\" class=\"aligncenter wp-image-17223 size-full\" src=\"http:\/\/www.beiaole.com\/wp-content\/uploads\/2025\/08\/x1.4.3.jpg\" alt=\"Commercial Energy Recovery Ventilator-q3\" width=\"937\" height=\"426\" data-no-translation=\"\" \/><\/p>\n<p><img loading=\"lazy\" decoding=\"async\" class=\"aligncenter wp-image-17224 size-full\" src=\"http:\/\/www.beiaole.com\/wp-content\/uploads\/2025\/08\/x1.4.4.jpg\" alt=\"Commercial Energy Recovery Ventilator-q4\" width=\"951\" height=\"427\" data-no-translation=\"\" \/><\/p>","protected":false},"excerpt":{"rendered":"<ul>\n<li>\n<h2>Capacidad de flujo de aire:<\/h2>\n<p>1,000\u202f\u2013\u202f8,000\u202fm\u00b3\/h\u202fcon\u202fest\u00e1tico\u202fpressure\u202fhacia\u202f370\u202fpa,\u202freuni\u00f3n\u202faplicaciones\u202fdemandas\u202fmedio\u202f y\u202fampliaci\u00f3n\u202faplicaciones comerciales\u202f1.000\u202f\u2013\u202f8.000\u202fm3\/h\u202fcon\u202fcon\u202fest\u00e1 est\u00e1tico\u202f-presi\u00f3n\u202fhacia\u202f370\u202fpa,\u202fpasa\u202fdemandas\u202fmedio\u202faplicaciones\u202fcommercial\u202faplicaciones\u202fampliaci\u00f3n\u202fcomercial\u202faplicaciones\u202famp.<\/li>\n<li>\n<h2>Energ\u00eda\u202fRecuperaci\u00f3n\u202fCore:<\/h2>\n<p>\u202fAlta\u202fgrado\u202fpapel\u202fcalor\u202fintercambiador\u202flogro\u202fa\u202fa\u202f77%\u202feficiencia\u202feficiencia\u202fentalp\u00eda\u202fpara\u202freducci\u00f3n\u202ft\u00e9rmica\u202f p\u00e9rdida.<\/li>\n<li>\n<h2>Sistema de ventilaci\u00f3n equilibrado:<\/h2>\n<p>\u202fIndependiente\u202fsuministro\u202fy\u202fexhausto\u202fconductos\u202fasegurar\u202fpressure\u202fe incluso\u202fdistribuci\u00f3n\u202faire\u202fa trav\u00e9s de zonas ocupadas\u202focupadas.<\/li>\n<li>\n<h2>Montaje duradero\u202fdrive\u202f :<\/h2>\n<p>\u202fCobre\u202fMotor\u202fcon\u202fPrecisi\u00f3n\u202fCojinetes\u202fDelivers\u202fTranquilo,\u202fBaja\u2011Vibraci\u00f3n\u202fRendimiento\u202fD\u00eda\u202fy\u202fNoche.<\/li>\n<li>\n<h2>Filtraci\u00f3n de doble etapa:<\/h2>\n<p>\u202fFiltro\u202fEficiencia\u202fEficiencia\u202f76%\u202fEfectivamente\u202fAtrapa\u202fPolvo\u202fy\u202fContaminantes,\u202fmanteniendo\u202fcalidad atmosf\u00e9rica.<\/li>\n<li>\n<h2>Perfil bajo ac\u00fastico:<\/h2>\n<p>\u202fNiveles de ruido\u202fGranoniendo\u202fde\u202f46\u202fa\u202f65\u202fdb\u202fsoporte\u202fcomfort\u202foperation\u202fen\u202fabrir\u202fespacios de trabajo.<\/li>\n<li>\n<h2>Dise\u00f1o amigable con el servicio:<\/h2>\n<p>\u202fMantenimiento\u202fMantenimiento\u202fPuertas\u202fE Inspecci\u00f3n\u202fPuertos\u202fSimplificar\u202fLimpieza\u202fy\u202fReemplazo\u202fFiltro\u202flimpieza.<\/li>\n<\/ul>\n<hr \/>","protected":false},"featured_media":4646,"comment_status":"open","ping_status":"closed","template":"","meta":{"_acf_changed":false},"product_brand":[],"product_cat":[71],"product_tag":[],"class_list":{"0":"post-4609","1":"product","2":"type-product","3":"status-publish","4":"has-post-thumbnail","6":"product_cat-energy-recovery-ventilator-2","8":"first","9":"instock","10":"taxable","11":"shipping-taxable","12":"purchasable","13":"product-type-variable","14":"has-default-attributes"},"acf":[],"_links":{"self":[{"href":"https:\/\/www.ecvents.com\/es\/wp-json\/wp\/v2\/product\/4609","targetHints":{"allow":["GET"]}}],"collection":[{"href":"https:\/\/www.ecvents.com\/es\/wp-json\/wp\/v2\/product"}],"about":[{"href":"https:\/\/www.ecvents.com\/es\/wp-json\/wp\/v2\/types\/product"}],"replies":[{"embeddable":true,"href":"https:\/\/www.ecvents.com\/es\/wp-json\/wp\/v2\/comments?post=4609"}],"wp:featuredmedia":[{"embeddable":true,"href":"https:\/\/www.ecvents.com\/es\/wp-json\/wp\/v2\/media\/4646"}],"wp:attachment":[{"href":"https:\/\/www.ecvents.com\/es\/wp-json\/wp\/v2\/media?parent=4609"}],"wp:term":[{"taxonomy":"product_brand","embeddable":true,"href":"https:\/\/www.ecvents.com\/es\/wp-json\/wp\/v2\/product_brand?post=4609"},{"taxonomy":"product_cat","embeddable":true,"href":"https:\/\/www.ecvents.com\/es\/wp-json\/wp\/v2\/product_cat?post=4609"},{"taxonomy":"product_tag","embeddable":true,"href":"https:\/\/www.ecvents.com\/es\/wp-json\/wp\/v2\/product_tag?post=4609"}],"curies":[{"name":"pp","href":"https:\/\/api.w.org\/{rel}","templated":true}]}}