{"id":4664,"date":"2026-03-19T06:02:10","date_gmt":"2026-03-19T11:02:10","guid":{"rendered":"https:\/\/www.ecvents.com\/?post_type=product&#038;p=4664"},"modified":"2026-03-19T06:03:03","modified_gmt":"2026-03-19T11:03:03","slug":"ventilador-en-linea-de-aire-fresco-de-una-sola-manera","status":"publish","type":"product","link":"https:\/\/www.ecvents.com\/es\/product\/ventilador-en-linea-de-aire-fresco-de-una-sola-manera\/","title":{"rendered":"Ventilador en l\u00ednea de aire fresco de una sola manera"},"content":{"rendered":"<div class=\"someee\">\n<h2><strong>Frescura constante. tranquilidad. Dise\u00f1ado para el rendimiento.<\/strong><\/h2>\n<p>los\u00a0<strong>Ventilador en l\u00ednea de aire fresco de una sola manera<\/strong>\u00a0Re\u00fane la ingenier\u00eda de precisi\u00f3n y la eficiencia discreta. Dise\u00f1ado para un funcionamiento continuo en sistemas de ventilaci\u00f3n modernos, mantiene un flujo constante de aire limpio y silencioso que apoya la comodidad, la salud y la productividad.<\/p>\n<p>Dentro de su marco compacto, un\u00a0<strong>Motor de n\u00facleo de cobre<\/strong>\u00a0Funciona con rodamientos de bolas de precisi\u00f3n para garantizar un rendimiento suave y de baja vibraci\u00f3n y una vida \u00fatil prolongada. un\u00a0<strong>Sistema de filtraci\u00f3n de dos etapas<\/strong>\u2014Primario y de alta eficiencia\u2014Filtra el polvo fino y los olores directamente en la fuente, preservando la calidad del aire constante en el tiempo.<\/p>\n<p>el de los fans\u00a0<strong>Carcasa ultradelgada y bien equilibrada<\/strong>\u00a0Se integra f\u00e1cilmente sobre techos, dentro de conductos o tras paneles de pared, adapt\u00e1ndose a espacios confinados o arquitect\u00f3nicos con un m\u00ednimo esfuerzo de instalaci\u00f3n. Las unidades tambi\u00e9n se pueden vincular en serie o en paralelo, creando m\u00f3dulos de flujo de aire escalables que se alineen con los requisitos del sistema.<\/p>\n<\/div>\n<hr \/>\n<p>Dimensiones (unidad: mm):<\/p>\n<div class=\"scroll-table-wrapper\">\n<div class=\"scroll-table\">\n<table id=\"tablepress-14\" class=\"tablepress tablepress-id-14\">\n<thead>\n<tr class=\"row-1\">\n\t<th class=\"column-1\">modelo<\/th><th class=\"column-2\">L<\/th><th class=\"column-3\">L1<\/th><th class=\"column-4\">L2<\/th><th class=\"column-5\">W<\/th><th class=\"column-6\">w1<\/th><th class=\"column-7\">H<\/th><th class=\"column-8\">H1<\/th><th class=\"column-9\">D<\/th>\n<\/tr>\n<\/thead>\n<tbody class=\"row-striping row-hover\">\n<tr class=\"row-2\">\n\t<td class=\"column-1\">DPT10-35J<\/td><td class=\"column-2\">701<\/td><td class=\"column-3\">523<\/td><td class=\"column-4\">420<\/td><td class=\"column-5\">400<\/td><td class=\"column-6\">447<\/td><td class=\"column-7\">121<\/td><td class=\"column-8\">30<\/td><td class=\"column-9\">\u03c6100<\/td>\n<\/tr>\n<tr class=\"row-3\">\n\t<td class=\"column-1\">DPT15-45J<\/td><td class=\"column-2\">673<\/td><td class=\"column-3\">523<\/td><td class=\"column-4\">420<\/td><td class=\"column-5\">400<\/td><td class=\"column-6\">447<\/td><td class=\"column-7\">196<\/td><td class=\"column-8\">30<\/td><td class=\"column-9\">\u03c6150<\/td>\n<\/tr>\n<tr class=\"row-4\">\n\t<td class=\"column-1\">DPT20-55J<\/td><td class=\"column-2\">700<\/td><td class=\"column-3\">523<\/td><td class=\"column-4\">420<\/td><td class=\"column-5\">400<\/td><td class=\"column-6\">447<\/td><td class=\"column-7\">246<\/td><td class=\"column-8\">30<\/td><td class=\"column-9\">200<\/td>\n<\/tr>\n<\/tbody>\n<\/table>\n<!-- #tablepress-14 from cache --><\/div>\n<\/div>\n<div><\/div>\n<div class=\"woocb\"><a class=\"wocb\" href=\"http:\/\/www.beiaole.com\/wp-content\/uploads\/2025\/09\/d1.7.1.pdf\" target=\"_blank\" rel=\"noopener\">hacerse<\/a><\/div>\n<div><\/div>\n<p><img loading=\"lazy\" decoding=\"async\" class=\"aligncenter wp-image-15811 size-large\" src=\"http:\/\/www.beiaole.com\/wp-content\/uploads\/2025\/08\/s1.7-1024x500.png\" alt=\"Single Way Fresh Air Inline Fan-size\" width=\"1024\" height=\"500\" data-no-translation=\"\" \/><br \/>\nRendimiento:<\/p>\n<div class=\"scroll-table-wrapper\">\n<div class=\"scroll-table\">\n<table id=\"tablepress-15\" class=\"tablepress tablepress-id-15 tbody-has-connected-cells\">\n<thead>\n<tr class=\"row-1\">\n\t<th class=\"column-1\">modelo<\/th><th class=\"column-2\">Voltaje (V)<\/th><th class=\"column-3\">Frecuencia (Hz)<\/th><th class=\"column-4\">velocidad<\/th><th class=\"column-5\">Poder (W)<\/th><th class=\"column-6\">Flujo de aire(m\u00b3\/h)<\/th><th class=\"column-7\">Presi\u00f3n est\u00e1tica (Pa)<\/th><th class=\"column-8\">Ruido (dB)<\/th><th class=\"column-9\">Tama\u00f1o del conducto (mm)<\/th><th class=\"column-10\">\u00c1rea de aplicaci\u00f3n (m\u00b2)<\/th><th class=\"column-11\">N.m. (kg)<\/th>\n<\/tr>\n<\/thead>\n<tbody class=\"row-striping row-hover\">\n<tr class=\"row-2\">\n\t<td rowspan=\"2\" class=\"column-1\">DPT10-35J<\/td><td rowspan=\"2\" class=\"column-2\">220<\/td><td rowspan=\"2\" class=\"column-3\">50<\/td><td class=\"column-4\">alto<\/td><td class=\"column-5\">53<\/td><td class=\"column-6\">160<\/td><td class=\"column-7\">192<\/td><td class=\"column-8\">31<\/td><td rowspan=\"2\" class=\"column-9\">\u03c6100<\/td><td rowspan=\"2\" class=\"column-10\">8-15<\/td><td rowspan=\"2\" class=\"column-11\">9<\/td>\n<\/tr>\n<tr class=\"row-3\">\n\t<td class=\"column-4\">deficiente<\/td><td class=\"column-5\">44<\/td><td class=\"column-6\">120<\/td><td class=\"column-7\">170<\/td><td class=\"column-8\">25<\/td>\n<\/tr>\n<tr class=\"row-4\">\n\t<td rowspan=\"2\" class=\"column-1\">DPT15-45J<\/td><td rowspan=\"2\" class=\"column-2\">220<\/td><td rowspan=\"2\" class=\"column-3\">50<\/td><td class=\"column-4\">alto<\/td><td class=\"column-5\">88<\/td><td class=\"column-6\">350<\/td><td class=\"column-7\">270<\/td><td class=\"column-8\">42<\/td><td rowspan=\"2\" class=\"column-9\">\u03c6150<\/td><td rowspan=\"2\" class=\"column-10\">25-30<\/td><td rowspan=\"2\" class=\"column-11\">11<\/td>\n<\/tr>\n<tr class=\"row-5\">\n\t<td class=\"column-4\">deficiente<\/td><td class=\"column-5\">78<\/td><td class=\"column-6\">290<\/td><td class=\"column-7\">250<\/td><td class=\"column-8\">38<\/td>\n<\/tr>\n<tr class=\"row-6\">\n\t<td rowspan=\"2\" class=\"column-1\">DPT20-55J<\/td><td rowspan=\"2\" class=\"column-2\">220<\/td><td rowspan=\"2\" class=\"column-3\">50<\/td><td class=\"column-4\">alto<\/td><td class=\"column-5\">143<\/td><td class=\"column-6\">650<\/td><td class=\"column-7\">365<\/td><td class=\"column-8\">45<\/td><td rowspan=\"2\" class=\"column-9\">200<\/td><td rowspan=\"2\" class=\"column-10\">30-40<\/td><td rowspan=\"2\" class=\"column-11\">13<\/td>\n<\/tr>\n<tr class=\"row-7\">\n\t<td class=\"column-4\">deficiente<\/td><td class=\"column-5\">122<\/td><td class=\"column-6\">500<\/td><td class=\"column-7\">300<\/td><td class=\"column-8\">32<\/td>\n<\/tr>\n<\/tbody>\n<\/table>\n<!-- #tablepress-15 from cache --><\/div>\n<\/div>\n<div><\/div>\n<div class=\"woocb\"><a class=\"wocb\" href=\"http:\/\/www.beiaole.com\/wp-content\/uploads\/2025\/09\/d1.7.2.pdf\" target=\"_blank\" rel=\"noopener\">hacerse<\/a><\/div>\n<div><\/div>\n<p><img loading=\"lazy\" decoding=\"async\" class=\"aligncenter wp-image-17228 size-large\" src=\"http:\/\/www.beiaole.com\/wp-content\/uploads\/2025\/08\/x1.7-1024x317.jpg\" alt=\"Single Way Fresh Air Inline Fan-q1\" width=\"1024\" height=\"317\" data-no-translation=\"\" \/><\/p>","protected":false},"excerpt":{"rendered":"<ul>\n<li>\n<h2>Eficiencia de gesti\u00f3n del aire:<\/h2>\n<p>\u00a0Rango de flujo de aire de 120\u202fa\u202f650\u202fm\u00b3\/h con presi\u00f3n est\u00e1tica de hasta 365\u202fPa, dise\u00f1ado para una ventilaci\u00f3n estable y controlada.<\/li>\n<li>\n<h2>Fiabilidad silenciosa:<\/h2>\n<p>\u00a0El rendimiento ac\u00fastico de tan solo 25\u202fdB permite la operaci\u00f3n en \u00e1reas ocupadas y sensibles al ruido.<\/li>\n<li>\n<h2>Impulso consciente de la energ\u00eda:<\/h2>\n<p>\u00a0Motor de cobre de alta eficiencia y impulsor aerodin\u00e1mico minimizan el consumo en servicio continuo.<\/li>\n<li>\n<h2>Tecnolog\u00eda de filtraci\u00f3n dual:<\/h2>\n<p>\u00a0El proceso de filtraci\u00f3n secuencial elimina part\u00edculas y olores residuales para la calidad del aire.<\/li>\n<li>\n<h2>Integraci\u00f3n compacta:<\/h2>\n<p>\u00a0La construcci\u00f3n delgada permite la instalaci\u00f3n oculta en techos, conductos y pasillos de servicio.<\/li>\n<li>\n<h2>Dise\u00f1o modular:<\/h2>\n<p>\u00a0Configurable como unidades individuales o en red para ampliar la capacidad del flujo de aire cuando sea necesario.<\/li>\n<\/ul>\n<hr \/>","protected":false},"featured_media":4670,"comment_status":"open","ping_status":"closed","template":"","meta":{"_acf_changed":false},"product_brand":[],"product_cat":[71],"product_tag":[],"class_list":{"0":"post-4664","1":"product","2":"type-product","3":"status-publish","4":"has-post-thumbnail","6":"product_cat-energy-recovery-ventilator-2","8":"first","9":"instock","10":"taxable","11":"shipping-taxable","12":"purchasable","13":"product-type-variable","14":"has-default-attributes"},"acf":[],"_links":{"self":[{"href":"https:\/\/www.ecvents.com\/es\/wp-json\/wp\/v2\/product\/4664","targetHints":{"allow":["GET"]}}],"collection":[{"href":"https:\/\/www.ecvents.com\/es\/wp-json\/wp\/v2\/product"}],"about":[{"href":"https:\/\/www.ecvents.com\/es\/wp-json\/wp\/v2\/types\/product"}],"replies":[{"embeddable":true,"href":"https:\/\/www.ecvents.com\/es\/wp-json\/wp\/v2\/comments?post=4664"}],"wp:featuredmedia":[{"embeddable":true,"href":"https:\/\/www.ecvents.com\/es\/wp-json\/wp\/v2\/media\/4670"}],"wp:attachment":[{"href":"https:\/\/www.ecvents.com\/es\/wp-json\/wp\/v2\/media?parent=4664"}],"wp:term":[{"taxonomy":"product_brand","embeddable":true,"href":"https:\/\/www.ecvents.com\/es\/wp-json\/wp\/v2\/product_brand?post=4664"},{"taxonomy":"product_cat","embeddable":true,"href":"https:\/\/www.ecvents.com\/es\/wp-json\/wp\/v2\/product_cat?post=4664"},{"taxonomy":"product_tag","embeddable":true,"href":"https:\/\/www.ecvents.com\/es\/wp-json\/wp\/v2\/product_tag?post=4664"}],"curies":[{"name":"pp","href":"https:\/\/api.w.org\/{rel}","templated":true}]}}