{"id":4668,"date":"2026-03-19T06:02:10","date_gmt":"2026-03-19T11:02:10","guid":{"rendered":"https:\/\/www.ecvents.com\/?post_type=product&#038;p=4668"},"modified":"2026-03-19T06:03:03","modified_gmt":"2026-03-19T11:03:03","slug":"ventilador-de-gabinete-con-motor-ip55","status":"publish","type":"product","link":"https:\/\/www.ecvents.com\/es\/product\/ventilador-de-gabinete-con-motor-ip55\/","title":{"rendered":"Ventilador de gabinete con motor IP55"},"content":{"rendered":"<div class=\"someee\">\n<h2><strong>Rugged\u202fpor\u202fdise\u00f1o\u202f Tranquilo\u202fen\u202fdesempe\u00f1o.\u202f Construido\u202fpara\u202fcontinuo\u202fventilaci\u00f3n.<\/strong><\/h2>\n<p>los <strong>Gabinete\u202fFan\u202fcon\u202fIP55\u202fMotor<\/strong>\u00a0Mantiene el aire en movimiento fresco y estable sin necesidad de atenci\u00f3n. Dentro hay un\u00a0<strong>Motor de cobre s\u00f3lido<\/strong>\u202f\u2014\u202fEficiente, fuerte y construido para seguir girando mucho despu\u00e9s de que otros se detengan. en compa\u00f1\u00eda de\u00a0<strong>Cojinetes de alto grado<\/strong>, ofrece un movimiento m\u00e1s suave y silencioso de lo que esperas de algo tan capaz.<\/p>\n<p>los\u00a0<strong>Aluminio de Aluminio IP55\u2011Rated<\/strong>\u00a0No es solo para la apariencia; se mantiene firme contra el polvo, la humedad y el desgaste de la operaci\u00f3n constante. los\u00a0<strong>Rueda de metal\u202fventilador<\/strong>\u00a0Impulsa el aire con autoridad, manteniendo una alta presi\u00f3n y un flujo de larga distancia cada vez que su sistema lo requiere.<\/p>\n<p>El mantenimiento es refrescantemente simple.\u00a0<strong>Inspecci\u00f3n lateral\u202fpuertos<\/strong>\u00a0Permita que abra, limpie o cambie los componentes r\u00e1pidamente\u202f\u2014\u202f\u202f\u202fNo es necesario realizar ajustes completos de desmontaje o tiempo. Es un servicio sencillo para un ventilador dise\u00f1ado para trabajar duro sin quejarse.<\/p>\n<\/div>\n<hr \/>\n<p>Dimensiones (unidad: mm):<\/p>\n<div class=\"scroll-table-wrapper\">\n<div class=\"scroll-table\">\n<table id=\"tablepress-18\" class=\"tablepress tablepress-id-18\">\n<thead>\n<tr class=\"row-1\">\n\t<th class=\"column-1\">modelo<\/th><th class=\"column-2\">L<\/th><th class=\"column-3\">L1<\/th><th class=\"column-4\">W<\/th><th class=\"column-5\">w1<\/th><th class=\"column-6\">H<\/th><th class=\"column-7\">hola<\/th><th class=\"column-8\">D1<\/th><th class=\"column-9\">F<\/th><th class=\"column-10\">Tama\u00f1o de salida de aire<br \/>\n(AXB)<\/th><th class=\"column-11\">Tama\u00f1o de entrada de aire<br \/>\n(CXD)<\/th>\n<\/tr>\n<\/thead>\n<tbody class=\"row-striping row-hover\">\n<tr class=\"row-2\">\n\t<td class=\"column-1\">KTJ23-20D<\/td><td class=\"column-2\">490<\/td><td class=\"column-3\">452<\/td><td class=\"column-4\">490<\/td><td class=\"column-5\">530<\/td><td class=\"column-6\">372<\/td><td class=\"column-7\">36<\/td><td class=\"column-8\">50<\/td><td class=\"column-9\">25<\/td><td class=\"column-10\">270\u00d7265<\/td><td class=\"column-11\">350x312<\/td>\n<\/tr>\n<tr class=\"row-3\">\n\t<td class=\"column-1\">KTJ23-26D<\/td><td class=\"column-2\">490<\/td><td class=\"column-3\">452<\/td><td class=\"column-4\">490<\/td><td class=\"column-5\">530<\/td><td class=\"column-6\">372<\/td><td class=\"column-7\">36<\/td><td class=\"column-8\">50<\/td><td class=\"column-9\">25<\/td><td class=\"column-10\">300x280<\/td><td class=\"column-11\">430x312<\/td>\n<\/tr>\n<tr class=\"row-4\">\n\t<td class=\"column-1\">KTJ23-31D<\/td><td class=\"column-2\">524<\/td><td class=\"column-3\">486<\/td><td class=\"column-4\">592<\/td><td class=\"column-5\">632<\/td><td class=\"column-6\">440<\/td><td class=\"column-7\">36<\/td><td class=\"column-8\">50<\/td><td class=\"column-9\">25<\/td><td class=\"column-10\">335x320<\/td><td class=\"column-11\">335x320<\/td>\n<\/tr>\n<tr class=\"row-5\">\n\t<td class=\"column-1\">KTJ23-41D<\/td><td class=\"column-2\">524<\/td><td class=\"column-3\">486<\/td><td class=\"column-4\">592<\/td><td class=\"column-5\">632<\/td><td class=\"column-6\">440<\/td><td class=\"column-7\">36<\/td><td class=\"column-8\">50<\/td><td class=\"column-9\">25<\/td><td class=\"column-10\">335x320<\/td><td class=\"column-11\">550x380<\/td>\n<\/tr>\n<tr class=\"row-6\">\n\t<td class=\"column-1\">KTJ23-20<\/td><td class=\"column-2\">490<\/td><td class=\"column-3\">452<\/td><td class=\"column-4\">490<\/td><td class=\"column-5\">530<\/td><td class=\"column-6\">372<\/td><td class=\"column-7\">36<\/td><td class=\"column-8\">50<\/td><td class=\"column-9\">25<\/td><td class=\"column-10\">270\u00d7265<\/td><td class=\"column-11\">350\u00d7312<\/td>\n<\/tr>\n<tr class=\"row-7\">\n\t<td class=\"column-1\">KTJ23-26<\/td><td class=\"column-2\">490<\/td><td class=\"column-3\">452<\/td><td class=\"column-4\">490<\/td><td class=\"column-5\">530<\/td><td class=\"column-6\">372<\/td><td class=\"column-7\">36<\/td><td class=\"column-8\">50<\/td><td class=\"column-9\">25<\/td><td class=\"column-10\">300x280<\/td><td class=\"column-11\">430x312<\/td>\n<\/tr>\n<tr class=\"row-8\">\n\t<td class=\"column-1\">KTJ23-31<\/td><td class=\"column-2\">524<\/td><td class=\"column-3\">486<\/td><td class=\"column-4\">592<\/td><td class=\"column-5\">632<\/td><td class=\"column-6\">440<\/td><td class=\"column-7\">36<\/td><td class=\"column-8\">50<\/td><td class=\"column-9\">25<\/td><td class=\"column-10\">335x320<\/td><td class=\"column-11\">335x320<\/td>\n<\/tr>\n<tr class=\"row-9\">\n\t<td class=\"column-1\">KTJ23-41<\/td><td class=\"column-2\">524<\/td><td class=\"column-3\">486<\/td><td class=\"column-4\">592<\/td><td class=\"column-5\">632<\/td><td class=\"column-6\">440<\/td><td class=\"column-7\">36<\/td><td class=\"column-8\">50<\/td><td class=\"column-9\">25<\/td><td class=\"column-10\">335x320<\/td><td class=\"column-11\">550x380<\/td>\n<\/tr>\n<tr class=\"row-10\">\n\t<td class=\"column-1\">KTJ28-51<\/td><td class=\"column-2\">640<\/td><td class=\"column-3\">568<\/td><td class=\"column-4\">700<\/td><td class=\"column-5\">743<\/td><td class=\"column-6\">535<\/td><td class=\"column-7\">35<\/td><td class=\"column-8\">50<\/td><td class=\"column-9\">25<\/td><td class=\"column-10\">410x358<\/td><td class=\"column-11\">640x465<\/td>\n<\/tr>\n<tr class=\"row-11\">\n\t<td class=\"column-1\">KTJ28-61<\/td><td class=\"column-2\">700<\/td><td class=\"column-3\">628<\/td><td class=\"column-4\">740<\/td><td class=\"column-5\">783<\/td><td class=\"column-6\">600<\/td><td class=\"column-7\">35<\/td><td class=\"column-8\">50<\/td><td class=\"column-9\">25<\/td><td class=\"column-10\">400x460<\/td><td class=\"column-11\">550x460<\/td>\n<\/tr>\n<tr class=\"row-12\">\n\t<td class=\"column-1\">KTJ31-71<\/td><td class=\"column-2\">700<\/td><td class=\"column-3\">628<\/td><td class=\"column-4\">740<\/td><td class=\"column-5\">783<\/td><td class=\"column-6\">600<\/td><td class=\"column-7\">35<\/td><td class=\"column-8\">50<\/td><td class=\"column-9\">25<\/td><td class=\"column-10\">400x460<\/td><td class=\"column-11\">550x460<\/td>\n<\/tr>\n<tr class=\"row-13\">\n\t<td class=\"column-1\">KTJ31-81<\/td><td class=\"column-2\">700<\/td><td class=\"column-3\">628<\/td><td class=\"column-4\">780<\/td><td class=\"column-5\">823<\/td><td class=\"column-6\">600<\/td><td class=\"column-7\">35<\/td><td class=\"column-8\">50<\/td><td class=\"column-9\">25<\/td><td class=\"column-10\">400x460<\/td><td class=\"column-11\">745x535<\/td>\n<\/tr>\n<tr class=\"row-14\">\n\t<td class=\"column-1\">KTJ35-100<\/td><td class=\"column-2\">810<\/td><td class=\"column-3\">738<\/td><td class=\"column-4\">780<\/td><td class=\"column-5\">823<\/td><td class=\"column-6\">665<\/td><td class=\"column-7\">35<\/td><td class=\"column-8\">50<\/td><td class=\"column-9\">25<\/td><td class=\"column-10\">440x460<\/td><td class=\"column-11\">745x535<\/td>\n<\/tr>\n<tr class=\"row-15\">\n\t<td class=\"column-1\">KTJ35-120<\/td><td class=\"column-2\">810<\/td><td class=\"column-3\">738<\/td><td class=\"column-4\">880<\/td><td class=\"column-5\">923<\/td><td class=\"column-6\">715<\/td><td class=\"column-7\">35<\/td><td class=\"column-8\">50<\/td><td class=\"column-9\">25<\/td><td class=\"column-10\">440x460<\/td><td class=\"column-11\">745x535<\/td>\n<\/tr>\n<tr class=\"row-16\">\n\t<td class=\"column-1\">KTJ40-150<\/td><td class=\"column-2\">848<\/td><td class=\"column-3\">753<\/td><td class=\"column-4\">947<\/td><td class=\"column-5\">1067<\/td><td class=\"column-6\">802<\/td><td class=\"column-7\">35<\/td><td class=\"column-8\">50<\/td><td class=\"column-9\">25<\/td><td class=\"column-10\">455x460<\/td><td class=\"column-11\">835x600<\/td>\n<\/tr>\n<tr class=\"row-17\">\n\t<td class=\"column-1\">KTJ40-200<\/td><td class=\"column-2\">900<\/td><td class=\"column-3\">801<\/td><td class=\"column-4\">1012<\/td><td class=\"column-5\">1132<\/td><td class=\"column-6\">820<\/td><td class=\"column-7\">35<\/td><td class=\"column-8\">50<\/td><td class=\"column-9\">25<\/td><td class=\"column-10\">455x460<\/td><td class=\"column-11\">900\u00d7700<\/td>\n<\/tr>\n<\/tbody>\n<\/table>\n<!-- #tablepress-18 from cache --><\/div>\n<\/div>\n<div><\/div>\n<div class=\"woocb\"><a class=\"wocb\" href=\"http:\/\/www.beiaole.com\/wp-content\/uploads\/2025\/08\/d2.2.1.pdf\" target=\"_blank\" rel=\"noopener\">hacerse<\/a><\/div>\n<div><\/div>\n<p><img loading=\"lazy\" decoding=\"async\" class=\"aligncenter wp-image-15965 size-large\" src=\"http:\/\/www.beiaole.com\/wp-content\/uploads\/2025\/08\/s2.2-1024x679.png\" alt=\"Cabinet Fan With IP55 Motor-size\" width=\"1024\" height=\"679\" data-no-translation=\"\" \/><br \/>\nRendimiento:<\/p>\n<div class=\"scroll-table-wrapper\">\n<div class=\"scroll-table\">\n<table id=\"tablepress-19\" class=\"tablepress tablepress-id-19\">\n<thead>\n<tr class=\"row-1\">\n\t<th class=\"column-1\">modelo<\/th><th class=\"column-2\">Voltaje (V)<\/th><th class=\"column-3\">Frecuencia (Hz)<\/th><th class=\"column-4\">Velocidad (RPM)<\/th><th class=\"column-5\">Poder (W)<\/th><th class=\"column-6\">Flujo de aire(m\u00b3\/h)<\/th><th class=\"column-7\">Presi\u00f3n est\u00e1tica (Pa)<\/th><th class=\"column-8\">Ruido (dB)<\/th><th class=\"column-9\">N.m. (kg)<\/th>\n<\/tr>\n<\/thead>\n<tbody class=\"row-striping row-hover\">\n<tr class=\"row-2\">\n\t<td class=\"column-1\">KTJ23-20D<\/td><td class=\"column-2\">220<\/td><td class=\"column-3\">50<\/td><td class=\"column-4\">1350<\/td><td class=\"column-5\">250<\/td><td class=\"column-6\">2000<\/td><td class=\"column-7\">400<\/td><td class=\"column-8\">55<\/td><td class=\"column-9\">26<\/td>\n<\/tr>\n<tr class=\"row-3\">\n\t<td class=\"column-1\">KTJ23-26D<\/td><td class=\"column-2\">220<\/td><td class=\"column-3\">50<\/td><td class=\"column-4\">1350<\/td><td class=\"column-5\">370<\/td><td class=\"column-6\">2600<\/td><td class=\"column-7\">420<\/td><td class=\"column-8\">56<\/td><td class=\"column-9\">27<\/td>\n<\/tr>\n<tr class=\"row-4\">\n\t<td class=\"column-1\">KTJ23-31D<\/td><td class=\"column-2\">220<\/td><td class=\"column-3\">50<\/td><td class=\"column-4\">1350<\/td><td class=\"column-5\">550<\/td><td class=\"column-6\">3100<\/td><td class=\"column-7\">440<\/td><td class=\"column-8\">61<\/td><td class=\"column-9\">33<\/td>\n<\/tr>\n<tr class=\"row-5\">\n\t<td class=\"column-1\">KTJ23-41D<\/td><td class=\"column-2\">220<\/td><td class=\"column-3\">50<\/td><td class=\"column-4\">1350<\/td><td class=\"column-5\">750<\/td><td class=\"column-6\">4100<\/td><td class=\"column-7\">460<\/td><td class=\"column-8\">65<\/td><td class=\"column-9\">34<\/td>\n<\/tr>\n<tr class=\"row-6\">\n\t<td class=\"column-1\">KTJ23-20<\/td><td class=\"column-2\">380<\/td><td class=\"column-3\">50<\/td><td class=\"column-4\">1350<\/td><td class=\"column-5\">250<\/td><td class=\"column-6\">2000<\/td><td class=\"column-7\">400<\/td><td class=\"column-8\">55<\/td><td class=\"column-9\">25.5<\/td>\n<\/tr>\n<tr class=\"row-7\">\n\t<td class=\"column-1\">KTJ23-26<\/td><td class=\"column-2\">380<\/td><td class=\"column-3\">50<\/td><td class=\"column-4\">1350<\/td><td class=\"column-5\">370<\/td><td class=\"column-6\">2600<\/td><td class=\"column-7\">420<\/td><td class=\"column-8\">56<\/td><td class=\"column-9\">26<\/td>\n<\/tr>\n<tr class=\"row-8\">\n\t<td class=\"column-1\">KTJ23-31<\/td><td class=\"column-2\">380<\/td><td class=\"column-3\">50<\/td><td class=\"column-4\">1350<\/td><td class=\"column-5\">550<\/td><td class=\"column-6\">3100<\/td><td class=\"column-7\">440<\/td><td class=\"column-8\">61<\/td><td class=\"column-9\">33<\/td>\n<\/tr>\n<tr class=\"row-9\">\n\t<td class=\"column-1\">KTJ23-41<\/td><td class=\"column-2\">380<\/td><td class=\"column-3\">50<\/td><td class=\"column-4\">1350<\/td><td class=\"column-5\">750<\/td><td class=\"column-6\">4100<\/td><td class=\"column-7\">460<\/td><td class=\"column-8\">65<\/td><td class=\"column-9\">34<\/td>\n<\/tr>\n<tr class=\"row-10\">\n\t<td class=\"column-1\">KTJ28-51<\/td><td class=\"column-2\">380<\/td><td class=\"column-3\">50<\/td><td class=\"column-4\">940<\/td><td class=\"column-5\">750<\/td><td class=\"column-6\">5100<\/td><td class=\"column-7\">400<\/td><td class=\"column-8\">67<\/td><td class=\"column-9\">58.5<\/td>\n<\/tr>\n<tr class=\"row-11\">\n\t<td class=\"column-1\">KTJ28-61<\/td><td class=\"column-2\">380<\/td><td class=\"column-3\">50<\/td><td class=\"column-4\">940<\/td><td class=\"column-5\">1100<\/td><td class=\"column-6\">6100<\/td><td class=\"column-7\">420<\/td><td class=\"column-8\">68<\/td><td class=\"column-9\">66<\/td>\n<\/tr>\n<tr class=\"row-12\">\n\t<td class=\"column-1\">KTJ31-71<\/td><td class=\"column-2\">380<\/td><td class=\"column-3\">50<\/td><td class=\"column-4\">940<\/td><td class=\"column-5\">1500<\/td><td class=\"column-6\">7100<\/td><td class=\"column-7\">440<\/td><td class=\"column-8\">69<\/td><td class=\"column-9\">70<\/td>\n<\/tr>\n<tr class=\"row-13\">\n\t<td class=\"column-1\">KTJ31-81<\/td><td class=\"column-2\">380<\/td><td class=\"column-3\">50<\/td><td class=\"column-4\">940<\/td><td class=\"column-5\">1500<\/td><td class=\"column-6\">8100<\/td><td class=\"column-7\">461<\/td><td class=\"column-8\">70<\/td><td class=\"column-9\">72<\/td>\n<\/tr>\n<tr class=\"row-14\">\n\t<td class=\"column-1\">KTJ35-100<\/td><td class=\"column-2\">380<\/td><td class=\"column-3\">50<\/td><td class=\"column-4\">940<\/td><td class=\"column-5\">2200<\/td><td class=\"column-6\">10000<\/td><td class=\"column-7\">551<\/td><td class=\"column-8\">71<\/td><td class=\"column-9\">84.5<\/td>\n<\/tr>\n<tr class=\"row-15\">\n\t<td class=\"column-1\">KTJ35-120<\/td><td class=\"column-2\">380<\/td><td class=\"column-3\">50<\/td><td class=\"column-4\">940<\/td><td class=\"column-5\">2500<\/td><td class=\"column-6\">12000<\/td><td class=\"column-7\">591<\/td><td class=\"column-8\">72<\/td><td class=\"column-9\">86.5<\/td>\n<\/tr>\n<tr class=\"row-16\">\n\t<td class=\"column-1\">KTJ40-150<\/td><td class=\"column-2\">380<\/td><td class=\"column-3\">50<\/td><td class=\"column-4\">940<\/td><td class=\"column-5\">3000<\/td><td class=\"column-6\">15000<\/td><td class=\"column-7\">700<\/td><td class=\"column-8\">75<\/td><td class=\"column-9\">111<\/td>\n<\/tr>\n<tr class=\"row-17\">\n\t<td class=\"column-1\">KTJ40-200<\/td><td class=\"column-2\">380<\/td><td class=\"column-3\">50<\/td><td class=\"column-4\">940<\/td><td class=\"column-5\">5000<\/td><td class=\"column-6\">20000<\/td><td class=\"column-7\">725<\/td><td class=\"column-8\">77<\/td><td class=\"column-9\">128<\/td>\n<\/tr>\n<\/tbody>\n<\/table>\n<!-- #tablepress-19 from cache --><\/div>\n<\/div>\n<div><\/div>\n<div class=\"woocb\"><a class=\"wocb\" href=\"http:\/\/www.beiaole.com\/wp-content\/uploads\/2025\/08\/d2.2.2.pdf\" target=\"_blank\" rel=\"noopener\">hacerse<\/a><\/div>\n<div><\/div>\n<p><img loading=\"lazy\" decoding=\"async\" class=\"aligncenter wp-image-17237 size-large\" src=\"http:\/\/www.beiaole.com\/wp-content\/uploads\/2025\/08\/x2.2-1024x312.jpg\" alt=\"Cabinet Fan With IP55 Motor-q1\" width=\"1024\" height=\"312\" data-no-translation=\"\" \/><\/p>","protected":false},"excerpt":{"rendered":"<ul>\n<li>\n<h2>Protecci\u00f3n IP55:<\/h2>\n<p>\u00a0La carcasa de aluminio sellado bloquea el polvo y la humedad para un rendimiento fiable en condiciones dif\u00edciles.<\/li>\n<li>\n<h2>Motor de Cobre\u202fCobre:<\/h2>\n<p>\u00a0Motor eficiente con la bola\u202f con rodamientos de bola garantiza un funcionamiento silencioso, duradero y estable.<\/li>\n<li>\n<h2>Salida de aire fuerte:<\/h2>\n<p>\u00a0Flujo de aire\u202fde\u202f2000\u202fa\u202f20.000\u202fm\u00b3\/h\u202fcon\u202fpresi\u00f3n\u202fpressure\u202fhacia\u202fa\u202f725\u202fpa.<\/li>\n<li>\n<h2>Construcci\u00f3n de todo-metal:<\/h2>\n<p>\u00a0Acero y de alto grado\u202faluminio\u202faluminio\u202fde-aluminio\u202fresiste\u202fcorrosi\u00f3n\u202fy\u202fvibraci\u00f3n\u202fdurante\u202fuso continuo.<\/li>\n<li>\n<h2>Bajo\u202fNoise,\u202fAlto\u202fRendimiento:<\/h2>\n<p>\u202fOpera\u202fentre 55\u202f y 77\u202fdb,\u202fequilibrando\u202fpoder\u202fy\u202fconfort\u202fpara\u202fespacios industriales.<\/li>\n<li>\n<h2>F\u00e1cil\u202fmantenimiento:<\/h2>\n<p>\u202fInspecci\u00f3n accesible\u202fpuertos\u202fPermiten\u202fservicios r\u00e1pidos;\u202fno\u202ftotal\u202fderribado\u202frequiere.<\/li>\n<li>\n<h2>Ejecuci\u00f3n estable:<\/h2>\n<p>\u202fBaja\u2011vibraci\u00f3n\u202fdise\u00f1o\u202fsoporta\u202festable\u202fflujo\u202faire\u202fy\u202flong\u202fvida\u202fservicio\u202flong\u202fvida.<\/li>\n<\/ul>\n<hr \/>","protected":false},"featured_media":4697,"comment_status":"open","ping_status":"closed","template":"","meta":{"_acf_changed":false},"product_brand":[],"product_cat":[66],"product_tag":[],"class_list":{"0":"post-4668","1":"product","2":"type-product","3":"status-publish","4":"has-post-thumbnail","6":"product_cat-cabinet-fan","8":"first","9":"instock","10":"taxable","11":"shipping-taxable","12":"purchasable","13":"product-type-variable","14":"has-default-attributes"},"acf":[],"_links":{"self":[{"href":"https:\/\/www.ecvents.com\/es\/wp-json\/wp\/v2\/product\/4668","targetHints":{"allow":["GET"]}}],"collection":[{"href":"https:\/\/www.ecvents.com\/es\/wp-json\/wp\/v2\/product"}],"about":[{"href":"https:\/\/www.ecvents.com\/es\/wp-json\/wp\/v2\/types\/product"}],"replies":[{"embeddable":true,"href":"https:\/\/www.ecvents.com\/es\/wp-json\/wp\/v2\/comments?post=4668"}],"wp:featuredmedia":[{"embeddable":true,"href":"https:\/\/www.ecvents.com\/es\/wp-json\/wp\/v2\/media\/4697"}],"wp:attachment":[{"href":"https:\/\/www.ecvents.com\/es\/wp-json\/wp\/v2\/media?parent=4668"}],"wp:term":[{"taxonomy":"product_brand","embeddable":true,"href":"https:\/\/www.ecvents.com\/es\/wp-json\/wp\/v2\/product_brand?post=4668"},{"taxonomy":"product_cat","embeddable":true,"href":"https:\/\/www.ecvents.com\/es\/wp-json\/wp\/v2\/product_cat?post=4668"},{"taxonomy":"product_tag","embeddable":true,"href":"https:\/\/www.ecvents.com\/es\/wp-json\/wp\/v2\/product_tag?post=4668"}],"curies":[{"name":"pp","href":"https:\/\/api.w.org\/{rel}","templated":true}]}}