{"id":4692,"date":"2026-03-19T06:02:43","date_gmt":"2026-03-19T11:02:43","guid":{"rendered":"https:\/\/www.ecvents.com\/?post_type=product&#038;p=4692"},"modified":"2026-03-19T06:04:03","modified_gmt":"2026-03-19T11:04:03","slug":"serie-de-ventiladores-de-gabinete-ktj","status":"publish","type":"product","link":"https:\/\/www.ecvents.com\/es\/product\/serie-de-ventiladores-de-gabinete-ktj\/","title":{"rendered":"Serie de ventiladores de gabinete KTJ"},"content":{"rendered":"<div class=\"someee\">\n<h2><strong>aire limpio. Eficiencia tranquila. Construido para ventilaci\u00f3n continua.<\/strong><\/h2>\n<p>los\u00a0<strong>KTJ\u202fCabinet\u202fFan\u202fSeries<\/strong>\u00a0Est\u00e1 dise\u00f1ado para espacios que necesitan un flujo de aire estable y confiable sin ruido ni complejidad. Compacto, duradero y eficiente, mantiene el aire circulando sin problemas\u202f\u2014\u202fD\u00eda tras d\u00eda\u202f\u2014\u202f en oficinas, talleres, almacenes e instalaciones industriales donde la ventilaci\u00f3n ininterrumpida realmente importa.<\/p>\n<p>En el coraz\u00f3n de cada unidad hay un\u00a0<strong>Todo\u2011cobre\u202fahorro de energ\u00eda\u202fmotor\u202f<\/strong>\u00a0apoyado por\u00a0<strong>Cojinetes de alta calidad<\/strong>, asegurando una larga vida, un funcionamiento estable y un rendimiento silencioso. El gabinete y el conducto de aire est\u00e1n integrados en una \u00fanica estructura aerodin\u00e1mica, proporcionando una presi\u00f3n estable y un flujo de aire constante, al tiempo que minimiza la vibraci\u00f3n y el ruido mec\u00e1nico.<\/p>\n<p>Todos los ventiladores de la serie vienen equipados con un\u00a0<strong>Sistema de filtraci\u00f3n incorporado<\/strong>\u00a0Para atrapar el polvo, los olores y las part\u00edculas en el aire antes de que el aire vuelva a circular, manteniendo los ambientes m\u00e1s limpios y c\u00f3modos. Es una soluci\u00f3n simple e integrada para mantener una calidad de aire fresca y equilibrada en condiciones exigentes.<\/p>\n<p>los\u00a0<strong>KTJ\u202fCabinet\u202fFan\u202fSeries<\/strong>\u00a0Es tan vers\u00e1til como robusto. con capacidades de flujo de aire que van desde\u00a0<strong>2.000\u202fa\u202f6.100\u202fm\u00b3\/h<\/strong>, estos ventiladores pueden manejar entornos de cualquier escala, desde peque\u00f1as oficinas o salas de servidores hasta grandes salas de f\u00e1brica. El dise\u00f1o compacto de cada unidad permite una f\u00e1cil instalaci\u00f3n en espacios reducidos y incorporado\u00a0<strong>Inspecci\u00f3n\u202fPuertos<\/strong>\u00a0Haga que el acceso y el mantenimiento del filtro no sean necesarios\u202f\u2014\u202f\u202fNo se requiere desmontaje.<\/p>\n<p>Tranquilo, fuerte y dise\u00f1ado para durar, el KTJ\u202fCabinet\u202fFan\u202fSeries\u202fhace m\u00e1s que mover el aire\u202f\u2014\u202f Purifica, equilibra y protege de forma fiable su clima interior.<\/p>\n<\/div>\n<hr \/>\n<p>Dimensiones (unidad: mm):<\/p>\n<div class=\"scroll-table-wrapper\">\n<div class=\"scroll-table\">\n<table id=\"tablepress-20\" class=\"tablepress tablepress-id-20\">\n<thead>\n<tr class=\"row-1\">\n\t<th class=\"column-1\">modelo<\/th><th class=\"column-2\">L<\/th><th class=\"column-3\">L1<\/th><th class=\"column-4\">W<\/th><th class=\"column-5\">w1<\/th><th class=\"column-6\">H<\/th><th class=\"column-7\">H1<\/th><th class=\"column-8\">D1<\/th><th class=\"column-9\">F<\/th><th class=\"column-10\">Tama\u00f1o de salida de aire<br \/>\n(AXB)<\/th><th class=\"column-11\">Tama\u00f1o de entrada de aire<br \/>\n(CXD)<\/th>\n<\/tr>\n<\/thead>\n<tbody class=\"row-striping row-hover\">\n<tr class=\"row-2\">\n\t<td class=\"column-1\">KTJ22-20DG<\/td><td class=\"column-2\">719<\/td><td class=\"column-3\">452<\/td><td class=\"column-4\">490<\/td><td class=\"column-5\">530<\/td><td class=\"column-6\">372<\/td><td class=\"column-7\">36<\/td><td class=\"column-8\">50<\/td><td class=\"column-9\">25<\/td><td class=\"column-10\">270x265<\/td><td class=\"column-11\">430x312<\/td>\n<\/tr>\n<tr class=\"row-3\">\n\t<td class=\"column-1\">KTJ23-31DG<\/td><td class=\"column-2\">753<\/td><td class=\"column-3\">524<\/td><td class=\"column-4\">592<\/td><td class=\"column-5\">632<\/td><td class=\"column-6\">440<\/td><td class=\"column-7\">36<\/td><td class=\"column-8\">50<\/td><td class=\"column-9\">25<\/td><td class=\"column-10\">335\u00d7320<\/td><td class=\"column-11\">550x380<\/td>\n<\/tr>\n<tr class=\"row-4\">\n\t<td class=\"column-1\">KTJ23-41DG<\/td><td class=\"column-2\">753<\/td><td class=\"column-3\">524<\/td><td class=\"column-4\">592<\/td><td class=\"column-5\">632<\/td><td class=\"column-6\">440<\/td><td class=\"column-7\">36<\/td><td class=\"column-8\">50<\/td><td class=\"column-9\">25<\/td><td class=\"column-10\">335x320<\/td><td class=\"column-11\">550x380<\/td>\n<\/tr>\n<tr class=\"row-5\">\n\t<td class=\"column-1\">KTJ22-20G<\/td><td class=\"column-2\">719<\/td><td class=\"column-3\">452<\/td><td class=\"column-4\">490<\/td><td class=\"column-5\">530<\/td><td class=\"column-6\">372<\/td><td class=\"column-7\">36<\/td><td class=\"column-8\">50<\/td><td class=\"column-9\">25<\/td><td class=\"column-10\">270x265<\/td><td class=\"column-11\">430x312<\/td>\n<\/tr>\n<tr class=\"row-6\">\n\t<td class=\"column-1\">KTJ23-31G<\/td><td class=\"column-2\">753<\/td><td class=\"column-3\">524<\/td><td class=\"column-4\">592<\/td><td class=\"column-5\">632<\/td><td class=\"column-6\">440<\/td><td class=\"column-7\">36<\/td><td class=\"column-8\">50<\/td><td class=\"column-9\">25<\/td><td class=\"column-10\">335x320<\/td><td class=\"column-11\">550x380<\/td>\n<\/tr>\n<tr class=\"row-7\">\n\t<td class=\"column-1\">KTJ23-41G<\/td><td class=\"column-2\">753<\/td><td class=\"column-3\">524<\/td><td class=\"column-4\">592<\/td><td class=\"column-5\">632<\/td><td class=\"column-6\">440<\/td><td class=\"column-7\">36<\/td><td class=\"column-8\">50<\/td><td class=\"column-9\">25<\/td><td class=\"column-10\">335x320<\/td><td class=\"column-11\">550x380<\/td>\n<\/tr>\n<tr class=\"row-8\">\n\t<td class=\"column-1\">KTJ28-51G<\/td><td class=\"column-2\">869<\/td><td class=\"column-3\">568<\/td><td class=\"column-4\">700<\/td><td class=\"column-5\">743<\/td><td class=\"column-6\">535<\/td><td class=\"column-7\">35<\/td><td class=\"column-8\">50<\/td><td class=\"column-9\">25<\/td><td class=\"column-10\">410x358<\/td><td class=\"column-11\">640x465<\/td>\n<\/tr>\n<tr class=\"row-9\">\n\t<td class=\"column-1\">KTJ28-61G<\/td><td class=\"column-2\">929<\/td><td class=\"column-3\">628<\/td><td class=\"column-4\">740<\/td><td class=\"column-5\">783<\/td><td class=\"column-6\">600<\/td><td class=\"column-7\">35<\/td><td class=\"column-8\">50<\/td><td class=\"column-9\">25<\/td><td class=\"column-10\">400x460<\/td><td class=\"column-11\">550x460<\/td>\n<\/tr>\n<\/tbody>\n<\/table>\n<\/div>\n<\/div>\n<div><\/div>\n<div class=\"woocb\"><a class=\"wocb\" href=\"http:\/\/www.beiaole.com\/wp-content\/uploads\/2025\/08\/d2.3.1.pdf\" target=\"_blank\" rel=\"noopener\">hacerse<\/a><\/div>\n<div><\/div>\n<p><img loading=\"lazy\" decoding=\"async\" class=\"aligncenter wp-image-15995 size-large\" src=\"http:\/\/www.beiaole.com\/wp-content\/uploads\/2025\/08\/s2.3-1024x695.png\" alt=\"KTJ Cabinet Fan Series-size\" width=\"1024\" height=\"695\" data-no-translation=\"\" \/><br \/>\nRendimiento:<\/p>\n<div class=\"scroll-table-wrapper\">\n<div class=\"scroll-table\">\n<table id=\"tablepress-21\" class=\"tablepress tablepress-id-21\">\n<thead>\n<tr class=\"row-1\">\n\t<th class=\"column-1\">modelo<\/th><th class=\"column-2\">Voltaje (V)<\/th><th class=\"column-3\">Frecuencia (Hz)<\/th><th class=\"column-4\">Poder (W)<\/th><th class=\"column-5\">Flujo de aire(m\u00b3\/h)<\/th><th class=\"column-6\">Presi\u00f3n est\u00e1tica (Pa)<\/th><th class=\"column-7\">Velocidad (RPM)<\/th><th class=\"column-8\">Ruido (dB)<\/th><th class=\"column-9\">N.m. (kg)<\/th>\n<\/tr>\n<\/thead>\n<tbody class=\"row-striping row-hover\">\n<tr class=\"row-2\">\n\t<td class=\"column-1\">KTJ22-20DG<\/td><td class=\"column-2\">220<\/td><td class=\"column-3\">50<\/td><td class=\"column-4\">250<\/td><td class=\"column-5\">2000<\/td><td class=\"column-6\">430<\/td><td class=\"column-7\">1340<\/td><td class=\"column-8\">55<\/td><td class=\"column-9\">32<\/td>\n<\/tr>\n<tr class=\"row-3\">\n\t<td class=\"column-1\">KTJ23-31DG<\/td><td class=\"column-2\">220<\/td><td class=\"column-3\">50<\/td><td class=\"column-4\">550<\/td><td class=\"column-5\">3100<\/td><td class=\"column-6\">440<\/td><td class=\"column-7\">1340<\/td><td class=\"column-8\">61<\/td><td class=\"column-9\">41<\/td>\n<\/tr>\n<tr class=\"row-4\">\n\t<td class=\"column-1\">KTJ23-41DG<\/td><td class=\"column-2\">220<\/td><td class=\"column-3\">50<\/td><td class=\"column-4\">750<\/td><td class=\"column-5\">4100<\/td><td class=\"column-6\">460<\/td><td class=\"column-7\">1340<\/td><td class=\"column-8\">65<\/td><td class=\"column-9\">43<\/td>\n<\/tr>\n<tr class=\"row-5\">\n\t<td class=\"column-1\">KTJ22-20G<\/td><td class=\"column-2\">380<\/td><td class=\"column-3\">50<\/td><td class=\"column-4\">250<\/td><td class=\"column-5\">2000<\/td><td class=\"column-6\">430<\/td><td class=\"column-7\">1340<\/td><td class=\"column-8\">55<\/td><td class=\"column-9\">32<\/td>\n<\/tr>\n<tr class=\"row-6\">\n\t<td class=\"column-1\">KTJ23-31G<\/td><td class=\"column-2\">380<\/td><td class=\"column-3\">50<\/td><td class=\"column-4\">550<\/td><td class=\"column-5\">3100<\/td><td class=\"column-6\">440<\/td><td class=\"column-7\">1340<\/td><td class=\"column-8\">61<\/td><td class=\"column-9\">41<\/td>\n<\/tr>\n<tr class=\"row-7\">\n\t<td class=\"column-1\">KTJ23-41G<\/td><td class=\"column-2\">380<\/td><td class=\"column-3\">50<\/td><td class=\"column-4\">750<\/td><td class=\"column-5\">4100<\/td><td class=\"column-6\">460<\/td><td class=\"column-7\">1340<\/td><td class=\"column-8\">65<\/td><td class=\"column-9\">43<\/td>\n<\/tr>\n<tr class=\"row-8\">\n\t<td class=\"column-1\">KTJ28-51G<\/td><td class=\"column-2\">380<\/td><td class=\"column-3\">50<\/td><td class=\"column-4\">750<\/td><td class=\"column-5\">5100<\/td><td class=\"column-6\">300<\/td><td class=\"column-7\">940<\/td><td class=\"column-8\">67<\/td><td class=\"column-9\">60<\/td>\n<\/tr>\n<tr class=\"row-9\">\n\t<td class=\"column-1\">KTJ28-61G<\/td><td class=\"column-2\">380<\/td><td class=\"column-3\">50<\/td><td class=\"column-4\">1100<\/td><td class=\"column-5\">6100<\/td><td class=\"column-6\">410<\/td><td class=\"column-7\">940<\/td><td class=\"column-8\">68<\/td><td class=\"column-9\">70.3<\/td>\n<\/tr>\n<\/tbody>\n<\/table>\n<\/div>\n<\/div>\n<div><\/div>\n<div class=\"woocb\"><a class=\"wocb\" href=\"http:\/\/www.beiaole.com\/wp-content\/uploads\/2025\/08\/d2.3.2.pdf\" target=\"_blank\" rel=\"noopener\">hacerse<\/a><\/div>\n<div><\/div>\n<p><img loading=\"lazy\" decoding=\"async\" class=\"aligncenter wp-image-17241 size-large\" src=\"http:\/\/www.beiaole.com\/wp-content\/uploads\/2025\/08\/x2.3-1024x344.jpg\" alt=\"KTJ Cabinet Fan Series-q1\" width=\"1024\" height=\"344\" data-no-translation=\"\" \/><\/p>","protected":false},"excerpt":{"rendered":"<ul>\n<li>\n<h2>Dise\u00f1o integrado de mueble y conducto:<\/h2>\n<p>\u202fMinimiza\u202fturbulencia\u202fy\u202fvibraci\u00f3n\u202fpara\u202fa\u202fflow ,poderosa\u202fairflow.<\/li>\n<li>\n<h2>Motor de ahorro de energ\u00eda\u202fcobre\u202f:<\/h2>\n<p>\u202fAlta eficiencia\u202fMotor\u202fy\u202fBall\u202fBalazos\u202fproporcionan\u202fbajo\u2011ruido\u202foperaci\u00f3n de larga vida\u2011.<\/li>\n<li>\n<h2>Sistema de filtraci\u00f3n incorporado:<\/h2>\n<p>\u202fCapturas\u202fpolvo,\u202folors\u202fy\u202ffine\u202fpart\u00edculas\u202fantes\u202fair\u202f re\u202fentra\u202fla\u202fla\u202fhabitaci\u00f3n.<\/li>\n<li>\n<h2>Flexible\u202fRendimiento\u202fRango:<\/h2>\n<p>\u202fentrega\u202fentre\u202f<strong>2.000\u202f y 6.100\u202fm\u00b3\/h<\/strong>\u202fFlujo de aire\u202fcon\u202fest\u00e1 est\u00e1tico\u202fpressure\u202fa\u202fa\u202f460\u202fpa.<\/li>\n<li>\n<h2>Operaci\u00f3n tranquila:<\/h2>\n<p>\u202fNivels\u202fNivel\u202fcomo\u202fbajo\u202fcomo\u202f<strong>55\u202f\u2013\u202f68\u202fdB<\/strong>\u202fHazlo\u202fideal\u202fpara\u202fambos\u202fcomercial\u202fy\u202findustrial\u202fajustes.<\/li>\n<li>\n<h2>Construcci\u00f3n de todo-metal:<\/h2>\n<p>\u202fAlto grado\u202fSteel\u202fCabinet\u202fResiste\u202fCorrosi\u00f3n,\u202fpresi\u00f3n\u202fy\u202fdesgaste\u202fbajo\u202fuso pesado.<\/li>\n<li>\n<h2>Mantenimiento simple:<\/h2>\n<p>\u202fInspecci\u00f3n lateral\u202fpuertos\u202fpara\u202ffiltro\u202fmolde\u202fmodificaciones\u202fy\u202fservicio\u202fsin desmontaje\u202fde-series\u202fpuertos\u202fde-inspecci\u00f3n\u202fpuertos\u202fpuertos\u202finspecci\u00f3n\u202fpuertos\u202fpuertos\u202finspecci\u00f3n\u202fpuer.<\/li>\n<li>\n<h2>Durable\u202fy\u202f confiable:<\/h2>\n<p>\u202fDise\u00f1ado\u202fpara\u202fdeber\u202fde-deber\u202fhumid\u202fhumid\u202fenvironments.<\/li>\n<\/ul>\n<hr \/>","protected":false},"featured_media":4699,"comment_status":"open","ping_status":"closed","template":"","meta":{"_acf_changed":false},"product_brand":[],"product_cat":[66],"product_tag":[],"class_list":{"0":"post-4692","1":"product","2":"type-product","3":"status-publish","4":"has-post-thumbnail","6":"product_cat-cabinet-fan","8":"first","9":"instock","10":"taxable","11":"shipping-taxable","12":"purchasable","13":"product-type-variable","14":"has-default-attributes"},"acf":[],"_links":{"self":[{"href":"https:\/\/www.ecvents.com\/es\/wp-json\/wp\/v2\/product\/4692","targetHints":{"allow":["GET"]}}],"collection":[{"href":"https:\/\/www.ecvents.com\/es\/wp-json\/wp\/v2\/product"}],"about":[{"href":"https:\/\/www.ecvents.com\/es\/wp-json\/wp\/v2\/types\/product"}],"replies":[{"embeddable":true,"href":"https:\/\/www.ecvents.com\/es\/wp-json\/wp\/v2\/comments?post=4692"}],"wp:featuredmedia":[{"embeddable":true,"href":"https:\/\/www.ecvents.com\/es\/wp-json\/wp\/v2\/media\/4699"}],"wp:attachment":[{"href":"https:\/\/www.ecvents.com\/es\/wp-json\/wp\/v2\/media?parent=4692"}],"wp:term":[{"taxonomy":"product_brand","embeddable":true,"href":"https:\/\/www.ecvents.com\/es\/wp-json\/wp\/v2\/product_brand?post=4692"},{"taxonomy":"product_cat","embeddable":true,"href":"https:\/\/www.ecvents.com\/es\/wp-json\/wp\/v2\/product_cat?post=4692"},{"taxonomy":"product_tag","embeddable":true,"href":"https:\/\/www.ecvents.com\/es\/wp-json\/wp\/v2\/product_tag?post=4692"}],"curies":[{"name":"pp","href":"https:\/\/api.w.org\/{rel}","templated":true}]}}