{"id":4704,"date":"2026-03-19T06:03:40","date_gmt":"2026-03-19T11:03:40","guid":{"rendered":"https:\/\/www.ecvents.com\/?post_type=product&#038;p=4704"},"modified":"2026-03-19T06:04:04","modified_gmt":"2026-03-19T11:04:04","slug":"ventilador-de-caja-de-gabinete","status":"publish","type":"product","link":"https:\/\/www.ecvents.com\/es\/product\/ventilador-de-caja-de-gabinete\/","title":{"rendered":"Ventilador de caja de gabinete"},"content":{"rendered":"<div class=\"someee\">\n<h2><strong>Flujo de aire duro. Confianza tranquila. Construido para cocinas reales.<\/strong><\/h2>\n<p>los\u00a0<strong>Gabinete\u202fBox\u202fFan<\/strong>\u00a0Fueron hechos para las cocinas que nunca se desaceleran\u202f\u2014\u202fdonde el calor, el vapor y el ruido forman parte del ritmo diario. Es un ventilador construido para durar, construido para permanecer en silencio y construido para hacer que la limpieza del aire sea una cosa menos de qu\u00e9 preocuparse.<\/p>\n<p>En su n\u00facleo es un\u00a0<strong>Rueda de loto\u202fhoja\u202f en forma de \u202fFan\u202f<\/strong>, recubierto con un\u00a0<strong>Capa nano\u202fanti-aceite<\/strong>\u00a0que repele la grasa y la acumulaci\u00f3n. Este ingenioso dise\u00f1o mantiene el flujo de aire limpio y consistente, eliminando la desaceleraci\u00f3n que se deriva de los residuos con el tiempo. El resultado es un cambio de rendimiento claro y potente, d\u00eda tras d\u00eda.<\/p>\n<p>los\u00a0<strong>Sellado\u202ftodo\u2011cobre\u202fmotor\u202fcon\u202fIP54\u202fprotecci\u00f3n<\/strong>\u00a0Se mantiene fuerte contra el calor, la humedad y el aceite. Es resistente, estable y est\u00e1 dise\u00f1ado para manejar la operaci\u00f3n sin parar en entornos exigentes. La carcasa es igualmente confiable: un gabinete de metal de calibre pesado revestido con\u00a0<strong>Paneles absorbentes de sonido<\/strong>\u00a0En ambos lados para mantener el ruido c\u00f3modamente bajo, reduciendo el zumbido de fondo para que las cocinas se mantengan enfocadas sin distracciones.<\/p>\n<p>La practicidad se construye desde todos los \u00e1ngulos:\u00a0<strong>Doble\u202fInspecci\u00f3n\u202fPuertas<\/strong>\u00a0Haga que el mantenimiento sea r\u00e1pido y sencillo, sin herramientas, sin desmontaje.\u202f Y cuando llega el momento de la limpieza,\u00a0<strong>Drenajes integrados de aceite y agua<\/strong>\u00a0En la base, haga que los lavados sean f\u00e1ciles de usar, manteniendo el sistema limpio y listo para la pr\u00f3xima carrera.<\/p>\n<p>Durable, eficiente e inteligentemente dise\u00f1ado, el gabinete\u202fBox\u202fFan\u202fFan\u202fFunrecta silenciosamente en el fondo, haciendo exactamente lo que necesita\u202f\u2014\u202fventilando el aire potente, limpiando el humo y manteniendo el aire de la cocina c\u00f3modo y transpirable.<\/p>\n<\/div>\n<hr \/>\n<p>Dimensiones (unidad: mm):<\/p>\n<div class=\"scroll-table-wrapper\">\n<div class=\"scroll-table\">\n<table id=\"tablepress-22\" class=\"tablepress tablepress-id-22\">\n<thead>\n<tr class=\"row-1\">\n\t<th class=\"column-1\">modelo<\/th><th class=\"column-2\">L<\/th><th class=\"column-3\">L1<\/th><th class=\"column-4\">W<\/th><th class=\"column-5\">w1<\/th><th class=\"column-6\">H<\/th><th class=\"column-7\">H1<\/th><th class=\"column-8\">D1<\/th><th class=\"column-9\">F<\/th><th class=\"column-10\">Tama\u00f1o de salida de aire<br \/>\n(AXB)<\/th><th class=\"column-11\">Tama\u00f1o de entrada de aire<br \/>\n(CXD)<\/th>\n<\/tr>\n<\/thead>\n<tbody class=\"row-striping row-hover\">\n<tr class=\"row-2\">\n\t<td class=\"column-1\">KTJ25-20DT<\/td><td class=\"column-2\">510<\/td><td class=\"column-3\">473<\/td><td class=\"column-4\">429<\/td><td class=\"column-5\">468<\/td><td class=\"column-6\">376<\/td><td class=\"column-7\">36<\/td><td class=\"column-8\">51<\/td><td class=\"column-9\">25<\/td><td class=\"column-10\">270x280<\/td><td class=\"column-11\">270x270<\/td>\n<\/tr>\n<tr class=\"row-3\">\n\t<td class=\"column-1\">KTJ25-31DT<\/td><td class=\"column-2\">580<\/td><td class=\"column-3\">543<\/td><td class=\"column-4\">500<\/td><td class=\"column-5\">540<\/td><td class=\"column-6\">376<\/td><td class=\"column-7\">36<\/td><td class=\"column-8\">51<\/td><td class=\"column-9\">25<\/td><td class=\"column-10\">300\u00d7280<\/td><td class=\"column-11\">335\u00d7312<\/td>\n<\/tr>\n<tr class=\"row-4\">\n\t<td class=\"column-1\">KTJ25-41DT<\/td><td class=\"column-2\">580<\/td><td class=\"column-3\">543<\/td><td class=\"column-4\">500<\/td><td class=\"column-5\">540<\/td><td class=\"column-6\">376<\/td><td class=\"column-7\">36<\/td><td class=\"column-8\">51<\/td><td class=\"column-9\">25<\/td><td class=\"column-10\">300x280<\/td><td class=\"column-11\">335x312<\/td>\n<\/tr>\n<\/tbody>\n<\/table>\n<!-- #tablepress-22 from cache --><\/div>\n<\/div>\n<div><\/div>\n<div class=\"woocb\"><a class=\"wocb\" href=\"http:\/\/www.beiaole.com\/wp-content\/uploads\/2025\/09\/d2.4.1.pdf\" target=\"_blank\" rel=\"noopener\">hacerse<\/a><\/div>\n<div><\/div>\n<p><img loading=\"lazy\" decoding=\"async\" class=\"aligncenter wp-image-16013 size-large\" src=\"http:\/\/www.beiaole.com\/wp-content\/uploads\/2025\/08\/s2.4-1024x756.png\" alt=\"Cabinet Box Fan-size\" width=\"1024\" height=\"756\" data-no-translation=\"\" \/><br \/>\nRendimiento:<\/p>\n<div class=\"scroll-table-wrapper\">\n<div class=\"scroll-table\">\n<table id=\"tablepress-23\" class=\"tablepress tablepress-id-23\">\n<thead>\n<tr class=\"row-1\">\n\t<th class=\"column-1\">modelo<\/th><th class=\"column-2\">Voltaje (V)<\/th><th class=\"column-3\">Frecuencia (Hz)<\/th><th class=\"column-4\">velocidad<\/th><th class=\"column-5\">Poder (W)<\/th><th class=\"column-6\">Flujo de aire(m\u00b3\/h)<\/th><th class=\"column-7\">Presi\u00f3n est\u00e1tica (Pa)<\/th><th class=\"column-8\">Ruido (dB)<\/th><th class=\"column-9\">N.m. (kg)<\/th>\n<\/tr>\n<\/thead>\n<tbody class=\"row-striping row-hover\">\n<tr class=\"row-2\">\n\t<td class=\"column-1\">KTJ25-20DT<\/td><td class=\"column-2\">220<\/td><td class=\"column-3\">50<\/td><td class=\"column-4\">h\/l<\/td><td class=\"column-5\">470\/345<\/td><td class=\"column-6\">2000\/1600<\/td><td class=\"column-7\">395\/350<\/td><td class=\"column-8\">49\/46<\/td><td class=\"column-9\">20<\/td>\n<\/tr>\n<tr class=\"row-3\">\n\t<td class=\"column-1\">KTJ25-31DT<\/td><td class=\"column-2\">220<\/td><td class=\"column-3\">50<\/td><td class=\"column-4\">h\/l<\/td><td class=\"column-5\">480\/427<\/td><td class=\"column-6\">3000\/2600<\/td><td class=\"column-7\">410\/385<\/td><td class=\"column-8\">57\/54<\/td><td class=\"column-9\">24<\/td>\n<\/tr>\n<tr class=\"row-4\">\n\t<td class=\"column-1\">KTJ25-41DT<\/td><td class=\"column-2\">220<\/td><td class=\"column-3\">50<\/td><td class=\"column-4\">h\/l<\/td><td class=\"column-5\">510\/457<\/td><td class=\"column-6\">4000\/3600<\/td><td class=\"column-7\">445\/390<\/td><td class=\"column-8\">62\/60<\/td><td class=\"column-9\">25<\/td>\n<\/tr>\n<\/tbody>\n<\/table>\n<!-- #tablepress-23 from cache --><\/div>\n<\/div>\n<div><\/div>\n<div class=\"woocb\"><a class=\"wocb\" href=\"http:\/\/www.beiaole.com\/wp-content\/uploads\/2025\/09\/d2.4.2.pdf\" target=\"_blank\" rel=\"noopener\">hacerse<\/a><\/div>\n<div><\/div>\n<p><img loading=\"lazy\" decoding=\"async\" class=\"aligncenter wp-image-17245 size-large\" src=\"http:\/\/www.beiaole.com\/wp-content\/uploads\/2025\/08\/x2.4-1024x356.jpg\" alt=\"Cabinet Box Fan-q1\" width=\"1024\" height=\"356\" data-no-translation=\"\" \/><\/p>","protected":false},"excerpt":{"rendered":"<ul>\n<li>\n<h2>Rueda de ventilador resistente a la grasa:<\/h2>\n<p>\u202fLotus\u2011Leaf\u202fdise\u00f1o\u202fcon\u202fnano\u2011revestimiento\u202frepels\u202faceite\u202fbuildup,\u202fmantiene\u202fflow\u202fairflow\u202faire flow,\u202fy\u202freduce\u202flimpieza\u202ftiempo.<\/li>\n<li>\n<h2>Motor sellado\u202fcobre\u202f:<\/h2>\n<p>\u202fIP54\u2011Ratrizado\u202fMotor\u202fCorre\u202fRavemente\u202fy\u202fconfiablemente\u202fen\u202fhumedad,\u202foilmente,\u202fo\u202falta temperatura\u202fen condiciones de cocina.<\/li>\n<li>\n<h2>Potente\u202fRendimiento:<\/h2>\n<p>\u202fFlujo de aire\u202fa\u202fa\u202f4,000\u202fm\u00b3\/h\u202fy\u202fest\u00e1 est\u00e1tico\u202fprepresi\u00f3n\u202fhacia\u202f445\u202fpa\u202fpara\u202facross\u202facross\u202fvariles\u202fa- 445\u202fpa\u202fa- 445\u202fpa\u202fa- 445\u202fpa\u202fa- 445\u202fpa\u202fa- 445\u202fpa\u202fa- 445\u202fpa\u202fa- 445\u202fpa\u202fpa\u202fa- 445\u202f.<\/li>\n<li>\n<h2>Operaci\u00f3n de bajo ruido:<\/h2>\n<p>\u202fSonido-absorbiendo\u202fpanels\u202fen\u202fambos\u202flados\u202freducir\u202fnoise\u202fa\u202fcomo\u202flittle\u202fas\u202f46\u202f\u2013\u202f62\u202fDB\u202fA\u202fAmbiente\u202fm\u00e1s\u202fambiente\u202fm\u00e1s\u202fambiente\u202f----------------------------------------------------------------------------------------------------.<\/li>\n<li>\n<h2>F\u00e1cil\u202fmantenimiento:<\/h2>\n<p>\u202fDual\u202fInspecci\u00f3n\u202fpuertas\u202fPermiten\u202fr\u00e1pido\u202facceso,\u202fy\u202fconstruido\u2011en\u202faceite\u202fy\u202fagua\u202fdrena\u202fsimplifique\u202flimpiar\u202f.<\/li>\n<li>\n<h2>Durabilidad de larga vida:<\/h2>\n<p>\u202fTodo Met\u00e1lico\u202fConstrucci\u00f3n\u202fResiste\u202fCorrosi\u00f3n,\u202fVibraci\u00f3n\u202fy\u202ffatiga\u202fpara\u202fDeber\u202fDeber\u202fen\u202fen\u202fajustes comerciales\u202fen\u202fcomercial\u202ffatiga\u202fpara\u202fdeber\u202fdeber\u202fcontinuo\u202fdeber\u202fen\u202fcomercial\u202fajustes.<\/li>\n<li>\n<h2>Dise\u00f1o de caja compacta:<\/h2>\n<p>\u202fOptimizado\u202fpara\u202fEficiente\u202fAir\u202fDistribuci\u00f3n\u202f mientras\u202fajustar\u202fen\u202fespacios\u202fmec\u00e1nicos\u202fajustados\u202fmec\u00e1nicos\u202fajustados.<\/li>\n<\/ul>\n<hr \/>","protected":false},"featured_media":4730,"comment_status":"open","ping_status":"closed","template":"","meta":{"_acf_changed":false},"product_brand":[],"product_cat":[66],"product_tag":[],"class_list":{"0":"post-4704","1":"product","2":"type-product","3":"status-publish","4":"has-post-thumbnail","6":"product_cat-cabinet-fan","8":"first","9":"instock","10":"taxable","11":"shipping-taxable","12":"purchasable","13":"product-type-variable","14":"has-default-attributes"},"acf":[],"_links":{"self":[{"href":"https:\/\/www.ecvents.com\/es\/wp-json\/wp\/v2\/product\/4704","targetHints":{"allow":["GET"]}}],"collection":[{"href":"https:\/\/www.ecvents.com\/es\/wp-json\/wp\/v2\/product"}],"about":[{"href":"https:\/\/www.ecvents.com\/es\/wp-json\/wp\/v2\/types\/product"}],"replies":[{"embeddable":true,"href":"https:\/\/www.ecvents.com\/es\/wp-json\/wp\/v2\/comments?post=4704"}],"wp:featuredmedia":[{"embeddable":true,"href":"https:\/\/www.ecvents.com\/es\/wp-json\/wp\/v2\/media\/4730"}],"wp:attachment":[{"href":"https:\/\/www.ecvents.com\/es\/wp-json\/wp\/v2\/media?parent=4704"}],"wp:term":[{"taxonomy":"product_brand","embeddable":true,"href":"https:\/\/www.ecvents.com\/es\/wp-json\/wp\/v2\/product_brand?post=4704"},{"taxonomy":"product_cat","embeddable":true,"href":"https:\/\/www.ecvents.com\/es\/wp-json\/wp\/v2\/product_cat?post=4704"},{"taxonomy":"product_tag","embeddable":true,"href":"https:\/\/www.ecvents.com\/es\/wp-json\/wp\/v2\/product_tag?post=4704"}],"curies":[{"name":"pp","href":"https:\/\/api.w.org\/{rel}","templated":true}]}}