{"id":4708,"date":"2026-03-19T06:03:40","date_gmt":"2026-03-19T11:03:40","guid":{"rendered":"https:\/\/www.ecvents.com\/?post_type=product&#038;p=4708"},"modified":"2026-03-19T06:04:04","modified_gmt":"2026-03-19T11:04:04","slug":"serie-en-linea","status":"publish","type":"product","link":"https:\/\/www.ecvents.com\/es\/product\/serie-en-linea\/","title":{"rendered":"Serie en l\u00ednea"},"content":{"rendered":"<div class=\"someee\">\n<h2><strong>Flujo de aire constante. Eficiencia tranquila. Construido para la ventilaci\u00f3n diaria.<\/strong><\/h2>\n<p>los\u00a0<strong>En l\u00ednea\u202fSeries\u202fFan<\/strong>\u00a0Es uno de esos elementos esenciales silenciosos que simplemente mantiene todo en equilibrio. Se mueve el aire de manera constante, funciona de manera eficiente y se mezcla con el fondo, el tipo de equipo que funciona todos los d\u00edas sin necesidad de atenci\u00f3n.<\/p>\n<p>En su n\u00facleo es un\u00a0<strong>todo\u2011cobre\u202fmotor<\/strong>, dise\u00f1ado con precisi\u00f3n para un equilibrio constante de ahorro de energ\u00eda y energ\u00eda. empparejo\u00a0<strong>Cojinetes de alta calidad<\/strong>, opera suave y silenciosamente, produciendo solo un suave zumbido que se desvanece en el fondo. El dise\u00f1o integrado de motor y de conducto de aire reduce la vibraci\u00f3n y la turbulencia, creando\u202flimpia,\u202festable\u202fflow\u202fcon\u202fpresion alta\u202f y\u202fmin\u00fasidad\u202fenerg\u00eda\u202fperdidas.<\/p>\n<p>construido a partir de\u00a0<strong>Acero grueso, de alto grado<\/strong>, el cuerpo es s\u00f3lido y resistente. Resiste la flexi\u00f3n, la corrosi\u00f3n y el desgaste\u202f\u2014\u202fConstruido para soportar la operaci\u00f3n continua\u202fen\u202fhumid\u202fo\u202findustrial\u202fambiente.\u202f El \u202fcompacto,\u202ftrabajar\u2011construir\u202fdelivers\u202ffuerte\u202fsin\u202fbull,\u202fhacer\u202flo\u202fcomo\u202ff\u00e1cil\u202finstalar\u202fcomo\u202fes\u202fhay\u202fmantener.<\/p>\n<p>Disponible en \u202fdimensiones m\u00faltiples,\u202fla serie\u202f en\u2011line\u202fseries\u202fadapta\u202fa\u202fprojects\u202fof\u202fall \u202f kinds\u202f\u2014\u202fde\u202fapartment\u202fventility\u202fy\u202foffice\u202f\u202f\u202f \u202f \u202f \u202f \u202f \u202f \u202f \u202f \u202f \u202f \u202f \u202f \u202f \u202f \u202f \u202f \u202f \u202f \u202f \u202f \u202f \u202f \u202f \u202f \u202f \u202f \u202f \u202f \u202f \u202f \u202f \u202f \u202f \u202f \u202f \u202f \u202f \u202f \u202f \u202f \u202f \u202f  Su estructura optimizada asegura que se asegura que sea potente y silencioso.<\/p>\n<p>Sencillo, tranquilo y confiable\u202f\u2014\u202fla\u202fla\u202fline\u202fseries\u202ffan\u202f no se trata de mostrar\u202f off. Se trata de \"mantener\" el aire que fluye, \"derecho\", \"d\u00eda\" despu\u00e9s de \u202fd\u00eda.<\/p>\n<\/div>\n<hr \/>\n<p>Dimensiones (unidad: mm):<\/p>\n<div class=\"scroll-table-wrapper\">\n<div class=\"scroll-table\">\n<table id=\"tablepress-26\" class=\"tablepress tablepress-id-26\">\n<thead>\n<tr class=\"row-1\">\n\t<th class=\"column-1\">modelo<\/th><th class=\"column-2\">L<\/th><th class=\"column-3\">L1<\/th><th class=\"column-4\">L2<\/th><th class=\"column-5\">W<\/th><th class=\"column-6\">w1<\/th><th class=\"column-7\">H<\/th><th class=\"column-8\">H1<\/th><th class=\"column-9\">E<\/th><th class=\"column-10\">I<\/th>\n<\/tr>\n<\/thead>\n<tbody class=\"row-striping row-hover\">\n<tr class=\"row-2\">\n\t<td class=\"column-1\">DPT10-11<\/td><td class=\"column-2\">246<\/td><td class=\"column-3\">181<\/td><td class=\"column-4\">122.5<\/td><td class=\"column-5\">206<\/td><td class=\"column-6\">111.5<\/td><td class=\"column-7\">194<\/td><td class=\"column-8\">139<\/td><td class=\"column-9\">98<\/td><td class=\"column-10\">98<\/td>\n<\/tr>\n<tr class=\"row-3\">\n\t<td class=\"column-1\">DPT10-11F<\/td><td class=\"column-2\">246<\/td><td class=\"column-3\">181<\/td><td class=\"column-4\">122.5<\/td><td class=\"column-5\">206<\/td><td class=\"column-6\">111.5<\/td><td class=\"column-7\">194<\/td><td class=\"column-8\">139<\/td><td class=\"column-9\">98<\/td><td class=\"column-10\">98<\/td>\n<\/tr>\n<tr class=\"row-4\">\n\t<td class=\"column-1\">DPT15-34<\/td><td class=\"column-2\">306<\/td><td class=\"column-3\">230<\/td><td class=\"column-4\">122.5<\/td><td class=\"column-5\">247<\/td><td class=\"column-6\">141.5<\/td><td class=\"column-7\">259<\/td><td class=\"column-8\">176<\/td><td class=\"column-9\">\u03c6150<\/td><td class=\"column-10\">\u03c6150<\/td>\n<\/tr>\n<tr class=\"row-5\">\n\t<td class=\"column-1\">DPT15-34F<\/td><td class=\"column-2\">306<\/td><td class=\"column-3\">230<\/td><td class=\"column-4\">122.5<\/td><td class=\"column-5\">247<\/td><td class=\"column-6\">141.5<\/td><td class=\"column-7\">259<\/td><td class=\"column-8\">176<\/td><td class=\"column-9\">\u03c6150<\/td><td class=\"column-10\">\u03c6150<\/td>\n<\/tr>\n<tr class=\"row-6\">\n\t<td class=\"column-1\">DPT20-45F<\/td><td class=\"column-2\">369<\/td><td class=\"column-3\">297<\/td><td class=\"column-4\">170<\/td><td class=\"column-5\">290<\/td><td class=\"column-6\">185.5<\/td><td class=\"column-7\">325<\/td><td class=\"column-8\">220<\/td><td class=\"column-9\">200<\/td><td class=\"column-10\">200<\/td>\n<\/tr>\n<tr class=\"row-7\">\n\t<td class=\"column-1\">DPT20-65F<\/td><td class=\"column-2\">369<\/td><td class=\"column-3\">297<\/td><td class=\"column-4\">170<\/td><td class=\"column-5\">290<\/td><td class=\"column-6\">185.5<\/td><td class=\"column-7\">325<\/td><td class=\"column-8\">220<\/td><td class=\"column-9\">200<\/td><td class=\"column-10\">200<\/td>\n<\/tr>\n<tr class=\"row-8\">\n\t<td class=\"column-1\">DPT20-75<\/td><td class=\"column-2\">403<\/td><td class=\"column-3\">331<\/td><td class=\"column-4\">198<\/td><td class=\"column-5\">323<\/td><td class=\"column-6\">226<\/td><td class=\"column-7\">362<\/td><td class=\"column-8\">295<\/td><td class=\"column-9\">200<\/td><td class=\"column-10\">200<\/td>\n<\/tr>\n<\/tbody>\n<\/table>\n<!-- #tablepress-26 from cache --><\/div>\n<\/div>\n<div><\/div>\n<div class=\"woocb\"><a class=\"wocb\" href=\"http:\/\/www.beiaole.com\/wp-content\/uploads\/2025\/09\/d3.2.1.pdf\" target=\"_blank\" rel=\"noopener\">hacerse<\/a><\/div>\n<div><\/div>\n<p><img loading=\"lazy\" decoding=\"async\" class=\"aligncenter wp-image-16164 size-large\" src=\"http:\/\/www.beiaole.com\/wp-content\/uploads\/2025\/08\/s3.2-1024x450.png\" alt=\"In-Line Series-size\" width=\"1024\" height=\"450\" data-no-translation=\"\" \/><br \/>\nRendimiento:<\/p>\n<div class=\"scroll-table-wrapper\">\n<div class=\"scroll-table\">\n<table id=\"tablepress-27\" class=\"tablepress tablepress-id-27\">\n<thead>\n<tr class=\"row-1\">\n\t<th class=\"column-1\">modelo<\/th><th class=\"column-2\">Voltaje (V)<\/th><th class=\"column-3\">Frecuencia (Hz)<\/th><th class=\"column-4\">velocidad<\/th><th class=\"column-5\">Poder (W)<\/th><th class=\"column-6\">Flujo de aire(m\u00b3\/h)<\/th><th class=\"column-7\">Presi\u00f3n est\u00e1tica (Pa)<\/th><th class=\"column-8\">Ruido (dB)<\/th><th class=\"column-9\">Tama\u00f1o del conducto (mm)<\/th><th class=\"column-10\">\u00c1rea de aplicaci\u00f3n (m\u00b2)<\/th><th class=\"column-11\">N.m. (kg)<\/th><th class=\"column-12\">Caja\/pieza<\/th>\n<\/tr>\n<\/thead>\n<tbody class=\"row-striping row-hover\">\n<tr class=\"row-2\">\n\t<td class=\"column-1\">DPT10-11<\/td><td class=\"column-2\">220<\/td><td class=\"column-3\">50<\/td><td class=\"column-4\">h\/l<\/td><td class=\"column-5\">28\/23<\/td><td class=\"column-6\">150\/100<\/td><td class=\"column-7\">65\/55<\/td><td class=\"column-8\">40\/35<\/td><td class=\"column-9\">\u03c6100<\/td><td class=\"column-10\">6-10<\/td><td class=\"column-11\">2.3<\/td><td class=\"column-12\">8<\/td>\n<\/tr>\n<tr class=\"row-3\">\n\t<td class=\"column-1\">DPT10-11F<\/td><td class=\"column-2\">220<\/td><td class=\"column-3\">50<\/td><td class=\"column-4\">h\/l<\/td><td class=\"column-5\">30\/26<\/td><td class=\"column-6\">250\/180<\/td><td class=\"column-7\">106\/80<\/td><td class=\"column-8\">45\/40<\/td><td class=\"column-9\">\u03c6100<\/td><td class=\"column-10\">10-12<\/td><td class=\"column-11\">2.3<\/td><td class=\"column-12\">8<\/td>\n<\/tr>\n<tr class=\"row-4\">\n\t<td class=\"column-1\">DPT15-34<\/td><td class=\"column-2\">220<\/td><td class=\"column-3\">50<\/td><td class=\"column-4\">h\/l<\/td><td class=\"column-5\">33\/27<\/td><td class=\"column-6\">400\/300<\/td><td class=\"column-7\">127\/120<\/td><td class=\"column-8\">42\/38<\/td><td class=\"column-9\">\u03c6150<\/td><td class=\"column-10\">10-25<\/td><td class=\"column-11\">3.5<\/td><td class=\"column-12\">4<\/td>\n<\/tr>\n<tr class=\"row-5\">\n\t<td class=\"column-1\">DPT15-34F<\/td><td class=\"column-2\">220<\/td><td class=\"column-3\">50<\/td><td class=\"column-4\">h\/l<\/td><td class=\"column-5\">70\/53<\/td><td class=\"column-6\">600\/500<\/td><td class=\"column-7\">170\/150<\/td><td class=\"column-8\">46\/42<\/td><td class=\"column-9\">\u03c6150<\/td><td class=\"column-10\">10-25<\/td><td class=\"column-11\">4.6<\/td><td class=\"column-12\">4<\/td>\n<\/tr>\n<tr class=\"row-6\">\n\t<td class=\"column-1\">DPT20-45F<\/td><td class=\"column-2\">220<\/td><td class=\"column-3\">50<\/td><td class=\"column-4\">h\/l<\/td><td class=\"column-5\">120\/106<\/td><td class=\"column-6\">900\/750<\/td><td class=\"column-7\">207\/190<\/td><td class=\"column-8\">48\/46<\/td><td class=\"column-9\">200<\/td><td class=\"column-10\">25-38<\/td><td class=\"column-11\">7.8<\/td><td class=\"column-12\">1<\/td>\n<\/tr>\n<tr class=\"row-7\">\n\t<td class=\"column-1\">DPT20-65F<\/td><td class=\"column-2\">220<\/td><td class=\"column-3\">50<\/td><td class=\"column-4\">h\/l<\/td><td class=\"column-5\">190\/180<\/td><td class=\"column-6\">1500\/1350<\/td><td class=\"column-7\">220\/200<\/td><td class=\"column-8\">52\/50<\/td><td class=\"column-9\">200<\/td><td class=\"column-10\">48-80<\/td><td class=\"column-11\">8.5<\/td><td class=\"column-12\">1<\/td>\n<\/tr>\n<tr class=\"row-8\">\n\t<td class=\"column-1\">DPT20-75<\/td><td class=\"column-2\">220<\/td><td class=\"column-3\">50<\/td><td class=\"column-4\">h\/l<\/td><td class=\"column-5\">270\/265<\/td><td class=\"column-6\">2100\/1800<\/td><td class=\"column-7\">380\/290<\/td><td class=\"column-8\">62\/55<\/td><td class=\"column-9\">200<\/td><td class=\"column-10\">80-90<\/td><td class=\"column-11\">10.5<\/td><td class=\"column-12\">1<\/td>\n<\/tr>\n<\/tbody>\n<\/table>\n<!-- #tablepress-27 from cache --><\/div>\n<\/div>\n<div><\/div>\n<div class=\"woocb\"><a class=\"wocb\" href=\"http:\/\/www.beiaole.com\/wp-content\/uploads\/2025\/09\/d3.2.2.pdf\" target=\"_blank\" rel=\"noopener\">hacerse<\/a><\/div>\n<div><\/div>\n<p><img loading=\"lazy\" decoding=\"async\" class=\"aligncenter wp-image-17253 size-large\" src=\"http:\/\/www.beiaole.com\/wp-content\/uploads\/2025\/08\/x3.2-1024x304.jpg\" alt=\"In-Line Series-q1\" width=\"1024\" height=\"304\" data-no-translation=\"\" \/><\/p>","protected":false},"excerpt":{"rendered":"<ul>\n<li>\n<h2>Motor de ahorro de energ\u00eda\u202fcobre\u202f:<\/h2>\n<p>\u202fTodo\u2011core\u202fcon-core\u202fcon rodamientos\u202falta precisi\u00f3n\u202fasegura\u202ftranquiet,\u202feficiente\u202foperaci\u00f3n.<\/li>\n<li>\n<h2>Estructura de una sola pieza\u202faire\u202fconducto:<\/h2>\n<p>\u202fAgilizado\u202fmotor\u202fy\u202fcase\u202fdise\u00f1o\u202freduce\u202fresistencia\u202fpara\u202fflow\u202ffrudar de aire.<\/li>\n<li>\n<h2>Construcci\u00f3n de todo-metal:<\/h2>\n<p>\u202fEspesor\u202fTeel\u202fHousing\u202fResiste\u202fOxidar,\u202fVibraci\u00f3n\u202fE\u202fImpacto\u202f Para\u202fLarga\u202fDurabilidad\u202fa largo plazo\u202fDurabilidad.<\/li>\n<li>\n<h2>Alto rendimiento del aire:<\/h2>\n<p>\u202fDelivers\u202fFlujo de aire\u202fde\u202f150\u202fa\u202f2,100\u202fm\u00b3\/h\u202fy\u202fpresi\u00f3n\u202farriba\u202fa\u202f380\u202fpa\u202fover\u202fconducto largo\u202f distancias.<\/li>\n<li>\n<h2>Operaci\u00f3n tranquila:<\/h2>\n<p>\u202fOptimizado\u202fImpeller\u202fDin\u00e1mica\u202fKeep\u202fNoise\u202fBajo\u202f62\u202fDB\u202fDependiendo\u202fModelo\u202fModelo\u202fy\u202fVelocidad.<\/li>\n<li>\n<h2>Control de velocidad dual:<\/h2>\n<p>\u202fAlto\u202f\/\u202fbajo\u202fGears\u202fPermitir\u202fAjuste manual\u202fpara\u202fcoincide\u202fespacio\u202f y\u202fest\u00e1s\u202frequisitos estacionales.<\/li>\n<li>\n<h2>Compacto y flexible:<\/h2>\n<p>\u202fSe ajusta\u202f conducto\u202fdimensiones\u202fde\u202f\u00f8100\u202fa\u202f\u00d8200\u202fmm,\u202fideal\u202fpara\u202fsi sistemas residenciales\u202f o\u202fcomerciales\u202f \u202f \u202f \u202f \u202f \u202f \u202f 100 \u202f \u202f \u202f \u202f \u202f \u202f 100 \u202f \u202f \u202f \u202f \u202f \u202f \u202f \u202f .<\/li>\n<li>\n<h2>Bajo mantenimiento:<\/h2>\n<p>\u202fSimple\u202fInstalaci\u00f3n\u202fy\u202faccesible\u202fcomponentes\u202fhacer\u202flimpieza\u202fy\u202fservicio\u202fservicio\u202flimpieza f\u00e1cil.<\/li>\n<\/ul>\n<hr \/>","protected":false},"featured_media":4731,"comment_status":"open","ping_status":"closed","template":"","meta":{"_acf_changed":false},"product_brand":[],"product_cat":[27],"product_tag":[],"class_list":{"0":"post-4708","1":"product","2":"type-product","3":"status-publish","4":"has-post-thumbnail","6":"product_cat-inline-duct-fan","8":"first","9":"instock","10":"taxable","11":"shipping-taxable","12":"purchasable","13":"product-type-variable","14":"has-default-attributes"},"acf":[],"_links":{"self":[{"href":"https:\/\/www.ecvents.com\/es\/wp-json\/wp\/v2\/product\/4708","targetHints":{"allow":["GET"]}}],"collection":[{"href":"https:\/\/www.ecvents.com\/es\/wp-json\/wp\/v2\/product"}],"about":[{"href":"https:\/\/www.ecvents.com\/es\/wp-json\/wp\/v2\/types\/product"}],"replies":[{"embeddable":true,"href":"https:\/\/www.ecvents.com\/es\/wp-json\/wp\/v2\/comments?post=4708"}],"wp:featuredmedia":[{"embeddable":true,"href":"https:\/\/www.ecvents.com\/es\/wp-json\/wp\/v2\/media\/4731"}],"wp:attachment":[{"href":"https:\/\/www.ecvents.com\/es\/wp-json\/wp\/v2\/media?parent=4708"}],"wp:term":[{"taxonomy":"product_brand","embeddable":true,"href":"https:\/\/www.ecvents.com\/es\/wp-json\/wp\/v2\/product_brand?post=4708"},{"taxonomy":"product_cat","embeddable":true,"href":"https:\/\/www.ecvents.com\/es\/wp-json\/wp\/v2\/product_cat?post=4708"},{"taxonomy":"product_tag","embeddable":true,"href":"https:\/\/www.ecvents.com\/es\/wp-json\/wp\/v2\/product_tag?post=4708"}],"curies":[{"name":"pp","href":"https:\/\/api.w.org\/{rel}","templated":true}]}}