{"id":4716,"date":"2026-03-19T06:03:41","date_gmt":"2026-03-19T11:03:41","guid":{"rendered":"https:\/\/www.ecvents.com\/?post_type=product&#038;p=4716"},"modified":"2026-03-19T06:04:04","modified_gmt":"2026-03-19T11:04:04","slug":"serie-en-linea-2-maneras","status":"publish","type":"product","link":"https:\/\/www.ecvents.com\/es\/product\/serie-en-linea-2-maneras\/","title":{"rendered":"Serie en l\u00ednea 2 maneras"},"content":{"rendered":"<div class=\"someee\">\n<h2><strong>Caudal doble. Poder constante. Construido para ventilaci\u00f3n continua.<\/strong><\/h2>\n<p>los\u00a0<strong>En-Line\u202fSeries\u202f2\u202fWays\u202fFan<\/strong>\u00a0Est\u00e1 dise\u00f1ado para mantener el aire en movimiento suave y silenciosamente a trav\u00e9s de largos tramos de conductos: compacto en tama\u00f1o, s\u00f3lido en construcci\u00f3n y eficiente en cada detalle. Es el tipo de equipo de ventilaci\u00f3n que funciona de forma silenciosa en segundo plano, proporcionando un flujo de aire confiable d\u00eda tras d\u00eda sin llamar la atenci\u00f3n.<\/p>\n<p>En su n\u00facleo, un\u00a0<strong>Todo\u2011cobre\u202fahorro de energ\u00eda\u202fmotor\u202f<\/strong>\u00a0empparejo\u00a0<strong>Cojinetes de alta calidad<\/strong>\u00a0Asegura un funcionamiento suave y de bajo ruido y una longevidad excepcional. El motor, el impulsor y el conducto de aire est\u00e1n dise\u00f1ados como una \u00fanica estructura aerodin\u00e1mica, lo que permite que el aire se mueva libremente con una resistencia m\u00ednima. Esta integraci\u00f3n precisa no solo reduce la vibraci\u00f3n, sino que tambi\u00e9n mantiene un rendimiento estable y un menor uso de energ\u00eda a lo largo de su vida \u00fatil.<\/p>\n<p>construido a partir de\u00a0<strong>Acero de alto grado<\/strong>, la carcasa totalmente met\u00e1lica se siente robusta y confiable desde el momento en que la maneja. Formado como una sola pieza, el chasis resiste el \u00f3xido, la deformaci\u00f3n y el estr\u00e9s mec\u00e1nico, construido para mayor durabilidad tanto en condiciones residenciales como industriales.<\/p>\n<p>La serie ofrece\u00a0<strong>Opciones de M\u00faltiples\u202fModelos\u202fModelo<\/strong>\u00a0Con diferentes capacidades de flujo de aire y tama\u00f1os de conducto, lo que lo hace adaptable a una amplia gama de sistemas de ventilaci\u00f3n. Puede funcionar como una soluci\u00f3n independiente o una \"soluci\u00f3n\" o \"conectarse\" en series con otros \"fans\" para ampliar \"distancia\" y una presi\u00f3n. A pesar de su fuerza, opera en silencio, manteniendo un flujo de aire eficiente y equilibrado en cada rinc\u00f3n del sistema.<\/p>\n<p>Fuerte, estable y inteligentemente compacto, la serie en l\u00ednea\u202fseries\u202f2\u202fFan\u202fDelivers\u202fininterrumpido\u202fventilaci\u00f3n\u202fque\u202frely\u202fen\u202fpero\u202frarely\u202fnote\u202f\u202f\u202f\u202f\u202f\u202fnotice\u202f\u202fnotice\u202f\u202f\u202fnotice\u202f\u202f\u202f\u202f\u202f\u202f\u202f\u202f\u202f\u202f\u202f\u202f\u202f\u202f\u202f\u202f\u202f\u202f\u202f\u202f\u202f\u202f\u202f\u202f\u202f\u202f\u202f\u202f\u202f\u202f\u202f\u202f\u202f\u202f\u202f\u202f\u202f\u202f\u202f\u202f\u202f\u202f\u202f\u202f\u202f\u202f\u202f\u202f\u202f\ufffd\ufffd.<\/p>\n<\/div>\n<hr \/>\n<p>Dimensiones (unidad: mm):<\/p>\n<div class=\"scroll-table-wrapper\">\n<div class=\"scroll-table\">\n<table id=\"tablepress-28\" class=\"tablepress tablepress-id-28\">\n<thead>\n<tr class=\"row-1\">\n\t<th class=\"column-1\">modelo<\/th><th class=\"column-2\">L<\/th><th class=\"column-3\">L1<\/th><th class=\"column-4\">L2<\/th><th class=\"column-5\">\u03c6E<\/th><th class=\"column-6\">W<\/th><th class=\"column-7\">w1<\/th><th class=\"column-8\">H<\/th><th class=\"column-9\">H1<\/th><th class=\"column-10\">yo<\/th>\n<\/tr>\n<\/thead>\n<tbody class=\"row-striping row-hover\">\n<tr class=\"row-2\">\n\t<td class=\"column-1\">DPT10-11(1T2)<\/td><td class=\"column-2\">246<\/td><td class=\"column-3\">181<\/td><td class=\"column-4\">122.5<\/td><td class=\"column-5\">75<\/td><td class=\"column-6\">210<\/td><td class=\"column-7\">111.5<\/td><td class=\"column-8\">194<\/td><td class=\"column-9\">139<\/td><td class=\"column-10\">98<\/td>\n<\/tr>\n<tr class=\"row-3\">\n\t<td class=\"column-1\">DPT10-11F(1T2)<\/td><td class=\"column-2\">246<\/td><td class=\"column-3\">180<\/td><td class=\"column-4\">122.5<\/td><td class=\"column-5\">75<\/td><td class=\"column-6\">210<\/td><td class=\"column-7\">111.5<\/td><td class=\"column-8\">194<\/td><td class=\"column-9\">139<\/td><td class=\"column-10\">98<\/td>\n<\/tr>\n<tr class=\"row-4\">\n\t<td class=\"column-1\">DPT15-34(1T2)<\/td><td class=\"column-2\">306<\/td><td class=\"column-3\">230<\/td><td class=\"column-4\">122.5<\/td><td class=\"column-5\">100<\/td><td class=\"column-6\">243<\/td><td class=\"column-7\">141.5<\/td><td class=\"column-8\">259<\/td><td class=\"column-9\">176<\/td><td class=\"column-10\">150<\/td>\n<\/tr>\n<\/tbody>\n<\/table>\n<!-- #tablepress-28 from cache --><\/div>\n<\/div>\n<div><\/div>\n<div class=\"woocb\"><a class=\"wocb\" href=\"http:\/\/www.beiaole.com\/wp-content\/uploads\/2025\/09\/d3.3.1.pdf\" target=\"_blank\" rel=\"noopener\">hacerse<\/a><\/div>\n<div><\/div>\n<p><img loading=\"lazy\" decoding=\"async\" class=\"aligncenter wp-image-16183 size-large\" src=\"http:\/\/www.beiaole.com\/wp-content\/uploads\/2025\/08\/s3.3-1024x442.png\" alt=\"In-Line Series 2 Ways-size\" width=\"1024\" height=\"442\" data-no-translation=\"\" \/><br \/>\nRendimiento:<\/p>\n<div class=\"scroll-table-wrapper\">\n<div class=\"scroll-table\">\n<table id=\"tablepress-29\" class=\"tablepress tablepress-id-29\">\n<thead>\n<tr class=\"row-1\">\n\t<th class=\"column-1\">modelo<\/th><th class=\"column-2\">Voltaje (V)<\/th><th class=\"column-3\">Frecuencia (Hz)<\/th><th class=\"column-4\">velocidad<\/th><th class=\"column-5\">Poder (W)<\/th><th class=\"column-6\">Flujo de aire(m\u00b3\/h)<\/th><th class=\"column-7\">Presi\u00f3n est\u00e1tica (Pa)<\/th><th class=\"column-8\">Ruido (dB)<\/th><th class=\"column-9\">Tama\u00f1o del conducto (mm)<\/th><th class=\"column-10\">\u00c1rea de aplicaci\u00f3n (m\u00b2)<\/th><th class=\"column-11\">N.m. (kg)<\/th><th class=\"column-12\">Caja\/pieza<\/th>\n<\/tr>\n<\/thead>\n<tbody class=\"row-striping row-hover\">\n<tr class=\"row-2\">\n\t<td class=\"column-1\">DPT10-11(1T2)<\/td><td class=\"column-2\">220<\/td><td class=\"column-3\">50<\/td><td class=\"column-4\">h\/l<\/td><td class=\"column-5\">28\/23<\/td><td class=\"column-6\">160\/130<\/td><td class=\"column-7\">75\/65<\/td><td class=\"column-8\">38\/35<\/td><td class=\"column-9\">IN80\/SALIDA100<\/td><td class=\"column-10\">7-15<\/td><td class=\"column-11\">2.3<\/td><td class=\"column-12\">4<\/td>\n<\/tr>\n<tr class=\"row-3\">\n\t<td class=\"column-1\">DPT10-11F(1T2)<\/td><td class=\"column-2\">220<\/td><td class=\"column-3\">50<\/td><td class=\"column-4\">h\/l<\/td><td class=\"column-5\">30\/26<\/td><td class=\"column-6\">200\/180<\/td><td class=\"column-7\">200\/180<\/td><td class=\"column-8\">43\/38<\/td><td class=\"column-9\">IN80\/SALIDA100<\/td><td class=\"column-10\">7-15<\/td><td class=\"column-11\">2.6<\/td><td class=\"column-12\">4<\/td>\n<\/tr>\n<tr class=\"row-4\">\n\t<td class=\"column-1\">DPT15-34(1T2)<\/td><td class=\"column-2\">220<\/td><td class=\"column-3\">50<\/td><td class=\"column-4\">h\/l<\/td><td class=\"column-5\">42\/43<\/td><td class=\"column-6\">400\/320<\/td><td class=\"column-7\">155\/145<\/td><td class=\"column-8\">52\/49<\/td><td class=\"column-9\">IN100\/SALIDA150<\/td><td class=\"column-10\">7-15<\/td><td class=\"column-11\">4.6<\/td><td class=\"column-12\">4<\/td>\n<\/tr>\n<\/tbody>\n<\/table>\n<!-- #tablepress-29 from cache --><\/div>\n<\/div>\n<div><\/div>\n<div class=\"woocb\"><a class=\"wocb\" href=\"http:\/\/www.beiaole.com\/wp-content\/uploads\/2025\/09\/d3.3.2.pdf\" target=\"_blank\" rel=\"noopener\">hacerse<\/a><\/div>\n<div><\/div>\n<p><img loading=\"lazy\" decoding=\"async\" class=\"aligncenter wp-image-17257 size-large\" src=\"http:\/\/www.beiaole.com\/wp-content\/uploads\/2025\/08\/x3.3-1024x329.jpg\" alt=\"In-Line Series 2 Ways-q1\" width=\"1024\" height=\"329\" data-no-translation=\"\" \/><\/p>","protected":false},"excerpt":{"rendered":"<ul>\n<li>\n<h2>Dise\u00f1o de doble entrada:<\/h2>\n<p>\u202f1-a\u20112\u202fair\u202fpath\u202festructura\u202foptimiza\u202fpresion\u202festabilidad\u202fy\u202fdistribuci\u00f3n\u202faire\u202fa trav\u00e9s de\u202fconductos largos.<\/li>\n<li>\n<h2>Motor de cobre eficiente energy:<\/h2>\n<p>\u202fDurable,\u202fbajo\u2011ruido\u202fmotor\u202fcon\u202fbala\u202factualizaci\u00f3n\u202fasegura\u202falisa,\u202foperaci\u00f3n continua.<\/li>\n<li>\n<h2>Construcci\u00f3n de todo-metal:<\/h2>\n<p>\u202f \u202f \u202f \u202f \u202f \u202f \u202falambre\u202falambre\u202fde-latiga\u202fde \u202fdeformar\u202fdeformar\u202fdeformar\u202falambre\u202f y vibraci\u00f3n\u202fpara\u202fa largo\u202fuso industrial\u202findustrial\u202fla-combatiente.<\/li>\n<li>\n<h2>Sistema compacto, \u202fagilizado:<\/h2>\n<p>\u202fAlineaci\u00f3n\u202fin\u202fmotor\u202fy\u202falineaci\u00f3n\u202falineaci\u00f3n\u202freduce\u202fturbulencia\u202fy\u202faumento\u202feficiencia.<\/li>\n<li>\n<h2>Rendimiento silencioso:<\/h2>\n<p>\u202fNiveles de ruido\u202fcomo\u202fbajo\u202fcomo\u202f35\u202f\u2013\u202f52\u202fDB\u202fKeep\u202foperation\u202fdiscreet\u202fincluso\u202fen\u202fvivir\u202fo\u202fespacios de oficina.<\/li>\n<li>\n<h2>Capacidad de alta\u202faire\u202fpresi\u00f3n\u202fpresion:<\/h2>\n<p>\u202fPresi\u00f3n est\u00e1tica\u202fhacia\u202fa\u202f200\u202fpa\u202fpara\u202ffuerte\u202fventilaci\u00f3n\u202fa trav\u00e9s\u202fa trav\u00e9s de\u202factual\u202factual\u202factual.<\/li>\n<li>\n<h2>Integraci\u00f3n flexible:<\/h2>\n<p>\u202fdisponible\u202fin\u202fm\u00faltiple\u202fdimensiona\u202fpara\u202findependiente\u202fo\u202fmulti\u2011fan\u202fsystem\u202faplicaciones.<\/li>\n<li>\n<h2>Bajo mantenimiento:<\/h2>\n<p>\u202fCompacto\u202fCuerpo\u202fcon\u202fF\u00e1cil\u202fAcceso\u202fpara\u202flimpieza\u202fy\u202fservicio.<\/li>\n<\/ul>\n<hr \/>","protected":false},"featured_media":4732,"comment_status":"open","ping_status":"closed","template":"","meta":{"_acf_changed":false},"product_brand":[],"product_cat":[27],"product_tag":[],"class_list":{"0":"post-4716","1":"product","2":"type-product","3":"status-publish","4":"has-post-thumbnail","6":"product_cat-inline-duct-fan","8":"first","9":"instock","10":"taxable","11":"shipping-taxable","12":"purchasable","13":"product-type-variable","14":"has-default-attributes"},"acf":[],"_links":{"self":[{"href":"https:\/\/www.ecvents.com\/es\/wp-json\/wp\/v2\/product\/4716","targetHints":{"allow":["GET"]}}],"collection":[{"href":"https:\/\/www.ecvents.com\/es\/wp-json\/wp\/v2\/product"}],"about":[{"href":"https:\/\/www.ecvents.com\/es\/wp-json\/wp\/v2\/types\/product"}],"replies":[{"embeddable":true,"href":"https:\/\/www.ecvents.com\/es\/wp-json\/wp\/v2\/comments?post=4716"}],"wp:featuredmedia":[{"embeddable":true,"href":"https:\/\/www.ecvents.com\/es\/wp-json\/wp\/v2\/media\/4732"}],"wp:attachment":[{"href":"https:\/\/www.ecvents.com\/es\/wp-json\/wp\/v2\/media?parent=4716"}],"wp:term":[{"taxonomy":"product_brand","embeddable":true,"href":"https:\/\/www.ecvents.com\/es\/wp-json\/wp\/v2\/product_brand?post=4716"},{"taxonomy":"product_cat","embeddable":true,"href":"https:\/\/www.ecvents.com\/es\/wp-json\/wp\/v2\/product_cat?post=4716"},{"taxonomy":"product_tag","embeddable":true,"href":"https:\/\/www.ecvents.com\/es\/wp-json\/wp\/v2\/product_tag?post=4716"}],"curies":[{"name":"pp","href":"https:\/\/api.w.org\/{rel}","templated":true}]}}