{"id":4720,"date":"2026-03-19T06:03:42","date_gmt":"2026-03-19T11:03:42","guid":{"rendered":"https:\/\/www.ecvents.com\/?post_type=product&#038;p=4720"},"modified":"2026-03-19T06:04:04","modified_gmt":"2026-03-19T11:04:04","slug":"ventilador-de-conductos-silenciosos","status":"publish","type":"product","link":"https:\/\/www.ecvents.com\/es\/product\/ventilador-de-conductos-silenciosos\/","title":{"rendered":"Ventilador de conductos silenciosos"},"content":{"rendered":"<div class=\"someee\">\n<h2><strong>Flujo tranquilo. fuerte rendimiento. Construido para una comodidad continua.<\/strong><\/h2>\n<p>los\u00a0<strong>Silent\u202fDuct\u202fFan<\/strong>\u00a0est\u00e1 dise\u00f1ado para un solo prop\u00f3sito\u202f\u2014\u202fpara mantener el aire en movimiento de forma silenciosa, eficiente y confiable. Es el tipo de ventilador que instala una vez, enciende y luego se olvida, porque simplemente sigue haciendo su trabajo: flujo de aire constante sin sonido ni alboroto.<\/p>\n<p>En su coraz\u00f3n se encuentra un\u00a0<strong>Todo\u2011cobre\u202fahorro de energ\u00eda\u202fmotor\u202f<\/strong>\u00a0empparejo\u00a0<strong>Cojinetes de alta calidad<\/strong>, proporcionando una operaci\u00f3n estable a largo plazo sin casi ruido. El dise\u00f1o integrado de conducto de aire y carcasa permite que el flujo de aire se mueva suavemente al mismo tiempo que minimiza la vibraci\u00f3n y la turbulencia. El resultado es una ventilaci\u00f3n potente y consistente que se siente sin esfuerzo y suena casi invisible.<\/p>\n<p>Construido con un\u00a0<strong>todo-metal\u202facero\u202fconcha<\/strong>, el cuerpo del ventilador ofrece una verdadera durabilidad. Resiste el \u00f3xido, el calor y la deformaci\u00f3n\u202f\u2014\u202fIdeal para espacios h\u00famedos o exigentes como talleres, cocinas, oficinas o apartamentos. Compacta pero fuerte, cada unidad produce una alta presi\u00f3n de aire y un flujo de aire de larga distancia que refresca incluso redes de conductos profundos donde los ventiladores ordinarios se quedan cortos.<\/p>\n<p>Disponible en m\u00faltiples modelos y tama\u00f1os, el ventilador silencioso\u202fDuction\u202f se adapta f\u00e1cilmente a varios sistemas: \u00faselo solo para \u00e1reas m\u00e1s peque\u00f1as o comb\u00ednelo con otros ventiladores en l\u00ednea para aumentar la presi\u00f3n en los conductos largos. Fiable, eficiente y dise\u00f1ado para una resistencia silenciosa, proporciona silenciosamente el flujo de aire en el que depende su entorno.<\/p>\n<\/div>\n<hr \/>\n<p>Dimensiones (unidad: mm):<\/p>\n<div class=\"scroll-table-wrapper\">\n<div class=\"scroll-table\">\n<table id=\"tablepress-30\" class=\"tablepress tablepress-id-30\">\n<thead>\n<tr class=\"row-1\">\n\t<th class=\"column-1\">modelo<\/th><th class=\"column-2\">L<\/th><th class=\"column-3\">L1<\/th><th class=\"column-4\">L2<\/th><th class=\"column-5\">W<\/th><th class=\"column-6\">w1<\/th><th class=\"column-7\">H<\/th><th class=\"column-8\">H1<\/th><th class=\"column-9\">D<\/th>\n<\/tr>\n<\/thead>\n<tbody class=\"row-striping row-hover\">\n<tr class=\"row-2\">\n\t<td class=\"column-1\">DPT10-24h<\/td><td class=\"column-2\">533<\/td><td class=\"column-3\">352<\/td><td class=\"column-4\">251<\/td><td class=\"column-5\">397<\/td><td class=\"column-6\">447<\/td><td class=\"column-7\">121<\/td><td class=\"column-8\">30<\/td><td class=\"column-9\">\u03c6100<\/td>\n<\/tr>\n<tr class=\"row-3\">\n\t<td class=\"column-1\">DPT15-34h<\/td><td class=\"column-2\">504<\/td><td class=\"column-3\">352<\/td><td class=\"column-4\">251<\/td><td class=\"column-5\">397<\/td><td class=\"column-6\">447<\/td><td class=\"column-7\">196<\/td><td class=\"column-8\">30<\/td><td class=\"column-9\">\u03c6150<\/td>\n<\/tr>\n<tr class=\"row-4\">\n\t<td class=\"column-1\">DPT15-45H<\/td><td class=\"column-2\">504<\/td><td class=\"column-3\">352<\/td><td class=\"column-4\">251<\/td><td class=\"column-5\">397<\/td><td class=\"column-6\">447<\/td><td class=\"column-7\">196<\/td><td class=\"column-8\">30<\/td><td class=\"column-9\">\u03c6150<\/td>\n<\/tr>\n<tr class=\"row-5\">\n\t<td class=\"column-1\">DPT20-56H<\/td><td class=\"column-2\">531<\/td><td class=\"column-3\">353<\/td><td class=\"column-4\">251<\/td><td class=\"column-5\">397<\/td><td class=\"column-6\">447<\/td><td class=\"column-7\">246<\/td><td class=\"column-8\">30<\/td><td class=\"column-9\">200<\/td>\n<\/tr>\n<tr class=\"row-6\">\n\t<td class=\"column-1\">DPT20-66H<\/td><td class=\"column-2\">531<\/td><td class=\"column-3\">353<\/td><td class=\"column-4\">251<\/td><td class=\"column-5\">397<\/td><td class=\"column-6\">447<\/td><td class=\"column-7\">246<\/td><td class=\"column-8\">30<\/td><td class=\"column-9\">200<\/td>\n<\/tr>\n<\/tbody>\n<\/table>\n<!-- #tablepress-30 from cache --><\/div>\n<\/div>\n<div><\/div>\n<div class=\"woocb\"><a class=\"wocb\" href=\"http:\/\/www.beiaole.com\/wp-content\/uploads\/2025\/09\/d3.4.1.pdf\" target=\"_blank\" rel=\"noopener\">hacerse<\/a><\/div>\n<div><\/div>\n<p><img loading=\"lazy\" decoding=\"async\" class=\"aligncenter wp-image-16553 size-large\" src=\"http:\/\/www.beiaole.com\/wp-content\/uploads\/2025\/08\/s3.4-1024x589.png\" alt=\"Silent Duct Fan-size\" width=\"1024\" height=\"589\" data-no-translation=\"\" \/><br \/>\nRendimiento:<\/p>\n<div class=\"scroll-table-wrapper\">\n<div class=\"scroll-table\">\n<table id=\"tablepress-31\" class=\"tablepress tablepress-id-31\">\n<thead>\n<tr class=\"row-1\">\n\t<th class=\"column-1\">modelo<\/th><th class=\"column-2\">Voltaje (V)<\/th><th class=\"column-3\">Frecuencia (Hz)<\/th><th class=\"column-4\">velocidad<\/th><th class=\"column-5\">Poder (W)<\/th><th class=\"column-6\">Flujo de aire(m\u00b3\/h)<\/th><th class=\"column-7\">Presi\u00f3n est\u00e1tica (Pa)<\/th><th class=\"column-8\">Ruido (dB)<\/th><th class=\"column-9\">Tama\u00f1o del conducto (mm)<\/th><th class=\"column-10\">\u00c1rea de aplicaci\u00f3n (m\u00b2)<\/th><th class=\"column-11\">N.m. (kg)<\/th>\n<\/tr>\n<\/thead>\n<tbody class=\"row-striping row-hover\">\n<tr class=\"row-2\">\n\t<td class=\"column-1\">DPT10-24h<\/td><td class=\"column-2\">220<\/td><td class=\"column-3\">50<\/td><td class=\"column-4\">h\/l<\/td><td class=\"column-5\">48\/38<\/td><td class=\"column-6\">230\/180<\/td><td class=\"column-7\">160<\/td><td class=\"column-8\">25<\/td><td class=\"column-9\">\u03c6100<\/td><td class=\"column-10\">8-15<\/td><td class=\"column-11\">6.5<\/td>\n<\/tr>\n<tr class=\"row-3\">\n\t<td class=\"column-1\">DPT15-34h<\/td><td class=\"column-2\">220<\/td><td class=\"column-3\">50<\/td><td class=\"column-4\">h\/l<\/td><td class=\"column-5\">60\/45<\/td><td class=\"column-6\">350\/250<\/td><td class=\"column-7\">220<\/td><td class=\"column-8\">30<\/td><td class=\"column-9\">\u03c6150<\/td><td class=\"column-10\">20-25<\/td><td class=\"column-11\">8.4<\/td>\n<\/tr>\n<tr class=\"row-4\">\n\t<td class=\"column-1\">DPT15-45H<\/td><td class=\"column-2\">220<\/td><td class=\"column-3\">50<\/td><td class=\"column-4\">h\/l<\/td><td class=\"column-5\">84\/78<\/td><td class=\"column-6\">500\/420<\/td><td class=\"column-7\">260<\/td><td class=\"column-8\">34<\/td><td class=\"column-9\">\u03c6150<\/td><td class=\"column-10\">25-30<\/td><td class=\"column-11\">8.8<\/td>\n<\/tr>\n<tr class=\"row-5\">\n\t<td class=\"column-1\">DPT20-56H<\/td><td class=\"column-2\">220<\/td><td class=\"column-3\">50<\/td><td class=\"column-4\">h\/l<\/td><td class=\"column-5\">104\/80<\/td><td class=\"column-6\">920\/700<\/td><td class=\"column-7\">365<\/td><td class=\"column-8\">38<\/td><td class=\"column-9\">200<\/td><td class=\"column-10\">40-47<\/td><td class=\"column-11\">10.5<\/td>\n<\/tr>\n<tr class=\"row-6\">\n\t<td class=\"column-1\">DPT20-66H<\/td><td class=\"column-2\">220<\/td><td class=\"column-3\">50<\/td><td class=\"column-4\">h\/l<\/td><td class=\"column-5\">135\/103<\/td><td class=\"column-6\">1200\/1050<\/td><td class=\"column-7\">410<\/td><td class=\"column-8\">45<\/td><td class=\"column-9\">200<\/td><td class=\"column-10\">40-60<\/td><td class=\"column-11\">10.6<\/td>\n<\/tr>\n<\/tbody>\n<\/table>\n<!-- #tablepress-31 from cache --><\/div>\n<\/div>\n<div><\/div>\n<div class=\"woocb\"><a class=\"wocb\" href=\"http:\/\/www.beiaole.com\/wp-content\/uploads\/2025\/09\/d3.4.2.pdf\" target=\"_blank\" rel=\"noopener\">hacerse<\/a><\/div>\n<div><\/div>\n<p><img loading=\"lazy\" decoding=\"async\" class=\"aligncenter wp-image-17261 size-large\" src=\"http:\/\/www.beiaole.com\/wp-content\/uploads\/2025\/08\/x3.4-1024x334.jpg\" alt=\"Silent Duct Fan-q1\" width=\"1024\" height=\"334\" data-no-translation=\"\" \/><\/p>","protected":false},"excerpt":{"rendered":"<ul>\n<li>\n<h2>Operaci\u00f3n tranquila:<\/h2>\n<p>\u202fDise\u00f1o\u202favanzado\u202fmotor\u202fy\u202fequilibrado\u202fdise\u00f1o\u202fmaintain\u202fbajo\u202fnoise\u202fniveles\u202f(25\u202f\u2013\u202f45\u202fdb)\u202fDB)\u202fDB)\u202fambiente tranquilo.<\/li>\n<li>\n<h2>Motor eficiente\u202fcobre\u202f:<\/h2>\n<p>\u202fMotor\u202fcon Cojinete\u202fall\u202fall\u2011cobre\u202fcon\u202fcon\u202fcon rodamientos\u202fall\u202fcobre\u202fcon\u202fcon\u202fcon rodamientos\u202fpara\u202falimentables\u202falimentables\u202factuales.<\/li>\n<li>\n<h2>Fuerza\u202fy\u202fdurabilidad:<\/h2>\n<p>\u202fAll\u202facero\u202facero\u202fhousing\u202fresiste\u202fcorrosi\u00f3n\u202fy\u202fvibraci\u00f3n\u202fpara\u202fa\u00f1os\u202fde\u202fuso continuo.<\/li>\n<li>\n<h2>Sistema de flujo de aire suave:<\/h2>\n<p>\u202fIntegrado\u202fMotor\u202fy\u202fDuct\u202festructura\u202fReduce\u202fResistencia\u202fy\u202fvibraci\u00f3n\u202fpara\u202fincluso\u202fdistribuci\u00f3n a\u00e9rea.<\/li>\n<li>\n<h2>Potente\u202fRendimiento:<\/h2>\n<p>\u202fFlujo de aire\u202fRanges\u202fde\u202f230\u202fa\u202f1200\u202fm\u00b3\/h\u202fcon\u202fpresi\u00f3n\u202fpresi\u00f3n\u202farriba\u202fa\u202f410\u202fpa\u202f\u2014\u202fideal\u202fpara\u202flong\u202fconduct\u202f se ejecuta.<\/li>\n<li>\n<h2>Opciones de doble velocidad:<\/h2>\n<p>\u202fAlto\u202f\/\u202fBajo\u202fGears\u202fProporcionar\u202fControl\u202fSobre\u202fVentilaci\u00f3n\u202fFortaleza\u202fy\u202fUso de Poder\u202fPower\u202fVentilaci\u00f3n.<\/li>\n<li>\n<h2>Compacto y flexible:<\/h2>\n<p>\u202f \u202f \u202f \u202f \u202f \u202f \u202f \u202f \u00d8 100\u202f \u00d8200 \u202f \u202f \u202f \u202f \u00d8 200 \u202f \u202f \u202f \u202f \u00d8 200 \u202f \u202f \u202f \u202f \u202f \u202f \u202f \u00d8 200 \u202f \u202f \u202f \u202f \u202f \u202f \u202f \u202f \u00d8 200.<\/li>\n<li>\n<h2>Bajo mantenimiento:<\/h2>\n<p>\u202fconstrucci\u00f3n\u202fconstrucci\u00f3n\u202fy\u202faccesible\u202fdise\u00f1o\u202fsimplifica\u202flimpieza\u202fy\u202fservicio.<\/li>\n<\/ul>\n<hr \/>","protected":false},"featured_media":4733,"comment_status":"open","ping_status":"closed","template":"","meta":{"_acf_changed":false},"product_brand":[],"product_cat":[27],"product_tag":[],"class_list":{"0":"post-4720","1":"product","2":"type-product","3":"status-publish","4":"has-post-thumbnail","6":"product_cat-inline-duct-fan","8":"first","9":"instock","10":"taxable","11":"shipping-taxable","12":"purchasable","13":"product-type-variable","14":"has-default-attributes"},"acf":[],"_links":{"self":[{"href":"https:\/\/www.ecvents.com\/es\/wp-json\/wp\/v2\/product\/4720","targetHints":{"allow":["GET"]}}],"collection":[{"href":"https:\/\/www.ecvents.com\/es\/wp-json\/wp\/v2\/product"}],"about":[{"href":"https:\/\/www.ecvents.com\/es\/wp-json\/wp\/v2\/types\/product"}],"replies":[{"embeddable":true,"href":"https:\/\/www.ecvents.com\/es\/wp-json\/wp\/v2\/comments?post=4720"}],"wp:featuredmedia":[{"embeddable":true,"href":"https:\/\/www.ecvents.com\/es\/wp-json\/wp\/v2\/media\/4733"}],"wp:attachment":[{"href":"https:\/\/www.ecvents.com\/es\/wp-json\/wp\/v2\/media?parent=4720"}],"wp:term":[{"taxonomy":"product_brand","embeddable":true,"href":"https:\/\/www.ecvents.com\/es\/wp-json\/wp\/v2\/product_brand?post=4720"},{"taxonomy":"product_cat","embeddable":true,"href":"https:\/\/www.ecvents.com\/es\/wp-json\/wp\/v2\/product_cat?post=4720"},{"taxonomy":"product_tag","embeddable":true,"href":"https:\/\/www.ecvents.com\/es\/wp-json\/wp\/v2\/product_tag?post=4720"}],"curies":[{"name":"pp","href":"https:\/\/api.w.org\/{rel}","templated":true}]}}