{"id":4726,"date":"2026-03-19T06:03:43","date_gmt":"2026-03-19T11:03:43","guid":{"rendered":"https:\/\/www.ecvents.com\/?post_type=product&#038;p=4726"},"modified":"2026-03-19T06:04:31","modified_gmt":"2026-03-19T11:04:31","slug":"1-a-2-ventilador-en-linea-delgado","status":"publish","type":"product","link":"https:\/\/www.ecvents.com\/es\/product\/1-a-2-ventilador-en-linea-delgado\/","title":{"rendered":"1 a 2 ventilador en l\u00ednea delgado"},"content":{"rendered":"<div class=\"someee\">\n<h2><strong>Fuerza compacta. Operaci\u00f3n silenciosa. Construido para espacios reducidos.<\/strong><\/h2>\n<p>los\u00a0<strong>1\u202fa\u202f2\u202fslim\u202finline\u202ffan<\/strong>\u00a0Est\u00e1 hecho para espacios donde el flujo de aire es cr\u00edtico pero cada cent\u00edmetro importa. Con su perfil esbelto, encaja sin esfuerzo en techos, conductos estrechos o instalaciones compactas, al mismo tiempo que ofrece el tipo de flujo de aire estable y de alta presi\u00f3n necesario para mantener el aire en movimiento de manera uniforme y silenciosa a trav\u00e9s de carreras largas.<\/p>\n<p>Dentro, un\u00a0<strong>Todo\u2011cobre\u202fahorro de energ\u00eda\u202fmotor\u202f<\/strong>\u00a0empparejo\u00a0<strong>Cojinetes de alta calidad<\/strong>\u00a0Garantiza un rendimiento suave y de baja vibraci\u00f3n en funcionamiento continuo. El dise\u00f1o integrado, donde el gabinete y el conducto de aire forman una \u00fanica unidad aerodin\u00e1mica, mejora la estabilidad, reduce el ruido mec\u00e1nico y mantiene un flujo de aire eficiente en todos los usos.<\/p>\n<p>encerrado en\u00a0<strong>Acero de alto grado<\/strong>, la carcasa se siente s\u00f3lida y construida para durar. Resistente al \u00f3xido, al impacto y a la deformaci\u00f3n, resiste el uso intensivo en entornos exigentes, desde techos de apartamentos hasta talleres o salas de cultivo. A pesar de la construcci\u00f3n robusta, sigue siendo compacta, f\u00e1cil de instalar y excepcionalmente silenciosa.<\/p>\n<p>Con varios tama\u00f1os y configuraciones de alta\/baja velocidad, el ventilador de 1\u202fa\u202f2\u202fslim\u202finline\u202finline\u202facabe sin problemas en cualquier red de ventilaci\u00f3n. Puede funcionar como una soluci\u00f3n independiente para salas m\u00e1s peque\u00f1as o trabajar en conjunto con otros ventiladores para sistemas m\u00e1s grandes y complejos. No importa d\u00f3nde se coloque, funciona en silencio, proporcionando un flujo de aire fuerte y consistente que mantiene cada espacio equilibrado y fresco.<\/p>\n<\/div>\n<hr \/>\n<p>Dimensiones (unidad: mm):<\/p>\n<div class=\"scroll-table-wrapper\">\n<div class=\"scroll-table\">\n<table id=\"tablepress-32\" class=\"tablepress tablepress-id-32\">\n<thead>\n<tr class=\"row-1\">\n\t<th class=\"column-1\">modelo<\/th><th class=\"column-2\">L<\/th><th class=\"column-3\">L1<\/th><th class=\"column-4\">L2<\/th><th class=\"column-5\">W<\/th><th class=\"column-6\">w1<\/th><th class=\"column-7\">H<\/th><th class=\"column-8\">H1<\/th><th class=\"column-9\">D<\/th>\n<\/tr>\n<\/thead>\n<tbody class=\"row-striping row-hover\">\n<tr class=\"row-2\">\n\t<td class=\"column-1\">DPT07-12H(1T2)<\/td><td class=\"column-2\">406<\/td><td class=\"column-3\">300<\/td><td class=\"column-4\">198<\/td><td class=\"column-5\">300<\/td><td class=\"column-6\">340<\/td><td class=\"column-7\">85<\/td><td class=\"column-8\">15<\/td><td class=\"column-9\">65<\/td>\n<\/tr>\n<tr class=\"row-3\">\n\t<td class=\"column-1\">DPT10-24H(1T2)<\/td><td class=\"column-2\">580<\/td><td class=\"column-3\">403<\/td><td class=\"column-4\">300<\/td><td class=\"column-5\">400<\/td><td class=\"column-6\">437<\/td><td class=\"column-7\">121<\/td><td class=\"column-8\">30<\/td><td class=\"column-9\">\u03c6100<\/td>\n<\/tr>\n<tr class=\"row-4\">\n\t<td class=\"column-1\">DPT15-34H(1T2)<\/td><td class=\"column-2\">551<\/td><td class=\"column-3\">403<\/td><td class=\"column-4\">300<\/td><td class=\"column-5\">400<\/td><td class=\"column-6\">437<\/td><td class=\"column-7\">196<\/td><td class=\"column-8\">30<\/td><td class=\"column-9\">\u03c6150<\/td>\n<\/tr>\n<tr class=\"row-5\">\n\t<td class=\"column-1\">DPT15-45H(1T2)<\/td><td class=\"column-2\">551<\/td><td class=\"column-3\">403<\/td><td class=\"column-4\">300<\/td><td class=\"column-5\">400<\/td><td class=\"column-6\">437<\/td><td class=\"column-7\">196<\/td><td class=\"column-8\">30<\/td><td class=\"column-9\">\u03c6150<\/td>\n<\/tr>\n<\/tbody>\n<\/table>\n<!-- #tablepress-32 from cache --><\/div>\n<\/div>\n<div><\/div>\n<div class=\"woocb\"><a class=\"wocb\" href=\"http:\/\/www.beiaole.com\/wp-content\/uploads\/2025\/09\/d3.5.1.pdf\" target=\"_blank\" rel=\"noopener\">hacerse<\/a><\/div>\n<div><\/div>\n<p><img loading=\"lazy\" decoding=\"async\" class=\"aligncenter wp-image-16569 size-large\" src=\"http:\/\/www.beiaole.com\/wp-content\/uploads\/2025\/08\/s3.5-1024x489.png\" alt=\"1 to 2 Slim Inline Fan-size\" width=\"1024\" height=\"489\" data-no-translation=\"\" \/><br \/>\nRendimiento:<\/p>\n<div class=\"scroll-table-wrapper\">\n<div class=\"scroll-table\">\n<table id=\"tablepress-33\" class=\"tablepress tablepress-id-33\">\n<thead>\n<tr class=\"row-1\">\n\t<th class=\"column-1\">modelo<\/th><th class=\"column-2\">Voltaje (V)<\/th><th class=\"column-3\">Frecuencia (Hz)<\/th><th class=\"column-4\">velocidad<\/th><th class=\"column-5\">Poder (W)<\/th><th class=\"column-6\">Flujo de aire(m\u00b3\/h)<\/th><th class=\"column-7\">Presi\u00f3n est\u00e1tica (Pa)<\/th><th class=\"column-8\">Ruido (dB)<\/th><th class=\"column-9\">Tama\u00f1o del conducto (mm)<\/th><th class=\"column-10\">\u00c1rea de aplicaci\u00f3n (m\u00b2)<\/th><th class=\"column-11\">N.m. (kg)<\/th>\n<\/tr>\n<\/thead>\n<tbody class=\"row-striping row-hover\">\n<tr class=\"row-2\">\n\t<td class=\"column-1\">DPT07-12H(1T2)<\/td><td class=\"column-2\">220<\/td><td class=\"column-3\">50<\/td><td class=\"column-4\">h\/l<\/td><td class=\"column-5\">25\/18<\/td><td class=\"column-6\">110\/80<\/td><td class=\"column-7\">155<\/td><td class=\"column-8\">20<\/td><td class=\"column-9\">75<\/td><td class=\"column-10\">5-10<\/td><td class=\"column-11\">5.0<\/td>\n<\/tr>\n<tr class=\"row-3\">\n\t<td class=\"column-1\">DPT10-24H(1T2)<\/td><td class=\"column-2\">220<\/td><td class=\"column-3\">50<\/td><td class=\"column-4\">h\/l<\/td><td class=\"column-5\">48\/38<\/td><td class=\"column-6\">230\/180<\/td><td class=\"column-7\">160<\/td><td class=\"column-8\">25<\/td><td class=\"column-9\">\u03c6100<\/td><td class=\"column-10\">8-15<\/td><td class=\"column-11\">6.5<\/td>\n<\/tr>\n<tr class=\"row-4\">\n\t<td class=\"column-1\">DPT15-34H(1T2)<\/td><td class=\"column-2\">220<\/td><td class=\"column-3\">50<\/td><td class=\"column-4\">h\/l<\/td><td class=\"column-5\">60\/45<\/td><td class=\"column-6\">350\/250<\/td><td class=\"column-7\">220<\/td><td class=\"column-8\">30<\/td><td class=\"column-9\">\u03c6150<\/td><td class=\"column-10\">20-25<\/td><td class=\"column-11\">8.4<\/td>\n<\/tr>\n<tr class=\"row-5\">\n\t<td class=\"column-1\">DPT15-45H(1T2)<\/td><td class=\"column-2\">220<\/td><td class=\"column-3\">50<\/td><td class=\"column-4\">h\/l<\/td><td class=\"column-5\">84\/78<\/td><td class=\"column-6\">500\/420<\/td><td class=\"column-7\">260<\/td><td class=\"column-8\">34<\/td><td class=\"column-9\">\u03c6150<\/td><td class=\"column-10\">25-30<\/td><td class=\"column-11\">8.8<\/td>\n<\/tr>\n<\/tbody>\n<\/table>\n<!-- #tablepress-33 from cache --><\/div>\n<\/div>\n<div><\/div>\n<div class=\"woocb\"><a class=\"wocb\" href=\"http:\/\/www.beiaole.com\/wp-content\/uploads\/2025\/09\/d3.5.2.pdf\" target=\"_blank\" rel=\"noopener\">hacerse<\/a><\/div>\n<div><\/div>\n<p><img loading=\"lazy\" decoding=\"async\" class=\"aligncenter wp-image-17265 size-large\" src=\"http:\/\/www.beiaole.com\/wp-content\/uploads\/2025\/08\/x3.5-1024x307.jpg\" alt=\"1 to 2 Slim Inline Fan-q1\" width=\"1024\" height=\"307\" data-no-translation=\"\" \/><\/p>","protected":false},"excerpt":{"rendered":"<ul>\n<li>\n<h2>Dise\u00f1o delgado y compacto:<\/h2>\n<p>\u202fEncaja f\u00e1cilmente\u202fen\u202fespacios\u202fespacios\u202fy\u202ftecho\u202fen\u202fajustables\u202fsin sacrificar\u202fpotencia\u202fo\u202fairflow.<\/li>\n<li>\n<h2>Motor de alta eficiencia\u202fcobre\u202f:<\/h2>\n<p>\u202fDise\u00f1o\u202fdise\u00f1o\u202fahorro\u202falimentadamente\u202fy\u202fen silencio\u202fuso bajo\u202fun\u202fbajo\u202fuso continuo.<\/li>\n<li>\n<h2>Estabilidad de rodamiento de bolas:<\/h2>\n<p>\u202fPrecisi\u00f3n\u2011Ingenier\u00eda\u202fCojinetes\u202fAsegurar\u202fA largo\u2011plazo\u202fopera\u202f con\u202fMantenimiento\u202fMinimal\u202fMantenimiento.<\/li>\n<li>\n<h2>Construcci\u00f3n duradera\u202ftodo metal:<\/h2>\n<p>\u202fDeformaci\u00f3n pesada\u202facero\u202fhousing\u202fresiste\u202fdeformaci\u00f3n,\u202fvibraci\u00f3n\u202fy\u202fcorrosi\u00f3n\u202fpara\u202findustrial\u202fo\u202fajustes residenciales.<\/li>\n<li>\n<h2>Fuerte\u202faire\u202fdesempe\u00f1o:<\/h2>\n<p>\u202fFlujo de aire\u202fde\u202f110\u202fa\u202f500\u202fm\u00b3\/h\u202fpressure\u202fhasta\u202fa\u202f260\u202fpa\u202fpara\u202fapa\u202fapa- si\u00f3n, larga distancia\u202fventilaci\u00f3n.<\/li>\n<li>\n<h2>Operaci\u00f3n tranquila:<\/h2>\n<p>\u202fNiveles\u202fNiveles\u202fcomo\u202fbajo\u202fcomo\u202f20\u202f\u2013\u202f34\u202fdb\u202fmantener\u202fambiente\u202fc\u00f3modos\u202fadecuaci\u00f3n\u202flibres\u202fambiente.<\/li>\n<li>\n<h2>Integraci\u00f3n flexible:<\/h2>\n<p>\u202fOpera\u202fsolo\u202fo\u202fen\u202fseries\u202fcon\u202ffans\u202ffans\u202fpara\u202fincremento\u202fventilaci\u00f3n\u202fdesempe\u00f1o.<\/li>\n<li>\n<h2>Uso de baja energ\u00eda:<\/h2>\n<p>\u202fconsumidos\u202f25\u202f\u2013\u202f84\u202fw,\u202fofreciendo\u202fpotente\u202fflujo de aire\u202fsin desperdicio\u202felectricidad.<\/li>\n<\/ul>\n<hr \/>","protected":false},"featured_media":4734,"comment_status":"open","ping_status":"closed","template":"","meta":{"_acf_changed":false},"product_brand":[],"product_cat":[27],"product_tag":[],"class_list":{"0":"post-4726","1":"product","2":"type-product","3":"status-publish","4":"has-post-thumbnail","6":"product_cat-inline-duct-fan","8":"first","9":"instock","10":"taxable","11":"shipping-taxable","12":"purchasable","13":"product-type-variable","14":"has-default-attributes"},"acf":[],"_links":{"self":[{"href":"https:\/\/www.ecvents.com\/es\/wp-json\/wp\/v2\/product\/4726","targetHints":{"allow":["GET"]}}],"collection":[{"href":"https:\/\/www.ecvents.com\/es\/wp-json\/wp\/v2\/product"}],"about":[{"href":"https:\/\/www.ecvents.com\/es\/wp-json\/wp\/v2\/types\/product"}],"replies":[{"embeddable":true,"href":"https:\/\/www.ecvents.com\/es\/wp-json\/wp\/v2\/comments?post=4726"}],"wp:featuredmedia":[{"embeddable":true,"href":"https:\/\/www.ecvents.com\/es\/wp-json\/wp\/v2\/media\/4734"}],"wp:attachment":[{"href":"https:\/\/www.ecvents.com\/es\/wp-json\/wp\/v2\/media?parent=4726"}],"wp:term":[{"taxonomy":"product_brand","embeddable":true,"href":"https:\/\/www.ecvents.com\/es\/wp-json\/wp\/v2\/product_brand?post=4726"},{"taxonomy":"product_cat","embeddable":true,"href":"https:\/\/www.ecvents.com\/es\/wp-json\/wp\/v2\/product_cat?post=4726"},{"taxonomy":"product_tag","embeddable":true,"href":"https:\/\/www.ecvents.com\/es\/wp-json\/wp\/v2\/product_tag?post=4726"}],"curies":[{"name":"pp","href":"https:\/\/api.w.org\/{rel}","templated":true}]}}