{"id":4736,"date":"2026-03-19T06:04:07","date_gmt":"2026-03-19T11:04:07","guid":{"rendered":"https:\/\/www.ecvents.com\/?post_type=product&#038;p=4736"},"modified":"2026-03-19T06:04:31","modified_gmt":"2026-03-19T11:04:31","slug":"ventilador-de-caja-en-linea-de-una-sola-via-2","status":"publish","type":"product","link":"https:\/\/www.ecvents.com\/es\/product\/ventilador-de-caja-en-linea-de-una-sola-via-2\/","title":{"rendered":"Ventilador de caja en l\u00ednea de una sola v\u00eda"},"content":{"rendered":"<div class=\"someee\">\n<h2><strong>Flujo fuerte. Rendimiento estable. Construido para ventilaci\u00f3n continua.<\/strong><\/h2>\n<p>los\u00a0<strong>SOLO\u202fV\u00eda\u202fInline\u202fBox\u202fFan<\/strong>\u00a0Est\u00e1 dise\u00f1ado para aquellos que exigen un flujo de aire confiable sin el ruido o la complejidad. Compacto, duradero y eficiente, proporciona una ventilaci\u00f3n constante en los sistemas de conductos largos, el tipo de ventilador que instala una vez y luego se olvida porque sigue haciendo su trabajo.<\/p>\n<p>En el centro del sistema hay un\u00a0<strong>Todo\u2011cobre\u202fahorro de energ\u00eda\u202fmotor\u202f<\/strong>\u00a0empparejo\u00a0<strong>Cojinetes de alta calidad<\/strong>\u00a0Para estabilidad a largo plazo y funcionamiento ultra silencioso. El motor y el conducto de aire est\u00e1n dise\u00f1ados como una \u00fanica unidad aerodin\u00e1mica, lo que permite que el aire pase suavemente con una resistencia m\u00ednima. Este dise\u00f1o de precisi\u00f3n garantiza un flujo de aire fuerte y una presi\u00f3n equilibrada manteniendo bajo el consumo de energ\u00eda.<\/p>\n<p>construido a partir de\u00a0<strong>Acero de alto grado<\/strong>, la carcasa totalmente met\u00e1lica le da al ventilador su peso y fiabilidad s\u00f3lidos. Est\u00e1 dise\u00f1ado como una sola pieza que resiste el \u00f3xido, la vibraci\u00f3n y la deformaci\u00f3n, ideal para entornos exigentes como configuraciones industriales, talleres o sistemas de ventilaci\u00f3n comercial.<\/p>\n<p>Lo que lo hace especialmente vers\u00e1til es su\u00a0<strong>Dimensiones y compatibilidad flexibles<\/strong>. Con m\u00faltiples modelos y capacidades de flujo de aire, que van desde\u202f300\u202fa\u202f4.000\u202fm\u00b3\/h, se adapta a espacios peque\u00f1os y grandes, que funcionan como una unidad independiente. La instalaci\u00f3n es \"estrecha hacia adelante, \u202fy \u202f una vez que se ejecuta, \u202flow \u2011ruido\u202fdesempe\u00f1o\u202fy\u202festable\u202fla salida\u202fhace\u202fun\u202fun\u202fsilencioso\u202fesquina\u202fde\u202fany\u202fventilaci\u00f3n\u202fsitio.<\/p>\n<p>Resistencia silenciosa, dise\u00f1o eficiente y flujo de aire confiable: el ventilador de una sola \"camino\" en l\u00ednea \"\" de un solo \"camino\" mantiene sus sistemas de aire equilibrados y sus espacios c\u00f3modos sin pedir atenci\u00f3n.<\/p>\n<\/div>\n<hr \/>\n<p>Dimensiones (unidad: mm):<\/p>\n<div class=\"scroll-table-wrapper\">\n<div class=\"scroll-table\">\n<table id=\"tablepress-34\" class=\"tablepress tablepress-id-34\">\n<thead>\n<tr class=\"row-1\">\n\t<th class=\"column-1\">modelo<\/th><th class=\"column-2\">L<\/th><th class=\"column-3\">L1<\/th><th class=\"column-4\">W<\/th><th class=\"column-5\">w1<\/th><th class=\"column-6\">H<\/th><th class=\"column-7\">H1<\/th><th class=\"column-8\">C<\/th>\n<\/tr>\n<\/thead>\n<tbody class=\"row-striping row-hover\">\n<tr class=\"row-2\">\n\t<td class=\"column-1\">DPT15-40<\/td><td class=\"column-2\">450<\/td><td class=\"column-3\">200<\/td><td class=\"column-4\">310<\/td><td class=\"column-5\">349<\/td><td class=\"column-6\">226<\/td><td class=\"column-7\">30<\/td><td class=\"column-8\">\u03c6150<\/td>\n<\/tr>\n<tr class=\"row-3\">\n\t<td class=\"column-1\">DPT20-70<\/td><td class=\"column-2\">463<\/td><td class=\"column-3\">263<\/td><td class=\"column-4\">325<\/td><td class=\"column-5\">363<\/td><td class=\"column-6\">240<\/td><td class=\"column-7\">126.5<\/td><td class=\"column-8\">200<\/td>\n<\/tr>\n<tr class=\"row-4\">\n\t<td class=\"column-1\">DPT20-150<\/td><td class=\"column-2\">513<\/td><td class=\"column-3\">313<\/td><td class=\"column-4\">385<\/td><td class=\"column-5\">423<\/td><td class=\"column-6\">260<\/td><td class=\"column-7\">136.5<\/td><td class=\"column-8\">200<\/td>\n<\/tr>\n<tr class=\"row-5\">\n\t<td class=\"column-1\">DPT25-210<\/td><td class=\"column-2\">553<\/td><td class=\"column-3\">353<\/td><td class=\"column-4\">417<\/td><td class=\"column-5\">455<\/td><td class=\"column-6\">300<\/td><td class=\"column-7\">155.5<\/td><td class=\"column-8\">250<\/td>\n<\/tr>\n<tr class=\"row-6\">\n\t<td class=\"column-1\">DPT25-260<\/td><td class=\"column-2\">570<\/td><td class=\"column-3\">370<\/td><td class=\"column-4\">442<\/td><td class=\"column-5\">480<\/td><td class=\"column-6\">300<\/td><td class=\"column-7\">155.5<\/td><td class=\"column-8\">250<\/td>\n<\/tr>\n<tr class=\"row-7\">\n\t<td class=\"column-1\">DPT25-320<\/td><td class=\"column-2\">615<\/td><td class=\"column-3\">423<\/td><td class=\"column-4\">500<\/td><td class=\"column-5\">538<\/td><td class=\"column-6\">375<\/td><td class=\"column-7\">173.5<\/td><td class=\"column-8\">\u03a6300<\/td>\n<\/tr>\n<\/tbody>\n<\/table>\n<!-- #tablepress-34 from cache --><\/div>\n<\/div>\n<div><\/div>\n<div class=\"woocb\"><a class=\"wocb\" href=\"http:\/\/www.beiaole.com\/wp-content\/uploads\/2025\/08\/d3.6.1.pdf\" target=\"_blank\" rel=\"noopener\">hacerse<\/a><\/div>\n<div><\/div>\n<p><img loading=\"lazy\" decoding=\"async\" class=\"aligncenter wp-image-16592 size-large\" src=\"http:\/\/www.beiaole.com\/wp-content\/uploads\/2025\/08\/s3.6-1024x475.png\" alt=\"Single Way Inline Box Fan-size\" width=\"1024\" height=\"475\" data-no-translation=\"\" \/><br \/>\nRendimiento:<\/p>\n<div class=\"scroll-table-wrapper\">\n<div class=\"scroll-table\">\n<table id=\"tablepress-35\" class=\"tablepress tablepress-id-35\">\n<thead>\n<tr class=\"row-1\">\n\t<th class=\"column-1\">modelo<\/th><th class=\"column-2\">Voltaje (V)<\/th><th class=\"column-3\">Frecuencia (Hz)<\/th><th class=\"column-4\">velocidad<\/th><th class=\"column-5\">Poder (W)<\/th><th class=\"column-6\">Flujo de aire(m\u00b3\/h)<\/th><th class=\"column-7\">Presi\u00f3n est\u00e1tica (Pa)<\/th><th class=\"column-8\">Ruido (dB)<\/th><th class=\"column-9\">Tama\u00f1o del conducto (mm)<\/th><th class=\"column-10\">\u00c1rea de aplicaci\u00f3n (m\u00b2)<\/th><th class=\"column-11\">N.W (kg)<\/th>\n<\/tr>\n<\/thead>\n<tbody class=\"row-striping row-hover\">\n<tr class=\"row-2\">\n\t<td class=\"column-1\">DPT15-40<\/td><td class=\"column-2\">220<\/td><td class=\"column-3\">50<\/td><td class=\"column-4\">h\/l<\/td><td class=\"column-5\">53\/70<\/td><td class=\"column-6\">300\/400<\/td><td class=\"column-7\">150-170<\/td><td class=\"column-8\">40<\/td><td class=\"column-9\">\u03c6150<\/td><td class=\"column-10\">20-25<\/td><td class=\"column-11\">7.5<\/td>\n<\/tr>\n<tr class=\"row-3\">\n\t<td class=\"column-1\">DPT20-70<\/td><td class=\"column-2\">220<\/td><td class=\"column-3\">50<\/td><td class=\"column-4\">h\/l<\/td><td class=\"column-5\">110\/95<\/td><td class=\"column-6\">500\/700<\/td><td class=\"column-7\">180\/160<\/td><td class=\"column-8\">45<\/td><td class=\"column-9\">200<\/td><td class=\"column-10\">30-35<\/td><td class=\"column-11\">8.5<\/td>\n<\/tr>\n<tr class=\"row-4\">\n\t<td class=\"column-1\">DPT20-150<\/td><td class=\"column-2\">220<\/td><td class=\"column-3\">50<\/td><td class=\"column-4\">h\/l<\/td><td class=\"column-5\">160\/120<\/td><td class=\"column-6\">1200\/1500<\/td><td class=\"column-7\">350\/320<\/td><td class=\"column-8\">48<\/td><td class=\"column-9\">200<\/td><td class=\"column-10\">60-80<\/td><td class=\"column-11\">15.5<\/td>\n<\/tr>\n<tr class=\"row-5\">\n\t<td class=\"column-1\">DPT25-210<\/td><td class=\"column-2\">220<\/td><td class=\"column-3\">50<\/td><td class=\"column-4\">h\/l<\/td><td class=\"column-5\">240\/150<\/td><td class=\"column-6\">1700\/2100<\/td><td class=\"column-7\">400\/370<\/td><td class=\"column-8\">50<\/td><td class=\"column-9\">250<\/td><td class=\"column-10\">85-120<\/td><td class=\"column-11\">19.0<\/td>\n<\/tr>\n<tr class=\"row-6\">\n\t<td class=\"column-1\">DPT25-260<\/td><td class=\"column-2\">220<\/td><td class=\"column-3\">50<\/td><td class=\"column-4\">h\/l<\/td><td class=\"column-5\">300\/200<\/td><td class=\"column-6\">2300\/2600<\/td><td class=\"column-7\">450\/420<\/td><td class=\"column-8\">55<\/td><td class=\"column-9\">250<\/td><td class=\"column-10\">150-210<\/td><td class=\"column-11\">20.0<\/td>\n<\/tr>\n<tr class=\"row-7\">\n\t<td class=\"column-1\">DPT30-320<\/td><td class=\"column-2\">220<\/td><td class=\"column-3\">50<\/td><td class=\"column-4\">h\/l<\/td><td class=\"column-5\">350\/450<\/td><td class=\"column-6\">2800\/3200<\/td><td class=\"column-7\">500\/530<\/td><td class=\"column-8\">62<\/td><td class=\"column-9\">\u03a6300<\/td><td class=\"column-10\">240-270<\/td><td class=\"column-11\">22.0<\/td>\n<\/tr>\n<tr class=\"row-8\">\n\t<td class=\"column-1\">DPT30-400<\/td><td class=\"column-2\">220<\/td><td class=\"column-3\">50<\/td><td class=\"column-4\">h\/l<\/td><td class=\"column-5\">510\/457<\/td><td class=\"column-6\">4000\/3600<\/td><td class=\"column-7\">560\/530<\/td><td class=\"column-8\">66<\/td><td class=\"column-9\">\u03a6300<\/td><td class=\"column-10\">300-270<\/td><td class=\"column-11\">25.0<\/td>\n<\/tr>\n<\/tbody>\n<\/table>\n<!-- #tablepress-35 from cache --><\/div>\n<\/div>\n<div><\/div>\n<div class=\"woocb\"><a class=\"wocb\" href=\"http:\/\/www.beiaole.com\/wp-content\/uploads\/2025\/08\/d3.6.2.pdf\" target=\"_blank\" rel=\"noopener\">hacerse<\/a><\/div>\n<div><\/div>\n<p><img loading=\"lazy\" decoding=\"async\" class=\"aligncenter wp-image-17269 size-large\" src=\"http:\/\/www.beiaole.com\/wp-content\/uploads\/2025\/08\/x3.6-1024x298.jpg\" alt=\"Single Way Inline Box Fan-q1\" width=\"1024\" height=\"298\" data-no-translation=\"\" \/><\/p>","protected":false},"excerpt":{"rendered":"<ul>\n<li>\n<h2>Motor eficiente\u202fcobre\u202f:<\/h2>\n<p>\u202fMotor\u202fcon\u202fahorro\u202fcon\u202fbal\u00f3n\u202fbala\u202fapariencia\u202factual\u202factual\u202fy\u202fbajo\u202foperaci\u00f3n de ruido\u202fbajo\u202fo\u00eddo\u202foperaci\u00f3n.<\/li>\n<li>\n<h2>Vivienda de todo metal:<\/h2>\n<p>\u202fConstrucci\u00f3n\u202fSingle\u202fPiece\u202fSteel\u202fConstrucci\u00f3n\u202fResiste\u202fCorrosi\u00f3n\u202fy\u202fVibraci\u00f3n\u202fpara\u202fTrmino\u202fA largo\u202fconfiabilidad industrial\u202flaboral.<\/li>\n<li>\n<h2>Flujo de aire de alta presi\u00f3n:<\/h2>\n<p>\u202fGenera\u202fest\u00e1tico\u202fpresi\u00f3n\u202fUp\u202fa\u202f560\u202fpa\u202fpara\u202fefectivo\u202fventilaci\u00f3n\u202fa trav\u00e9s\u202fconducto largo\u202fRuns.<\/li>\n<li>\n<h2>Operaci\u00f3n tranquila:<\/h2>\n<p>\u202fOptimizado\u202fAir\u202fCanal\u202fdise\u00f1o\u202fReduce\u202fNoise\u202fa\u202fcomo\u202fLittle\u202fas\u202f40\u202f\u2013\u202f66\u202fdb,\u202fdependiendo\u202fmodelo\u202fy\u202fvelocidad.<\/li>\n<li>\n<h2>Flexible\u202fRendimiento:<\/h2>\n<p>\u202f2-Velocidad\u202fControl\u202f(High\u202f\/\u202fBajo)\u202fEquilibra\u202fPower\u202fy\u202fEficiencia\u202fpara\u202fFlujo de aire\u202fnecesidad de flujo de aire.<\/li>\n<li>\n<h2>Salida de aire fuerte:<\/h2>\n<p>\u202fentrega\u202fentre 300\u202fy\u202f4,000\u202fm\u00b3\/h\u202fpara\u202fareas\u202fa\u202fa\u202f270\u202fm\u00b2,\u202faplicaciones\u202fresidential\u202fa\u202findustrial\u202faplicaciones.<\/li>\n<li>\n<h2>F\u00e1cil\u202finstalaci\u00f3n\u202fy\u202fmantenimiento:<\/h2>\n<p>\u202fCompacto\u202fCuerpo\u202fy\u202faccesible\u202fdise\u00f1o\u202fsimplifica\u202fconfiguraci\u00f3n\u202fy\u202flimpieza\u202fpara\u202fa cualquier\u202fventilaci\u00f3n\u202fsistema.<\/li>\n<li>\n<h2>Durabilidad de larga vida:<\/h2>\n<p>\u202fDise\u00f1ado\u202fpara\u202fuso\u202fcontinuo\u202fcon\u202fopera\u202fopera\u202fy\u202fm\u00ednimo\u202fdesgaste\u202fa\u00f1o\u202fel\u202factual\u202foperaci\u00f3n\u202fm\u00ednimo\u202f\u202fmin.<\/li>\n<\/ul>\n<hr \/>","protected":false},"featured_media":4763,"comment_status":"open","ping_status":"closed","template":"","meta":{"_acf_changed":false},"product_brand":[],"product_cat":[27],"product_tag":[],"class_list":{"0":"post-4736","1":"product","2":"type-product","3":"status-publish","4":"has-post-thumbnail","6":"product_cat-inline-duct-fan","8":"first","9":"outofstock","10":"taxable","11":"shipping-taxable","12":"purchasable","13":"product-type-variable"},"acf":[],"_links":{"self":[{"href":"https:\/\/www.ecvents.com\/es\/wp-json\/wp\/v2\/product\/4736","targetHints":{"allow":["GET"]}}],"collection":[{"href":"https:\/\/www.ecvents.com\/es\/wp-json\/wp\/v2\/product"}],"about":[{"href":"https:\/\/www.ecvents.com\/es\/wp-json\/wp\/v2\/types\/product"}],"replies":[{"embeddable":true,"href":"https:\/\/www.ecvents.com\/es\/wp-json\/wp\/v2\/comments?post=4736"}],"wp:featuredmedia":[{"embeddable":true,"href":"https:\/\/www.ecvents.com\/es\/wp-json\/wp\/v2\/media\/4763"}],"wp:attachment":[{"href":"https:\/\/www.ecvents.com\/es\/wp-json\/wp\/v2\/media?parent=4736"}],"wp:term":[{"taxonomy":"product_brand","embeddable":true,"href":"https:\/\/www.ecvents.com\/es\/wp-json\/wp\/v2\/product_brand?post=4736"},{"taxonomy":"product_cat","embeddable":true,"href":"https:\/\/www.ecvents.com\/es\/wp-json\/wp\/v2\/product_cat?post=4736"},{"taxonomy":"product_tag","embeddable":true,"href":"https:\/\/www.ecvents.com\/es\/wp-json\/wp\/v2\/product_tag?post=4736"}],"curies":[{"name":"pp","href":"https:\/\/api.w.org\/{rel}","templated":true}]}}