{"id":4743,"date":"2026-03-19T06:04:08","date_gmt":"2026-03-19T11:04:08","guid":{"rendered":"https:\/\/www.ecvents.com\/?post_type=product&#038;p=4743"},"modified":"2026-03-19T06:04:59","modified_gmt":"2026-03-19T11:04:59","slug":"ventilador-centrifugo-redondo-de-metal","status":"publish","type":"product","link":"https:\/\/www.ecvents.com\/es\/product\/ventilador-centrifugo-redondo-de-metal\/","title":{"rendered":"Ventilador centr\u00edfugo redondo de metal"},"content":{"rendered":"<div class=\"someee\">\n<h2><strong>Construcci\u00f3n s\u00f3lida. presi\u00f3n constante. Construido para la fiabilidad a largo plazo.<\/strong><\/h2>\n<p>los\u00a0<strong>Metal\u202fRedondo\u202fCentrifugal\u202fInline\u202fFan<\/strong>\u00a0est\u00e1 dise\u00f1ado para un prop\u00f3sito simple\u202f\u2014\u202fpara mantener el aire en movimiento suave, silenciosamente y poderosamente d\u00eda tras d\u00eda. Es el tipo de m\u00e1quina confiable en la que instala una vez, conf\u00ede completamente y rara vez piensa nuevamente.<\/p>\n<p>En su n\u00facleo se encuentra un\u00a0<strong>Todo\u2011cobre\u202fahorro de energ\u00eda\u202fmotor\u202f<\/strong>, dise\u00f1ado para la resistencia y la eficiencia. combinado con\u00a0<strong>Cojinetes de alta calidad<\/strong>, funciona con una vibraci\u00f3n o ruido m\u00ednimos, lo que ofrece un rendimiento confiable durante a\u00f1os de uso continuo. El equilibrio y la durabilidad del motor lo convierten en el coraz\u00f3n silencioso y estable de una ventilaci\u00f3n confiable.<\/p>\n<p>La fuerza del ventilador proviene de su\u00a0<strong>Construcci\u00f3n de todo metal<\/strong>, elaborado en acero grueso para mayor rigidez y protecci\u00f3n. La carcasa sin costuras resiste la corrosi\u00f3n, la flexi\u00f3n y la deformaci\u00f3n, lo que la hace perfecta para invernaderos, talleres, s\u00f3tanos o entornos de f\u00e1brica donde la humedad y la presi\u00f3n son desaf\u00edos constantes. Una vez instalado, permanece en su lugar, funcionando sin problemas sin necesidad de ajustes.<\/p>\n<p>Compacto en forma pero fuerte en rendimiento, el\u00a0<strong>Impulsor centr\u00edfugo<\/strong>\u00a0El dise\u00f1o proporciona una alta presi\u00f3n y un flujo de aire de larga distancia, ideal para aplicaciones con ductos que requieren un rendimiento constante. Con varios tama\u00f1os disponibles de 100\u202fmm\u202fa\u202f315\u202fmm, se integra f\u00e1cilmente ya sea que se utilice como unidad independiente o emparejado con otros ventiladores para mayor alcance o volumen de aire m\u00e1s alto.<\/p>\n<p>Fiable, eficiente en energ\u00eda y silencioso en funcionamiento, el metal \"redondo\" centr\u00edfugo \"inline\" ventilador no sobrepromesa, simplemente \u201dalimenta \u202fFlujo de aire estable\u202fexactamente\u202fdonde\u202fse necesita.<\/p>\n<\/div>\n<hr \/>\n<p>Dimensiones (unidad: mm):<\/p>\n<div class=\"scroll-table-wrapper\">\n<div class=\"scroll-table\">\n<table id=\"tablepress-36\" class=\"tablepress tablepress-id-36\">\n<thead>\n<tr class=\"row-1\">\n\t<th class=\"column-1\">modelo<\/th><th class=\"column-2\">a<\/th><th class=\"column-3\">b<\/th><th class=\"column-4\">c<\/th><th class=\"column-5\">\u00d8D<\/th>\n<\/tr>\n<\/thead>\n<tbody class=\"row-striping row-hover\">\n<tr class=\"row-2\">\n\t<td class=\"column-1\">DJT10-25B<\/td><td class=\"column-2\">195<\/td><td class=\"column-3\">30<\/td><td class=\"column-4\">237<\/td><td class=\"column-5\">98<\/td>\n<\/tr>\n<tr class=\"row-3\">\n\t<td class=\"column-1\">DJT12-35B<\/td><td class=\"column-2\">196<\/td><td class=\"column-3\">30<\/td><td class=\"column-4\">237<\/td><td class=\"column-5\">123<\/td>\n<\/tr>\n<tr class=\"row-4\">\n\t<td class=\"column-1\">DJT15-45B<\/td><td class=\"column-2\">238<\/td><td class=\"column-3\">30<\/td><td class=\"column-4\">326<\/td><td class=\"column-5\">148<\/td>\n<\/tr>\n<tr class=\"row-5\">\n\t<td class=\"column-1\">DJT16-45B<\/td><td class=\"column-2\">240<\/td><td class=\"column-3\">30<\/td><td class=\"column-4\">326<\/td><td class=\"column-5\">158<\/td>\n<\/tr>\n<tr class=\"row-6\">\n\t<td class=\"column-1\">DJT20-46B<\/td><td class=\"column-2\">224<\/td><td class=\"column-3\">30<\/td><td class=\"column-4\">326<\/td><td class=\"column-5\">198<\/td>\n<\/tr>\n<tr class=\"row-7\">\n\t<td class=\"column-1\">DJT25-66B<\/td><td class=\"column-2\">224<\/td><td class=\"column-3\">30<\/td><td class=\"column-4\">326<\/td><td class=\"column-5\">248<\/td>\n<\/tr>\n<tr class=\"row-8\">\n\t<td class=\"column-1\">DJT31 -66b<\/td><td class=\"column-2\">240<\/td><td class=\"column-3\">30<\/td><td class=\"column-4\">396<\/td><td class=\"column-5\">313<\/td>\n<\/tr>\n<\/tbody>\n<\/table>\n<!-- #tablepress-36 from cache --><\/div>\n<\/div>\n<div><\/div>\n<div class=\"woocb\"><a class=\"wocb\" href=\"http:\/\/www.beiaole.com\/wp-content\/uploads\/2025\/08\/d3.7.1.pdf\" target=\"_blank\" rel=\"noopener\">hacerse<\/a><\/div>\n<div><\/div>\n<p><img loading=\"lazy\" decoding=\"async\" class=\"aligncenter wp-image-16614 size-large\" src=\"http:\/\/www.beiaole.com\/wp-content\/uploads\/2025\/08\/s3.7-1024x965.png\" alt=\"Metal Round Centrifugal Inline Fan-size\" width=\"1024\" height=\"965\" data-no-translation=\"\" \/><br \/>\nRendimiento:<\/p>\n<div class=\"scroll-table-wrapper\">\n<div class=\"scroll-table\">\n<table id=\"tablepress-37\" class=\"tablepress tablepress-id-37\">\n<thead>\n<tr class=\"row-1\">\n\t<th class=\"column-1\">modelo<\/th><th class=\"column-2\">Voltaje (V)<\/th><th class=\"column-3\">Frecuencia (Hz)<\/th><th class=\"column-4\">Flujo de aire(m\u00b3\/h)<\/th><th class=\"column-5\">Poder (W)<\/th><th class=\"column-6\">Presi\u00f3n est\u00e1tica (Pa)<\/th><th class=\"column-7\">Ruido (dB)<\/th><th class=\"column-8\">Tama\u00f1o del conducto (mm)<\/th><th class=\"column-9\">\u00c1rea de aplicaci\u00f3n (m\u00b2)<\/th><th class=\"column-10\">Tama\u00f1o del embalaje (cm)<\/th><th class=\"column-11\">Peso del embalaje (kg)<\/th>\n<\/tr>\n<\/thead>\n<tbody class=\"row-striping row-hover\">\n<tr class=\"row-2\">\n\t<td class=\"column-1\">DJT10-25B<\/td><td class=\"column-2\">220~240<\/td><td class=\"column-3\">50<\/td><td class=\"column-4\">300<\/td><td class=\"column-5\">61<\/td><td class=\"column-6\">377<\/td><td class=\"column-7\">62<\/td><td class=\"column-8\">\u00d8100<\/td><td class=\"column-9\">12-16<\/td><td class=\"column-10\">31*31*25<\/td><td class=\"column-11\">3.5<\/td>\n<\/tr>\n<tr class=\"row-3\">\n\t<td class=\"column-1\">DJT12-35B<\/td><td class=\"column-2\">220~240<\/td><td class=\"column-3\">50<\/td><td class=\"column-4\">385<\/td><td class=\"column-5\">62<\/td><td class=\"column-6\">339<\/td><td class=\"column-7\">61<\/td><td class=\"column-8\">\u00d8125<\/td><td class=\"column-9\">16-21<\/td><td class=\"column-10\">31*31*25<\/td><td class=\"column-11\">3.5<\/td>\n<\/tr>\n<tr class=\"row-4\">\n\t<td class=\"column-1\">DJT15-45B<\/td><td class=\"column-2\">220~240<\/td><td class=\"column-3\">50<\/td><td class=\"column-4\">700<\/td><td class=\"column-5\">88<\/td><td class=\"column-6\">399<\/td><td class=\"column-7\">66<\/td><td class=\"column-8\">\u00d8150<\/td><td class=\"column-9\">29-38<\/td><td class=\"column-10\">40*40*29<\/td><td class=\"column-11\">5<\/td>\n<\/tr>\n<tr class=\"row-5\">\n\t<td class=\"column-1\">DJT16-45B<\/td><td class=\"column-2\">220~240<\/td><td class=\"column-3\">50<\/td><td class=\"column-4\">760<\/td><td class=\"column-5\">91<\/td><td class=\"column-6\">352<\/td><td class=\"column-7\">67<\/td><td class=\"column-8\">\u00d8160<\/td><td class=\"column-9\">31-42<\/td><td class=\"column-10\">40*40*29<\/td><td class=\"column-11\">5<\/td>\n<\/tr>\n<tr class=\"row-6\">\n\t<td class=\"column-1\">DJT20-46B<\/td><td class=\"column-2\">220~240<\/td><td class=\"column-3\">50<\/td><td class=\"column-4\">1165<\/td><td class=\"column-5\">168<\/td><td class=\"column-6\">594<\/td><td class=\"column-7\">70<\/td><td class=\"column-8\">\u00d8200<\/td><td class=\"column-9\">48-64<\/td><td class=\"column-10\">40*40*29<\/td><td class=\"column-11\">5.8<\/td>\n<\/tr>\n<tr class=\"row-7\">\n\t<td class=\"column-1\">DJT25-66B<\/td><td class=\"column-2\">220~240<\/td><td class=\"column-3\">50<\/td><td class=\"column-4\">1255<\/td><td class=\"column-5\">185<\/td><td class=\"column-6\">596<\/td><td class=\"column-7\">70<\/td><td class=\"column-8\">\u00d8250<\/td><td class=\"column-9\">52-69<\/td><td class=\"column-10\">40*40*29<\/td><td class=\"column-11\">5.9<\/td>\n<\/tr>\n<tr class=\"row-8\">\n\t<td class=\"column-1\">DJT31 -66b<\/td><td class=\"column-2\">220~240<\/td><td class=\"column-3\">50<\/td><td class=\"column-4\">1740<\/td><td class=\"column-5\">223<\/td><td class=\"column-6\">720<\/td><td class=\"column-7\">76<\/td><td class=\"column-8\">\u00d8315<\/td><td class=\"column-9\">72-96<\/td><td class=\"column-10\">46*43.5*32<\/td><td class=\"column-11\">7<\/td>\n<\/tr>\n<\/tbody>\n<\/table>\n<!-- #tablepress-37 from cache --><\/div>\n<\/div>\n<div><\/div>\n<div class=\"woocb\"><a class=\"wocb\" href=\"http:\/\/www.beiaole.com\/wp-content\/uploads\/2025\/08\/d3.7.2.pdf\" target=\"_blank\" rel=\"noopener\">hacerse<\/a><\/div>\n<div><\/div>\n<p><img loading=\"lazy\" decoding=\"async\" class=\"aligncenter wp-image-17276 size-large\" src=\"http:\/\/www.beiaole.com\/wp-content\/uploads\/2025\/08\/x3.7.1-1024x222.jpg\" alt=\"Metal Round Centrifugal Inline Fan-q1\" width=\"1024\" height=\"222\" data-no-translation=\"\" \/><br \/>\n<img loading=\"lazy\" decoding=\"async\" class=\"aligncenter wp-image-17277 size-large\" src=\"http:\/\/www.beiaole.com\/wp-content\/uploads\/2025\/08\/x3.7.2-1024x215.jpg\" alt=\"Metal Round Centrifugal Inline Fan-q2\" width=\"1024\" height=\"215\" data-no-translation=\"\" \/><\/p>","protected":false},"excerpt":{"rendered":"<ul>\n<li>\n<h2>Construcci\u00f3n duradera\u202ftodo metal:<\/h2>\n<p>\u202fhay\u202fdeber\u202fteel\u202fhousing\u202fresiste\u202foxidar\u202fy\u202fdeformaci\u00f3n\u202fpara\u202fa largo\u202fuso industrial\u202findustrial\u202falimento.<\/li>\n<li>\n<h2>Motor de ahorro de energ\u00eda\u202fcobre\u202f:<\/h2>\n<p>\u202fAlta eficiencia\u202fmotor\u202fcon\u202fball\u202fbala\u202fcorre\u202fcorrectamente\u202fsuavemente\u202fy\u202fsilencio\u202fmientras\u202freduciendo\u202fconsumo de poder\u202f.<\/li>\n<li>\n<h2>Sistema centr\u00edfugo\u202fairflow\u202f:<\/h2>\n<p>\u202fFuerte\u202fEst\u00e1tico\u202fpresi\u00f3n\u202f(377\u202f\u2013\u202f720\u202fPa)\u202fasegura\u202fefectivo\u202faire\u202fentrega\u202fa trav\u00e9s de\u202fconductos largos.<\/li>\n<li>\n<h2>Rendimiento silencioso:<\/h2>\n<p>\u202fBajo\u202fNoise\u202fsalida\u202f(61\u202f\u2013\u202f76\u202fdb)\u202fequilibra\u202faire\u202fpoder\u202fcon\u202fconfort\u202fac\u00fastico\u202fpara trabajar\u202fo\u202fespacios residenciales.<\/li>\n<li>\n<h2>Operaci\u00f3n estable:<\/h2>\n<p>\u202fSeamless\u202fShell\u202fy\u202fequilibrado\u202fImpeller\u202fminimizar\u202fresonancia\u202fy\u202fampl\u00eda\u202fmotor\u202fvida.<\/li>\n<li>\n<h2>Tama\u00f1o compacto, \"alto\" de salida:<\/h2>\n<p>\u202fFlujo de aire\u202fRango\u202fde\u202f300\u202fa\u202f1,740\u202fm\u00b3\/h\u202fcubre\u202fhabitaciones\u202fhabitaci\u00f3n\u202fa\u202fexpansivos\u202fdise\u00f1os industriales\u202findustrial\u202fcubre\u202fhabitaciones peque\u00f1as\u202fa\u202fairflow\u202f---------------------------------------------------.<\/li>\n<li>\n<h2>Integraci\u00f3n flexible:<\/h2>\n<p>\u202fDisponible\u202fin\u202fconduct\u202fsize\u202f\u00d8100\u202f\u2013\u202f\u00d8315\u202fmm\u202fpara\u202fuso\u202fcomo\u202fa\u202fala\u2011solo\u202f o\u202fseries\u202f system\u202fbooster.<\/li>\n<li>\n<h2>F\u00e1cil\u202finstalaci\u00f3n\u202fy\u202fmantenimiento:<\/h2>\n<p>\u202fSimple\u202fMontaje\u202fy\u202faccesible\u202fvivienda\u202fpara\u202flimpieza\u202fy\u202finspecci\u00f3n.<\/li>\n<\/ul>\n<hr \/>","protected":false},"featured_media":4764,"comment_status":"open","ping_status":"closed","template":"","meta":{"_acf_changed":false},"product_brand":[],"product_cat":[27],"product_tag":[],"class_list":{"0":"post-4743","1":"product","2":"type-product","3":"status-publish","4":"has-post-thumbnail","6":"product_cat-inline-duct-fan","8":"first","9":"instock","10":"taxable","11":"shipping-taxable","12":"purchasable","13":"product-type-variable","14":"has-default-attributes"},"acf":[],"_links":{"self":[{"href":"https:\/\/www.ecvents.com\/es\/wp-json\/wp\/v2\/product\/4743","targetHints":{"allow":["GET"]}}],"collection":[{"href":"https:\/\/www.ecvents.com\/es\/wp-json\/wp\/v2\/product"}],"about":[{"href":"https:\/\/www.ecvents.com\/es\/wp-json\/wp\/v2\/types\/product"}],"replies":[{"embeddable":true,"href":"https:\/\/www.ecvents.com\/es\/wp-json\/wp\/v2\/comments?post=4743"}],"wp:featuredmedia":[{"embeddable":true,"href":"https:\/\/www.ecvents.com\/es\/wp-json\/wp\/v2\/media\/4764"}],"wp:attachment":[{"href":"https:\/\/www.ecvents.com\/es\/wp-json\/wp\/v2\/media?parent=4743"}],"wp:term":[{"taxonomy":"product_brand","embeddable":true,"href":"https:\/\/www.ecvents.com\/es\/wp-json\/wp\/v2\/product_brand?post=4743"},{"taxonomy":"product_cat","embeddable":true,"href":"https:\/\/www.ecvents.com\/es\/wp-json\/wp\/v2\/product_cat?post=4743"},{"taxonomy":"product_tag","embeddable":true,"href":"https:\/\/www.ecvents.com\/es\/wp-json\/wp\/v2\/product_tag?post=4743"}],"curies":[{"name":"pp","href":"https:\/\/api.w.org\/{rel}","templated":true}]}}