{"id":4744,"date":"2026-03-19T06:04:08","date_gmt":"2026-03-19T11:04:08","guid":{"rendered":"https:\/\/www.ecvents.com\/?post_type=product&#038;p=4744"},"modified":"2026-03-19T06:04:31","modified_gmt":"2026-03-19T11:04:31","slug":"ventilador-en-linea-de-flujo-mixto","status":"publish","type":"product","link":"https:\/\/www.ecvents.com\/es\/product\/ventilador-en-linea-de-flujo-mixto\/","title":{"rendered":"Ventilador en l\u00ednea de flujo mixto"},"content":{"rendered":"<div class=\"someee\">\n<h2><strong>Flujo fuerte. estabilidad silenciosa. Construido para el movimiento continuo del aire.<\/strong><\/h2>\n<p>los\u00a0<strong>Mixto\u202fFlow\u202fInline\u202fFan<\/strong>\u00a0es el tipo de equipo que instala una vez y en el que apenas piensa, no porque sea ordinario, sino porque simplemente funciona. D\u00eda tras d\u00eda, mantiene el aire circulando de forma silenciosa y eficiente a trav\u00e9s de conductos largos, manteniendo una ventilaci\u00f3n equilibrada donde sea necesario.<\/p>\n<p>En su n\u00facleo se encuentra un\u00a0<strong>Todo\u2011cobre\u202fahorro de energ\u00eda\u202fmotor\u202f<\/strong>\u00a0en compa\u00f1\u00eda de\u00a0<strong>Cojinetes de alta calidad<\/strong>, dise\u00f1ado para una fiabilidad suave y silenciosa a trav\u00e9s de a\u00f1os de funcionamiento continuo. La estructura integrada de la carcasa del motor y el conducto de aire garantizan que el aire se mueve sin problemas, sin turbulencia, vibraci\u00f3n o ruido adicional, lo que permite una presi\u00f3n constante y un flujo fuerte incluso a distancias prolongadas.<\/p>\n<p>Construido para la resistencia, su\u00a0<strong>todo-metal\u202fcuerpo<\/strong>\u00a0Est\u00e1 hecho de acero fabricado con precisi\u00f3n que se mantiene r\u00edgido y libre de \u00f3xido incluso en condiciones dif\u00edciles. los\u00a0<strong>Dise\u00f1o de flujo mixto compacto<\/strong>\u00a0Combina las fortalezas del flujo de aire axial y centr\u00edfugo: alta presi\u00f3n, entrega a larga distancia y bajo ruido en una \u00fanica forma aerodin\u00e1mica.<\/p>\n<p>Flexible en uso e instalaci\u00f3n, el Flow Mixto\u202fInline\u202fFan\u202f se adapta a todo, desde hogares y oficinas hasta cuartos de cultivo, talleres y sistemas industriales. Los tama\u00f1os de modelos m\u00faltiples le permiten encontrar la combinaci\u00f3n perfecta para la configuraci\u00f3n de su conducto, o incluso combinar unidades para un mayor alcance y rendimiento.<\/p>\n<p>Fiable, silencioso y eficiente, este ventilador funciona fielmente detr\u00e1s de escena: mantener el aire limpio, sus sistemas eficientes y su entorno equilibrado sin problemas ni mantenimiento.<\/p>\n<\/div>\n<hr \/>\n<p>Dimensiones (unidad: mm):<\/p>\n<div class=\"scroll-table-wrapper\">\n<div class=\"scroll-table\">\n<table id=\"tablepress-48\" class=\"tablepress tablepress-id-48\">\n<thead>\n<tr class=\"row-1\">\n\t<th class=\"column-1\">modelo<\/th><th class=\"column-2\">L<\/th><th class=\"column-3\">W<\/th><th class=\"column-4\">H<\/th><th class=\"column-5\">E<\/th>\n<\/tr>\n<\/thead>\n<tbody class=\"row-striping row-hover\">\n<tr class=\"row-2\">\n\t<td class=\"column-1\">DPT-100P<\/td><td class=\"column-2\">257<\/td><td class=\"column-3\">180<\/td><td class=\"column-4\">215<\/td><td class=\"column-5\">99<\/td>\n<\/tr>\n<tr class=\"row-3\">\n\t<td class=\"column-1\">DPT-150P<\/td><td class=\"column-2\">302<\/td><td class=\"column-3\">210<\/td><td class=\"column-4\">245<\/td><td class=\"column-5\">\u03c6148<\/td>\n<\/tr>\n<tr class=\"row-4\">\n\t<td class=\"column-1\">DPT-200P<\/td><td class=\"column-2\">302<\/td><td class=\"column-3\">230<\/td><td class=\"column-4\">270<\/td><td class=\"column-5\">\u03c6198<\/td>\n<\/tr>\n<tr class=\"row-5\">\n\t<td class=\"column-1\">DPT-250P<\/td><td class=\"column-2\">390<\/td><td class=\"column-3\">280<\/td><td class=\"column-4\">310<\/td><td class=\"column-5\">\u03c6248<\/td>\n<\/tr>\n<tr class=\"row-6\">\n\t<td class=\"column-1\">DPT-315P<\/td><td class=\"column-2\">450<\/td><td class=\"column-3\">320<\/td><td class=\"column-4\">413<\/td><td class=\"column-5\">\u03c6313<\/td>\n<\/tr>\n<\/tbody>\n<\/table>\n<!-- #tablepress-48 from cache --><\/div>\n<\/div>\n<div><\/div>\n<div class=\"woocb\"><a class=\"wocb\" href=\"http:\/\/www.beiaole.com\/wp-content\/uploads\/2025\/09\/d3.13.1.pdf\" target=\"_blank\" rel=\"noopener\">hacerse<\/a><\/div>\n<div><\/div>\n<p>&nbsp;<\/p>\n<p>Rendimiento:<\/p>\n<div class=\"scroll-table-wrapper\">\n<div class=\"scroll-table\">\n<table id=\"tablepress-49\" class=\"tablepress tablepress-id-49 tbody-has-connected-cells\">\n<thead>\n<tr class=\"row-1\">\n\t<th class=\"column-1\">modelo<\/th><th class=\"column-2\">Voltaje (V)<\/th><th class=\"column-3\">Frecuencia (Hz)<\/th><th class=\"column-4\">velocidad<\/th><th class=\"column-5\">Poder (W)<\/th><th class=\"column-6\">Flujo de aire(m\u00b3\/h)<\/th><th class=\"column-7\">Presi\u00f3n est\u00e1tica (Pa)<\/th><th class=\"column-8\">Velocidad (RPM)<\/th><th class=\"column-9\">Ruido (dB)<\/th><th class=\"column-10\">N.W (kg)<\/th><th class=\"column-11\">Tama\u00f1o del conducto (mm)<\/th><th class=\"column-12\">Caja\/pieza<\/th>\n<\/tr>\n<\/thead>\n<tbody class=\"row-striping row-hover\">\n<tr class=\"row-2\">\n\t<td rowspan=\"2\" class=\"column-1\">DPT-100P<\/td><td rowspan=\"2\" class=\"column-2\">220<\/td><td rowspan=\"2\" class=\"column-3\">50<\/td><td class=\"column-4\">alto<\/td><td class=\"column-5\">40<\/td><td class=\"column-6\">204<\/td><td class=\"column-7\">132<\/td><td class=\"column-8\">2400<\/td><td class=\"column-9\">31<\/td><td rowspan=\"2\" class=\"column-10\">1.55<\/td><td rowspan=\"2\" class=\"column-11\">\u03c6100<\/td><td rowspan=\"2\" class=\"column-12\">6<\/td>\n<\/tr>\n<tr class=\"row-3\">\n\t<td class=\"column-4\">deficiente<\/td><td class=\"column-5\">30<\/td><td class=\"column-6\">160<\/td><td class=\"column-7\">106<\/td><td class=\"column-8\">1950<\/td><td class=\"column-9\">26<\/td>\n<\/tr>\n<tr class=\"row-4\">\n\t<td rowspan=\"2\" class=\"column-1\">DPT-150P<\/td><td rowspan=\"2\" class=\"column-2\">220<\/td><td rowspan=\"2\" class=\"column-3\">50<\/td><td class=\"column-4\">alto<\/td><td class=\"column-5\">60<\/td><td class=\"column-6\">450<\/td><td class=\"column-7\">280<\/td><td class=\"column-8\">2590<\/td><td class=\"column-9\">33<\/td><td rowspan=\"2\" class=\"column-10\">2.5<\/td><td rowspan=\"2\" class=\"column-11\">\u03c6150<\/td><td rowspan=\"2\" class=\"column-12\">6<\/td>\n<\/tr>\n<tr class=\"row-5\">\n\t<td class=\"column-4\">deficiente<\/td><td class=\"column-5\">48<\/td><td class=\"column-6\">360<\/td><td class=\"column-7\">240<\/td><td class=\"column-8\">1950<\/td><td class=\"column-9\">29<\/td>\n<\/tr>\n<tr class=\"row-6\">\n\t<td rowspan=\"2\" class=\"column-1\">DPT-200P<\/td><td rowspan=\"2\" class=\"column-2\">220<\/td><td rowspan=\"2\" class=\"column-3\">50<\/td><td class=\"column-4\">alto<\/td><td class=\"column-5\">145<\/td><td class=\"column-6\">840<\/td><td class=\"column-7\">350<\/td><td class=\"column-8\">2490<\/td><td class=\"column-9\">63<\/td><td rowspan=\"2\" class=\"column-10\">3.1<\/td><td rowspan=\"2\" class=\"column-11\">200<\/td><td rowspan=\"2\" class=\"column-12\">6<\/td>\n<\/tr>\n<tr class=\"row-7\">\n\t<td class=\"column-4\">deficiente<\/td><td class=\"column-5\">125<\/td><td class=\"column-6\">690<\/td><td class=\"column-7\">270<\/td><td class=\"column-8\">1980<\/td><td class=\"column-9\">55<\/td>\n<\/tr>\n<tr class=\"row-8\">\n\t<td class=\"column-1\">DPT-250P<\/td><td class=\"column-2\">220<\/td><td class=\"column-3\">50<\/td><td class=\"column-4\">\/<\/td><td class=\"column-5\">230<\/td><td class=\"column-6\">1400<\/td><td class=\"column-7\">489<\/td><td class=\"column-8\">2450<\/td><td class=\"column-9\">66<\/td><td class=\"column-10\">7.5<\/td><td class=\"column-11\">250<\/td><td class=\"column-12\">1<\/td>\n<\/tr>\n<tr class=\"row-9\">\n\t<td class=\"column-1\">DPT-315P<\/td><td class=\"column-2\">220<\/td><td class=\"column-3\">50<\/td><td class=\"column-4\">\/<\/td><td class=\"column-5\">360<\/td><td class=\"column-6\">2200<\/td><td class=\"column-7\">690<\/td><td class=\"column-8\">2350<\/td><td class=\"column-9\">69<\/td><td class=\"column-10\">10.4<\/td><td class=\"column-11\">\u03a6315<\/td><td class=\"column-12\">1<\/td>\n<\/tr>\n<\/tbody>\n<\/table>\n<!-- #tablepress-49 from cache --><\/div>\n<\/div>\n<div><\/div>\n<div class=\"woocb\"><a class=\"wocb\" href=\"http:\/\/www.beiaole.com\/wp-content\/uploads\/2025\/09\/d3.13.2.pdf\" target=\"_blank\" rel=\"noopener\">hacerse<\/a><\/div>\n<div><\/div>\n<p><img loading=\"lazy\" decoding=\"async\" class=\"aligncenter wp-image-17281 size-large\" src=\"http:\/\/www.beiaole.com\/wp-content\/uploads\/2025\/08\/x3.13-1024x948.jpg\" alt=\"Mixed Flow Inline Fan-q1\" width=\"1024\" height=\"948\" data-no-translation=\"\" \/><\/p>","protected":false},"excerpt":{"rendered":"<ul>\n<li>\n<h2>Tecnolog\u00eda de flujo mixto:<\/h2>\n<p>\u202fCombina \u202faxiales\u202fy\u202fCentrifugales\u202fdise\u00f1os\u202fpara\u202fdeliver\u202fambos\u202fpresi\u00f3n alta\u202fy\u202flong\u202fflujo de aire\u202fdistancia.<\/li>\n<li>\n<h2>Motor de ahorro de energ\u00eda:<\/h2>\n<p>\u202ftodo de cobre\u202fcon\u202fcon\u202fprecisi\u00f3n\u202fbala\u202falimentos\u202fasegura\u202falisa,\u202fbaja\u2011ruido\u202fdesempe\u00f1o\u202fpara\u202fa\u00f1os\u202fde\u202fuso.<\/li>\n<li>\n<h2>Construcci\u00f3n de todo-metal:<\/h2>\n<p>\u202fHeavy\u2011Deber\u202fSteel\u202fShell\u202fResiste\u202fCorrosi\u00f3n\u202fy\u202fdeformaci\u00f3n\u202fadecuado\u202fpara\u202findustrial\u202fy\u202fajustes residenciales.<\/li>\n<li>\n<h2>Flujo de aire fuerte:<\/h2>\n<p>\u202fair\u202fvolumen\u202frango\u202fde\u202f204\u202fa\u202f2200\u202fm\u00b3\/h\u202fy\u202fest\u00e1 est\u00e1tico\u202fpressure\u202fa\u202fa\u202f690\u202fpa\u202fproporcionar\u202fexcepto\u202fcubierta\u202fexcepto.<\/li>\n<li>\n<h2>Operaci\u00f3n tranquila:<\/h2>\n<p>\u202fEquilibrado\u202fImpeller\u202fdise\u00f1o\u202fMantiene\u202fNoise\u202fcomo\u202fbajo\u202fas\u202f26\u202f\u2013\u202f69\u202fdb\u202fdependiendo\u202fmodelo\u202fy\u202fvelocidad.<\/li>\n<li>\n<h2>Compacto\u202fy\u202f confiable:<\/h2>\n<p>\u202fIntegrado\u202fMotor,\u202fImpeler\u202fy\u202fDuct\u202fSystem\u202fMant\u00e9n\u202festabilidad\u202fy\u202freducir\u202fP\u00e9rdida\u202fpresi\u00f3n.<\/li>\n<li>\n<h2>Instalaci\u00f3n flexible:<\/h2>\n<p>\u202fDisponible\u202fIn\u202fDuct\u202fsize\u202fde\u202f\u03c6100\u202fa\u202f\u03c6315\u202fmm\u202fpara\u202fhomes,\u202fareas\u202fareas,\u202fy\u202findustrial\u202fventilation.<\/li>\n<li>\n<h2>Bajo mantenimiento:<\/h2>\n<p>\u202fEstructura\u202fEstructura\u202fpara\u202ffast\u202finstalaci\u00f3n\u202fy\u202ff\u00e1cil\u202flimpieza\u202fsobre\u202flong\u202fservicio\u202fvida.<\/li>\n<\/ul>\n<hr \/>","protected":false},"featured_media":4765,"comment_status":"open","ping_status":"closed","template":"","meta":{"_acf_changed":false},"product_brand":[],"product_cat":[27],"product_tag":[],"class_list":{"0":"post-4744","1":"product","2":"type-product","3":"status-publish","4":"has-post-thumbnail","6":"product_cat-inline-duct-fan","8":"first","9":"instock","10":"taxable","11":"shipping-taxable","12":"purchasable","13":"product-type-variable","14":"has-default-attributes"},"acf":[],"_links":{"self":[{"href":"https:\/\/www.ecvents.com\/es\/wp-json\/wp\/v2\/product\/4744","targetHints":{"allow":["GET"]}}],"collection":[{"href":"https:\/\/www.ecvents.com\/es\/wp-json\/wp\/v2\/product"}],"about":[{"href":"https:\/\/www.ecvents.com\/es\/wp-json\/wp\/v2\/types\/product"}],"replies":[{"embeddable":true,"href":"https:\/\/www.ecvents.com\/es\/wp-json\/wp\/v2\/comments?post=4744"}],"wp:featuredmedia":[{"embeddable":true,"href":"https:\/\/www.ecvents.com\/es\/wp-json\/wp\/v2\/media\/4765"}],"wp:attachment":[{"href":"https:\/\/www.ecvents.com\/es\/wp-json\/wp\/v2\/media?parent=4744"}],"wp:term":[{"taxonomy":"product_brand","embeddable":true,"href":"https:\/\/www.ecvents.com\/es\/wp-json\/wp\/v2\/product_brand?post=4744"},{"taxonomy":"product_cat","embeddable":true,"href":"https:\/\/www.ecvents.com\/es\/wp-json\/wp\/v2\/product_cat?post=4744"},{"taxonomy":"product_tag","embeddable":true,"href":"https:\/\/www.ecvents.com\/es\/wp-json\/wp\/v2\/product_tag?post=4744"}],"curies":[{"name":"pp","href":"https:\/\/api.w.org\/{rel}","templated":true}]}}