{"id":4757,"date":"2026-03-19T06:04:09","date_gmt":"2026-03-19T11:04:09","guid":{"rendered":"https:\/\/www.ecvents.com\/?post_type=product&#038;p=4757"},"modified":"2026-03-19T06:04:59","modified_gmt":"2026-03-19T11:04:59","slug":"ventilador-en-linea-de-sala-de-cultivo","status":"publish","type":"product","link":"https:\/\/www.ecvents.com\/es\/product\/ventilador-en-linea-de-sala-de-cultivo\/","title":{"rendered":"Ventilador en l\u00ednea de sala de cultivo"},"content":{"rendered":"<div class=\"someee\">\n<h2><strong>Flujo de aire inteligente. Fuerza silenciosa. Construido para un control de precisi\u00f3n.<\/strong><\/h2>\n<p>los\u00a0<strong>Grow\u202froom\u202finline\u202ffan<\/strong>\u00a0Est\u00e1 dise\u00f1ado para productores que entienden que el flujo de aire perfecto no se trata solo de movimiento, sino de equilibrio. Silencioso, consistente y eficiente, mantiene estable su entorno de cultivo, protege los rendimientos mientras se conserva la energ\u00eda y el espacio.<\/p>\n<p>En el coraz\u00f3n del sistema hay una precisi\u00f3n\u00a0<strong>Motor de frecuencia de CC\u202fVariable\u202f<\/strong>, un dise\u00f1o trif\u00e1sico, 6 polos\u202fsin escobillas\u202f que funciona m\u00e1s fresco y silencioso que los motores de CA tradicionales\u202f mientras usa casi\u00a0<strong>50\u202f%\u202fMenos\u202fPotencia<\/strong>. apoyado por\u00a0<strong>NMB\u202fDoble\u202fBall\u202fCojinetes<\/strong>, est\u00e1 dise\u00f1ado para un rendimiento continuo y sin fatiga durante ciclos de trabajo largos.<\/p>\n<p>los\u00a0<strong>Carcasa de todo metal<\/strong>\u00a0Mejora la estabilidad, enfriamiento y blindaje electromagn\u00e9tico. En el interior, las palas aerodin\u00e1micas, inspiradas en el dise\u00f1o del supercargador de aviones, generan una alta presi\u00f3n y un flujo de aire enfocado para un control de clima preciso. Es el poder que se siente controlado, no ca\u00f3tico.<\/p>\n<p>A pesar de esta fuerza, el abanico de crecimiento\u202froom\u202finline\u202f opera cerca\u202f en el silencio. El cuerpo del ventilador est\u00e1 envuelto en\u00a0<strong>Acero laminado en fr\u00edo<\/strong>\u00a0en compa\u00f1\u00eda de\u00a0<strong>Aislamiento ac\u00fastico resistente al fuego<\/strong>, y el conducto integrado se encierra en un\u00a0<strong>C\u00e1mara absorbente de sonido<\/strong>. Combinado con monturas antivibraci\u00f3n, logra un funcionamiento silencioso y de silencio, incluso bajo un alto rendimiento.<\/p>\n<p>el integrado\u00a0<strong>Sistema de control inteligente<\/strong>\u00a0monitores y auto-ajusta la velocidad del ventilador, proporciona\u00a0<strong>Comienzo suave<\/strong>, y protege contra sobrecarga,\u202fsobrecalentamiento,\u202fy\u202fmotor\u202flock\u2011up. Tambi\u00e9n\u202fincluye\u202fa\u202f<strong>10\u202fV\u202fDC\u202fSalida<\/strong>\u202fpara\u202fpwm\u202fo\u202f0\u202f\u2013\u202f10\u202fV\u202fcontroles,\u202ftemperatura\u202fsensores,\u202finterfaces\u202fautomation\u202fautomations. Compatible con una amplia gama de controladores, desde paneles de pared y mandos a distancia inal\u00e1mbricos hasta reguladores ambientales profesionales.<\/p>\n<p>Con IPX4\u202fResistente al agua\u202fProtecci\u00f3n y una vivienda de acero totalmente aislada, esto es m\u00e1s que ventilaci\u00f3n\u202f\u2014\u202fes\u202fes\u202ftranquilos,\u202finteligente\u202fair\u202fmanagement\u202fque\u202f nunca se pierde\u202fa\u202fa\u202fair management\u202f nunca \u202f s\u202f spa \u202f \u202f \u202f \u202f \u202f \u202f \u202f \u202f \u202f \u202f \u202f \u202f \u202f \u202f \u202f \u202f \u202f \u202f \u202f \u202f \u202f \ufffd.<\/p>\n<\/div>\n<hr \/>\n<p>Dimensiones (unidad: mm):<\/p>\n<div class=\"scroll-table-wrapper\">\n<div class=\"scroll-table\">\n<table id=\"tablepress-50\" class=\"tablepress tablepress-id-50\">\n<thead>\n<tr class=\"row-1\">\n\t<th class=\"column-1\">modelo<\/th><th class=\"column-2\">A<\/th><th class=\"column-3\">B<\/th><th class=\"column-4\">C<\/th><th class=\"column-5\">D<\/th><th class=\"column-6\">E<\/th><th class=\"column-7\">F<\/th>\n<\/tr>\n<\/thead>\n<tbody class=\"row-striping row-hover\">\n<tr class=\"row-2\">\n\t<td class=\"column-1\">SE-A150<\/td><td class=\"column-2\">469<\/td><td class=\"column-3\">547<\/td><td class=\"column-4\">\u03c6148<\/td><td class=\"column-5\">\u03c6243<\/td><td class=\"column-6\">123<\/td><td class=\"column-7\">4-\u03c610<\/td>\n<\/tr>\n<tr class=\"row-3\">\n\t<td class=\"column-1\">SE-A200<\/td><td class=\"column-2\">619<\/td><td class=\"column-3\">699<\/td><td class=\"column-4\">\u03c6198<\/td><td class=\"column-5\">\u03c6304<\/td><td class=\"column-6\">174<\/td><td class=\"column-7\">4-\u03c610<\/td>\n<\/tr>\n<tr class=\"row-4\">\n\t<td class=\"column-1\">SE-A250<\/td><td class=\"column-2\">769<\/td><td class=\"column-3\">859<\/td><td class=\"column-4\">\u03c6248<\/td><td class=\"column-5\">\u03c6353<\/td><td class=\"column-6\">221<\/td><td class=\"column-7\">4-\u03c610<\/td>\n<\/tr>\n<tr class=\"row-5\">\n\t<td class=\"column-1\">SEA315<\/td><td class=\"column-2\">848<\/td><td class=\"column-3\">940<\/td><td class=\"column-4\">\u03c6313<\/td><td class=\"column-5\">415<\/td><td class=\"column-6\">269<\/td><td class=\"column-7\">4-\u03c610<\/td>\n<\/tr>\n<tr class=\"row-6\">\n\t<td class=\"column-1\">SE-A355<\/td><td class=\"column-2\">907<\/td><td class=\"column-3\">1000<\/td><td class=\"column-4\">\u03c6353<\/td><td class=\"column-5\">453<\/td><td class=\"column-6\">270<\/td><td class=\"column-7\">4-\u03c610<\/td>\n<\/tr>\n<\/tbody>\n<\/table>\n<!-- #tablepress-50 from cache --><\/div>\n<\/div>\n<div><\/div>\n<div class=\"woocb\"><a class=\"wocb\" href=\"http:\/\/www.beiaole.com\/wp-content\/uploads\/2025\/08\/d3.14.1.pdf\" target=\"_blank\" rel=\"noopener\">hacerse<\/a><\/div>\n<div><\/div>\n<p><img loading=\"lazy\" decoding=\"async\" class=\"aligncenter wp-image-16645 size-large\" src=\"http:\/\/www.beiaole.com\/wp-content\/uploads\/2025\/08\/s3.14-1024x361.png\" alt=\"Grow Room Inline Fan-size\" width=\"1024\" height=\"361\" data-no-translation=\"\" \/><br \/>\nRendimiento:<\/p>\n<div class=\"scroll-table-wrapper\">\n<div class=\"scroll-table\">\n<table id=\"tablepress-51\" class=\"tablepress tablepress-id-51 tbody-has-connected-cells\">\n<thead>\n<tr class=\"row-1\">\n\t<th class=\"column-1\">modelo<\/th><th class=\"column-2\">Voltaje (V)<\/th><th class=\"column-3\">Frecuencia (Hz)<\/th><th class=\"column-4\">velocidad<\/th><th class=\"column-5\">Velocidad (RPM)<\/th><th class=\"column-6\">Flujo de aire(m\u00b3\/h)<\/th><th class=\"column-7\">Presi\u00f3n est\u00e1tica (Pa)<\/th><th class=\"column-8\">Ruido (dB)<\/th><th class=\"column-9\">Tama\u00f1o del conducto (mm)<\/th><th class=\"column-10\">N.W (kg)<\/th><th class=\"column-11\">clasificacion impermeable<\/th>\n<\/tr>\n<\/thead>\n<tbody class=\"row-striping row-hover\">\n<tr class=\"row-2\">\n\t<td class=\"column-1\">SE-A150<\/td><td class=\"column-2\">110 ~ 120 VCA<br \/>\n220~240VAC<\/td><td class=\"column-3\">50\/60<\/td><td class=\"column-4\">40<\/td><td class=\"column-5\">5000<\/td><td class=\"column-6\">594<\/td><td class=\"column-7\">500<\/td><td class=\"column-8\">50<\/td><td class=\"column-9\">\u03a6150\/6 pulgadas<\/td><td class=\"column-10\">5.0<\/td><td class=\"column-11\">4x4<\/td>\n<\/tr>\n<tr class=\"row-3\">\n\t<td class=\"column-1\">SE-A200<\/td><td class=\"column-2\">110 ~ 120 VCA<br \/>\n220~240VAC<\/td><td class=\"column-3\">50\/60<\/td><td class=\"column-4\">75<\/td><td class=\"column-5\">3800<\/td><td class=\"column-6\">1205<\/td><td class=\"column-7\">520<\/td><td class=\"column-8\">51<\/td><td class=\"column-9\">\u03a6200\/8 pulgadas<\/td><td class=\"column-10\">7.5<\/td><td class=\"column-11\">4x4<\/td>\n<\/tr>\n<tr class=\"row-4\">\n\t<td class=\"column-1\">SE-A250<\/td><td class=\"column-2\">110 ~ 120 VCA<br \/>\n220~240VAC<\/td><td class=\"column-3\">50\/60<\/td><td class=\"column-4\">150<\/td><td class=\"column-5\">3200<\/td><td class=\"column-6\">1808<\/td><td class=\"column-7\">510<\/td><td class=\"column-8\">55<\/td><td class=\"column-9\">\u03a6250\/10 pulgadas<\/td><td class=\"column-10\">13.0<\/td><td class=\"column-11\">4x4<\/td>\n<\/tr>\n<tr class=\"row-5\">\n\t<td rowspan=\"2\" class=\"column-1\">SEA315<\/td><td class=\"column-2\">110 ~ 120 VCA<\/td><td class=\"column-3\">50\/60<\/td><td class=\"column-4\">260<\/td><td class=\"column-5\">2800<\/td><td class=\"column-6\">2787<\/td><td class=\"column-7\">598<\/td><td class=\"column-8\">60<\/td><td class=\"column-9\">\u03a6315\/12 pulgadas<\/td><td class=\"column-10\">21.0<\/td><td class=\"column-11\">4x4<\/td>\n<\/tr>\n<tr class=\"row-6\">\n\t<td class=\"column-2\">220~240VAC<\/td><td class=\"column-3\">50\/60<\/td><td class=\"column-4\">320<\/td><td class=\"column-5\">3000<\/td><td class=\"column-6\">2987<\/td><td class=\"column-7\">677<\/td><td class=\"column-8\">62<\/td><td class=\"column-9\">\u03a6315\/12 pulgadas<\/td><td class=\"column-10\">21.0<\/td><td class=\"column-11\">4x4<\/td>\n<\/tr>\n<tr class=\"row-7\">\n\t<td class=\"column-1\">SE-A355<\/td><td class=\"column-2\">110 ~ 120 VCA<br \/>\n220~240VAC<\/td><td class=\"column-3\">50\/60<\/td><td class=\"column-4\">550<\/td><td class=\"column-5\">3000<\/td><td class=\"column-6\">4357<\/td><td class=\"column-7\">716<\/td><td class=\"column-8\">70<\/td><td class=\"column-9\">\u03a6355\/14 pulgadas<\/td><td class=\"column-10\">26.3<\/td><td class=\"column-11\">4x4<\/td>\n<\/tr>\n<\/tbody>\n<\/table>\n<!-- #tablepress-51 from cache --><\/div>\n<\/div>\n<div><\/div>\n<div class=\"woocb\"><a class=\"wocb\" href=\"http:\/\/www.beiaole.com\/wp-content\/uploads\/2025\/08\/d3.14.2.pdf\" target=\"_blank\" rel=\"noopener\">hacerse<\/a><\/div>\n<div><\/div>\n<p><img loading=\"lazy\" decoding=\"async\" class=\"aligncenter wp-image-17285 size-large\" src=\"http:\/\/www.beiaole.com\/wp-content\/uploads\/2025\/08\/x3.15-1024x531.png\" alt=\"Grow Room Inline Fan-q1\" width=\"1024\" height=\"531\" data-no-translation=\"\" \/><\/p>","protected":false},"excerpt":{"rendered":"<ul>\n<li>\n<h2>Motor de alta eficiencia\u202fsin escobillas\u202f:<\/h2>\n<p>\u202f3\u202ff\u00e1sico,\u202f6\u202fpolo\u202fdc\u202fvariable\u2011frecuencia\u202fmotor\u202fentrega\u202festable\u202fpoder\u202fcon\u202fminuto\u202fcalor\u202fy\u202f50\u202f%\u202fsin energ\u00eda\u202fuso.<\/li>\n<li>\n<h2>Cojinetes de doble bola: NMB\u202fDoble\u202fBall\u202fBall\u202fBall\u202fDoble\ufffd\ufffd<\/h2>\n<p>\u202fAsegurar\u202fsmooth,\u202fbaja\u2011fricci\u00f3n\u202foperativa\u202fy\u202fconfiabilidad\u202fa largo plazo\u202fbajo\u202fuso continuo.<\/li>\n<li>\n<h2>Sistema Aerodin\u00e1mico\u202fBlade\u202f:<\/h2>\n<p>\u202fAeronaves\u2011Inspirado\u202fImpeller\u202fdise\u00f1o\u202fcrea\u202fFlujo de aire\u202fenfoque\u202fpresi\u00f3n\u202falta\u202fairflow\u202fpara\u202feficiente\u202fventilaci\u00f3n.<\/li>\n<li>\n<h2>Operaci\u00f3n de silencio: susurrar:<\/h2>\n<p>\u202fResistente al fuego\u202faislamiento\u202faislamiento\u202fy\u202fanti\u2011vibraci\u00f3n\u202fmonta\u202freduce\u202fruido\u202fa\u202fcomo\u202fbajo\u202fas\u202f50\u202fdb.<\/li>\n<li>\n<h2>Control inteligente\u202fvelocidad\u202fcontrol:<\/h2>\n<p>\u202fControlador\u202finsmart\u202fControlador\u202fcon\u202fsoft\u202finicio\u202fpwm,\u202fy\u202f0\u201310\u202fv\u202fsignales\u202fcompatibilidad.<\/li>\n<li>\n<h2>Automatizaci\u00f3n\u202flisto:<\/h2>\n<p>\u202fSoporta\u202fTemperatura\u202fy\u202fhumididad\u202fSensores,\u202fpad-control\u202fPanels,\u202fdigital\u202freguladores,\u202fy\u202f smart\u202faplicaciones\u202fcomo\u202fXiaoHeihe\u202f(Black\u202fBox).<\/li>\n<li>\n<h2>Construir resistentes y todo metales:<\/h2>\n<p>\u202flaminado de acero\u202flaminado en fr\u00edo\u202falame- do\u202fipx4\u202frated\u202fpara\u202fla resistencia\u202fagua\u202fy\u202fla resistencia\u202fla resistencia\u202fen condiciones duras\u202fla resistencia.<\/li>\n<li>\n<h2>Potente entrega de aire:<\/h2>\n<p>\u202fFlujo de aire\u202fRango\u202fde\u202f594\u202fm\u00b3\/h\u202f4,357\u202fm\u00b3\/h\u202fy\u202fest\u00e1tico\u202fpressure\u202fa\u202f716\u202fpa\u202fpara\u202fm\u00e1ximo\u202fcobertura\u202fa\u202f716\u202fpa\u202fpara\u202fm\u00e1xima\u202f\u202f\u202f \u202f \u202f 594\u202f 594\u202f 594\u202f \u202f 594\u202f 4 357 \u202fm \u202f \u202f 594\ufffd\ufffd.<\/li>\n<li>\n<h2>Protecci\u00f3n integral:<\/h2>\n<p>\u202fsalvaguardias\u202fagainst\u202fsobre- sobrecalentamiento\u202fy\u202fmotor\u202flock\u202fmientras\u202fmanteniendo\u202fperfecto\u202factuaci\u00f3n.<\/li>\n<\/ul>\n<hr \/>","protected":false},"featured_media":4791,"comment_status":"open","ping_status":"closed","template":"","meta":{"_acf_changed":false},"product_brand":[],"product_cat":[27],"product_tag":[],"class_list":{"0":"post-4757","1":"product","2":"type-product","3":"status-publish","4":"has-post-thumbnail","6":"product_cat-inline-duct-fan","8":"first","9":"instock","10":"taxable","11":"shipping-taxable","12":"purchasable","13":"product-type-variable","14":"has-default-attributes"},"acf":[],"_links":{"self":[{"href":"https:\/\/www.ecvents.com\/es\/wp-json\/wp\/v2\/product\/4757","targetHints":{"allow":["GET"]}}],"collection":[{"href":"https:\/\/www.ecvents.com\/es\/wp-json\/wp\/v2\/product"}],"about":[{"href":"https:\/\/www.ecvents.com\/es\/wp-json\/wp\/v2\/types\/product"}],"replies":[{"embeddable":true,"href":"https:\/\/www.ecvents.com\/es\/wp-json\/wp\/v2\/comments?post=4757"}],"wp:featuredmedia":[{"embeddable":true,"href":"https:\/\/www.ecvents.com\/es\/wp-json\/wp\/v2\/media\/4791"}],"wp:attachment":[{"href":"https:\/\/www.ecvents.com\/es\/wp-json\/wp\/v2\/media?parent=4757"}],"wp:term":[{"taxonomy":"product_brand","embeddable":true,"href":"https:\/\/www.ecvents.com\/es\/wp-json\/wp\/v2\/product_brand?post=4757"},{"taxonomy":"product_cat","embeddable":true,"href":"https:\/\/www.ecvents.com\/es\/wp-json\/wp\/v2\/product_cat?post=4757"},{"taxonomy":"product_tag","embeddable":true,"href":"https:\/\/www.ecvents.com\/es\/wp-json\/wp\/v2\/product_tag?post=4757"}],"curies":[{"name":"pp","href":"https:\/\/api.w.org\/{rel}","templated":true}]}}