{"id":4771,"date":"2026-03-19T06:04:34","date_gmt":"2026-03-19T11:04:34","guid":{"rendered":"https:\/\/www.ecvents.com\/?post_type=product&#038;p=4771"},"modified":"2026-03-19T06:05:00","modified_gmt":"2026-03-19T11:05:00","slug":"caja-de-filtracion-de-aire","status":"publish","type":"product","link":"https:\/\/www.ecvents.com\/es\/product\/caja-de-filtracion-de-aire\/","title":{"rendered":"Caja de filtraci\u00f3n de aire"},"content":{"rendered":"<div class=\"someee\">\n<h2><strong>aire limpio. Flujo constante. Construido para espacios cotidianos.<\/strong><\/h2>\n<p>los\u00a0<strong>Caja de filtraci\u00f3n de aire<\/strong>\u00a0Se ocupa en silencio de lo que m\u00e1s importa: aire limpio y transpirable. Compacto pero potente, combina\u00a0<strong>Tres capas de filtraci\u00f3n<\/strong>\u00a0Para eliminar todo, desde el polvo visible hasta las part\u00edculas invisibles, dando a los hogares, oficinas y espacios de trabajo aire que se siente m\u00e1s ligero, fresco y m\u00e1s f\u00e1cil de respirar.<\/p>\n<p>Comienza con el\u00a0<strong>Filtro primario<\/strong>, construido con un dise\u00f1o multiplegable y gran capacidad de retenci\u00f3n de polvo para capturar el cabello, la pelusa y otras part\u00edculas grandes en el aire antes de que entren en el sistema. A continuaci\u00f3n, el\u00a0<strong>Filtro de carbono activado<\/strong>\u00a0Absorbe olores y gases nocivos con carbono granular de alta calidad, neutralizando los olores cotidianos que se acumulan en ambientes cerrados.<\/p>\n<p>Finalmente, el\u00a0<strong>Filtro de alta eficiencia HEPA\u202fEficiencia\u202f<\/strong>\u00a0Lleva la purificaci\u00f3n al nivel microsc\u00f3pico. capaz de eliminar part\u00edculas tan peque\u00f1as como\u00a0<strong>pm\u202f2.5<\/strong>\u00a0y capturando\u00a0<strong>99\u202f%\u202fde\u202ffino\u202fpolvo,\u202fpolen,\u202fbacterias<\/strong>, completa un ciclo de aire limpio que refresca cada respiraci\u00f3n.<\/p>\n<p>Cada \u202fescenario\u202fjuga\u202fsu\u202fparte\u202fpara\u202fconstruir\u202fa\u202fa\u202faire equilibrado\u202fair flow\u202fcon\u202fminuto\u202fresistencia\u202f(<strong>P\u00e9rdida\u202f\u202f\u2266\u202f0.3\u202f%<\/strong>).\u202f Disponibles en \u202f m\u00faltiples \u202fdimensiones de conducto\u202fde\u202f100\u202fmm\u202fa\u202f250\u202fmm,\u202fintegra\u202fintegrations\u202fsin sistemas de ventilaci\u00f3n\u202fde ventilaci\u00f3n\u202f nuevos\u202f o\u202f \u202f \u202f \u202f \u202f \u202f \u202f \u202f \u202f \u202f \u202f \u202f \u202f \u202f \u202f 250 \u202f \u202f \u202f \u202f \u202f \u202f 250\u202f \u202f \u202f \u202f \u202f \u202f \u202f 2 Ligero, duradero, f\u00e1cil, y f\u00e1cil de mantener,\u202fel\u202fair\u202ffiltraci\u00f3n\u202fcaja\u202fes\u202fan\u202feficiente\u202fsoluci\u00f3n\u202fpara\u202faire libre\u202fdemanda\u202fdemanda\u202fdemanda\u202fpuro\u202fpuro\u202faire.<\/p>\n<\/div>\n<hr \/>\n<p>Rendimiento:<\/p>\n<div class=\"scroll-table-wrapper\">\n<div class=\"scroll-table\">\n<table id=\"tablepress-52\" class=\"tablepress tablepress-id-52\">\n<thead>\n<tr class=\"row-1\">\n\t<th class=\"column-1\">modelo<\/th><th class=\"column-2\">Tama\u00f1o del conducto (mm)<\/th><th class=\"column-3\">Dimensiones (L\u00d7An\u00d7 Al) (mm)<\/th><th class=\"column-4\">Tama\u00f1o del filtro primario<br \/>\n(mil)<\/th><th class=\"column-5\">Tama\u00f1o del filtro de carb\u00f3n activado (mm)<\/th><th class=\"column-6\">Tama\u00f1o del filtro HEPA de alta eficiencia (mm)<\/th><th class=\"column-7\">Tasa de p\u00e9rdida de volumen de aire<\/th><th class=\"column-8\">N.m. (kg)<\/th>\n<\/tr>\n<\/thead>\n<tbody class=\"row-striping row-hover\">\n<tr class=\"row-2\">\n\t<td class=\"column-1\">GLX-100<\/td><td class=\"column-2\">\u03c6100<\/td><td class=\"column-3\">300x200\u00d7200<\/td><td class=\"column-4\">295x170\u00d710<\/td><td class=\"column-5\">295x170\u00d720<\/td><td class=\"column-6\">295x170x50<\/td><td class=\"column-7\">0.3<\/td><td class=\"column-8\">5.2<\/td>\n<\/tr>\n<tr class=\"row-3\">\n\t<td class=\"column-1\">GLX-150<\/td><td class=\"column-2\">\u03c6150<\/td><td class=\"column-3\">300x200\u00d7200<\/td><td class=\"column-4\">295x170x10<\/td><td class=\"column-5\">295x170\u00d720<\/td><td class=\"column-6\">295\u00d7170x50<\/td><td class=\"column-7\">0.3<\/td><td class=\"column-8\">5.1<\/td>\n<\/tr>\n<tr class=\"row-4\">\n\t<td class=\"column-1\">GLX-200<\/td><td class=\"column-2\">200<\/td><td class=\"column-3\">430x300x300<\/td><td class=\"column-4\">425\u00d7270x20<\/td><td class=\"column-5\">425x270x20<\/td><td class=\"column-6\">425\u00d7270\u00d750<\/td><td class=\"column-7\">0.3<\/td><td class=\"column-8\">11<\/td>\n<\/tr>\n<tr class=\"row-5\">\n\t<td class=\"column-1\">GLX-250<\/td><td class=\"column-2\">250<\/td><td class=\"column-3\">430x300x300<\/td><td class=\"column-4\">425\u00d7270x20<\/td><td class=\"column-5\">425x270x20<\/td><td class=\"column-6\">425x270x50<\/td><td class=\"column-7\">0.3<\/td><td class=\"column-8\">11.5<\/td>\n<\/tr>\n<\/tbody>\n<\/table>\n<!-- #tablepress-52 from cache --><\/div>\n<\/div>\n<div><\/div>\n<div class=\"woocb\"><a class=\"wocb\" href=\"http:\/\/www.beiaole.com\/wp-content\/uploads\/2025\/08\/d3.15.pdf\" target=\"_blank\" rel=\"noopener\">hacerse<\/a><\/div>\n<div><\/div>","protected":false},"excerpt":{"rendered":"<ul>\n<li>\n<h2>Filtraci\u00f3n de tres etapas:<\/h2>\n<p>\u202fFiltros\u202factualizados\u202fCarbono\u202fy\u202fFiltros\u202ftrabajan\u202factuar\u202fpara\u202fcaptura\u202fy\u202fneutralizar\u202fimpurezas transportadas por el aire.<\/li>\n<li>\n<h2>Eficiencia de alta\u202ffiltraci\u00f3n:<\/h2>\n<p>\u202fQuitar\u202fover\u202f99\u202f%\u202fde\u202ffine\u202fpart\u00edculas,\u202fpm\u202f2.5,\u202fpolen,\u202fbacterias\u202fpara\u202flimpiador\u202faire interior.<\/li>\n<li>\n<h2>Olor\u202fy\u202fGas\u202fabsorci\u00f3n:<\/h2>\n<p>\u202fCapa de Carbono\u202fActivado\u202fElimina\u202fOrifa\u202fy\u202fVoc\u202fContaminantes\u202fpara\u202fA\u202fAmbiente\u202fAmbiente.<\/li>\n<li>\n<h2>Capacidad de retenci\u00f3n de polvo grande:<\/h2>\n<p>\u202fFiltro m\u00faltiple\u202fFold\u202fFiltro\u202fm\u00e1s grande\u202fCapturas\u202fm\u00e1s grandes\u202fsin\u202fsin\u202fobstrucci\u00f3n\u202fFlujo de aire.<\/li>\n<li>\n<h2>Resistencia de baja temperatura:<\/h2>\n<p>\u202fOptimizado\u202fDise\u00f1o\u202fAsegura\u202fVentalidad estable\u202f(Air\u202fVolumen\u202fP\u00e9rdida\u202f\u2266\u202f0.3\u202f%).<\/li>\n<li>\n<h2>Construcci\u00f3n duradera:<\/h2>\n<p>Filtros de \u202fFuerte\u202fMetal\u202fvivienda\u202fy\u202fPrecisi\u00f3n\u2011Ajustados\u202fpara\u202fIndustrial\u202fo\u202fAplicaciones Residenciales\u202fIndustrial\u202f o\u202fResidencial\u202fAplicaciones.<\/li>\n<li>\n<h2>Compacto\u202fy\u202ff\u00e1cil\u202fpara\u202finstalar:<\/h2>\n<p>\u202fSe ajusta\u202fDucho\u202fsize\u202f\u03c6\u202f100\u202f\u2013\u202f250\u202fmm\u202fpara\u202fintegraci\u00f3n\u202fflexible\u202finto\u202fHVAC\u202fy\u202f ventilaci\u00f3n\u202fsistemas.<\/li>\n<li>\n<h2>Mantenimiento r\u00e1pido:<\/h2>\n<p>\u202fFiltro\u202felementos\u202felementos\u202fhacer\u202freemplazo\u202fy\u202flimpieza\u202fsimple\u202fy\u202fsin herramienta\u202fsin herramienta.<\/li>\n<\/ul>\n<hr \/>","protected":false},"featured_media":4792,"comment_status":"open","ping_status":"closed","template":"","meta":{"_acf_changed":false},"product_brand":[],"product_cat":[72,27],"product_tag":[],"class_list":{"0":"post-4771","1":"product","2":"type-product","3":"status-publish","4":"has-post-thumbnail","6":"product_cat-filter","7":"product_cat-inline-duct-fan","9":"first","10":"instock","11":"taxable","12":"shipping-taxable","13":"purchasable","14":"product-type-variable","15":"has-default-attributes"},"acf":[],"_links":{"self":[{"href":"https:\/\/www.ecvents.com\/es\/wp-json\/wp\/v2\/product\/4771","targetHints":{"allow":["GET"]}}],"collection":[{"href":"https:\/\/www.ecvents.com\/es\/wp-json\/wp\/v2\/product"}],"about":[{"href":"https:\/\/www.ecvents.com\/es\/wp-json\/wp\/v2\/types\/product"}],"replies":[{"embeddable":true,"href":"https:\/\/www.ecvents.com\/es\/wp-json\/wp\/v2\/comments?post=4771"}],"wp:featuredmedia":[{"embeddable":true,"href":"https:\/\/www.ecvents.com\/es\/wp-json\/wp\/v2\/media\/4792"}],"wp:attachment":[{"href":"https:\/\/www.ecvents.com\/es\/wp-json\/wp\/v2\/media?parent=4771"}],"wp:term":[{"taxonomy":"product_brand","embeddable":true,"href":"https:\/\/www.ecvents.com\/es\/wp-json\/wp\/v2\/product_brand?post=4771"},{"taxonomy":"product_cat","embeddable":true,"href":"https:\/\/www.ecvents.com\/es\/wp-json\/wp\/v2\/product_cat?post=4771"},{"taxonomy":"product_tag","embeddable":true,"href":"https:\/\/www.ecvents.com\/es\/wp-json\/wp\/v2\/product_tag?post=4771"}],"curies":[{"name":"pp","href":"https:\/\/api.w.org\/{rel}","templated":true}]}}