{"id":4776,"date":"2026-03-19T06:04:35","date_gmt":"2026-03-19T11:04:35","guid":{"rendered":"https:\/\/www.ecvents.com\/?post_type=product&#038;p=4776"},"modified":"2026-03-19T06:05:00","modified_gmt":"2026-03-19T11:05:00","slug":"ventilador-de-escape-de-techo","status":"publish","type":"product","link":"https:\/\/www.ecvents.com\/es\/product\/ventilador-de-escape-de-techo\/","title":{"rendered":"Ventilador de escape de techo"},"content":{"rendered":"<div class=\"someee\">\n<h2><strong>Frescura tranquila. Dise\u00f1o fiable. Construido para la comodidad del aire diario.<\/strong><\/h2>\n<p>los\u00a0<strong>Techo\u202fExhaust\u202fFan<\/strong>\u00a0Es uno de esos detalles tranquilos que hacen que una habitaci\u00f3n sea m\u00e1s c\u00f3moda al instante. Elimina la humedad, los olores y el aire viciado con un flujo de aire suave y eficiente, dejando atr\u00e1s una comodidad fresca y transpirable que puedes sentir pero apenas escuchar.<\/p>\n<p>En su coraz\u00f3n hay un\u00a0<strong>Ahorro de energ\u00eda\u202ftodo\u2011cobre\u202fmotor<\/strong>\u00a0empparejo\u00a0<strong>Cojinetes de alta calidad<\/strong>\u00a0para la estabilidad y la longevidad. La estructura aerodin\u00e1mica del conducto de aire circula el aire de manera eficiente y silenciosa, manteniendo un rendimiento estable libre de traqueteos o vibraciones. Est\u00e1 dise\u00f1ado para trabajar en segundo plano: confiable, silencioso y sorprendentemente efectivo.<\/p>\n<p>Ligero y vers\u00e1til, el\u00a0<strong>Dise\u00f1o compacto de pl\u00e1stico completo<\/strong>\u00a0Se mezcla f\u00e1cilmente con cocinas, ba\u00f1os, oficinas y otros espacios cotidianos. Construido con material de alto grado ABS, el ventilador es resistente al calor, la humedad y la presi\u00f3n, por lo que no se oxidar\u00e1, se deformar\u00e1 ni se desvanecer\u00e1 incluso despu\u00e9s de a\u00f1os de uso continuo.<\/p>\n<p>La instalaci\u00f3n es simple y discreta:\u202fla\u00a0<strong>delgado, refinado cuerpo<\/strong>\u00a0Se adapta perfectamente a los techos sin interrumpir el dise\u00f1o interior. El mantenimiento no tiene esfuerzo\u202f\u2014\u202fel panel se despega para una limpieza r\u00e1pida,\u202frestaurando como-nueva\u202fdesempe\u00f1o en segundos.<\/p>\n<p>Silencioso, duradero y confiable, el \"agote\" es el tipo de actualizaci\u00f3n que hace que cada espacio interior sea un poco mejor: un flujo de aire constante y una comodidad duradera construidas para mantenerse al d\u00eda con la vida cotidiana.<\/p>\n<\/div>\n<hr \/>\n<p>Dimensiones (unidad: mm):<\/p>\n<div class=\"scroll-table-wrapper\">\n<div class=\"scroll-table\">\n<table id=\"tablepress-38\" class=\"tablepress tablepress-id-38\">\n<thead>\n<tr class=\"row-1\">\n\t<th class=\"column-1\">modelo<\/th><th class=\"column-2\">A<\/th><th class=\"column-3\">B<\/th><th class=\"column-4\">C<\/th><th class=\"column-5\">D<\/th><th class=\"column-6\">\u03c6E<\/th>\n<\/tr>\n<\/thead>\n<tbody class=\"row-striping row-hover\">\n<tr class=\"row-2\">\n\t<td class=\"column-1\">BPT10-20-12SL<\/td><td class=\"column-2\">200<\/td><td class=\"column-3\">209<\/td><td class=\"column-4\">240<\/td><td class=\"column-5\">30<\/td><td class=\"column-6\">100<\/td>\n<\/tr>\n<tr class=\"row-3\">\n\t<td class=\"column-1\">BPT10-23-155L<\/td><td class=\"column-2\">230<\/td><td class=\"column-3\">238<\/td><td class=\"column-4\">270<\/td><td class=\"column-5\">30<\/td><td class=\"column-6\">100<\/td>\n<\/tr>\n<tr class=\"row-4\">\n\t<td class=\"column-1\">BPT10-25-175L<\/td><td class=\"column-2\">250<\/td><td class=\"column-3\">275<\/td><td class=\"column-4\">310<\/td><td class=\"column-5\">30<\/td><td class=\"column-6\">100<\/td>\n<\/tr>\n<tr class=\"row-5\">\n\t<td class=\"column-1\">BPT10-28-215L<\/td><td class=\"column-2\">275<\/td><td class=\"column-3\">279<\/td><td class=\"column-4\">320<\/td><td class=\"column-5\">30<\/td><td class=\"column-6\">95<\/td>\n<\/tr>\n<tr class=\"row-6\">\n\t<td class=\"column-1\">BPT10-30-30SL<\/td><td class=\"column-2\">300<\/td><td class=\"column-3\">301<\/td><td class=\"column-4\">340<\/td><td class=\"column-5\">30<\/td><td class=\"column-6\">100<\/td>\n<\/tr>\n<tr class=\"row-7\">\n\t<td class=\"column-1\">BPT10-34-40SL<\/td><td class=\"column-2\">340<\/td><td class=\"column-3\">343<\/td><td class=\"column-4\">400<\/td><td class=\"column-5\">30<\/td><td class=\"column-6\">100<\/td>\n<\/tr>\n<tr class=\"row-8\">\n\t<td class=\"column-1\">BPT15-34-50SL<\/td><td class=\"column-2\">340<\/td><td class=\"column-3\">340<\/td><td class=\"column-4\">400<\/td><td class=\"column-5\">30<\/td><td class=\"column-6\">150<\/td>\n<\/tr>\n<\/tbody>\n<\/table>\n<!-- #tablepress-38 from cache --><\/div>\n<\/div>\n<div><\/div>\n<div class=\"woocb\"><a class=\"wocb\" href=\"http:\/\/www.beiaole.com\/wp-content\/uploads\/2025\/08\/d3.8.1.pdf\" target=\"_blank\" rel=\"noopener\">hacerse<\/a><\/div>\n<div><\/div>\n<p><img loading=\"lazy\" decoding=\"async\" class=\"aligncenter wp-image-17118 size-full\" src=\"http:\/\/www.beiaole.com\/wp-content\/uploads\/2025\/08\/s3.8.png\" alt=\"Ceiling Exhaust Fan-size\" width=\"896\" height=\"945\" data-no-translation=\"\" \/><br \/>\nRendimiento:<\/p>\n<div class=\"scroll-table-wrapper\">\n<div class=\"scroll-table\">\n<table id=\"tablepress-39\" class=\"tablepress tablepress-id-39\">\n<thead>\n<tr class=\"row-1\">\n\t<th class=\"column-1\">modelo<\/th><th class=\"column-2\">Voltaje (V)<\/th><th class=\"column-3\">Poder (W)<\/th><th class=\"column-4\">Flujo de aire(m\u00b3\/h)<\/th><th class=\"column-5\">Presi\u00f3n est\u00e1tica (Pa)<\/th><th class=\"column-6\">Ruido (dB)<\/th><th class=\"column-7\">G.W (kg)<\/th><th class=\"column-8\">Tama\u00f1o del orificio (mm)<\/th><th class=\"column-9\">Tama\u00f1o del panel (mm)<\/th><th class=\"column-10\">Tama\u00f1o del conducto (mm)<\/th><th class=\"column-11\">Caja\/pieza<\/th>\n<\/tr>\n<\/thead>\n<tbody class=\"row-striping row-hover\">\n<tr class=\"row-2\">\n\t<td class=\"column-1\">BPT10 - 20 - 12SL<\/td><td class=\"column-2\">220<\/td><td class=\"column-3\">30<\/td><td class=\"column-4\">120<\/td><td class=\"column-5\">65<\/td><td class=\"column-6\">42<\/td><td class=\"column-7\">1.4<\/td><td class=\"column-8\">200*200<\/td><td class=\"column-9\">245*245<\/td><td class=\"column-10\">100<\/td><td class=\"column-11\">8<\/td>\n<\/tr>\n<tr class=\"row-3\">\n\t<td class=\"column-1\">BPT10 - 23 - 15SL<\/td><td class=\"column-2\">220<\/td><td class=\"column-3\">40<\/td><td class=\"column-4\">150<\/td><td class=\"column-5\">65<\/td><td class=\"column-6\">42<\/td><td class=\"column-7\">1.4<\/td><td class=\"column-8\">230*230<\/td><td class=\"column-9\">270*270<\/td><td class=\"column-10\">100<\/td><td class=\"column-11\">8<\/td>\n<\/tr>\n<tr class=\"row-4\">\n\t<td class=\"column-1\">BPT10 - 25 - 17SL<\/td><td class=\"column-2\">220<\/td><td class=\"column-3\">40<\/td><td class=\"column-4\">170<\/td><td class=\"column-5\">95<\/td><td class=\"column-6\">41<\/td><td class=\"column-7\">1.7<\/td><td class=\"column-8\">250*250<\/td><td class=\"column-9\">304*304<\/td><td class=\"column-10\">100<\/td><td class=\"column-11\">8<\/td>\n<\/tr>\n<tr class=\"row-5\">\n\t<td class=\"column-1\">BPT10 - 28 - 21 SL<\/td><td class=\"column-2\">220<\/td><td class=\"column-3\">34<\/td><td class=\"column-4\">210<\/td><td class=\"column-5\">165<\/td><td class=\"column-6\">43<\/td><td class=\"column-7\">1.8<\/td><td class=\"column-8\">280*280<\/td><td class=\"column-9\">320*320<\/td><td class=\"column-10\">100<\/td><td class=\"column-11\">8<\/td>\n<\/tr>\n<tr class=\"row-6\">\n\t<td class=\"column-1\">BPT10 - 30 - 30SL<\/td><td class=\"column-2\">220<\/td><td class=\"column-3\">45<\/td><td class=\"column-4\">300<\/td><td class=\"column-5\">200<\/td><td class=\"column-6\">45<\/td><td class=\"column-7\">2.1<\/td><td class=\"column-8\">300*300<\/td><td class=\"column-9\">335*335<\/td><td class=\"column-10\">100<\/td><td class=\"column-11\">8<\/td>\n<\/tr>\n<tr class=\"row-7\">\n\t<td class=\"column-1\">BPT10 - 34 - 40SL<\/td><td class=\"column-2\">220<\/td><td class=\"column-3\">45<\/td><td class=\"column-4\">400<\/td><td class=\"column-5\">205<\/td><td class=\"column-6\">46<\/td><td class=\"column-7\">2.2<\/td><td class=\"column-8\">340*340<\/td><td class=\"column-9\">400*400<\/td><td class=\"column-10\">100<\/td><td class=\"column-11\">4<\/td>\n<\/tr>\n<tr class=\"row-8\">\n\t<td class=\"column-1\">BPT15 - 34 - 50SL<\/td><td class=\"column-2\">220<\/td><td class=\"column-3\">50<\/td><td class=\"column-4\">500<\/td><td class=\"column-5\">210<\/td><td class=\"column-6\">47<\/td><td class=\"column-7\">2.2<\/td><td class=\"column-8\">340*340<\/td><td class=\"column-9\">400*400<\/td><td class=\"column-10\">150<\/td><td class=\"column-11\">4<\/td>\n<\/tr>\n<\/tbody>\n<\/table>\n<!-- #tablepress-39 from cache --><\/div>\n<\/div>\n<div><\/div>\n<div class=\"woocb\"><a class=\"wocb\" href=\"http:\/\/www.beiaole.com\/wp-content\/uploads\/2025\/09\/d3.8.2.pdf\" target=\"_blank\" rel=\"noopener\">hacerse<\/a><\/div>\n<div><\/div>","protected":false},"excerpt":{"rendered":"<ul>\n<li>\n<h2>Rendimiento de la energ\u00eda eficiente:<\/h2>\n<p>\u202fTodo\u2011cobre\u202fmotor\u202fcon\u202fprecisi\u00f3n\u202fbala\u202famortigua\u202fasegura\u202fsilencio,\u202foperaci\u00f3n\u202fopera\u202factual\u202fa\u00f1os.<\/li>\n<li>\n<h2>Sistema de flujo de aire suave:<\/h2>\n<p>\u202fBien estructurado\u202faire\u202fconducto\u202fmovimiento\u202faire\u202flibre\u202fcon\u202fminimal\u202fresistencia\u202fy\u202fruido.<\/li>\n<li>\n<h2>Durable\u202fABS\u202fvivienda:<\/h2>\n<p>\u202fFuerte,\u202fligero,\u202fy\u202fmaterial\u202fresistente\u202fresistente\u202fel\u00e9ctrica\u202felevaci\u00f3n\u202fa\u202fa\u202fhumedad\u202fy\u202fel calor.<\/li>\n<li>\n<h2>Ajuste de techo compacto:<\/h2>\n<p>\u202fslim\u202fperfil\u202fmonta\u202fflush\u202fpara\u202fa\u202flimpio,\u202flook discreto\u202fen\u202fa cualquier\u202finterior.<\/li>\n<li>\n<h2>Operaci\u00f3n de bajo ruido:<\/h2>\n<p>\u202fSusurro\u2011Level\u202fSound\u202fSalida\u202fHace\u202fIdeal\u202fpara\u202fBa\u00f1os,\u202fCocinas,\u202fOficinas.<\/li>\n<li>\n<h2>Facilidad\u202fde\u202fmantenimiento:<\/h2>\n<p>\u202fQuick\u2011remove\u202fface\u202fpanel\u202fpara\u202flimpieza\u202ff\u00e1cil\u202flimpieza\u202fy\u202ffiltro\u202facceso\u202fsin\u202flimpieza f\u00e1cil\u202fy\u202ffilter\u202facceso\u202fsin herramientas.<\/li>\n<li>\n<h2>Vers\u00e1til\u202fModelo\u202fRango:<\/h2>\n<p>\u202fDisponible\u202fin\u202fdiversas\u202fsize\u202f(\u03c695\u202f\u2013\u202f150\u202fmm)\u202fpara\u202fajustar\u202fdiferentes\u202fdise\u00f1os de techo\u202fy ventilaci\u00f3n\u202fdistintos.<\/li>\n<\/ul>\n<hr \/>","protected":false},"featured_media":4793,"comment_status":"open","ping_status":"closed","template":"","meta":{"_acf_changed":false},"product_brand":[],"product_cat":[28],"product_tag":[],"class_list":{"0":"post-4776","1":"product","2":"type-product","3":"status-publish","4":"has-post-thumbnail","6":"product_cat-exhaust-fan","8":"first","9":"outofstock","10":"taxable","11":"shipping-taxable","12":"purchasable","13":"product-type-variable"},"acf":[],"_links":{"self":[{"href":"https:\/\/www.ecvents.com\/es\/wp-json\/wp\/v2\/product\/4776","targetHints":{"allow":["GET"]}}],"collection":[{"href":"https:\/\/www.ecvents.com\/es\/wp-json\/wp\/v2\/product"}],"about":[{"href":"https:\/\/www.ecvents.com\/es\/wp-json\/wp\/v2\/types\/product"}],"replies":[{"embeddable":true,"href":"https:\/\/www.ecvents.com\/es\/wp-json\/wp\/v2\/comments?post=4776"}],"wp:featuredmedia":[{"embeddable":true,"href":"https:\/\/www.ecvents.com\/es\/wp-json\/wp\/v2\/media\/4793"}],"wp:attachment":[{"href":"https:\/\/www.ecvents.com\/es\/wp-json\/wp\/v2\/media?parent=4776"}],"wp:term":[{"taxonomy":"product_brand","embeddable":true,"href":"https:\/\/www.ecvents.com\/es\/wp-json\/wp\/v2\/product_brand?post=4776"},{"taxonomy":"product_cat","embeddable":true,"href":"https:\/\/www.ecvents.com\/es\/wp-json\/wp\/v2\/product_cat?post=4776"},{"taxonomy":"product_tag","embeddable":true,"href":"https:\/\/www.ecvents.com\/es\/wp-json\/wp\/v2\/product_tag?post=4776"}],"curies":[{"name":"pp","href":"https:\/\/api.w.org\/{rel}","templated":true}]}}