{"id":4784,"date":"2026-03-19T06:04:36","date_gmt":"2026-03-19T11:04:36","guid":{"rendered":"https:\/\/www.ecvents.com\/?post_type=product&#038;p=4784"},"modified":"2026-03-19T06:04:58","modified_gmt":"2026-03-19T11:04:58","slug":"ventilador-de-escape-de-techo-bpt-10-23s","status":"publish","type":"product","link":"https:\/\/www.ecvents.com\/es\/product\/ventilador-de-escape-de-techo-bpt-10-23s\/","title":{"rendered":"Ventilador de escape de techo (BPT-10-23S)"},"content":{"rendered":"<div class=\"someee\">\n<h2><strong>Flujo de aire silencioso. comodidad duradera. Construido para espacios cotidianos.<\/strong><\/h2>\n<p>los\u00a0<strong>Techo\u202fExhausto\u202fFan\u202f(BPT\u201110\u201123S)<\/strong>\u00a0Es uno de esos elementos esenciales silenciosos que simplemente mejora una habitaci\u00f3n sin llamar la atenci\u00f3n. Mantiene el aire fresco, la humedad baja y los espacios m\u00e1s c\u00f3modos\u202f\u2014\u202f funcionan tan suavemente y silenciosamente que olvidar\u00e1 que est\u00e1 ah\u00ed.<\/p>\n<p>Dentro, un\u00a0<strong>Todo\u2011cobre\u202fahorro de energ\u00eda\u202fmotor\u202f<\/strong>\u00a0empparejo\u00a0<strong>Cojinetes de alta calidad<\/strong>\u00a0Asegura un rendimiento estable y eficiente. El conducto de aire y el chasis de aire cuidadosamente dise\u00f1ados funcionan juntos para minimizar la resistencia y la vibraci\u00f3n, proporcionando un flujo de aire constante con una precisi\u00f3n de bajo ruido. Enci\u00e9ndelo una vez, y simplemente funciona\u202f\u2014\u202f\u202f silencioso, confiable y consistente d\u00eda tras d\u00eda.<\/p>\n<p>hecho de\u00a0<strong>ABS de alto grado<\/strong>, el ventilador es ligero pero resistente, dise\u00f1ado para resistir el \u00f3xido, la humedad y la deformaci\u00f3n, perfecto para ba\u00f1os, cocinas o cualquier espacio propenso a la humedad. su\u00a0<strong>Perfil delgado\u202fy\u202fcompacto\u202f<\/strong>\u00a0Se adapta a espacios de techo ajustados para una instalaci\u00f3n limpia y sin problemas que se combina sin esfuerzo con los interiores modernos.<\/p>\n<p>El mantenimiento es refrescantemente simple: el frente\u202fpanel\u202fsepara\u202fpara\u202fa\u202fr\u00e1pido\u202flimpiar,\u202flimpieza\u202fy\u202fapta-mankeep\u202ffast\u202f y\u202flibre\u202flibre\u202f Con una operaci\u00f3n \"aireaci\u00f3n constante\" y \"funci\u00f3n de ruido\" (alrededor de \u202f41\u202fdb), mantiene\u202faire circulando\u202fsilencio\u202f y \u202fespacios comerciales\u202f \u202f \u202f \u202f 41 \u202f db \u202f y \u202f bajo\u202f \u202f \u202f \u202f \u202f db \u202f bajo\u202f \u202f 41\u202f db \u202f db \u202f \u202f \u202f 41\u202f db \u202f db \u202f \u202f \u202f \u202f 41\u202f db \u202f \u202f \u202f db \u202f \u202f \u202f \u202f \u202f 41.<\/p>\n<p>Elegante, eficiente y construido, para durar, el \u202fel \u202fexhausto\u202ffan\u202f(BPT\u201110\u201123S)\u202fDelivers\u202fAire limpio\u202fy\u202fconfianza\u202fla confianza\u202fque\u202fla confidente.<\/p>\n<\/div>\n<hr \/>\n<p>Dimensiones (unidad: mm):<\/p>\n<div class=\"scroll-table-wrapper\">\n<div class=\"scroll-table\">\n<table id=\"tablepress-40\" class=\"tablepress tablepress-id-40\">\n<thead>\n<tr class=\"row-1\">\n\t<th class=\"column-1\">modelo<\/th><th class=\"column-2\">A<\/th><th class=\"column-3\">B<\/th><th class=\"column-4\">C<\/th><th class=\"column-5\">D<\/th><th class=\"column-6\">E<\/th><th class=\"column-7\">F<\/th><th class=\"column-8\">\u03c6d<\/th><th class=\"column-9\">Tama\u00f1o del agujero (mm)<\/th>\n<\/tr>\n<\/thead>\n<tbody class=\"row-striping row-hover\">\n<tr class=\"row-2\">\n\t<td class=\"column-1\">BPT-10-23<\/td><td class=\"column-2\">300<\/td><td class=\"column-3\">300<\/td><td class=\"column-4\">100<\/td><td class=\"column-5\">200<\/td><td class=\"column-6\">270<\/td><td class=\"column-7\">300<\/td><td class=\"column-8\">100<\/td><td class=\"column-9\">300x300<\/td>\n<\/tr>\n<\/tbody>\n<\/table>\n<!-- #tablepress-40 from cache --><\/div>\n<\/div>\n<div><\/div>\n<div class=\"woocb\"><a class=\"wocb\" href=\"http:\/\/www.beiaole.com\/wp-content\/uploads\/2025\/08\/d3.9.1.pdf\" target=\"_blank\" rel=\"noopener\">hacerse<\/a><\/div>\n<div><\/div>\n<p><img loading=\"lazy\" decoding=\"async\" class=\"aligncenter wp-image-17138 size-large\" src=\"http:\/\/www.beiaole.com\/wp-content\/uploads\/2025\/08\/s3.10-625x1024.png\" alt=\"Ceiling Exhaust Fan(BPT-10-23S)-size\" width=\"625\" height=\"1024\" data-no-translation=\"\" \/><br \/>\nRendimiento:<\/p>\n<div class=\"scroll-table-wrapper\">\n<div class=\"scroll-table\">\n<table id=\"tablepress-41\" class=\"tablepress tablepress-id-41\">\n<thead>\n<tr class=\"row-1\">\n\t<th class=\"column-1\">modelo<\/th><th class=\"column-2\">Voltaje(V)\/frecuencia(Hz)<\/th><th class=\"column-3\">Poder (W)<\/th><th class=\"column-4\">Flujo de aire(m\u00b3\/h)<\/th><th class=\"column-5\">Presi\u00f3n est\u00e1tica (Pa)<\/th><th class=\"column-6\">Ruido(Da(A))<\/th><th class=\"column-7\">G.W (kg)<\/th><th class=\"column-8\">Tama\u00f1o del conducto (\u03a6mm)<\/th><th class=\"column-9\">Tama\u00f1o del panel (mm)<\/th>\n<\/tr>\n<\/thead>\n<tbody class=\"row-striping row-hover\">\n<tr class=\"row-2\">\n\t<td class=\"column-1\">BPT-10-23<\/td><td class=\"column-2\">200V ~ 50Hz<\/td><td class=\"column-3\">30<\/td><td class=\"column-4\">250<\/td><td class=\"column-5\">150<\/td><td class=\"column-6\">41<\/td><td class=\"column-7\">2.1<\/td><td class=\"column-8\">100<\/td><td class=\"column-9\">300x300<\/td>\n<\/tr>\n<\/tbody>\n<\/table>\n<!-- #tablepress-41 from cache --><\/div>\n<\/div>\n<div><\/div>\n<div class=\"woocb\"><a class=\"wocb\" href=\"http:\/\/www.beiaole.com\/wp-content\/uploads\/2025\/08\/d3.9.2.pdf\" target=\"_blank\" rel=\"noopener\">hacerse<\/a><\/div>\n<div><\/div>","protected":false},"excerpt":{"rendered":"<ul>\n<li>\n<h2>Motor de cobre eficiente energy:<\/h2>\n<p>\u202fDelivers\u202festable\u202f250\u202fm\u00b3\/h\u202fflujo\u202fcon\u202fjust\u202f30\u202fw\u202fde\u202fpoder\u202fconsumo.<\/li>\n<li>\n<h2>Operaci\u00f3n de bajo ruido:<\/h2>\n<p>\u202fImpulsores equilibrados\u202fy\u202fadecuados\u202fdise\u00f1o\u202fdise\u00f1o\u202fmantener\u202fniveles de sonido\u202fa\u202fa\u202fgentle\u202f41\u202fdb(a).<\/li>\n<li>\n<h2>Construcci\u00f3n duradera:<\/h2>\n<p>\u202fAlta\u2011fuerza\u202fabs\u202fmaterial\u202fresiste\u202fcorrosi\u00f3n,\u202fdeformar\u202fy\u202fhumedad\u202fda\u00f1o\u202fover\u202ftime.<\/li>\n<li>\n<h2>Forma compacta\u202fy\u202fslim\u202f:<\/h2>\n<p>\u202fSe ajusta\u202fpaneles\u202faT\u202f300\u202f\u00d7\u202f300\u202fmm,\u202fideal\u202fpara\u202finstalaciones ajustadas\u202fy\u202fdise\u00f1os\u202fmodern\u202f.<\/li>\n<li>\n<h2>Mantenimiento simple:<\/h2>\n<p>\u202fQuick\u2011Release\u202fFront\u202fPanel\u202fpara\u202flimpieza f\u00e1cil\u202fSin\u202fherramientas\u202fo\u202fcomplejo\u202fensamble.<\/li>\n<li>\n<h2>Rendimiento fiable:<\/h2>\n<p>\u202fFlujo de aire\u202fde\u202f250\u202fm\u00b3\/h\u202fat\u202f150\u202fpA\u202fest\u00e1 est\u00e1tico\u202fpresi\u00f3n\u202fproporciona\u202ffresh\u202fflow\u202fair\u202fflow\u202fpara\u202fba\u00f1os\u202fy\u202fcocinas.<\/li>\n<li>\n<h2>Ligero\u202fconstruir:<\/h2>\n<p>\u202falot\u202fjust\u202f2.1\u202fkg,\u202finstalaci\u00f3n\u202fes\u202fseguro,\u202fsimple,\u202fy\u202f r\u00e1pido.<\/li>\n<\/ul>\n<hr \/>","protected":false},"featured_media":4794,"comment_status":"open","ping_status":"closed","template":"","meta":{"_acf_changed":false},"product_brand":[],"product_cat":[28],"product_tag":[],"class_list":{"0":"post-4784","1":"product","2":"type-product","3":"status-publish","4":"has-post-thumbnail","6":"product_cat-exhaust-fan","8":"first","9":"outofstock","10":"taxable","11":"shipping-taxable","12":"purchasable","13":"product-type-simple"},"acf":[],"_links":{"self":[{"href":"https:\/\/www.ecvents.com\/es\/wp-json\/wp\/v2\/product\/4784","targetHints":{"allow":["GET"]}}],"collection":[{"href":"https:\/\/www.ecvents.com\/es\/wp-json\/wp\/v2\/product"}],"about":[{"href":"https:\/\/www.ecvents.com\/es\/wp-json\/wp\/v2\/types\/product"}],"replies":[{"embeddable":true,"href":"https:\/\/www.ecvents.com\/es\/wp-json\/wp\/v2\/comments?post=4784"}],"wp:featuredmedia":[{"embeddable":true,"href":"https:\/\/www.ecvents.com\/es\/wp-json\/wp\/v2\/media\/4794"}],"wp:attachment":[{"href":"https:\/\/www.ecvents.com\/es\/wp-json\/wp\/v2\/media?parent=4784"}],"wp:term":[{"taxonomy":"product_brand","embeddable":true,"href":"https:\/\/www.ecvents.com\/es\/wp-json\/wp\/v2\/product_brand?post=4784"},{"taxonomy":"product_cat","embeddable":true,"href":"https:\/\/www.ecvents.com\/es\/wp-json\/wp\/v2\/product_cat?post=4784"},{"taxonomy":"product_tag","embeddable":true,"href":"https:\/\/www.ecvents.com\/es\/wp-json\/wp\/v2\/product_tag?post=4784"}],"curies":[{"name":"pp","href":"https:\/\/api.w.org\/{rel}","templated":true}]}}