{"id":4785,"date":"2026-03-19T06:04:36","date_gmt":"2026-03-19T11:04:36","guid":{"rendered":"https:\/\/www.ecvents.com\/?post_type=product&#038;p=4785"},"modified":"2026-03-19T06:05:27","modified_gmt":"2026-03-19T11:05:27","slug":"ventilador-de-bano-de-pared","status":"publish","type":"product","link":"https:\/\/www.ecvents.com\/es\/product\/ventilador-de-bano-de-pared\/","title":{"rendered":"Ventilador de ba\u00f1o de pared"},"content":{"rendered":"<div class=\"someee\">\n<h2><strong>Rendimiento silencioso. Frescura constante. Construido para la comodidad diaria.<\/strong><\/h2>\n<p>los\u00a0<strong>Muro\u202fmontado\u202fBa\u00f1o\u202fFan<\/strong>\u00a0es uno de esos elementos esenciales silenciosos que hace que un espacio se sienta m\u00e1s ligero sin llamar la atenci\u00f3n sobre s\u00ed mismo. Limpia el vapor de manera eficiente despu\u00e9s de las duchas, elimina los olores y mantiene el aire limpio y seco, el tipo de comodidad que r\u00e1pidamente se vuelve indispensable una vez que lo tiene.<\/p>\n<p>En su n\u00facleo es un\u00a0<strong>Motor de ahorro de energ\u00eda todo\u2011cobre<\/strong>\u00a0apoyado por\u00a0<strong>Rodamientos de bolas de alta calidad<\/strong>, dise\u00f1ado para una estabilidad duradera y un funcionamiento suave y silencioso. El dise\u00f1o integrado de conducto de aire minimiza la resistencia y la vibraci\u00f3n, creando un flujo de aire constante que es potente pero suave como un susurro.<\/p>\n<p>totalmente hecho de\u00a0<strong>ABS de alto grado<\/strong>, el ventilador es ligero, resistente al \u00f3xido y perfectamente adecuado para condiciones h\u00famedas. Su forma delgada y compacta se adapta perfectamente a las paredes o techos, se mezcla en cualquier espacio de ba\u00f1o o lavander\u00eda. Resiste la corrosi\u00f3n, la decoloraci\u00f3n y la deformaci\u00f3n incluso bajo uso continuo.<\/p>\n<p>El mantenimiento no podr\u00eda ser m\u00e1s f\u00e1cil: solo una limpieza r\u00e1pida lo mantiene impecable y funciona sin problemas. con un rendimiento de bajo ruido alrededor\u00a0<strong>39\u202f\u2013\u202f43\u202fdB<\/strong>, ofrece una ventilaci\u00f3n fiable sin interrumpir su paz y tranquilidad.<\/p>\n<p>Simple, eficiente y dise\u00f1ado para la comodidad, el ba\u00f1o de pared, el decorado de pared, nunca exige atenci\u00f3n. Solo mantiene el aire fresco en movimiento, para que pueda relajarse y respirar con facilidad.<\/p>\n<\/div>\n<hr \/>\n<p>Dimensiones (unidad: mm):<\/p>\n<div class=\"scroll-table-wrapper\">\n<div class=\"scroll-table\">\n<table id=\"tablepress-42\" class=\"tablepress tablepress-id-42\">\n<thead>\n<tr class=\"row-1\">\n\t<th class=\"column-1\">modelo<\/th><th class=\"column-2\">A<\/th><th class=\"column-3\">B<\/th><th class=\"column-4\">C<\/th><th class=\"column-5\">D<\/th><th class=\"column-6\">E<\/th>\n<\/tr>\n<\/thead>\n<tbody class=\"row-striping row-hover\">\n<tr class=\"row-2\">\n\t<td class=\"column-1\">APC10-S-N<\/td><td class=\"column-2\">150<\/td><td class=\"column-3\">150<\/td><td class=\"column-4\">97<\/td><td class=\"column-5\">85<\/td><td class=\"column-6\">16<\/td>\n<\/tr>\n<tr class=\"row-3\">\n\t<td class=\"column-1\">APC15-2S-N<\/td><td class=\"column-2\">200<\/td><td class=\"column-3\">200<\/td><td class=\"column-4\">145<\/td><td class=\"column-5\">88<\/td><td class=\"column-6\">16<\/td>\n<\/tr>\n<tr class=\"row-4\">\n\t<td class=\"column-1\">APC20-3S-N<\/td><td class=\"column-2\">252<\/td><td class=\"column-3\">252<\/td><td class=\"column-4\">179<\/td><td class=\"column-5\">98<\/td><td class=\"column-6\">16<\/td>\n<\/tr>\n<\/tbody>\n<\/table>\n<!-- #tablepress-42 from cache --><\/div>\n<\/div>\n<div><\/div>\n<div class=\"woocb\"><a class=\"wocb\" href=\"http:\/\/www.beiaole.com\/wp-content\/uploads\/2025\/08\/d3.10.1.pdf\" target=\"_blank\" rel=\"noopener\">hacerse<\/a><\/div>\n<div><\/div>\n<p><img loading=\"lazy\" decoding=\"async\" class=\"aligncenter wp-image-17182 size-large\" src=\"http:\/\/www.beiaole.com\/wp-content\/uploads\/2025\/08\/s3.11-549x1024.png\" alt=\"Wall Mounted Bathroom Fan-size\" width=\"549\" height=\"1024\" data-no-translation=\"\" \/><br \/>\nRendimiento:<\/p>\n<div class=\"scroll-table-wrapper\">\n<div class=\"scroll-table\">\n<table id=\"tablepress-43\" class=\"tablepress tablepress-id-43\">\n<thead>\n<tr class=\"row-1\">\n\t<th class=\"column-1\">modelo<\/th><th class=\"column-2\">Tama\u00f1o (mil\u00edmetro)<\/th><th class=\"column-3\">Voltaje (V)<\/th><th class=\"column-4\">Frecuencia (Hz)<\/th><th class=\"column-5\">Poder (W)<\/th><th class=\"column-6\">Flujo de aire(m\u00b3\/min)<\/th><th class=\"column-7\">Ruido(dB(A))<\/th>\n<\/tr>\n<\/thead>\n<tbody class=\"row-striping row-hover\">\n<tr class=\"row-2\">\n\t<td class=\"column-1\">APC10-S-N<\/td><td class=\"column-2\">100<\/td><td class=\"column-3\">220<\/td><td class=\"column-4\">50<\/td><td class=\"column-5\">9<\/td><td class=\"column-6\">1.5<\/td><td class=\"column-7\">39<\/td>\n<\/tr>\n<tr class=\"row-3\">\n\t<td class=\"column-1\">APC15-2S-N<\/td><td class=\"column-2\">150<\/td><td class=\"column-3\">220<\/td><td class=\"column-4\">50<\/td><td class=\"column-5\">16<\/td><td class=\"column-6\">3.0<\/td><td class=\"column-7\">39<\/td>\n<\/tr>\n<tr class=\"row-4\">\n\t<td class=\"column-1\">APC20-3S-N<\/td><td class=\"column-2\">200<\/td><td class=\"column-3\">220<\/td><td class=\"column-4\">50<\/td><td class=\"column-5\">18<\/td><td class=\"column-6\">4.2<\/td><td class=\"column-7\">43<\/td>\n<\/tr>\n<\/tbody>\n<\/table>\n<!-- #tablepress-43 from cache --><\/div>\n<\/div>\n<div><\/div>\n<div class=\"woocb\"><a class=\"wocb\" href=\"http:\/\/www.beiaole.com\/wp-content\/uploads\/2025\/08\/d3.10.2.pdf\" target=\"_blank\" rel=\"noopener\">hacerse<\/a><\/div>\n<div><\/div>","protected":false},"excerpt":{"rendered":"<ul>\n<li>\n<h2>Motor de cobre eficiente energy:<\/h2>\n<p>\u202fPuro\u202fCobre\u202fCore\u202fMotor\u202fcon\u202fBall\u202fBareings\u202fasegura\u202fRendimiento\u202festable\u202fy\u202foperativo\u202factuaci\u00f3n.<\/li>\n<li>\n<h2>Sistema de flujo de aire suave:<\/h2>\n<p>\u202fIntegrado\u202fChasis\u202fy\u202fAir\u202fDuct\u202fReduce\u202fResistencia\u202fy\u202fentrega\u202fFuerte\u202fSin embargo\u202fventilaci\u00f3n Silenciosa.<\/li>\n<li>\n<h2>Construcci\u00f3n duradera: ABS:<\/h2>\n<p>\u202fligero\u202fy\u202fresistente\u2011resistente\u202fcuerpo\u202fresiste\u202fcalor,\u202fhumedad\u202fy\u202fdeformaci\u00f3n\u202fen el tiempo.<\/li>\n<li>\n<h2>Operaci\u00f3n de bajo ruido:<\/h2>\n<p>\u202fOpera\u202fa\u202fjust\u202f39\u202f\u2013\u202f43\u202fdb(a)\u202fpara\u202fpac\u00edfica\u202fba\u00f1o\u202fo\u202foffice\u202fambientes.<\/li>\n<li>\n<h2>Dise\u00f1o compacto:<\/h2>\n<p>\u202fSe ajusta\u202fNeatly\u202fen\u202fpared\u202fo\u202ftechos\u202f\u2014\u202fperfectos\u202fpara\u202fapartamentos\u202fapartamentos\u202fo\u202ffamilia\u202fba\u00f1os.<\/li>\n<li>\n<h2>F\u00e1cil\u202flimpieza\u202fy\u202fmantenimiento:<\/h2>\n<p>\u202fsmooth\u202fsuperficie\u202flimpia\u202flimpia\u202fen\u202fsegundos\u202fpara\u202fa largo\u2011plazo\u202fdesempe\u00f1o\u202ffresh\u202fdesempe\u00f1o.<\/li>\n<li>\n<h2>Opciones de tama\u00f1o m\u00faltiple:<\/h2>\n<p>\u202fDisponible\u202fin\u202f100\u202fmm,\u202f150\u202fmm,\u202f200\u202fmm\u202fdi\u00e1metros\u202fdi\u00e1metros\u202fcoincide\u202fhabitaci\u00f3n\u202fhabitaci\u00f3n\u202fvol\u00famenes diferentes.<\/li>\n<\/ul>\n<hr \/>","protected":false},"featured_media":4819,"comment_status":"open","ping_status":"closed","template":"","meta":{"_acf_changed":false},"product_brand":[],"product_cat":[28],"product_tag":[],"class_list":{"0":"post-4785","1":"product","2":"type-product","3":"status-publish","4":"has-post-thumbnail","6":"product_cat-exhaust-fan","8":"first","9":"outofstock","10":"taxable","11":"shipping-taxable","12":"purchasable","13":"product-type-variable"},"acf":[],"_links":{"self":[{"href":"https:\/\/www.ecvents.com\/es\/wp-json\/wp\/v2\/product\/4785","targetHints":{"allow":["GET"]}}],"collection":[{"href":"https:\/\/www.ecvents.com\/es\/wp-json\/wp\/v2\/product"}],"about":[{"href":"https:\/\/www.ecvents.com\/es\/wp-json\/wp\/v2\/types\/product"}],"replies":[{"embeddable":true,"href":"https:\/\/www.ecvents.com\/es\/wp-json\/wp\/v2\/comments?post=4785"}],"wp:featuredmedia":[{"embeddable":true,"href":"https:\/\/www.ecvents.com\/es\/wp-json\/wp\/v2\/media\/4819"}],"wp:attachment":[{"href":"https:\/\/www.ecvents.com\/es\/wp-json\/wp\/v2\/media?parent=4785"}],"wp:term":[{"taxonomy":"product_brand","embeddable":true,"href":"https:\/\/www.ecvents.com\/es\/wp-json\/wp\/v2\/product_brand?post=4785"},{"taxonomy":"product_cat","embeddable":true,"href":"https:\/\/www.ecvents.com\/es\/wp-json\/wp\/v2\/product_cat?post=4785"},{"taxonomy":"product_tag","embeddable":true,"href":"https:\/\/www.ecvents.com\/es\/wp-json\/wp\/v2\/product_tag?post=4785"}],"curies":[{"name":"pp","href":"https:\/\/api.w.org\/{rel}","templated":true}]}}