{"id":4789,"date":"2026-03-19T06:04:37","date_gmt":"2026-03-19T11:04:37","guid":{"rendered":"https:\/\/www.ecvents.com\/?post_type=product&#038;p=4789"},"modified":"2026-03-19T06:05:14","modified_gmt":"2026-03-19T11:05:14","slug":"ventilador-de-techo-con-panel-de-alumbre","status":"publish","type":"product","link":"https:\/\/www.ecvents.com\/es\/product\/ventilador-de-techo-con-panel-de-alumbre\/","title":{"rendered":"Ventilador de techo con panel de alumbre"},"content":{"rendered":"<div class=\"someee\">\n<h2><strong>Potencia compacta. fiabilidad tranquila. Construido para la comodidad diaria.<\/strong><\/h2>\n<p>los\u00a0<strong>Alumbre\u202fPanel\u202fTecho\u202fFan<\/strong>\u00a0Ofrece un flujo de aire silencioso y eficiente en una forma compacta y discreta\u202f\u2014\u202fIdeal para espacios que exigen comodidad sin compromiso. Dise\u00f1ado para combinar a la perfecci\u00f3n con los techos, mantiene el aire en movimiento suavemente mientras mantiene una est\u00e9tica limpia y moderna que se adapta tanto a los interiores residenciales como comerciales.<\/p>\n<p>En su n\u00facleo es un\u00a0<strong>Motor todo-cobre, ahorro de energ\u00eda<\/strong>\u00a0apoyado por\u00a0<strong>Cojinetes de alta calidad<\/strong>, asegurando una estabilidad duradera y un rendimiento de bajo ruido. El chasis aerodin\u00e1mico y la estructura del conducto de aire est\u00e1n dise\u00f1ados para funcionar en armon\u00eda, reduciendo la vibraci\u00f3n, manteniendo un flujo de aire constante y extendiendo la vida del producto incluso bajo un uso continuo.<\/p>\n<p>Hecho de alta resistencia\u00a0<strong>ABS\u202fPl\u00e1stico<\/strong>, el ventilador es ligero pero notablemente duradero. Resistente al \u00f3xido, a la corrosi\u00f3n y a la deformaci\u00f3n, es perfectamente adecuado para ambientes h\u00famedos como cocinas y ba\u00f1os. El elegante panel de 300\u202f\u00d7\u202f300\u202fmm\u202f300\u202f\u00d7\u202f300\u202f300\u202f \u00d7\u202f 300\u202f \u202f \u00d7\u202f 300\u202f \u202f \u00d7\u202f 300\u202f \u202f \u00d7\u202f 300\ufffd\ufffd.<\/p>\n<p>Simple de mantener y construido para durar, el ventilador de panel\u202fceiling\u202fcombina funcionalidad con sutil elegancia\u202f\u2014\u202f un actor silencioso que funciona de manera confiable d\u00eda tras d\u00eda.<\/p>\n<\/div>\n<hr \/>\n<p>Dimensiones (unidad: mm):<\/p>\n<div class=\"scroll-table-wrapper\">\n<div class=\"scroll-table\">\n<table id=\"tablepress-44\" class=\"tablepress tablepress-id-44\">\n<thead>\n<tr class=\"row-1\">\n\t<th class=\"column-1\">modelo<\/th><th class=\"column-2\">A<\/th><th class=\"column-3\">B<\/th><th class=\"column-4\">C<\/th><th class=\"column-5\">\u03c6d<\/th><th class=\"column-6\">D<\/th><th class=\"column-7\">E<\/th>\n<\/tr>\n<\/thead>\n<tbody class=\"row-striping row-hover\">\n<tr class=\"row-2\">\n\t<td class=\"column-1\">BPT10-23<\/td><td class=\"column-2\">300<\/td><td class=\"column-3\">300<\/td><td class=\"column-4\">100<\/td><td class=\"column-5\">98<\/td><td class=\"column-6\">363<\/td><td class=\"column-7\">237<\/td>\n<\/tr>\n<\/tbody>\n<\/table>\n<!-- #tablepress-44 from cache --><\/div>\n<\/div>\n<div><\/div>\n<div class=\"woocb\"><a class=\"wocb\" href=\"http:\/\/www.beiaole.com\/wp-content\/uploads\/2025\/08\/d3.11.1.pdf\" target=\"_blank\" rel=\"noopener\">hacerse<\/a><\/div>\n<div><\/div>\n<p><img loading=\"lazy\" decoding=\"async\" class=\"aligncenter wp-image-17200 size-large\" src=\"http:\/\/www.beiaole.com\/wp-content\/uploads\/2025\/08\/s3.12-653x1024.png\" alt=\"Alum Panel Ceiling Fan-size\" width=\"653\" height=\"1024\" data-no-translation=\"\" \/><br \/>\nRendimiento:<\/p>\n<div class=\"scroll-table-wrapper\">\n<div class=\"scroll-table\">\n<table id=\"tablepress-45\" class=\"tablepress tablepress-id-45\">\n<thead>\n<tr class=\"row-1\">\n\t<th class=\"column-1\">modelo<\/th><th class=\"column-2\">Voltaje(V)\/frecuencia(Hz)<\/th><th class=\"column-3\">Poder (W)<\/th><th class=\"column-4\">Flujo de aire(m\u00b3\/h)<\/th><th class=\"column-5\">Presi\u00f3n est\u00e1tica (Pa)<\/th><th class=\"column-6\">Ruido(dB(A))<\/th><th class=\"column-7\">G.W(kg)<\/th><th class=\"column-8\">Tama\u00f1o del conducto<br \/>\n(\u03a6mm)<\/th><th class=\"column-9\">Tama\u00f1o del panel (mm)<\/th><th class=\"column-10\">Tama\u00f1o del agujero (mm)<\/th>\n<\/tr>\n<\/thead>\n<tbody class=\"row-striping row-hover\">\n<tr class=\"row-2\">\n\t<td class=\"column-1\">BPT-10-23<\/td><td class=\"column-2\">200V ~ 50Hz<\/td><td class=\"column-3\">30<\/td><td class=\"column-4\">180<\/td><td class=\"column-5\">98<\/td><td class=\"column-6\">42<\/td><td class=\"column-7\">2.1<\/td><td class=\"column-8\">100<\/td><td class=\"column-9\">300x300<\/td><td class=\"column-10\">300x300<\/td>\n<\/tr>\n<\/tbody>\n<\/table>\n<!-- #tablepress-45 from cache --><\/div>\n<\/div>\n<div><\/div>\n<div class=\"woocb\"><a class=\"wocb\" href=\"http:\/\/www.beiaole.com\/wp-content\/uploads\/2025\/08\/d3.11.2.pdf\" target=\"_blank\" rel=\"noopener\">hacerse<\/a><\/div>\n<div><\/div>","protected":false},"excerpt":{"rendered":"<ul>\n<li>\n<h2>Motor eficiente de energ\u00eda:<\/h2>\n<p>\u202fTodo\u2011cobre\u202fCore\u202fMotor\u202fentrega\u202festable\u202fventilaci\u00f3n\u202fmientras\u202fmanteniendo\u202fpoder\u202fuso\u202fbajo\u202f(30\u202fw).<\/li>\n<li>\n<h2>Flujo de aire estable:<\/h2>\n<p>\u202fair\u202fvolumen\u202fde\u202f<strong>180\u202fm\u00b3\/h<\/strong>\u202fy\u202fest\u00e1tico\u202fpresi\u00f3n\u202fde\u202f<strong>98\u202f Pa<\/strong>\u202fAsegurar\u202ffuerte,\u202fconsistente\u202fdesempe\u00f1o.<\/li>\n<li>\n<h2>Operaci\u00f3n de bajo ruido:<\/h2>\n<p>\u202ftranquilo\u202fcorrer\u202fat\u202f<strong>42\u202fdB(A)<\/strong>\u202fmantiene\u202fel\u202fespacio\u202fpac\u00edfico\u202f\u2014\u202fperfecto\u202fpara\u202fhogares\u202fo\u202foficinas.<\/li>\n<li>\n<h2>Construcci\u00f3n duradera: ABS:<\/h2>\n<p>\u202flibre, sin \u00f3xido, resistente al impacto\u2011resistente\u202fy\u202fconstruido\u202fpara\u202fsoportar\u202fhumedad\u202fy\u202ffluctuaciones de temperatura.<\/li>\n<li>\n<h2>Dise\u00f1o compacto:<\/h2>\n<p>\u202fSe adapta a la norma\u202f en el\u202f est\u00e1ndar\u202f<strong>300\u202f\u00d7\u202f300\u202fmm<\/strong>\u202fPanels\u202fy\u202fcoincide\u202fa\u202f<strong>Tama\u00f1o de conducto de 100\u202fmm\u202f<\/strong>\u202fpara\u202ff\u00e1cil\u202fintegraci\u00f3n.<\/li>\n<li>\n<h2>Facilidad\u202fde\u202fmantenimiento:<\/h2>\n<p>\u202fSuperficie\u202fSuperficie\u202fy\u202faccesible\u202fEstructura\u202fHacer\u202flimpieza\u202fsimple\u202favanzante\u202fy\u202flibre\u202flimpia-herramienta.<\/li>\n<li>\n<h2>Ligero\u202fconstruir:<\/h2>\n<p>\u202falot\u202fjust\u202f2.1\u202fkg,\u202finstalaci\u00f3n\u202fes\u202fsimple,\u202fsafe,\u202fy\u202ffast.<\/li>\n<\/ul>\n<hr \/>","protected":false},"featured_media":4820,"comment_status":"open","ping_status":"closed","template":"","meta":{"_acf_changed":false},"product_brand":[],"product_cat":[28],"product_tag":[],"class_list":{"0":"post-4789","1":"product","2":"type-product","3":"status-publish","4":"has-post-thumbnail","6":"product_cat-exhaust-fan","8":"first","9":"outofstock","10":"taxable","11":"shipping-taxable","12":"purchasable","13":"product-type-simple"},"acf":[],"_links":{"self":[{"href":"https:\/\/www.ecvents.com\/es\/wp-json\/wp\/v2\/product\/4789","targetHints":{"allow":["GET"]}}],"collection":[{"href":"https:\/\/www.ecvents.com\/es\/wp-json\/wp\/v2\/product"}],"about":[{"href":"https:\/\/www.ecvents.com\/es\/wp-json\/wp\/v2\/types\/product"}],"replies":[{"embeddable":true,"href":"https:\/\/www.ecvents.com\/es\/wp-json\/wp\/v2\/comments?post=4789"}],"wp:featuredmedia":[{"embeddable":true,"href":"https:\/\/www.ecvents.com\/es\/wp-json\/wp\/v2\/media\/4820"}],"wp:attachment":[{"href":"https:\/\/www.ecvents.com\/es\/wp-json\/wp\/v2\/media?parent=4789"}],"wp:term":[{"taxonomy":"product_brand","embeddable":true,"href":"https:\/\/www.ecvents.com\/es\/wp-json\/wp\/v2\/product_brand?post=4789"},{"taxonomy":"product_cat","embeddable":true,"href":"https:\/\/www.ecvents.com\/es\/wp-json\/wp\/v2\/product_cat?post=4789"},{"taxonomy":"product_tag","embeddable":true,"href":"https:\/\/www.ecvents.com\/es\/wp-json\/wp\/v2\/product_tag?post=4789"}],"curies":[{"name":"pp","href":"https:\/\/api.w.org\/{rel}","templated":true}]}}