{"id":4790,"date":"2026-03-19T06:04:37","date_gmt":"2026-03-19T11:04:37","guid":{"rendered":"https:\/\/www.ecvents.com\/?post_type=product&#038;p=4790"},"modified":"2026-03-19T06:05:27","modified_gmt":"2026-03-19T11:05:27","slug":"cortina-de-aire-del-ascensor","status":"publish","type":"product","link":"https:\/\/www.ecvents.com\/es\/product\/cortina-de-aire-del-ascensor\/","title":{"rendered":"Cortina de aire del ascensor"},"content":{"rendered":"<div class=\"someee\">\n<h2><strong>aire fresco. comodidad tranquila. Construido para ascensores modernos.<\/strong><\/h2>\n<p>los\u00a0<strong>Ascensor\u202faire\u202fcortina<\/strong>\u00a0est\u00e1 dise\u00f1ado pensando en las personas, no solo en la maquinaria. Crea una sensaci\u00f3n inmediata de comodidad en el momento en que se cierran las puertas, manteniendo el aire dentro de la cabina fresco, fresco y agradablemente equilibrado sin pensarlo dos veces.<\/p>\n<p>A\u00a0<strong>Sensor incorporado en \"humano\"<\/strong>\u00a0Hace que la operaci\u00f3n sea f\u00e1cil y autom\u00e1tica. El ventilador se activa en cuanto entran los pasajeros y, tras unos momentos de inactividad, se apaga suavemente. Este dise\u00f1o inteligente ahorra energ\u00eda, elimina el desperdicio y asegura que el sistema funcione solo cuando sea realmente necesario.<\/p>\n<p>La comodidad est\u00e1 en los detalles. los\u00a0<strong>15\u2011grados\u202f\u201c\u00e1ngulo dorado\u201d\u202fflujo de aire<\/strong>\u00a0Dirige una brisa suave y uniforme en la cara, manteniendo un ambiente refrescante y natural sin corrientes desequilibradas ni desequilibrio de temperatura.<\/p>\n<p>En el interior, el ventilador est\u00e1 construido para una fuerza silenciosa.\u00a0<strong>Cojinetes de precisi\u00f3n\u202facero\u202f<\/strong>\u00a0est\u00e1n pre-lubricados para una larga vida \u00fatil y un desgaste m\u00ednimo, asegurando que el mismo zumbido silencioso que escuche hoy en d\u00eda sonar\u00e1 igual de suave.<\/p>\n<p>El elevador compacto, eficiente y autom\u00e1tico, el ascensor, la cortina remodela con la sutil comodidad, un toque de acabado elegante que los pasajeros aprecian cada viaje.<\/p>\n<\/div>\n<hr \/>\n<p>Rendimiento:<\/p>\n<div class=\"scroll-table-wrapper\">\n<div class=\"scroll-table\">\n<table id=\"tablepress-53\" class=\"tablepress tablepress-id-53\">\n<thead>\n<tr class=\"row-1\">\n\t<th class=\"column-1\">modelo<\/th><th class=\"column-2\">Dimensiones (mm)<\/th><th class=\"column-3\">Voltaje (V)<\/th><th class=\"column-4\">Frecuencia (Hz)<\/th><th class=\"column-5\">Poder (W)<\/th><th class=\"column-6\">Velocidad (m\/s)<\/th><th class=\"column-7\">Flujo de aire(m\u00b3\/h)<\/th><th class=\"column-8\">Ruido (dB)<\/th><th class=\"column-9\">Peso (kg)<\/th>\n<\/tr>\n<\/thead>\n<tbody class=\"row-striping row-hover\">\n<tr class=\"row-2\">\n\t<td class=\"column-1\">FM-125-08DT<br \/>\n(interruptor de llave)<\/td><td class=\"column-2\">800x146x173<\/td><td class=\"column-3\">220<\/td><td class=\"column-4\">50<\/td><td class=\"column-5\">80<\/td><td class=\"column-6\">7.5<\/td><td class=\"column-7\">860<\/td><td class=\"column-8\">\u226449<\/td><td class=\"column-9\">5<\/td>\n<\/tr>\n<tr class=\"row-3\">\n\t<td class=\"column-1\"> FM-125-08DT<br \/>\n(interruptor inductivo)<\/td><td class=\"column-2\">800\u00d7146x173<\/td><td class=\"column-3\">220<\/td><td class=\"column-4\">50<\/td><td class=\"column-5\">80<\/td><td class=\"column-6\">7.5<\/td><td class=\"column-7\">860<\/td><td class=\"column-8\">\u226449<\/td><td class=\"column-9\">5<\/td>\n<\/tr>\n<\/tbody>\n<\/table>\n<!-- #tablepress-53 from cache --><\/div>\n<\/div>\n<div><\/div>\n<div class=\"woocb\"><a class=\"wocb\" href=\"http:\/\/www.beiaole.com\/wp-content\/uploads\/2025\/10\/d4.1.pdf\" target=\"_blank\" rel=\"noopener\">hacerse<\/a><\/div>\n<div><\/div>","protected":false},"excerpt":{"rendered":"<ul>\n<li>\n<h2>Control autom\u00e1tico\u202finducci\u00f3n\u202f:<\/h2>\n<p>\u202fCuerpo humano\u202fSensor\u202fcomienza\u202fel\u202ffan\u202fcomo\u202fpronto\u202fcomo\u202fpasajeros\u202fEntra\u202fy\u202fdetiene\u202fen breve\u202fdespu\u00e9s\u202fsalir,\u202fahorrar\u202fcon\u202fcon\u202finversi\u00f3n\u202finversi\u00f3n.<\/li>\n<li>\n<h2>\u00c1ngulo perfecto de aire:<\/h2>\n<p>\u202f15\u2011grado\u202f\u201c\u00e1ngulo dorado\u201d\u202fdesign\u202fdelivers\u202fgentle\u202fnatural\u202fairflow\u202fque\u202factualiza\u202fsin\u202fdibujos.<\/li>\n<li>\n<h2>Opciones de dos\u202fcontrol:<\/h2>\n<p>\u202fDisponible\u202fcon\u202fmanual\u202fswitch\u202fswitch\u202fde-programa\u202fde-autom\u00e1tico\u202finductivo\u202finductivo\u202fpara\u202foperaci\u00f3n flexible\u202ffuncionario.<\/li>\n<li>\n<h2>Rendimiento silencioso:<\/h2>\n<p>\u202fNiveles de ruido\u202fcomo\u202fbajo\u202fcomo\u202f49\u202fdb\u202fmezclar\u202fsin incons\u00fatil\u202fen\u202fel\u202fambiente\u202fsonido\u202fdel\u202felevador.<\/li>\n<li>\n<h2>Mec\u00e1nica duradera:<\/h2>\n<p>\u202facero\u202f rodamientos\u202fy\u202fbaja\u2011vibraci\u00f3n\u202fmotor\u202fcorre\u202fsuavemente\u202fy\u202fde forma confiable\u202fa\u00f1os\u202fa\u00f1os\u202fde\u202fuso \u202fa\u00f1o.<\/li>\n<li>\n<h2>Dise\u00f1o compacto:<\/h2>\n<p>\u202fslim\u202fbody\u202f(800\u202f\u00d7\u202f146\u202f\u00d7\u202f173\u202fmm)\u202fencaja\u202f f\u00e1cilmente\u202fen\u202felevador\u202fcanopies\u202fo\u202fceiling\u202festructuras.<\/li>\n<li>\n<h2>Eficiencia de ahorro de energ\u00eda:<\/h2>\n<p>\u202fdibujos\u202fjusto\u202f80\u202fw\u202fde\u202fpoder\u202fmientras\u202fentrega\u202fflujo de aire\u202fhacia\u202f860\u202fm\u00b3\/h\u202fat\u202f7.5\u202fm\/s.<\/li>\n<\/ul>\n<hr \/>","protected":false},"featured_media":4821,"comment_status":"open","ping_status":"closed","template":"","meta":{"_acf_changed":false},"product_brand":[],"product_cat":[65],"product_tag":[],"class_list":{"0":"post-4790","1":"product","2":"type-product","3":"status-publish","4":"has-post-thumbnail","6":"product_cat-air-curtain","8":"first","9":"instock","10":"taxable","11":"shipping-taxable","12":"purchasable","13":"product-type-variable","14":"has-default-attributes"},"acf":[],"_links":{"self":[{"href":"https:\/\/www.ecvents.com\/es\/wp-json\/wp\/v2\/product\/4790","targetHints":{"allow":["GET"]}}],"collection":[{"href":"https:\/\/www.ecvents.com\/es\/wp-json\/wp\/v2\/product"}],"about":[{"href":"https:\/\/www.ecvents.com\/es\/wp-json\/wp\/v2\/types\/product"}],"replies":[{"embeddable":true,"href":"https:\/\/www.ecvents.com\/es\/wp-json\/wp\/v2\/comments?post=4790"}],"wp:featuredmedia":[{"embeddable":true,"href":"https:\/\/www.ecvents.com\/es\/wp-json\/wp\/v2\/media\/4821"}],"wp:attachment":[{"href":"https:\/\/www.ecvents.com\/es\/wp-json\/wp\/v2\/media?parent=4790"}],"wp:term":[{"taxonomy":"product_brand","embeddable":true,"href":"https:\/\/www.ecvents.com\/es\/wp-json\/wp\/v2\/product_brand?post=4790"},{"taxonomy":"product_cat","embeddable":true,"href":"https:\/\/www.ecvents.com\/es\/wp-json\/wp\/v2\/product_cat?post=4790"},{"taxonomy":"product_tag","embeddable":true,"href":"https:\/\/www.ecvents.com\/es\/wp-json\/wp\/v2\/product_tag?post=4790"}],"curies":[{"name":"pp","href":"https:\/\/api.w.org\/{rel}","templated":true}]}}