{"id":4797,"date":"2026-03-19T06:05:03","date_gmt":"2026-03-19T11:05:03","guid":{"rendered":"https:\/\/www.ecvents.com\/?post_type=product&#038;p=4797"},"modified":"2026-03-19T06:05:51","modified_gmt":"2026-03-19T11:05:51","slug":"cortina-de-aire-de-flujo-cruzado-serie-b","status":"publish","type":"product","link":"https:\/\/www.ecvents.com\/es\/product\/cortina-de-aire-de-flujo-cruzado-serie-b\/","title":{"rendered":"Cortina de aire de flujo cruzado Serie B"},"content":{"rendered":"<div class=\"someee\">\n<h2><strong>Flujo de aire suave. Fuerza tranquila. Construido para la comodidad diaria.<\/strong><\/h2>\n<p>los\u00a0<strong>Cruce de flujo\u202faire\u202fcortina\u202fB\u202fseries<\/strong>\u00a0est\u00e1 hecho para los espacios que m\u00e1s utiliza: \u00e1reas acogedoras, restaurantes, tiendas y oficinas que merecen un aire m\u00e1s limpio y una atm\u00f3sfera m\u00e1s estable. No exige atenci\u00f3n; simplemente corre silenciosamente en segundo plano, manteniendo el aire limpio, equilibrado y c\u00f3modo cada vez que se abre una puerta.<\/p>\n<p>Cuando se enciende, el flujo de aire se siente natural y uniforme. los\u00a0<strong>Rueda de flujo de alta precisi\u00f3n ABS<\/strong>\u00a0y\u00a0<strong>Motor puro\u202fcobre\u202f<\/strong>\u00a0crear una barrera suave de aire que se mueve en\u00a0<strong>9\u202f\u2013\u202f11\u202fm\/s<\/strong>. Ayuda a que su sistema de aire acondicionado se mantenga eficiente mientras bloquea el polvo, los insectos y los olores no deseados. El resultado es una habitaci\u00f3n m\u00e1s fresca que simplemente se siente mejor en la que estar: temperatura estable, menor uso de energ\u00eda y aire m\u00e1s limpio.<\/p>\n<p>Construida para una elegancia y de resistencia tranquila, la serie B\u00a0<strong>todo-metal\u202fshell<\/strong>\u00a0Con contornos refinados y un acabado duradero que resiste el desgaste y la corrosi\u00f3n. En el interior, el sistema ha sido probado para m\u00e1s\u00a0<strong>8.000\u202fhoras\u202fde\u202foperaci\u00f3n continua\u202f<\/strong>, por lo que es el tipo de equipo que instala una vez y en el que conf\u00eda durante a\u00f1os.<\/p>\n<p>El control es intuitivo: un\u00a0<strong>Selector de dos velocidades\u202finterruptor<\/strong>\u00a0Le permite ajustar el flujo de aire para adaptarse a su entorno, mientras que el\u00a0<strong>Barra de gu\u00eda ajustable\u202faire\u202f<\/strong>\u00a0Direcciones de viento de tonos finas con un simple toque. Cada aspecto se siente sencillo y pr\u00e1ctico: poderoso cuando es necesario, suave cuando se prefiere.<\/p>\n<p>Eficiente, duradero y silenciosamente fiable, la serie de flujos de aire cruzado, ofrece un sutil tipo de satisfacci\u00f3n: la comodidad de un aire limpio y bien administrado, entregado sin esfuerzo.<\/p>\n<\/div>\n<hr \/>\n<p>Rendimiento:<\/p>\n<div class=\"scroll-table-wrapper\">\n<div class=\"scroll-table\">\n<table id=\"tablepress-55\" class=\"tablepress tablepress-id-55\">\n<thead>\n<tr class=\"row-1\">\n\t<th class=\"column-1\">modelo<\/th><th class=\"column-2\">Dimensiones (mm)<\/th><th class=\"column-3\">Voltaje (V)<\/th><th class=\"column-4\">Frecuencia (Hz)<\/th><th class=\"column-5\">Poder (W)<\/th><th class=\"column-6\">Velocidad (m\/s)<\/th><th class=\"column-7\">Flujo de aire(m\u00b3\/h)<\/th><th class=\"column-8\">Ruido (dB)<\/th><th class=\"column-9\">Peso (kg)<\/th>\n<\/tr>\n<\/thead>\n<tbody class=\"row-striping row-hover\">\n<tr class=\"row-2\">\n\t<td class=\"column-1\">FM-4009<\/td><td class=\"column-2\">900x175\u00d7210<\/td><td class=\"column-3\">220<\/td><td class=\"column-4\">50<\/td><td class=\"column-5\">160<\/td><td class=\"column-6\">9-11<\/td><td class=\"column-7\">1630<\/td><td class=\"column-8\">53<\/td><td class=\"column-9\">10.5<\/td>\n<\/tr>\n<tr class=\"row-3\">\n\t<td class=\"column-1\">FM-4010<\/td><td class=\"column-2\">1000x175x210<\/td><td class=\"column-3\">220<\/td><td class=\"column-4\">50<\/td><td class=\"column-5\">185<\/td><td class=\"column-6\">9-11<\/td><td class=\"column-7\">1910<\/td><td class=\"column-8\">54<\/td><td class=\"column-9\">11.5<\/td>\n<\/tr>\n<tr class=\"row-4\">\n\t<td class=\"column-1\">FM-4012<\/td><td class=\"column-2\">1200x175\u00d7210<\/td><td class=\"column-3\">220<\/td><td class=\"column-4\">50<\/td><td class=\"column-5\">220<\/td><td class=\"column-6\">9-11<\/td><td class=\"column-7\">2500<\/td><td class=\"column-8\">54<\/td><td class=\"column-9\">13<\/td>\n<\/tr>\n<tr class=\"row-5\">\n\t<td class=\"column-1\">FM-4015<\/td><td class=\"column-2\">1500x175x210<\/td><td class=\"column-3\">220<\/td><td class=\"column-4\">50<\/td><td class=\"column-5\">260<\/td><td class=\"column-6\">9-11<\/td><td class=\"column-7\">3580<\/td><td class=\"column-8\">55<\/td><td class=\"column-9\">15.7<\/td>\n<\/tr>\n<tr class=\"row-6\">\n\t<td class=\"column-1\">FM-4018<\/td><td class=\"column-2\">1800\u00d7175\u00d7210<\/td><td class=\"column-3\">220<\/td><td class=\"column-4\">50<\/td><td class=\"column-5\">320<\/td><td class=\"column-6\">9-11<\/td><td class=\"column-7\">3900<\/td><td class=\"column-8\">56<\/td><td class=\"column-9\">18<\/td>\n<\/tr>\n<tr class=\"row-7\">\n\t<td class=\"column-1\">FM-4020<\/td><td class=\"column-2\">2000x175x210<\/td><td class=\"column-3\">220<\/td><td class=\"column-4\">50<\/td><td class=\"column-5\">350<\/td><td class=\"column-6\">9-11<\/td><td class=\"column-7\">4280<\/td><td class=\"column-8\">56<\/td><td class=\"column-9\">19.1<\/td>\n<\/tr>\n<\/tbody>\n<\/table>\n<!-- #tablepress-55 from cache --><\/div>\n<\/div>\n<div><\/div>\n<div class=\"woocb\"><a class=\"wocb\" href=\"http:\/\/www.beiaole.com\/wp-content\/uploads\/2025\/09\/d4.3.pdf\" target=\"_blank\" rel=\"noopener\">hacerse<\/a><\/div>\n<div><\/div>","protected":false},"excerpt":{"rendered":"<ul>\n<li>\n<h2>Barrera de aire estable:<\/h2>\n<p>\u202fDelivers\u202fFlujo de aire\u202faire\u202fa\u202f9\u202f\u2013\u202f11\u202fm\/s\u202fpara\u202fseparar\u202finterior\u202fy\u202fambiente\u202fambientemente.<\/li>\n<li>\n<h2>Rendimiento de la energ\u00eda eficiente:<\/h2>\n<p>\u202fMejora\u202fHVAC\u202feficiencia\u202fal\u202freduciendo\u202fla p\u00e9rdida\u202fla-perdida\u202fy\u202fmanteniendo\u202faire acondicionado\u202faire\u202faire\u202faire.<\/li>\n<li>\n<h2>Operaci\u00f3n tranquila:<\/h2>\n<p>\u202fbajos\u202fniveles\u202fniveles\u202fde\u202f53\u202f\u2013\u202f56\u202fdb\u202fhacerlo\u202fideal\u202fpara\u202fde oficinas,\u202foficinas,\u202fmake it\u202flook\u202fload \u202flocales\u202flocales\u202flocales\u202flocales\u202flocales\u202flocales\u202flocales\u202flocales\u202flocales\u202flocales\u202flocales\u202flocales\u202flocales\u202flocales\ufffd\ufffd.<\/li>\n<li>\n<h2>Carcasa duradera de todo metal:<\/h2>\n<p>\u202fElegante\u202f\u202fPolvo\u2011Recubrimiento\u202fFinaliza\u202fResiste\u202fRust\u202fy\u202fdesgaste\u202fpara\u202fa largo\u2011uso\u202fa largo plazo\u202f.<\/li>\n<li>\n<h2>Rueda de flujo cruzado de alta precisi\u00f3n:<\/h2>\n<p>\u202fABS\u202fImpler\u202fy\u202fpuro\u202fCobre\u202fMotor\u202fDeliver\u202fFlujo de aire\u202faire\u202fcon\u202fm\u00ednimo\u202fVibraci\u00f3n.<\/li>\n<li>\n<h2>Control de velocidad dual:<\/h2>\n<p>\u202fSimple\u202f2-Velocidad\u202fInterruptor\u202fpara\u202fmanual\u202fajuste de flujo de aire\u202fajuste.<\/li>\n<li>\n<h2>Barra de gu\u00eda ajustable\u202faire\u202faire:<\/h2>\n<p>\u202fF\u00e1cilmente\u202festablecer\u202faire\u202fdirecci\u00f3n\u202fpara\u202fperfecta\u202fcobertura\u202fy\u202faire.<\/li>\n<li>\n<h2>Confiabilidad de larga vida:<\/h2>\n<p>\u202fContinuo\u202foperation\u202fprobado\u202fpara\u202fover\u202f8.000\u202fhoras\u202fsin\u202fdesarrollo\u202fdesapercibimiento.<\/li>\n<\/ul>\n<hr \/>","protected":false},"featured_media":4822,"comment_status":"open","ping_status":"closed","template":"","meta":{"_acf_changed":false},"product_brand":[],"product_cat":[65],"product_tag":[],"class_list":{"0":"post-4797","1":"product","2":"type-product","3":"status-publish","4":"has-post-thumbnail","6":"product_cat-air-curtain","8":"first","9":"instock","10":"taxable","11":"shipping-taxable","12":"purchasable","13":"product-type-variable","14":"has-default-attributes"},"acf":[],"_links":{"self":[{"href":"https:\/\/www.ecvents.com\/es\/wp-json\/wp\/v2\/product\/4797","targetHints":{"allow":["GET"]}}],"collection":[{"href":"https:\/\/www.ecvents.com\/es\/wp-json\/wp\/v2\/product"}],"about":[{"href":"https:\/\/www.ecvents.com\/es\/wp-json\/wp\/v2\/types\/product"}],"replies":[{"embeddable":true,"href":"https:\/\/www.ecvents.com\/es\/wp-json\/wp\/v2\/comments?post=4797"}],"wp:featuredmedia":[{"embeddable":true,"href":"https:\/\/www.ecvents.com\/es\/wp-json\/wp\/v2\/media\/4822"}],"wp:attachment":[{"href":"https:\/\/www.ecvents.com\/es\/wp-json\/wp\/v2\/media?parent=4797"}],"wp:term":[{"taxonomy":"product_brand","embeddable":true,"href":"https:\/\/www.ecvents.com\/es\/wp-json\/wp\/v2\/product_brand?post=4797"},{"taxonomy":"product_cat","embeddable":true,"href":"https:\/\/www.ecvents.com\/es\/wp-json\/wp\/v2\/product_cat?post=4797"},{"taxonomy":"product_tag","embeddable":true,"href":"https:\/\/www.ecvents.com\/es\/wp-json\/wp\/v2\/product_tag?post=4797"}],"curies":[{"name":"pp","href":"https:\/\/api.w.org\/{rel}","templated":true}]}}