{"id":4804,"date":"2026-03-19T06:05:04","date_gmt":"2026-03-19T11:05:04","guid":{"rendered":"https:\/\/www.ecvents.com\/?post_type=product&#038;p=4804"},"modified":"2026-03-19T06:05:51","modified_gmt":"2026-03-19T11:05:51","slug":"cortina-de-aire-de-serie-centrifuga-x5","status":"publish","type":"product","link":"https:\/\/www.ecvents.com\/es\/product\/cortina-de-aire-de-serie-centrifuga-x5\/","title":{"rendered":"Cortina de aire de serie centr\u00edfuga X5"},"content":{"rendered":"<div class=\"someee\">\n<h2><strong>Poder refinado. Precisi\u00f3n silenciosa. Construido para entradas modernas.<\/strong><\/h2>\n<p>los\u00a0<strong>X5\u202fCentrifugal\u202fSeries\u202fAir\u202fcortina<\/strong>\u00a0Re\u00fane elegancia y fiabilidad: un dise\u00f1o refinado que complementa los espacios modernos y ofrece un flujo de aire confiable y de alto rendimiento todos los d\u00edas. Elaborado tanto para la est\u00e9tica como para la resistencia, se integra a la perfecci\u00f3n en las entradas donde la funci\u00f3n y el estilo deben coexistir.<\/p>\n<p>los\u00a0<strong>todo-metal\u202fcuerpo<\/strong>\u00a0Se siente s\u00f3lido y sofisticado, con una entrada de aire frontal y una salida m\u00e1s baja que mantienen un aspecto limpio y minimalista. Los detalles sutiles y el acabado suave lo hacen sentir en casa en cualquier entorno, desde escaparates boutique hasta vest\u00edbulos de oficina.<\/p>\n<p>Flexibilidad\u202fes\u202fconstruido\u202fin. los\u00a0<strong>Barra de gu\u00eda ajustable\u202faire\u202f<\/strong>\u00a0Le permite ajustar manualmente la direcci\u00f3n del flujo de aire para una cobertura \u00f3ptima, mientras\u00a0<strong>Ajustes de velocidad dual<\/strong>\u00a0(High\u202f\/\u202fLow)\u202fPermita que los usuarios equilibren el flujo de aire y el ruido en condiciones o temporadas de cambio.<\/p>\n<p>En el interior, la ingenier\u00eda de precisi\u00f3n brilla. los\u00a0<strong>Impulsor centr\u00edfugo<\/strong>\u00a0funciona en armon\u00eda con un\u00a0<strong>Motor de alta velocidad\u202fpuro\u202fcobre\u202f<\/strong>, generando un flujo de aire potente pero sedoso. Probado para m\u00e1s\u00a0<strong>8.000\u202fhoras\u202fde\u202foperaci\u00f3n continua\u202f<\/strong>, est\u00e1 dise\u00f1ado para uso diario tanto en entornos comerciales como exigentes.<\/p>\n<p>La serie X5\u202fSeries combina elegancia con resistencia\u202f\u2014\u202f un artista silencioso y seguro que protege la comodidad y la eficiencia en interiores al tiempo que preserva las l\u00edneas limpias de una entrada moderna.<\/p>\n<\/div>\n<hr \/>\n<p>Rendimiento:<\/p>\n<div class=\"scroll-table-wrapper\">\n<div class=\"scroll-table\">\n<table id=\"tablepress-56\" class=\"tablepress tablepress-id-56\">\n<thead>\n<tr class=\"row-1\">\n\t<th class=\"column-1\">modelo<\/th><th class=\"column-2\">Dimensiones (mm)<\/th><th class=\"column-3\">Voltaje (V)<\/th><th class=\"column-4\">Frecuencia (Hz)<\/th><th class=\"column-5\">Poder (W)<\/th><th class=\"column-6\">Velocidad (m\/s)<\/th><th class=\"column-7\">Flujo de aire(m\u00b3\/h)<\/th><th class=\"column-8\">Ruido (dB)<\/th><th class=\"column-9\">Peso (kg)<\/th>\n<\/tr>\n<\/thead>\n<tbody class=\"row-striping row-hover\">\n<tr class=\"row-2\">\n\t<td class=\"column-1\">FM-4509-L\/Y<\/td><td class=\"column-2\">900x215\u00d7230<\/td><td class=\"column-3\">220<\/td><td class=\"column-4\">50<\/td><td class=\"column-5\">230<\/td><td class=\"column-6\">16-18<\/td><td class=\"column-7\">1100<\/td><td class=\"column-8\">50<\/td><td class=\"column-9\">13<\/td>\n<\/tr>\n<tr class=\"row-3\">\n\t<td class=\"column-1\">FM-4512-L\/A<\/td><td class=\"column-2\">1200x215\u00d7230<\/td><td class=\"column-3\">220<\/td><td class=\"column-4\">50<\/td><td class=\"column-5\">290<\/td><td class=\"column-6\">16-18<\/td><td class=\"column-7\">1500<\/td><td class=\"column-8\">52<\/td><td class=\"column-9\">15.5<\/td>\n<\/tr>\n<tr class=\"row-4\">\n\t<td class=\"column-1\">FM-4515-L\/Y<\/td><td class=\"column-2\">1500\u00d7215x230<\/td><td class=\"column-3\">220<\/td><td class=\"column-4\">50<\/td><td class=\"column-5\">380<\/td><td class=\"column-6\">16-18<\/td><td class=\"column-7\">1900<\/td><td class=\"column-8\">53<\/td><td class=\"column-9\">20<\/td>\n<\/tr>\n<tr class=\"row-5\">\n\t<td class=\"column-1\">FM-4518-L\/A<\/td><td class=\"column-2\">1800x215\u00d7230<\/td><td class=\"column-3\">220<\/td><td class=\"column-4\">50<\/td><td class=\"column-5\">450<\/td><td class=\"column-6\">16-18<\/td><td class=\"column-7\">2280<\/td><td class=\"column-8\">54<\/td><td class=\"column-9\">23.5<\/td>\n<\/tr>\n<\/tbody>\n<\/table>\n<!-- #tablepress-56 from cache --><\/div>\n<\/div>\n<div><\/div>\n<div class=\"woocb\"><a class=\"wocb\" href=\"http:\/\/www.beiaole.com\/wp-content\/uploads\/2025\/09\/d4.4.pdf\" target=\"_blank\" rel=\"noopener\">hacerse<\/a><\/div>\n<div><\/div>","protected":false},"excerpt":{"rendered":"<ul>\n<li>\n<h2>Construcci\u00f3n elegante de todo metal:<\/h2>\n<p>Cuerpo de acero \u202fDurable\u202fpowder\u2011teel\u202fcon\u202fcon refinado\u202ffinish\u202fresiste\u202fdesgaste\u202fy\u202fambiente\u202fambiente\u202fambiente contempor\u00e1neo.<\/li>\n<li>\n<h2>Dise\u00f1o de salida dual\u202f inlet\u202f\/\u202fsalida\u202fde:<\/h2>\n<p>\u202fIngreso Frontal\u202fy\u202fBajo\u202fDescarga\u202fCrear\u202fFlujo de Aire\u202fAirFlujo\u202fForm\u202fAlto\u202fRendimiento\u202fApariencia\u202fAlto\u202fRendimiento\u202fActualidad\u202fActualidad\u202fActuaci\u00f3n\u202fActualidad.<\/li>\n<li>\n<h2>Barra de gu\u00eda ajustable\u202faire\u202faire:<\/h2>\n<p>\u202fManualmente\u202fconfigurar\u202faire\u202fdirecci\u00f3n\u202fpara\u202fcobertura\u202fperfecta\u202fy\u202feficiencia\u202feficiencia\u202fin\u202fin\u202fdiferentes\u202finstalaciones.<\/li>\n<li>\n<h2>Opciones de alta\u202f\/\u202fbaja\u202fvelocidad\u202f:<\/h2>\n<p>\u202fSimple\u202fDos\u2011Velocidad\u202fControl\u202fArgur\u00e1ta\u202fSeleccione\u202fentre\u202fm\u00e1ximo\u202fFlujo de aire\u202fo\u202ftranquilo\u202foperaci\u00f3n.<\/li>\n<li>\n<h2>Impulsor de Centrifugal Confiable:<\/h2>\n<p>\u202f ultrafino\u202fequilibrado\u202faficionado\u202falamar\u202fentrega\u202funiforme,\u202fturbulencia\u2011aire libre\u202faire\u202fa\u202f16\u202f\u2013\u202f18\u202fm\/s.<\/li>\n<li>\n<h2>Motor de Cobre Larga Vida: Pura<\/h2>\n<p>\u202fMotor\u202falta velocidad\u202fasegura\u202feficiente\u202fPotencia\u202fentrega\u202fy\u202fextendido\u202fciclo\u202fdeber\u202fde-deber\u202f(m\u00e1s\u202f8.000\u202fhoras).<\/li>\n<li>\n<h2>Rendimiento silencioso:<\/h2>\n<p>\u202fNoise\u202fsalida\u202fguarda\u202fentre 50\u202f\u2013\u202f54\u202fdb\u202fpara\u202fpac\u00edfico\u202fconfort\u202finterior\u202f50\u202f54\u202fdb\u202fpara\u202fpac\u00edfico\u202f-54\u202fDB\u202fDB\u202fpara\u202fpac\u00edfico\u202f--------------------.<\/li>\n<li>\n<h2>M\u00faltiples\u202flongitud\u202fconfiguraciones:<\/h2>\n<p>\u202fDisponible\u202fin900\u202f\u202f\u202f\u202f\u2013\u202f\u202f\u202f1,800\u202f\u202fmm\u202fmodelos\u202fpara\u202fajustar\u202funa\u202fvariedad\u202fde\u202famplios de puerta\u202famplios\u202famplios\u202famplios\u202famplios\u202famplios\u202famplios\u202famplios\u202famplios\u202famplios\u202famplios\u202famplios\u202famplios\u202famplios\u202famplios\u202famplios\u202f.<\/li>\n<\/ul>\n<hr \/>","protected":false},"featured_media":4832,"comment_status":"open","ping_status":"closed","template":"","meta":{"_acf_changed":false},"product_brand":[],"product_cat":[65],"product_tag":[],"class_list":{"0":"post-4804","1":"product","2":"type-product","3":"status-publish","4":"has-post-thumbnail","6":"product_cat-air-curtain","8":"first","9":"instock","10":"taxable","11":"shipping-taxable","12":"purchasable","13":"product-type-variable","14":"has-default-attributes"},"acf":[],"_links":{"self":[{"href":"https:\/\/www.ecvents.com\/es\/wp-json\/wp\/v2\/product\/4804","targetHints":{"allow":["GET"]}}],"collection":[{"href":"https:\/\/www.ecvents.com\/es\/wp-json\/wp\/v2\/product"}],"about":[{"href":"https:\/\/www.ecvents.com\/es\/wp-json\/wp\/v2\/types\/product"}],"replies":[{"embeddable":true,"href":"https:\/\/www.ecvents.com\/es\/wp-json\/wp\/v2\/comments?post=4804"}],"wp:featuredmedia":[{"embeddable":true,"href":"https:\/\/www.ecvents.com\/es\/wp-json\/wp\/v2\/media\/4832"}],"wp:attachment":[{"href":"https:\/\/www.ecvents.com\/es\/wp-json\/wp\/v2\/media?parent=4804"}],"wp:term":[{"taxonomy":"product_brand","embeddable":true,"href":"https:\/\/www.ecvents.com\/es\/wp-json\/wp\/v2\/product_brand?post=4804"},{"taxonomy":"product_cat","embeddable":true,"href":"https:\/\/www.ecvents.com\/es\/wp-json\/wp\/v2\/product_cat?post=4804"},{"taxonomy":"product_tag","embeddable":true,"href":"https:\/\/www.ecvents.com\/es\/wp-json\/wp\/v2\/product_tag?post=4804"}],"curies":[{"name":"pp","href":"https:\/\/api.w.org\/{rel}","templated":true}]}}