{"id":4809,"date":"2026-03-19T06:05:04","date_gmt":"2026-03-19T11:05:04","guid":{"rendered":"https:\/\/www.ecvents.com\/?post_type=product&#038;p=4809"},"modified":"2026-03-19T06:06:20","modified_gmt":"2026-03-19T11:06:20","slug":"cortina-de-aire-de-calefaccion","status":"publish","type":"product","link":"https:\/\/www.ecvents.com\/es\/product\/cortina-de-aire-de-calefaccion\/","title":{"rendered":"Cortina de aire de calefacci\u00f3n"},"content":{"rendered":"<div class=\"someee\">\n<h2><strong>Calor instant\u00e1neo. Seguridad tranquila. Construido para la comodidad diaria.<\/strong><\/h2>\n<p>los\u00a0<strong>Calefacci\u00f3n\u202faire\u202fcortina<\/strong>\u00a0Transforma las puertas fr\u00edas en entradas c\u00e1lidas y acogedoras. Dise\u00f1ado para brindar comodidad y eficiencia, ofrece un calor suave y uniforme, manteniendo una presencia tranquila y un estilo refinado, perfecto para escaparates, vest\u00edbulos y pasillos concurridos que necesitan calidez sin distracciones.<\/p>\n<p>La operaci\u00f3n es f\u00e1cil. un\u00a0<strong>Controlador de infrarrojos completo<\/strong>\u00a0Le permite ajustar los modos, la velocidad del ventilador o la configuraci\u00f3n del temporizador desde cualquier lugar de la habitaci\u00f3n: sin alcance, sin interrupciones, solo comodidad.<\/p>\n<p>El sistema\u00a0<strong>Alta eficiencia\u202fPTC\u202fCalefacci\u00f3n\u202felemento<\/strong>\u00a0Calienta el aire de manera uniforme y segura, eliminando las llamas abiertas y optimizando el uso de energ\u00eda. los\u00a0<strong>Dise\u00f1o de aire-entrada\u202fcalefacci\u00f3n\u202fdise\u00f1o<\/strong>\u00a0Asegura un elevado aumento de temperatura y una baja resistencia de salida, produciendo un flujo de aire suave y natural que se siente c\u00f3modo, no forzado.<\/p>\n<p>La seguridad est\u00e1 integrada en cada detalle. un\u00a0<strong>60\u2011segundo\u202fabajo\u2011abajo\u202fdelay<\/strong>\u00a0Baja suavemente la temperatura interna despu\u00e9s de apagarse, prolongando la vida del motor y evitando la acumulaci\u00f3n de calor residual.\u00a0<strong>Tres\u202fTemperatura\u202fNiveles<\/strong>\u00a0adaptarse a los turnos de temporada y a los m\u00faltiples sistemas de protecci\u00f3n, incluyendo una\u00a0<strong>Sensor de sobretemperatura<\/strong>,\u00a0<strong>Protector sensible a la presi\u00f3n<\/strong>, y\u00a0<strong>Fusible\u202fTubo<\/strong>\u00a0\u2014 Garantice un rendimiento seguro hora tras hora.<\/p>\n<p>los\u00a0<strong>Tranquilo\u202fMotor<\/strong>\u00a0y\u00a0<strong>Rueda grande\u202fvolumen\u202fviento\u202f<\/strong>\u00a0Proporciona una fuerte circulaci\u00f3n t\u00e9rmica con una resistencia m\u00ednima, manteniendo los niveles de ruido tan bajos como\u202f<strong>55\u202f\u2013\u202f60\u202fdB<\/strong>. Cada componente est\u00e1 dise\u00f1ado para la longevidad, la estabilidad y la tranquilidad.<\/p>\n<p>Compacta, silenciosa y potentemente eficiente, la cortina de calefacci\u00f3n de aire calienta los espacios de forma natural, manteniendo la comodidad donde la quieres y el fr\u00edo donde pertenece.<\/p>\n<\/div>\n<hr \/>\n<p>Rendimiento:<\/p>\n<div class=\"scroll-table-wrapper\">\n<div class=\"scroll-table\">\n<table id=\"tablepress-57\" class=\"tablepress tablepress-id-57\">\n<thead>\n<tr class=\"row-1\">\n\t<th class=\"column-1\">modelo<\/th><th class=\"column-2\">Dimensiones (mm)<\/th><th class=\"column-3\">Voltaje (V)<\/th><th class=\"column-4\">Frecuencia (Hz)<\/th><th class=\"column-5\">Poder (W)<br \/>\n  desms<\/th><th class=\"column-6\">Potencia PTC (kW)<br \/>\nde alta intensidad<\/th><th class=\"column-7\">Velocidad (m\/s)<br \/>\ndesms<\/th><th class=\"column-8\">Flujo de aire(m\u00b3\/h)<\/th><th class=\"column-9\">TEM (K)<\/th><th class=\"column-10\">Ruido (dB)<\/th><th class=\"column-11\">Peso (kg)<\/th>\n<\/tr>\n<\/thead>\n<tbody class=\"row-striping row-hover\">\n<tr class=\"row-2\">\n\t<td class=\"column-1\">RM-1209-D\/A<\/td><td class=\"column-2\">900\u00d7170x205<\/td><td class=\"column-3\">380\/220<\/td><td class=\"column-4\">50<\/td><td class=\"column-5\">160-110<\/td><td class=\"column-6\">6-4-2<\/td><td class=\"column-7\">8.0-6.5<\/td><td class=\"column-8\">1000<\/td><td class=\"column-9\">34-45<\/td><td class=\"column-10\"><55<\/td><td class=\"column-11\">12<\/td>\n<\/tr>\n<tr class=\"row-3\">\n\t<td class=\"column-1\">RM-1212-D\/A<\/td><td class=\"column-2\">1200x170x205<\/td><td class=\"column-3\">380\/220<\/td><td class=\"column-4\">50<\/td><td class=\"column-5\">220-150<\/td><td class=\"column-6\">8-6-4<\/td><td class=\"column-7\">8.0-6.5<\/td><td class=\"column-8\">1200<\/td><td class=\"column-9\">35-45<\/td><td class=\"column-10\"><57<\/td><td class=\"column-11\">15.5<\/td>\n<\/tr>\n<tr class=\"row-4\">\n\t<td class=\"column-1\">RM-1215-D\/a<\/td><td class=\"column-2\">1500x170x205<\/td><td class=\"column-3\">380\/220<\/td><td class=\"column-4\">50<\/td><td class=\"column-5\">260-180<\/td><td class=\"column-6\">10-8-6<\/td><td class=\"column-7\">8.0-6.5<\/td><td class=\"column-8\">1400<\/td><td class=\"column-9\">35-45<\/td><td class=\"column-10\"><58<\/td><td class=\"column-11\">19<\/td>\n<\/tr>\n<tr class=\"row-5\">\n\t<td class=\"column-1\">RM-1218-D\/A<\/td><td class=\"column-2\">1800x170x205<\/td><td class=\"column-3\">380\/220<\/td><td class=\"column-4\">50<\/td><td class=\"column-5\">320-250<\/td><td class=\"column-6\">12-10-8<\/td><td class=\"column-7\">8.0-6.5<\/td><td class=\"column-8\">1600<\/td><td class=\"column-9\">35-45<\/td><td class=\"column-10\"><60<\/td><td class=\"column-11\">22.5<\/td>\n<\/tr>\n<\/tbody>\n<\/table>\n<!-- #tablepress-57 from cache --><\/div>\n<\/div>\n<div><\/div>\n<div class=\"woocb\"><a class=\"wocb\" href=\"http:\/\/www.beiaole.com\/wp-content\/uploads\/2025\/09\/d4.5.pdf\" target=\"_blank\" rel=\"noopener\">hacerse<\/a><\/div>\n<div><\/div>","protected":false},"excerpt":{"rendered":"<ul>\n<li>\n<h2>Calentamiento de alta eficiencia\u202fPTC\u202f<\/h2>\n<p>\u202fR\u00e1pido,\u202fincluso\u202fcaloramiento\u202fsin\u202fabrir\u202fflamas\u202fo\u202fox\u00edgeno\u202fagotamiento\u202fpara\u202fdurante\u202fdesaparici\u00f3n\u202falimento seguro.<\/li>\n<li>\n<h2>Control remoto inteligente:<\/h2>\n<p>\u202fInfrarrojo\u202fSistema\u202fProporciona\u202fF\u00e1cil\u202fAcceso\u202fA\u202fvelocidad,\u202fcalor\u202fy\u202fFunciones\u202fTimmer\u202fFunciones\u202fDesde cualquier lugar\u202fen\u202fla\u202fla\u202fla\u202fla\u202fla\u202falimento\u202falimento\u202falimento\u202fa--sp.<\/li>\n<li>\n<h2>Ajustes de temperatura de tres niveles:<\/h2>\n<p>8\u202f\u2013\u202f6\u202f\u2013\u202f4\u202fKW\u202fopciones\u202fadapta\u202fa\u202f estacional\u202fo\u202fdemandas ambientales\u202fambientales.<\/li>\n<li>\n<h2>Sistema integrado de seguridad:<\/h2>\n<p>\u202fSobre\u202fTemperatura\u202fProtecci\u00f3n,\u202fPressure\u202fSensor,\u202fFuse\u202fTube,\u202fy\u202f60\u2011Segundo\u202fApagado\u2011apagado\u202fdelay\u202fpara\u202fseguridad\u202fseguridad\u202fseguridad\u202fapagado\u202fapagado\u202fapagado\u202fapagado\u202fapagado\u202fsegundo\u202fapagado\u202fsegundo\u202fapagado\u202fapagado\ufffd\ufffd.<\/li>\n<li>\n<h2>Operaci\u00f3n tranquila:<\/h2>\n<p>\u202fBaja\u2011Resistencia\u202fDise\u00f1o\u202fy\u202fAerodin\u00e1mico\u202fFan\u202fKeep\u202fNoise\u202fBajo\u202f60\u202fDB\u202fFor\u202fFan\u202fKeep\u202fNoise\u202fBajo\u202f60\u202fDB\u202fFor\u202fFor\u202fTrabajo\u202fP\u00e1ra\u202fRendimiento Pac\u00edfico.<\/li>\n<li>\n<h2>Rendimiento de ahorro de energ\u00eda:<\/h2>\n<p>\u202fBalanced\u202fAirstream\u202fdise\u00f1o\u202fy\u202fptc\u202fcore\u202fmaximize\u202feficiencia\u202fy\u202fminimizar\u202fdesperdicio.<\/li>\n<li>\n<h2>Alta capacidad de flujo de aire:<\/h2>\n<p>\u202faire\u202fvelocidades\u202fde\u202f8\u202f\u2013\u202f6.5\u202fm\/s\u202fy\u202faire\u202f up to\u202fa\u202f1,600\u202fm\u00b3\/h\u202fmantener\u202fefectiva\u202fretenci\u00f3n\u202fabre-abre.<\/li>\n<li>\n<h2>Construcci\u00f3n duradera:<\/h2>\n<p>\u202fMetal\u202fcuerpo\u202fcon\u202fcon corrosi\u00f3n\u2011resistente\u202fasegura\u202fapariencia\u202ffuerza\u202fy\u202flarga duraci\u00f3n\u2011apariencia\u202faparici\u00f3n\u202faparici\u00f3n\u202faparici\u00f3n\u202f y\u202flarga duraci\u00f3n\u202fasegura\u202fapariencia\u202faparici\u00f3n\u202fy.<\/li>\n<\/ul>\n<hr \/>","protected":false},"featured_media":4833,"comment_status":"open","ping_status":"closed","template":"","meta":{"_acf_changed":false},"product_brand":[],"product_cat":[65],"product_tag":[],"class_list":{"0":"post-4809","1":"product","2":"type-product","3":"status-publish","4":"has-post-thumbnail","6":"product_cat-air-curtain","8":"first","9":"instock","10":"sale","11":"taxable","12":"shipping-taxable","13":"purchasable","14":"product-type-variable","15":"has-default-attributes"},"acf":[],"_links":{"self":[{"href":"https:\/\/www.ecvents.com\/es\/wp-json\/wp\/v2\/product\/4809","targetHints":{"allow":["GET"]}}],"collection":[{"href":"https:\/\/www.ecvents.com\/es\/wp-json\/wp\/v2\/product"}],"about":[{"href":"https:\/\/www.ecvents.com\/es\/wp-json\/wp\/v2\/types\/product"}],"replies":[{"embeddable":true,"href":"https:\/\/www.ecvents.com\/es\/wp-json\/wp\/v2\/comments?post=4809"}],"wp:featuredmedia":[{"embeddable":true,"href":"https:\/\/www.ecvents.com\/es\/wp-json\/wp\/v2\/media\/4833"}],"wp:attachment":[{"href":"https:\/\/www.ecvents.com\/es\/wp-json\/wp\/v2\/media?parent=4809"}],"wp:term":[{"taxonomy":"product_brand","embeddable":true,"href":"https:\/\/www.ecvents.com\/es\/wp-json\/wp\/v2\/product_brand?post=4809"},{"taxonomy":"product_cat","embeddable":true,"href":"https:\/\/www.ecvents.com\/es\/wp-json\/wp\/v2\/product_cat?post=4809"},{"taxonomy":"product_tag","embeddable":true,"href":"https:\/\/www.ecvents.com\/es\/wp-json\/wp\/v2\/product_tag?post=4809"}],"curies":[{"name":"pp","href":"https:\/\/api.w.org\/{rel}","templated":true}]}}