{"id":4814,"date":"2026-03-19T06:05:05","date_gmt":"2026-03-19T11:05:05","guid":{"rendered":"https:\/\/www.ecvents.com\/?post_type=product&#038;p=4814"},"modified":"2026-03-19T06:06:20","modified_gmt":"2026-03-19T11:06:20","slug":"cortina-de-aire-de-calefaccion-de-alta-potencia","status":"publish","type":"product","link":"https:\/\/www.ecvents.com\/es\/product\/cortina-de-aire-de-calefaccion-de-alta-potencia\/","title":{"rendered":"Cortina de aire de calefacci\u00f3n (alta potencia)"},"content":{"rendered":"<div class=\"someee\">\n<h2><strong>Calor r\u00e1pido. Potencia segura. Construido para inviernos duros.<\/strong><\/h2>\n<p>los\u00a0<strong>Calefacci\u00f3n\u202faire\u202fcortina\u202f(alta potencia)<\/strong>\u00a0Est\u00e1 dise\u00f1ado para los espacios que exigen alivio instant\u00e1neo del fr\u00edo\u202f\u2014\u202ftiendas, talleres y entradas ocupadas donde cada puerta abierta trae un escalofr\u00edo. Llena habitaciones de un calor suave, incluso que se siente natural, manteniendo la comodidad estable incluso en los d\u00edas m\u00e1s fr\u00edos.<\/p>\n<p>En su n\u00facleo es un\u00a0<strong>Rueda de viento de metal resistente<\/strong>\u00a0Dise\u00f1ado para la fuerza y el equilibrio. Produce un flujo de aire laminar y constante que distribuye el calor de manera uniforme a trav\u00e9s de la abertura. Construido para funcionar continuamente, resiste la deformaci\u00f3n y el desgaste\u202f\u2014\u202f un componente confiable que puede olvidar porque simplemente funciona.<\/p>\n<p>El control es sin esfuerzo. un\u00a0<strong>Interruptor de dos velocidades<\/strong>\u00a0Permite un ajuste instant\u00e1neo entre flujo de aire alto y bajo para un control de temperatura de precisi\u00f3n. Botones simples, sin interfaces complejas\u202f\u2014\u202fSimplemente una comodidad r\u00e1pida cuando lo necesite.<\/p>\n<p>La calefacci\u00f3n proviene de un inteligente\u00a0<strong>PTC\u202f(Positivo\u202fTemperatura\u202fCoeficiente)\u202fSistema<\/strong>, que produce un calor r\u00e1pido y estable sin llamas abiertas ni agotamiento del ox\u00edgeno. La unidad se calienta de forma segura y uniforme, elevando la temperatura interior sin esa sensaci\u00f3n de aire seco y quemado. Dispositivos de seguridad integrados\u202f\u2014A\u202fA\u202fTemperature\u202fControlador,\u202fpressure\u2011sensible\u202fprotector,\u202fFuse\u202ftubo,\u202fy\u202fdelay\u202ffunci\u00f3n\u202fapagar\u202f\u202f-\u202f-----------------------------------------------------------------------------------------------.<\/p>\n<p>los\u00a0<strong>Estructura de PTC\u202fCalefacci\u00f3n\u202fRod\u202f<\/strong>\u00a0Tambi\u00e9n significa eficiencia duradera: la p\u00e9rdida de resistencia se mantiene baja, la producci\u00f3n de calor permanece constante y el uso de energ\u00eda sigue optimizado. El resultado es un rendimiento confiable y silencioso que mantiene el aire caliente donde pertenece\u202f\u2014\u202fdentro.\n<\/div>\n<hr \/>\n<p>Rendimiento:<\/p>\n<div class=\"scroll-table-wrapper\">\n<div class=\"scroll-table\">\n<table id=\"tablepress-58\" class=\"tablepress tablepress-id-58\">\n<thead>\n<tr class=\"row-1\">\n\t<th class=\"column-1\">modelo<\/th><th class=\"column-2\">Dimensiones (mm)<\/th><th class=\"column-3\">Voltaje (V)<\/th><th class=\"column-4\">Frecuencia (Hz)<\/th><th class=\"column-5\">Poder (W)<br \/>\n  desms<\/th><th class=\"column-6\">Potencia PTC (kW)<br \/>\nde alta intensidad<\/th><th class=\"column-7\">Velocidad (m\/s)<br \/>\ndesms<\/th><th class=\"column-8\">Flujo de aire(m\u00b3\/h)<\/th><th class=\"column-9\">TEM (K)<\/th><th class=\"column-10\">Ruido (dB)<\/th><th class=\"column-11\">Peso (kg)<\/th>\n<\/tr>\n<\/thead>\n<tbody class=\"row-striping row-hover\">\n<tr class=\"row-2\">\n\t<td class=\"column-1\">RM-1209-D\/Y (alta potencia)<\/td><td class=\"column-2\">900x170x205<\/td><td class=\"column-3\">380<\/td><td class=\"column-4\">50<\/td><td class=\"column-5\">160-110<\/td><td class=\"column-6\">12<\/td><td class=\"column-7\">7.5-6.0<\/td><td class=\"column-8\">1200-1000<\/td><td class=\"column-9\">80-65<\/td><td class=\"column-10\"><61<\/td><td class=\"column-11\">12<\/td>\n<\/tr>\n<tr class=\"row-3\">\n\t<td class=\"column-1\">RM-1212-D\/Y (alta potencia)<\/td><td class=\"column-2\">1200x170x205<\/td><td class=\"column-3\">380<\/td><td class=\"column-4\">50<\/td><td class=\"column-5\">220-150<\/td><td class=\"column-6\">16<\/td><td class=\"column-7\">7.5-6.0<\/td><td class=\"column-8\">1200-1400<\/td><td class=\"column-9\">80-65<\/td><td class=\"column-10\"><62<\/td><td class=\"column-11\">15.5<\/td>\n<\/tr>\n<tr class=\"row-4\">\n\t<td class=\"column-1\">RM-1215-D\/Y (alta potencia)<\/td><td class=\"column-2\">1500\u00d7170x205<\/td><td class=\"column-3\">380<\/td><td class=\"column-4\">50<\/td><td class=\"column-5\">260-180<\/td><td class=\"column-6\">20<\/td><td class=\"column-7\">7.5-6.0<\/td><td class=\"column-8\">1400-1600<\/td><td class=\"column-9\">80-65<\/td><td class=\"column-10\"><63<\/td><td class=\"column-11\">19<\/td>\n<\/tr>\n<tr class=\"row-5\">\n\t<td class=\"column-1\">RM-1218-D\/Y (alta potencia)<\/td><td class=\"column-2\">1800x170\u00d7205<\/td><td class=\"column-3\">380<\/td><td class=\"column-4\">50<\/td><td class=\"column-5\">320-250<\/td><td class=\"column-6\">25<\/td><td class=\"column-7\">7.5-6.0<\/td><td class=\"column-8\">1600-1800<\/td><td class=\"column-9\">80-65<\/td><td class=\"column-10\"><64<\/td><td class=\"column-11\">22.5<\/td>\n<\/tr>\n<\/tbody>\n<\/table>\n<!-- #tablepress-58 from cache --><\/div>\n<\/div>\n<div><\/div>\n<div class=\"woocb\"><a class=\"wocb\" href=\"http:\/\/www.beiaole.com\/wp-content\/uploads\/2025\/09\/d4.6.pdf\" target=\"_blank\" rel=\"noopener\">hacerse<\/a><\/div>\n<div><\/div>","protected":false},"excerpt":{"rendered":"<ul>\n<li>\n<h2>Calentamiento de alta eficiencia\u202fPTC\u202f<\/h2>\n<p>\u202fR\u00e1pido,\u202fseguro\u202fgeneraci\u00f3n de calor\u202fsin\u202fsin llama\u202fo\u202fox\u00edgeno\u202fagotamiento\u202fpara\u202fconstancia\u202fconstancia\u202fconstancia.<\/li>\n<li>\n<h2>Potente sistema de flujo de aire:<\/h2>\n<p>\u202fDurable\u202fmetal\u202fviento\u202frueda\u202fentrega\u202fsmooth,\u202fdistribuci\u00f3n de aire\u202faire\u202falambr\u00f3n\u202fat\u202f7.5\u202f\u2013\u202f6\u202fm\/s.<\/li>\n<li>\n<h2>Strong\u202fThermal\u202fsalida:<\/h2>\n<p>\u202fModelos\u202fProduce\u202fPttc\u202fCalefacci\u00f3n\u202fPotencia\u202fDe\u202f12\u202fa\u202f25\u202fKW,\u202fQuickly\u202fLevant\u202fTemperatura de cuarto\u202fla habitaci\u00f3n.<\/li>\n<li>\n<h2>Construcci\u00f3n robusta\u202ftodo-metal:<\/h2>\n<p>\u202fGalvanizado\u202fy\u202facero\u202facero\u202fcuerpo\u202fresiste\u202foxidante,\u202fhumedad,\u202fy\u202fuso continuo\u202fen\u202fp\u00fablico\u202fecon\u00f3mico\u202findustrial\u202fajustes.<\/li>\n<li>\n<h2>Control simple de velocidad dual:<\/h2>\n<p>\u202fMec\u00e1nico\u202f2-velocidad\u202finterruptor\u202fpara\u202ff\u00e1cil\u202fmanual\u202fajuste\u202fentre\u202falto\u202falto y\u202fbajo\u202fmodos.<\/li>\n<li>\n<h2>Seguridad\u202fProtecci\u00f3n\u202fSistema:<\/h2>\n<p>\u202fIncluye\u202fTemperatura\u202fSensor,\u202fPressure\u202fProtector,\u202fFuse\u202fTube,\u202fy\u202fRetraso\u202fapagado\u202fpara\u202fasegurar\u202foperaci\u00f3n segura\u202foperaci\u00f3n.<\/li>\n<li>\n<h2>Operaci\u00f3n tranquila:<\/h2>\n<p>\u202fNiveles\u202fNiveles\u202fBajo\u202f64\u202fDB\u202fProporcionar\u202fPotente\u202fRendimiento\u202fSin\u202fInterrupci\u00f3n.<\/li>\n<li>\n<h2>Rendimiento de energ\u00eda\u202feficiente:<\/h2>\n<p>\u202fPTC\u202frod\u202fdise\u00f1o\u202fprevente\u202ft\u00e9rmico\u202fdecay\u202fpara\u202feficiencia\u202flargo\u202fde-plazo\u202fy\u202fbajo\u202fpoder\u202fpoder\u202feva.<\/li>\n<li>\n<h2>Opciones de tama\u00f1o m\u00faltiple:<\/h2>\n<p>\u202fDisponible\u202fin\u202f900\u202fmm,\u202f1200\u202fmm,\u202f1,500\u202fmm,\u202fy\u202f1800\u202fmm\u202flongituds\u202fdimensiones de puerta\u202fdiferente\u202fdoor\u202f y\u202fdimensiones de espacio\u202fdimensiones.<\/li>\n<\/ul>\n<hr \/>","protected":false},"featured_media":4852,"comment_status":"open","ping_status":"closed","template":"","meta":{"_acf_changed":false},"product_brand":[],"product_cat":[65],"product_tag":[],"class_list":{"0":"post-4814","1":"product","2":"type-product","3":"status-publish","4":"has-post-thumbnail","6":"product_cat-air-curtain","8":"first","9":"outofstock","10":"taxable","11":"shipping-taxable","12":"purchasable","13":"product-type-variable"},"acf":[],"_links":{"self":[{"href":"https:\/\/www.ecvents.com\/es\/wp-json\/wp\/v2\/product\/4814","targetHints":{"allow":["GET"]}}],"collection":[{"href":"https:\/\/www.ecvents.com\/es\/wp-json\/wp\/v2\/product"}],"about":[{"href":"https:\/\/www.ecvents.com\/es\/wp-json\/wp\/v2\/types\/product"}],"replies":[{"embeddable":true,"href":"https:\/\/www.ecvents.com\/es\/wp-json\/wp\/v2\/comments?post=4814"}],"wp:featuredmedia":[{"embeddable":true,"href":"https:\/\/www.ecvents.com\/es\/wp-json\/wp\/v2\/media\/4852"}],"wp:attachment":[{"href":"https:\/\/www.ecvents.com\/es\/wp-json\/wp\/v2\/media?parent=4814"}],"wp:term":[{"taxonomy":"product_brand","embeddable":true,"href":"https:\/\/www.ecvents.com\/es\/wp-json\/wp\/v2\/product_brand?post=4814"},{"taxonomy":"product_cat","embeddable":true,"href":"https:\/\/www.ecvents.com\/es\/wp-json\/wp\/v2\/product_cat?post=4814"},{"taxonomy":"product_tag","embeddable":true,"href":"https:\/\/www.ecvents.com\/es\/wp-json\/wp\/v2\/product_tag?post=4814"}],"curies":[{"name":"pp","href":"https:\/\/api.w.org\/{rel}","templated":true}]}}