{"id":4823,"date":"2026-03-19T06:05:30","date_gmt":"2026-03-19T11:05:30","guid":{"rendered":"https:\/\/www.ecvents.com\/?post_type=product&#038;p=4823"},"modified":"2026-03-19T06:06:20","modified_gmt":"2026-03-19T11:06:20","slug":"cortina-de-aire-industrial","status":"publish","type":"product","link":"https:\/\/www.ecvents.com\/es\/product\/cortina-de-aire-industrial\/","title":{"rendered":"Cortina de aire industrial"},"content":{"rendered":"<div class=\"someee\">\n<h2><strong>Escudo potente. Precisi\u00f3n dise\u00f1ada. Construido para el rendimiento industrial.<\/strong><\/h2>\n<p>los\u00a0<strong>Industrial\u202fAir\u202fcortina<\/strong>\u00a0Crea una pared de aire invisible dise\u00f1ada para separar entornos de manera eficiente y econ\u00f3mica. Al suministrar velocidades de aire de hasta 30\u202fm\/s, evita la p\u00e9rdida de temperatura, bloquea el polvo y los insectos, y mantiene las condiciones interiores limpias y estables en grandes aberturas de f\u00e1brica o almac\u00e9n.<\/p>\n<p>construido a partir de\u00a0<strong>Acero con recubrimiento en polvo<\/strong>\u00a0Con un marco reforzado y remachado, resiste la corrosi\u00f3n, la vibraci\u00f3n y la deformaci\u00f3n bajo uso continuo. los\u00a0<strong>Impulsor centr\u00edfugo galvanizado en caliente<\/strong>\u00a0Garantiza el equilibrio mec\u00e1nico y la fiabilidad a largo plazo, mientras que\u00a0<strong>Motor de n\u00facleo de cobre puro<\/strong>\u00a0Impulsa un flujo de aire constante durante m\u00e1s de 8.000\u202fhoras\u202fde\u202foperaciones probadas.<\/p>\n<p>A pesar de su producci\u00f3n, el sistema permanece estable y controlado. La geometr\u00eda de conducto interno optimizada canaliza el flujo de aire de manera uniforme a lo largo de todo el ancho de la salida, reduciendo la turbulencia y manteniendo el ruido dentro de 70\u202f\u2013\u202f73\u202fdb. El consumo de energ\u00eda se mantiene bajo en relaci\u00f3n con el rendimiento gracias a la precisi\u00f3n del espacio del ventilador y la gesti\u00f3n eficiente del flujo de aire.<\/p>\n<p>Flexible de instalar y f\u00e1cil de usar, cada unidad incluye un\u00a0<strong>Control de doble velocidad\u202fSwitch\u202fSwitch\u202f<\/strong>\u00a0(con operaci\u00f3n remota opcional) para un ajuste r\u00e1pido entre velocidad baja y alta. Disponible en modelos de 900\u202fa\u202f2000\u202fmm\u202fin\u202flongitud, la\u202faire\u202fcorrtina\u202fcorrtina\u202fair\u202fcortina\u202fair\u202fair\u202fcorrtain\u202fadecuado\u202fdise\u00f1os\u202fdiscos\u202fdiscos\u202fdiscos\u202fde\u202fdiscos\u202fde\u202fdiscos\u202fadecuados\u202fdiscos\u202fdiscos\u202fdiscos\u202fy\u202fdiscos\u202fdiscos\u202fdiscos\u202fdiscos\u202fy\u202fdiscos\u202fdiscos\ufffd.<\/p>\n<\/div>\n<hr \/>\n<p>Rendimiento:<\/p>\n<div class=\"scroll-table-wrapper\">\n<div class=\"scroll-table\">\n<table id=\"tablepress-59\" class=\"tablepress tablepress-id-59\">\n<thead>\n<tr class=\"row-1\">\n\t<th class=\"column-1\">modelo<\/th><th class=\"column-2\">Dimensiones (mm)<\/th><th class=\"column-3\">Voltaje (V)<\/th><th class=\"column-4\">Frecuencia (Hz)<\/th><th class=\"column-5\">Poder (W)<\/th><th class=\"column-6\">Velocidad (m\/s)<\/th><th class=\"column-7\">Flujo de aire(m\u00b3\/h)<\/th><th class=\"column-8\">Ruido (dB)<\/th><th class=\"column-9\">Peso (kg)<\/th>\n<\/tr>\n<\/thead>\n<tbody class=\"row-striping row-hover\">\n<tr class=\"row-2\">\n\t<td class=\"column-1\">FM-6509<\/td><td class=\"column-2\">900\u00d7352x306<\/td><td class=\"column-3\">380<\/td><td class=\"column-4\">50<\/td><td class=\"column-5\">1350<\/td><td class=\"column-6\">30<\/td><td class=\"column-7\">4510<\/td><td class=\"column-8\">70<\/td><td class=\"column-9\">35<\/td>\n<\/tr>\n<tr class=\"row-3\">\n\t<td class=\"column-1\">FM-6512<\/td><td class=\"column-2\">1200x352x306<\/td><td class=\"column-3\">380<\/td><td class=\"column-4\">50<\/td><td class=\"column-5\">2100<\/td><td class=\"column-6\">30<\/td><td class=\"column-7\">6760<\/td><td class=\"column-8\">71<\/td><td class=\"column-9\">50<\/td>\n<\/tr>\n<tr class=\"row-4\">\n\t<td class=\"column-1\">FM-6515<\/td><td class=\"column-2\">1500x352x306<\/td><td class=\"column-3\">380<\/td><td class=\"column-4\">50<\/td><td class=\"column-5\">2700<\/td><td class=\"column-6\">30<\/td><td class=\"column-7\">9000<\/td><td class=\"column-8\">72<\/td><td class=\"column-9\">64<\/td>\n<\/tr>\n<tr class=\"row-5\">\n\t<td class=\"column-1\">FM-6518<\/td><td class=\"column-2\">1800x352x306<\/td><td class=\"column-3\">380<\/td><td class=\"column-4\">50<\/td><td class=\"column-5\">2900<\/td><td class=\"column-6\">30<\/td><td class=\"column-7\">10000<\/td><td class=\"column-8\">73<\/td><td class=\"column-9\">67<\/td>\n<\/tr>\n<tr class=\"row-6\">\n\t<td class=\"column-1\">FM-6520<\/td><td class=\"column-2\">2000\u00d7352x306<\/td><td class=\"column-3\">380<\/td><td class=\"column-4\">50<\/td><td class=\"column-5\">3400<\/td><td class=\"column-6\">30<\/td><td class=\"column-7\">11200<\/td><td class=\"column-8\">71<\/td><td class=\"column-9\">78<\/td>\n<\/tr>\n<\/tbody>\n<\/table>\n<!-- #tablepress-59 from cache --><\/div>\n<\/div>\n<div><\/div>\n<div class=\"woocb\"><a class=\"wocb\" href=\"http:\/\/www.beiaole.com\/wp-content\/uploads\/2025\/09\/d4.7.pdf\" target=\"_blank\" rel=\"noopener\">hacerse<\/a><\/div>\n<div><\/div>","protected":false},"excerpt":{"rendered":"<ul>\n<li>\n<h2>Barrera de alta velocidad:<\/h2>\n<p>\u202fGenera\u202faire\u202fvelocidad\u202fup\u202fa\u202f30\u202fm\/s\u202fpara\u202fseparar\u202finterior\u202fy\u202fambiente\u202fambiente\u202feficientemente.<\/li>\n<li>\n<h2>Estructura duradera de acero:<\/h2>\n<p>\u202fP\u00f3lvoro\u2011rociado,\u202foxidado\u2011cuerpo\u202fcon\u202fcon\u202farremable\u202fmarco\u202fmarco\u202fresiste\u202fresiste\u202fla corrosi\u00f3n\u202fy\u202fdeformaci\u00f3n.<\/li>\n<li>\n<h2>Impulsor eficiente\u202fcentrifugal:<\/h2>\n<p>\u202fHot\u2011dip\u202fgavanizado\u202fsteel\u202ffan\u202fsegura\u202fa largo\u2011plazo\u202fmec\u00e1nico\u202fequilibrio\u202f y\u202fconfiabilidad.<\/li>\n<li>\n<h2>Motor de alto rendimiento:<\/h2>\n<p>\u202fPure\u202fCobre\u202fCore\u202fMotor\u202fProbado\u202fpara\u202f8,000\u202f+\u202fhoras\u202fde\u202foperaci\u00f3n continua\u202fsin\u202ffailure.<\/li>\n<li>\n<h2>Operaci\u00f3n tranquila\u202fy\u202festable\u202f :<\/h2>\n<p>\u202fOptimizado\u202fAir\u202fDuchos\u202fReduce\u202fNoise\u202f(\u2248\u202f70\u202f\u2013\u202f73\u202fdb)\u202fDB)\u202fmanteniendo\u202fFlujo de aire estable\u202f.<\/li>\n<li>\n<h2>Opciones convenientes de control:<\/h2>\n<p>\u202fConmutador\u202fconmutadores\u202fcon\u202fdual\u202fvelocidad\u202fajustes\u202fy\u202fopcional\u202fremoto\u202fcontrol\u202fpara\u202fFlexible\u202foperation.<\/li>\n<li>\n<h2>Dise\u00f1o de energ\u00eda eficiente:<\/h2>\n<p>\u202fWide Outlet\u202fy\u202fPrecision\u202fFan\u202fespaciamiento\u202fproporciona\u202fm\u00e1ximo\u202fflujo\u202fcon\u202fminimal\u202fel\u00e9ctrico\u202fel\u00e9ctrica\u202fdisore.<\/li>\n<li>\n<h2>Opciones de tama\u00f1o m\u00faltiple:<\/h2>\n<p>\u202fDisponible\u202fin900\u202f\u2013\u202f2000\u202fmm\u202flongituds\u202fpara\u202fajustar\u202fpuertos\u202fde\u202fa cualquier\u202fdise\u00f1o industrial\u202fajuste.<\/li>\n<\/ul>\n<hr \/>","protected":false},"featured_media":4853,"comment_status":"open","ping_status":"closed","template":"","meta":{"_acf_changed":false},"product_brand":[],"product_cat":[65],"product_tag":[],"class_list":{"0":"post-4823","1":"product","2":"type-product","3":"status-publish","4":"has-post-thumbnail","6":"product_cat-air-curtain","8":"first","9":"instock","10":"taxable","11":"shipping-taxable","12":"purchasable","13":"product-type-variable","14":"has-default-attributes"},"acf":[],"_links":{"self":[{"href":"https:\/\/www.ecvents.com\/es\/wp-json\/wp\/v2\/product\/4823","targetHints":{"allow":["GET"]}}],"collection":[{"href":"https:\/\/www.ecvents.com\/es\/wp-json\/wp\/v2\/product"}],"about":[{"href":"https:\/\/www.ecvents.com\/es\/wp-json\/wp\/v2\/types\/product"}],"replies":[{"embeddable":true,"href":"https:\/\/www.ecvents.com\/es\/wp-json\/wp\/v2\/comments?post=4823"}],"wp:featuredmedia":[{"embeddable":true,"href":"https:\/\/www.ecvents.com\/es\/wp-json\/wp\/v2\/media\/4853"}],"wp:attachment":[{"href":"https:\/\/www.ecvents.com\/es\/wp-json\/wp\/v2\/media?parent=4823"}],"wp:term":[{"taxonomy":"product_brand","embeddable":true,"href":"https:\/\/www.ecvents.com\/es\/wp-json\/wp\/v2\/product_brand?post=4823"},{"taxonomy":"product_cat","embeddable":true,"href":"https:\/\/www.ecvents.com\/es\/wp-json\/wp\/v2\/product_cat?post=4823"},{"taxonomy":"product_tag","embeddable":true,"href":"https:\/\/www.ecvents.com\/es\/wp-json\/wp\/v2\/product_tag?post=4823"}],"curies":[{"name":"pp","href":"https:\/\/api.w.org\/{rel}","templated":true}]}}