{"id":4829,"date":"2026-03-19T06:05:30","date_gmt":"2026-03-19T11:05:30","guid":{"rendered":"https:\/\/www.ecvents.com\/?post_type=product&#038;p=4829"},"modified":"2026-03-19T06:06:20","modified_gmt":"2026-03-19T11:06:20","slug":"cortina-de-aire-industrial-de-techo","status":"publish","type":"product","link":"https:\/\/www.ecvents.com\/es\/product\/cortina-de-aire-industrial-de-techo\/","title":{"rendered":"Cortina de aire industrial de techo"},"content":{"rendered":"<div class=\"someee\">\n<h2><strong>Dise\u00f1o sin costuras. Fuerza tranquila. Dise\u00f1ado para espacios modernos.<\/strong><\/h2>\n<p>los\u00a0<strong>Techo\u202fIndustrial\u202fAir\u202fcortina<\/strong>\u00a0Ofrece una separaci\u00f3n de aire de alto rendimiento en una forma elegante e integrada en el techo. Dise\u00f1ado para entornos comerciales e industriales donde la est\u00e9tica y el rendimiento deben coexistir, combina un flujo de aire fuerte y equilibrado con un elegante acabado arquitect\u00f3nico que se adapta limpiamente a cualquier entorno interior.<\/p>\n<p>A\u00a0<strong>Sistema de ventilador centr\u00edfugo de precisi\u00f3n<\/strong>\u00a0Impulsa las velocidades del aire de 16\u202f\u2013\u202f18\u202fm\/s\u202fy entrega hasta \u202f1.900\u202fm3\/h\u202f de flujo de aire, formando una barrera estable que estabiliza la temperatura, bloquea el polvo y mejora la eficiencia de la ventilaci\u00f3n. El ruido permanece bajo \u2014alrededor de 49\u202f\u2013\u202f52\u202fdB\u2014gracias a los impulsores optimizados aerodin\u00e1micamente y un conjunto de motor refinado dise\u00f1ado para un funcionamiento prolongado y silencioso.<\/p>\n<p>la unidad\u00a0<strong>Chasis todo-metal<\/strong>\u00a0Pares de un cuerpo de acero galvanizado con un\u00a0<strong>Acero al carbono rociado en polvo<\/strong>\u00a0investigaciones operacionales\u00a0<strong>Panel frontal de acero inoxidable<\/strong>. Ambas opciones resisten el \u00f3xido, el calor y la corrosi\u00f3n, al mismo tiempo que cumplen con los est\u00e1ndares de resistencia al fuego. su\u00a0<strong>Arquitectura de montaje en techo<\/strong>\u00a0Permite la instalaci\u00f3n al ras o suspendida, manteniendo la simplicidad visual y el acceso directo para la limpieza o el mantenimiento.<\/p>\n<p>los\u00a0<strong>Motor de bajo consumo<\/strong>\u00a0Proporciona un flujo de aire constante bajo servicio continuo al tiempo que minimiza el consumo, ideal para instalaciones con conciencia de energ\u00eda enfocadas en la durabilidad y comodidad.\n<\/div>\n<hr \/>\n<p>Rendimiento:<\/p>\n<div class=\"scroll-table-wrapper\">\n<div class=\"scroll-table\">\n<table id=\"tablepress-60\" class=\"tablepress tablepress-id-60\">\n<thead>\n<tr class=\"row-1\">\n\t<th class=\"column-1\">modelo<\/th><th class=\"column-2\">Dimensiones (mm)<\/th><th class=\"column-3\">Voltaje (V)<\/th><th class=\"column-4\">Frecuencia (Hz)<\/th><th class=\"column-5\">Poder (W)<\/th><th class=\"column-6\">Velocidad (m\/s)<\/th><th class=\"column-7\">Flujo de aire(m\u00b3\/h)<\/th><th class=\"column-8\">Ruido (dB)<\/th><th class=\"column-9\">Peso (kg)<\/th>\n<\/tr>\n<\/thead>\n<tbody class=\"row-striping row-hover\">\n<tr class=\"row-2\">\n\t<td class=\"column-1\">FM-3509CS (panel rociado)<\/td><td class=\"column-2\">900\u00d7320x235<\/td><td class=\"column-3\">220<\/td><td class=\"column-4\">50\/60<\/td><td class=\"column-5\">230<\/td><td class=\"column-6\">16-18<\/td><td class=\"column-7\">1100<\/td><td class=\"column-8\">49<\/td><td class=\"column-9\">17<\/td>\n<\/tr>\n<tr class=\"row-3\">\n\t<td class=\"column-1\">FM-3512CS (panel rociado)<\/td><td class=\"column-2\">1200\u00d7320x235<\/td><td class=\"column-3\">220<\/td><td class=\"column-4\">50\/60<\/td><td class=\"column-5\">290<\/td><td class=\"column-6\">16-18<\/td><td class=\"column-7\">1500<\/td><td class=\"column-8\">50<\/td><td class=\"column-9\">22<\/td>\n<\/tr>\n<tr class=\"row-4\">\n\t<td class=\"column-1\">FM-3515CS (panel rociado)<\/td><td class=\"column-2\">1500x320x235<\/td><td class=\"column-3\">220<\/td><td class=\"column-4\">50\/60<\/td><td class=\"column-5\">380<\/td><td class=\"column-6\">16-18<\/td><td class=\"column-7\">1900<\/td><td class=\"column-8\">52<\/td><td class=\"column-9\">27<\/td>\n<\/tr>\n<tr class=\"row-5\">\n\t<td class=\"column-1\">FM-4009CS (panel de acero inoxidable)<\/td><td class=\"column-2\">900x320x235<\/td><td class=\"column-3\">220<\/td><td class=\"column-4\">50\/60<\/td><td class=\"column-5\">230<\/td><td class=\"column-6\">16-18<\/td><td class=\"column-7\">1100<\/td><td class=\"column-8\">49<\/td><td class=\"column-9\">17<\/td>\n<\/tr>\n<tr class=\"row-6\">\n\t<td class=\"column-1\">FM-4012CS (panel de acero inoxidable)<\/td><td class=\"column-2\">1200x320x235<\/td><td class=\"column-3\">220<\/td><td class=\"column-4\">50\/60<\/td><td class=\"column-5\">290<\/td><td class=\"column-6\">16-18<\/td><td class=\"column-7\">1500<\/td><td class=\"column-8\">50<\/td><td class=\"column-9\">22<\/td>\n<\/tr>\n<tr class=\"row-7\">\n\t<td class=\"column-1\">FM-4015CS (panel de acero inoxidable)<\/td><td class=\"column-2\">1500x320x235<\/td><td class=\"column-3\">220<\/td><td class=\"column-4\">50\/60<\/td><td class=\"column-5\">380<\/td><td class=\"column-6\">16-18<\/td><td class=\"column-7\">1900<\/td><td class=\"column-8\">52<\/td><td class=\"column-9\">27<\/td>\n<\/tr>\n<\/tbody>\n<\/table>\n<!-- #tablepress-60 from cache --><\/div>\n<\/div>\n<div><\/div>\n<div class=\"woocb\"><a class=\"wocb\" href=\"http:\/\/www.beiaole.com\/wp-content\/uploads\/2025\/09\/d4.8.pdf\" target=\"_blank\" rel=\"noopener\">hacerse<\/a><\/div>\n<div><\/div>","protected":false},"excerpt":{"rendered":"<ul>\n<li>\n<h2>Elegante\u202fTecho\u202fIntegraci\u00f3n:<\/h2>\n<p>\u202fDise\u00f1ado\u202fpara\u202fFlush\u202fMonte\u202fo\u202fSususpensi\u00f3n\u202fInstalaci\u00f3n,\u202fcreando\u202fa\u202fminimal\u202fvisual\u202ffootprint.<\/li>\n<li>\n<h2>Construcci\u00f3n duradera\u202ftodo metal:<\/h2>\n<p>\u202facero galvanizado\u202fcuerpo\u202fy\u202facero\u2011acero\u202fpanel\u202fasegurar\u202fresistencia\u202fa\u202foxidar,\u202fcalor,\u202fy\u202fcorrsi\u00f3n.<\/li>\n<li>\n<h2>Alto rendimiento del aire:<\/h2>\n<p>\u202fDelivers\u202fair\u202fvelocity\u202fde\u202f16\u202f\u2013\u202f18\u202fm\/s\u202fy\u202fflow\u202fup\u202fa\u202f1,900\u202fm\u00b3\/h\u202fFor\u202fefectivo\u202fseparaci\u00f3n a\u00e9rea.<\/li>\n<li>\n<h2>Operaci\u00f3n tranquila\u202fy\u202fsmooth\u202f:<\/h2>\n<p>\u202fPrecisi\u00f3n\u2011Ingenier\u00eda\u202fMotor\u202fy\u202fImpeller\u202fdise\u00f1o\u202fKeep\u202fNoise\u202fLevels\u202fLow\u202f(\u2248\u202f49\u202f\u2013\u202f52\u202fdb).<\/li>\n<li>\n<h2>Panel resistente al fuego:<\/h2>\n<p>\u202fSuperficie\u202fmateriales\u202fcomply\u202fcon\u202fseguridad\u202fest\u00e1ndares\u202fy\u202frequieren\u202fm\u00ednimo\u202fmantenimiento.<\/li>\n<li>\n<h2>Opciones de panel dual:<\/h2>\n<p>\u202fElegir\u202fentre\u202fpowder\u2011rociado\u202facero\u202facero\u202fo\u202facero\u202facero\u202facero\u202fpara\u202fdistintos\u202fpreferencias de dise\u00f1o.<\/li>\n<li>\n<h2>Motor eficiente de energ\u00eda:<\/h2>\n<p>\u202fProporciona\u202fFuerte\u202faire\u202fpresi\u00f3n\u202fcon\u202fbajo\u202fpoder\u202fconsumo\u202f(230\u202f\u2013\u202f380\u202fw).<\/li>\n<li>\n<h2>F\u00e1cil\u202fmantenimiento:<\/h2>\n<p>\u202faccesible\u202fsuperficie\u202fy\u202f restringido\u202fmontaci\u00f3n\u202fsimplifica\u202flimpieza\u202fy\u202fservicio.<\/li>\n<\/ul>\n<hr \/>","protected":false},"featured_media":4854,"comment_status":"open","ping_status":"closed","template":"","meta":{"_acf_changed":false},"product_brand":[],"product_cat":[65],"product_tag":[],"class_list":{"0":"post-4829","1":"product","2":"type-product","3":"status-publish","4":"has-post-thumbnail","6":"product_cat-air-curtain","8":"first","9":"outofstock","10":"taxable","11":"shipping-taxable","12":"purchasable","13":"product-type-variable"},"acf":[],"_links":{"self":[{"href":"https:\/\/www.ecvents.com\/es\/wp-json\/wp\/v2\/product\/4829","targetHints":{"allow":["GET"]}}],"collection":[{"href":"https:\/\/www.ecvents.com\/es\/wp-json\/wp\/v2\/product"}],"about":[{"href":"https:\/\/www.ecvents.com\/es\/wp-json\/wp\/v2\/types\/product"}],"replies":[{"embeddable":true,"href":"https:\/\/www.ecvents.com\/es\/wp-json\/wp\/v2\/comments?post=4829"}],"wp:featuredmedia":[{"embeddable":true,"href":"https:\/\/www.ecvents.com\/es\/wp-json\/wp\/v2\/media\/4854"}],"wp:attachment":[{"href":"https:\/\/www.ecvents.com\/es\/wp-json\/wp\/v2\/media?parent=4829"}],"wp:term":[{"taxonomy":"product_brand","embeddable":true,"href":"https:\/\/www.ecvents.com\/es\/wp-json\/wp\/v2\/product_brand?post=4829"},{"taxonomy":"product_cat","embeddable":true,"href":"https:\/\/www.ecvents.com\/es\/wp-json\/wp\/v2\/product_cat?post=4829"},{"taxonomy":"product_tag","embeddable":true,"href":"https:\/\/www.ecvents.com\/es\/wp-json\/wp\/v2\/product_tag?post=4829"}],"curies":[{"name":"pp","href":"https:\/\/api.w.org\/{rel}","templated":true}]}}