{"id":4843,"date":"2026-03-19T06:05:55","date_gmt":"2026-03-19T11:05:55","guid":{"rendered":"https:\/\/www.ecvents.com\/?post_type=product&#038;p=4843"},"modified":"2026-03-19T06:06:47","modified_gmt":"2026-03-19T11:06:47","slug":"cortina-de-aire-de-almacenamiento-en-frio","status":"publish","type":"product","link":"https:\/\/www.ecvents.com\/es\/product\/cortina-de-aire-de-almacenamiento-en-frio\/","title":{"rendered":"Cortina de aire de almacenamiento en fr\u00edo"},"content":{"rendered":"<div class=\"someee\">\n<h2><strong>Control t\u00e9rmico. Fuerza silenciosa. Construido para precisi\u00f3n de cadena en fr\u00edo.<\/strong><\/h2>\n<p>los\u00a0<strong>Almacenamiento en fr\u00edo\u202faire\u202fcortina<\/strong>\u00a0Forma una barrera silenciosa e invisible que protege las zonas de temperatura controlada mientras conserva la energ\u00eda. Dise\u00f1ado espec\u00edficamente para c\u00e1maras frigor\u00edficas, congeladores e instalaciones de procesamiento, estabiliza la separaci\u00f3n de aire entre ambientes interiores y exteriores, reteniendo el fr\u00edo donde pertenece y reduciendo la carga del compresor d\u00eda tras d\u00eda.<\/p>\n<p>A\u00a0<strong>Ventilador centr\u00edfugo de alta velocidad<\/strong>\u00a0Genera un flujo de aire denso y uniforme que alcanza los 20\u202fm\/s, preservando la integridad de la temperatura en las puertas abiertas. los\u00a0<strong>Impulsor curvado hacia adelante<\/strong>\u00a0y el dise\u00f1o de voluta sintonizado mantiene una presi\u00f3n equilibrada con una turbulencia m\u00ednima, asegurando un funcionamiento potente y silencioso a aproximadamente 70 \u202fdB.<\/p>\n<p>La estructura es completamente\u00a0<strong>Metal de grado industrial<\/strong>\u2014Disponible en acero inoxidable o recubierto de color\u2014para resistir la corrosi\u00f3n, la vibraci\u00f3n y la condensaci\u00f3n en condiciones continuas de baja temperatura. dentro, un\u00a0<strong>Ensamble de motor duradero<\/strong>\u00a0Clasificado para \u202f8.000\u202fhoras\u202fde operaci\u00f3n, impulsa un rendimiento constante, mientras que<strong>Clase de protecci\u00f3n IP44<\/strong>\u202fMantiene los componentes a salvo de la humedad y el fr\u00edo.<\/p>\n<p>Al minimizar el intercambio t\u00e9rmico, la unidad reduce el consumo de energ\u00eda y prolonga la vida \u00fatil del equipo de refrigeraci\u00f3n, peque\u00f1os ajustes que se traducen en ahorros sustanciales a largo plazo en cada operaci\u00f3n de cadena de fr\u00edo.\n<\/p><\/div>\n<hr \/>\n<p>Rendimiento:<\/p>\n<div class=\"scroll-table-wrapper\">\n<div class=\"scroll-table\">\n<table id=\"tablepress-61\" class=\"tablepress tablepress-id-61\">\n<thead>\n<tr class=\"row-1\">\n\t<th class=\"column-1\">modelo<\/th><th class=\"column-2\">Dimensiones (mm)<\/th><th colspan=\"2\" class=\"column-3\">Tama\u00f1o de la cabeza (mm)<\/th><th class=\"column-5\">Velocidad (m\/s)<\/th><th class=\"column-6\">Voltaje (V)<\/th><th class=\"column-7\">Flujo de aire(m\u00b3\/h)<\/th><th class=\"column-8\">Ruido (dB)<\/th><th class=\"column-9\">Poder (kw)<\/th><th class=\"column-10\">Peso (kg)<\/th>\n<\/tr>\n<\/thead>\n<tbody class=\"row-striping row-hover\">\n<tr class=\"row-2\">\n\t<td class=\"column-1\"><\/td><td class=\"column-2\">(L-WH)<\/td><td class=\"column-3\">  Cabeza 0.75kw<br \/>\n  (L-WH)<\/td><td class=\"column-4\"> 1.1kw cabeza<br \/>\n (L-WH)<\/td><td class=\"column-5\"><\/td><td class=\"column-6\"><\/td><td class=\"column-7\"><\/td><td class=\"column-8\"><\/td><td class=\"column-9\"><\/td><td class=\"column-10\"><\/td>\n<\/tr>\n<tr class=\"row-3\">\n\t<td class=\"column-1\">LKFM-25-09<\/td><td class=\"column-2\">900\u00d7305\u00d7170<\/td><td class=\"column-3\">382x364\u00d7426<\/td><td class=\"column-4\">382x414\u00d7426<\/td><td class=\"column-5\">20<\/td><td class=\"column-6\">380\/220<\/td><td class=\"column-7\">1250<\/td><td class=\"column-8\">70<\/td><td class=\"column-9\">0.75\/1.1<\/td><td class=\"column-10\">25<\/td>\n<\/tr>\n<tr class=\"row-4\">\n\t<td class=\"column-1\">LKFM-25-12<\/td><td class=\"column-2\">1200\u00d7305x170<\/td><td class=\"column-3\">382x364\u00d7426<\/td><td class=\"column-4\">382x414x426<\/td><td class=\"column-5\">19<\/td><td class=\"column-6\">380\/220<\/td><td class=\"column-7\">1250<\/td><td class=\"column-8\">70<\/td><td class=\"column-9\">0.75\/1.1<\/td><td class=\"column-10\">27<\/td>\n<\/tr>\n<tr class=\"row-5\">\n\t<td class=\"column-1\">LKFM-25-15<\/td><td class=\"column-2\">1500x305x170<\/td><td class=\"column-3\">382x364x426<\/td><td class=\"column-4\">382x414\u00d7426<\/td><td class=\"column-5\">18<\/td><td class=\"column-6\">380\/220<\/td><td class=\"column-7\">1400<\/td><td class=\"column-8\">70<\/td><td class=\"column-9\">0.75\/1.1<\/td><td class=\"column-10\">29<\/td>\n<\/tr>\n<tr class=\"row-6\">\n\t<td class=\"column-1\">LKFM-25-18<\/td><td class=\"column-2\">1800x305x170<\/td><td class=\"column-3\">382x364x426<\/td><td class=\"column-4\">382x414\u00d7426<\/td><td class=\"column-5\">17<\/td><td class=\"column-6\">380\/220<\/td><td class=\"column-7\">1650<\/td><td class=\"column-8\">70<\/td><td class=\"column-9\">0.75\/1.1<\/td><td class=\"column-10\">31.5<\/td>\n<\/tr>\n<tr class=\"row-7\">\n\t<td class=\"column-1\">LKFM-25-20<\/td><td class=\"column-2\">2000x305x170<\/td><td class=\"column-3\">382x364x426<\/td><td class=\"column-4\">382x414\u00d7426<\/td><td class=\"column-5\">16.5<\/td><td class=\"column-6\">380\/220<\/td><td class=\"column-7\">1850<\/td><td class=\"column-8\">70<\/td><td class=\"column-9\">0.75\/1.1<\/td><td class=\"column-10\">33.5<\/td>\n<\/tr>\n<tr class=\"row-8\">\n\t<td class=\"column-1\">LKFM-25-22<\/td><td class=\"column-2\">2200\u00d7305\u00d7170<\/td><td class=\"column-3\">382x364x426<\/td><td class=\"column-4\">382\u00d7414x426<\/td><td class=\"column-5\">15.5<\/td><td class=\"column-6\">380\/220<\/td><td class=\"column-7\">2050<\/td><td class=\"column-8\">70<\/td><td class=\"column-9\">0.75\/1.1<\/td><td class=\"column-10\">35.5<\/td>\n<\/tr>\n<tr class=\"row-9\">\n\t<td class=\"column-1\">LKFM-25-24<\/td><td class=\"column-2\">2400x305\u00d7170<\/td><td class=\"column-3\">382x364\u00d7426<\/td><td class=\"column-4\">382x414x426<\/td><td class=\"column-5\">15<\/td><td class=\"column-6\">380\/220<\/td><td class=\"column-7\">2250<\/td><td class=\"column-8\">70<\/td><td class=\"column-9\">0.75\/1.1<\/td><td class=\"column-10\">37.5<\/td>\n<\/tr>\n<\/tbody>\n<\/table>\n<!-- #tablepress-61 from cache --><\/div>\n<\/div>\n<div><\/div>\n<div class=\"woocb\"><a class=\"wocb\" href=\"http:\/\/www.beiaole.com\/wp-content\/uploads\/2025\/10\/d4.9.pdf\" target=\"_blank\" rel=\"noopener\">hacerse<\/a><\/div>\n<div><\/div>","protected":false},"excerpt":{"rendered":"<ul>\n<li>\n<h2>Barrera de precisi\u00f3n: aire\u202faire:<\/h2>\n<p>\u202fCentrifugal\u202ffan\u202fcrea\u202fa\u202fdenso,\u202funiforme\u202fair\u202fcortina\u202falcanzando\u202fhacia\u202f20\u202fm\/s\u202fpara\u202fefectiva\u202fseparaci\u00f3n de temperatura.<\/li>\n<li>\n<h2>Construcci\u00f3n duradera de metal:<\/h2>\n<p>\u202fintensivo\u202fo\u202f\u202facol\u202facero\u202facero\u202fhousing\u202fresiste\u202fcorrsi\u00f3n\u202fy\u202fvibraci\u00f3n\u202fen\u202fhumeda\u202fy\u202fcondiciones fr\u00edas.<\/li>\n<li>\n<h2>Rendimiento continuo\u202fdeber:<\/h2>\n<p>\u202fMotor\u202fprobado\u202fpara\u202fsobre\u202f8,000\u202fhoras\u202fde\u202fopera\u202fpara\u202fa largo\u202fplazo\u202fconfiabilidad industrial.<\/li>\n<li>\n<h2>Operaci\u00f3n tranquila:<\/h2>\n<p>\u202fImpulsor curvo\u202fadelante\u202fy\u202fde\u202fvolteo\u202fdise\u00f1o\u202fmantenimiento\u202fbajo\u202fniveles de ruido\u202f(\u202f70\u202fdb).<\/li>\n<li>\n<h2>Eficiencia energ\u00e9tica:<\/h2>\n<p>\u202fAir\u202fcortina\u202fReduce\u202fIntercambio t\u00e9rmico\u202f,\u202fdisminuyendo\u202fcompresor\u202fcarga\u202fy\u202fcort\u202fenerg\u00eda\u202fuso\u202fen\u202fen\u202faplicaciones de almacenamiento fr\u00edo\u202fen-tr\u00e1pido.<\/li>\n<li>\n<h2>Amplio rango de tama\u00f1os:<\/h2>\n<p>\u202fModelos\u202fRango\u202fde\u202f900\u202fa\u202f2400\u202fmm\u202fajustar\u202fvarios\u202fpuertos\u202fanchos\u202famplios\u202fambientales\u202findustrial\u202fdise\u00f1os industriales.<\/li>\n<li>\n<h2>Protecci\u00f3n resistente:<\/h2>\n<p>\u202fGalvanizado\u202fFan\u202fshell\u202fy\u202fIP44\u202fClasificaci\u00f3n\u202fResistente\u202fa prueba\u202fSoporta\u202fH\u00famedo,\u202fBaja\u2011Temperatura\u202fCondiciones.<\/li>\n<li>\n<h2>Flujo de aire estable:<\/h2>\n<p>\u202fDistribuci\u00f3n \u202faire\u202fdistribuci\u00f3n\u202fprevents\u202fcondensaci\u00f3n\u202fy\u202flimites\u202fpolvo\u202feinsectos\u202fde\u202fentrar\u202fzonas fr\u00edas.<\/li>\n<\/ul>\n<hr \/>","protected":false},"featured_media":4855,"comment_status":"open","ping_status":"closed","template":"","meta":{"_acf_changed":false},"product_brand":[],"product_cat":[65],"product_tag":[],"class_list":{"0":"post-4843","1":"product","2":"type-product","3":"status-publish","4":"has-post-thumbnail","6":"product_cat-air-curtain","8":"first","9":"instock","10":"taxable","11":"shipping-taxable","12":"purchasable","13":"product-type-variable","14":"has-default-attributes"},"acf":[],"_links":{"self":[{"href":"https:\/\/www.ecvents.com\/es\/wp-json\/wp\/v2\/product\/4843","targetHints":{"allow":["GET"]}}],"collection":[{"href":"https:\/\/www.ecvents.com\/es\/wp-json\/wp\/v2\/product"}],"about":[{"href":"https:\/\/www.ecvents.com\/es\/wp-json\/wp\/v2\/types\/product"}],"replies":[{"embeddable":true,"href":"https:\/\/www.ecvents.com\/es\/wp-json\/wp\/v2\/comments?post=4843"}],"wp:featuredmedia":[{"embeddable":true,"href":"https:\/\/www.ecvents.com\/es\/wp-json\/wp\/v2\/media\/4855"}],"wp:attachment":[{"href":"https:\/\/www.ecvents.com\/es\/wp-json\/wp\/v2\/media?parent=4843"}],"wp:term":[{"taxonomy":"product_brand","embeddable":true,"href":"https:\/\/www.ecvents.com\/es\/wp-json\/wp\/v2\/product_brand?post=4843"},{"taxonomy":"product_cat","embeddable":true,"href":"https:\/\/www.ecvents.com\/es\/wp-json\/wp\/v2\/product_cat?post=4843"},{"taxonomy":"product_tag","embeddable":true,"href":"https:\/\/www.ecvents.com\/es\/wp-json\/wp\/v2\/product_tag?post=4843"}],"curies":[{"name":"pp","href":"https:\/\/api.w.org\/{rel}","templated":true}]}}