{"id":4851,"date":"2026-03-19T06:05:56","date_gmt":"2026-03-19T11:05:56","guid":{"rendered":"https:\/\/www.ecvents.com\/?post_type=product&#038;p=4851"},"modified":"2026-03-19T06:06:47","modified_gmt":"2026-03-19T11:06:47","slug":"deshumidificador-induatrial-portatil","status":"publish","type":"product","link":"https:\/\/www.ecvents.com\/es\/product\/deshumidificador-induatrial-portatil\/","title":{"rendered":"Deshumidificador induatrial port\u00e1til"},"content":{"rendered":"<div class=\"someee\">\n<h2><strong>Potencia confiable. Control inteligente. Construido para entornos exigentes.<\/strong><\/h2>\n<p>los\u00a0<strong>Dehumidificador port\u00e1til<\/strong>\u00a0Est\u00e1 dise\u00f1ado para eliminar la humedad de forma r\u00e1pida y eficiente donde la humedad se convierte en un problema: almacenes, talleres, archivos y aplicaciones de acabado que exigen un rendimiento continuo. Detr\u00e1s de su marco compacto se encuentra la precisi\u00f3n del control electr\u00f3nico, la fuerza de los componentes industriales y la simplicidad del verdadero dise\u00f1o de conexi\u00f3n y ejecuci\u00f3n.<\/p>\n<p>En su n\u00facleo, un\u00a0<strong>Sistema inteligente de microcomputadora<\/strong>\u00a0Monitorea la temperatura y la humedad en tiempo real, regulando las condiciones con una precisi\u00f3n de 1\u202f%.\u00a0<strong>Descongelaci\u00f3n autom\u00e1tica<\/strong>\u00a0Asegura un funcionamiento constante en zonas de baja temperatura, mientras que\u00a0<strong>Temporizador programable de 24 horas<\/strong>\u00a0Habilita apagados programados para eficiencia durante horas desatendidas. los\u00a0<strong>Interfaz LCD<\/strong>\u00a0Proporciona datos claros y procesables de un vistazo: humedad, temperatura y estado del sistema.<\/p>\n<p>Cada elemento est\u00e1 construido para la resistencia. un\u00a0<strong>Chasis de acero con recubrimiento en polvo<\/strong>\u00a0Protege los componentes internos, mientras\u00a0<strong>Ruedas de grado industrial<\/strong>\u00a0Haga que la reubicaci\u00f3n sea f\u00e1cil en pisos escarpados. dentro, un\u00a0<strong>Compresor rotativo premium<\/strong>\u00a0y\u00a0<strong>Sistema de ventilador centr\u00edfugo<\/strong>\u00a0Genere un flujo de aire fuerte con vibraci\u00f3n reducida y bajo ruido, manteniendo altas tasas de extracci\u00f3n en los rangos de temperatura. Drenaje continuo a trav\u00e9s de una conexi\u00f3n de manguera directa soporta trabajos sin parar.<\/p>\n<p>a la vez\u00a0<strong>comercial<\/strong>\u00a0y\u00a0<strong>Configuraciones industriales<\/strong>\u00a0Comparta la misma filosof\u00eda de dise\u00f1o: durabilidad, precisi\u00f3n y facilidad de servicio. Cada unidad est\u00e1 protegida por un circuito de autodiagn\u00f3stico que identifica fallas al instante, minimizando el tiempo de inactividad y reduciendo el esfuerzo de mantenimiento.\n<\/div>\n<hr \/>\n<p>Rendimiento:<\/p>\n<h2 class=\"woocommerce-loop-product__title\" style=\"text-align: center;\">comercial<\/h2>\n<p><img loading=\"lazy\" decoding=\"async\" class=\"size-medium wp-image-16327 aligncenter\" src=\"http:\/\/www.beiaole.com\/wp-content\/uploads\/2025\/08\/3-e1755167554774-300x300.png\" alt=\"Portable Induatrial Dehumidifier\" width=\"300\" height=\"300\" data-no-translation=\"\" \/><\/p>\n<div class=\"scroll-table-wrapper\">\n<div class=\"scroll-table\">\n<table id=\"tablepress-63\" class=\"tablepress tablepress-id-63\">\n<thead>\n<tr class=\"row-1\">\n\t<th class=\"column-1\">modelo<\/th><th class=\"column-2\">YDA-870EB<\/th><th class=\"column-3\">YDA-890EB<\/th><th class=\"column-4\">YDA-8138EB<\/th><th class=\"column-5\">YDA-8158EB<\/th>\n<\/tr>\n<\/thead>\n<tbody class=\"row-striping row-hover\">\n<tr class=\"row-2\">\n\t<td class=\"column-1\">Rango de ajuste de humedad<\/td><td class=\"column-2\">10% \uff5e99%RH<\/td><td class=\"column-3\">10% \uff5e99%RH<\/td><td class=\"column-4\">10% \uff5e99%RH<\/td><td class=\"column-5\">10% ~ 99%RH<\/td>\n<\/tr>\n<tr class=\"row-3\">\n\t<td class=\"column-1\">Precisi\u00f3n del control de humedad<\/td><td class=\"column-2\">\u00b13%RH<\/td><td class=\"column-3\">\u00b13%RH<\/td><td class=\"column-4\">\u00b13%RH<\/td><td class=\"column-5\">\u00b13%RH<\/td>\n<\/tr>\n<tr class=\"row-4\">\n\t<td class=\"column-1\">Voltaje (V-Hz)<\/td><td class=\"column-2\">220V ~ 50Hz<\/td><td class=\"column-3\">220V ~ 50Hz<\/td><td class=\"column-4\">220V ~ 50Hz<\/td><td class=\"column-5\">220V ~ 50Hz<\/td>\n<\/tr>\n<tr class=\"row-5\">\n\t<td class=\"column-1\">Capacidad de deshumidificaci\u00f3n(27\u2103\/60%RH)<\/td><td class=\"column-2\">1,75 kg\/h<\/td><td class=\"column-3\">1,9 kg\/h<\/td><td class=\"column-4\">2.45 kg\/h<\/td><td class=\"column-5\">3.75 kg\/h<\/td>\n<\/tr>\n<tr class=\"row-6\">\n\t<td class=\"column-1\">Capacidad de deshumidificaci\u00f3n (30\u2103\/80%RH)<\/td><td class=\"column-2\">70L\/D<\/td><td class=\"column-3\">90L\/D<\/td><td class=\"column-4\">110L\/D<\/td><td class=\"column-5\">158L\/D<\/td>\n<\/tr>\n<tr class=\"row-7\">\n\t<td class=\"column-1\">Capacidad de deshumidificaci\u00f3n (35\u2103\/90%RH)<\/td><td class=\"column-2\">90L\/D<\/td><td class=\"column-3\">115L\/d<\/td><td class=\"column-4\">138L\/d<\/td><td class=\"column-5\">180L\/D<\/td>\n<\/tr>\n<tr class=\"row-8\">\n\t<td class=\"column-1\">Potencia (27 \u2103\/60%RH)<\/td><td class=\"column-2\">830W<\/td><td class=\"column-3\">860W<\/td><td class=\"column-4\">1000W<\/td><td class=\"column-5\">1550W<\/td>\n<\/tr>\n<tr class=\"row-9\">\n\t<td class=\"column-1\">Alta potencia de temperatura (30 \u2103\/80%RH)<\/td><td class=\"column-2\">950W<\/td><td class=\"column-3\">1050W<\/td><td class=\"column-4\">1300W<\/td><td class=\"column-5\">1900W<\/td>\n<\/tr>\n<tr class=\"row-10\">\n\t<td class=\"column-1\">Potencia m\u00e1xima (35 \u2103\/90%RH)<\/td><td class=\"column-2\">1180W<\/td><td class=\"column-3\">1250W<\/td><td class=\"column-4\">1550W<\/td><td class=\"column-5\">2200W<\/td>\n<\/tr>\n<tr class=\"row-11\">\n\t<td class=\"column-1\">flujo de aire<\/td><td class=\"column-2\">350m\u00b3\/h<\/td><td class=\"column-3\">550m\u00b3\/h<\/td><td class=\"column-4\">650m\u00b3\/h<\/td><td class=\"column-5\">900m\u00b3\/h<\/td>\n<\/tr>\n<tr class=\"row-12\">\n\t<td class=\"column-1\">refrigerante<\/td><td class=\"column-2\">R22<\/td><td class=\"column-3\">R22<\/td><td class=\"column-4\">R22<\/td><td class=\"column-5\">R22<\/td>\n<\/tr>\n<tr class=\"row-13\">\n\t<td class=\"column-1\">Clase de protecci\u00f3n contra descargas el\u00e9ctricas<\/td><td class=\"column-2\">Clase \u2160<\/td><td class=\"column-3\">Clase \u2160<\/td><td class=\"column-4\">Clase \u2160<\/td><td class=\"column-5\">Clase \u2160<\/td>\n<\/tr>\n<tr class=\"row-14\">\n\t<td class=\"column-1\">Modo de drenaje<\/td><td class=\"column-2\">Drenaje de tuber\u00eda de agua<\/td><td class=\"column-3\">Drenaje de tuber\u00eda de agua<\/td><td class=\"column-4\">Drenaje de tuber\u00eda de agua<\/td><td class=\"column-5\">Drenaje de tuber\u00eda de agua<\/td>\n<\/tr>\n<tr class=\"row-15\">\n\t<td class=\"column-1\">dimensiones<br \/>\n(largo x ancho x alto)<\/td><td class=\"column-2\">480*365*885mm<\/td><td class=\"column-3\">480*435*950mm<\/td><td class=\"column-4\">480*435*950mm<\/td><td class=\"column-5\">550*435*1080mm<\/td>\n<\/tr>\n<tr class=\"row-16\">\n\t<td class=\"column-1\">a\u00f1adir peso a<\/td><td class=\"column-2\">40kg<\/td><td class=\"column-3\">45kg<\/td><td class=\"column-4\">50kg<\/td><td class=\"column-5\">68kg<\/td>\n<\/tr>\n<tr class=\"row-17\">\n\t<td class=\"column-1\">\u00e1rea de aplicaci\u00f3n<\/td><td class=\"column-2\">70-90m\u00b2<\/td><td class=\"column-3\">90-110m\u00b2<\/td><td class=\"column-4\">130-150m\u00b2<\/td><td class=\"column-5\">150-180\u00b2<\/td>\n<\/tr>\n<\/tbody>\n<\/table>\n<!-- #tablepress-63 from cache --><\/div>\n<\/div>\n<div><\/div>\n<div class=\"woocb\"><a class=\"wocb\" href=\"http:\/\/www.beiaole.com\/wp-content\/uploads\/2025\/09\/d5.2.1.pdf\" target=\"_blank\" rel=\"noopener\">hacerse<\/a><\/div>\n<div><\/div>\n<h2 class=\"woocommerce-loop-product__title\" style=\"text-align: center;\">laboral<\/h2>\n<p><img loading=\"lazy\" decoding=\"async\" class=\"size-medium wp-image-16328 aligncenter\" src=\"http:\/\/www.beiaole.com\/wp-content\/uploads\/2025\/08\/2-e1755167471248-300x300.png\" alt=\"Portable Induatrial Dehumidifier\" width=\"300\" height=\"300\" data-no-translation=\"\" \/><\/p>\n<div class=\"scroll-table-wrapper\">\n<div class=\"scroll-table\">\n<table id=\"tablepress-64\" class=\"tablepress tablepress-id-64\">\n<thead>\n<tr class=\"row-1\">\n\t<th class=\"column-1\">modelo<\/th><th class=\"column-2\">CF6.8DT<\/th><th class=\"column-3\">CF7.5KT<\/th><th class=\"column-4\">CF8.8KT<\/th><th class=\"column-5\">CF10KT<\/th><th class=\"column-6\">CF12KT<\/th>\n<\/tr>\n<\/thead>\n<tbody class=\"row-striping row-hover\">\n<tr class=\"row-2\">\n\t<td class=\"column-1\">Rango de ajuste de humedad<\/td><td class=\"column-2\">10% ~ 98%RH<\/td><td class=\"column-3\">10% \uff5e98%RH<\/td><td class=\"column-4\">10% \uff5e98%RH<\/td><td class=\"column-5\">10% \uff5e98%RH<\/td><td class=\"column-6\">10% ~ 98%RH<\/td>\n<\/tr>\n<tr class=\"row-3\">\n\t<td class=\"column-1\">Precisi\u00f3n del control de humedad<\/td><td class=\"column-2\">\u00b13%RH<\/td><td class=\"column-3\">\u00b13%RH<\/td><td class=\"column-4\">\u00b13%RH<\/td><td class=\"column-5\">\u00b13%RH<\/td><td class=\"column-6\">\u00b13%RH<\/td>\n<\/tr>\n<tr class=\"row-4\">\n\t<td class=\"column-1\">Voltaje (V-Hz)<\/td><td class=\"column-2\">220V ~ 50Hz<\/td><td class=\"column-3\">380V 3N~50Hz<\/td><td class=\"column-4\">380V 3N~50Hz<\/td><td class=\"column-5\">380V 3N~50Hz<\/td><td class=\"column-6\">380V 3N~50Hz<\/td>\n<\/tr>\n<tr class=\"row-5\">\n\t<td class=\"column-1\">Capacidad de deshumidificaci\u00f3n(27\u2103\/60%RH)<\/td><td class=\"column-2\">4.0kg\/h<\/td><td class=\"column-3\">4,3 kg\/h<\/td><td class=\"column-4\">5.0kg\/h<\/td><td class=\"column-5\">6.0kg\/h<\/td><td class=\"column-6\">6.8kg\/h<\/td>\n<\/tr>\n<tr class=\"row-6\">\n\t<td class=\"column-1\">Capacidad de deshumidificaci\u00f3n (30\u2103\/80%RH)<\/td><td class=\"column-2\">6.8kg\/h<\/td><td class=\"column-3\">7.5kg\/h<\/td><td class=\"column-4\">8.8kg\/h<\/td><td class=\"column-5\">10 kg\/h<\/td><td class=\"column-6\">12 kg\/h<\/td>\n<\/tr>\n<tr class=\"row-7\">\n\t<td class=\"column-1\">Capacidad de deshumidificaci\u00f3n (35\u2103\/90%RH)<\/td><td class=\"column-2\">8,5 kg\/h<\/td><td class=\"column-3\">9.0kg\/h<\/td><td class=\"column-4\">11 kg\/h<\/td><td class=\"column-5\">13 kg\/h<\/td><td class=\"column-6\">14.5kg\/h<\/td>\n<\/tr>\n<tr class=\"row-8\">\n\t<td class=\"column-1\">Potencia (27 \u2103\/60%RH)<\/td><td class=\"column-2\">1900W<\/td><td class=\"column-3\">2200W<\/td><td class=\"column-4\">2500W<\/td><td class=\"column-5\">2650W<\/td><td class=\"column-6\">3200W<\/td>\n<\/tr>\n<tr class=\"row-9\">\n\t<td class=\"column-1\">Alta potencia de temperatura (30 \u2103\/80%RH)<\/td><td class=\"column-2\">2300W<\/td><td class=\"column-3\">2700W<\/td><td class=\"column-4\">3150W<\/td><td class=\"column-5\">3400W<\/td><td class=\"column-6\">4000W<\/td>\n<\/tr>\n<tr class=\"row-10\">\n\t<td class=\"column-1\">Potencia m\u00e1xima (35 \u2103\/90%RH)<\/td><td class=\"column-2\">2900W<\/td><td class=\"column-3\">3300W<\/td><td class=\"column-4\">3800W<\/td><td class=\"column-5\">4150W<\/td><td class=\"column-6\">5000W<\/td>\n<\/tr>\n<tr class=\"row-11\">\n\t<td class=\"column-1\">flujo de aire<\/td><td class=\"column-2\">1200m\u00b3\/h<\/td><td class=\"column-3\">1200m\u00b3\/h<\/td><td class=\"column-4\">1300m\u00b3\/h<\/td><td class=\"column-5\">1800m\u00b3\/h<\/td><td class=\"column-6\">2000m\u00b3\/h<\/td>\n<\/tr>\n<tr class=\"row-12\">\n\t<td class=\"column-1\">refrigerante<\/td><td class=\"column-2\">R22<\/td><td class=\"column-3\">R22<\/td><td class=\"column-4\">R22<\/td><td class=\"column-5\">R22<\/td><td class=\"column-6\">R410A<\/td>\n<\/tr>\n<tr class=\"row-13\">\n\t<td class=\"column-1\">Clase de protecci\u00f3n contra descargas el\u00e9ctricas<\/td><td class=\"column-2\">Clase \u2160<\/td><td class=\"column-3\">Clase \u2160<\/td><td class=\"column-4\">Clase \u2160<\/td><td class=\"column-5\">Clase \u2160<\/td><td class=\"column-6\">Clase \u2160<\/td>\n<\/tr>\n<tr class=\"row-14\">\n\t<td class=\"column-1\">Modo de drenaje<\/td><td class=\"column-2\">Drenaje de tuber\u00eda de agua<\/td><td class=\"column-3\">Drenaje de tuber\u00eda de agua<\/td><td class=\"column-4\">Drenaje de tuber\u00eda de agua<\/td><td class=\"column-5\">Drenaje de tuber\u00eda de agua<\/td><td class=\"column-6\">Drenaje de tuber\u00eda de agua<\/td>\n<\/tr>\n<tr class=\"row-15\">\n\t<td class=\"column-1\">dimensiones<br \/>\n(largo x ancho x alto)<\/td><td class=\"column-2\">615*405*1550mm<\/td><td class=\"column-3\">615*405*1550mm<\/td><td class=\"column-4\">600*405*1660mm<\/td><td class=\"column-5\">763*472*1680mm<\/td><td class=\"column-6\">763*472*1680mm<\/td>\n<\/tr>\n<tr class=\"row-16\">\n\t<td class=\"column-1\">a\u00f1adir peso a<\/td><td class=\"column-2\">84kg<\/td><td class=\"column-3\">88kg<\/td><td class=\"column-4\">98kg<\/td><td class=\"column-5\">128kg<\/td><td class=\"column-6\">125 kg<\/td>\n<\/tr>\n<tr class=\"row-17\">\n\t<td class=\"column-1\">\u00e1rea de aplicaci\u00f3n<\/td><td class=\"column-2\">200-250m\u00b2<\/td><td class=\"column-3\">200-250m\u00b2<\/td><td class=\"column-4\">200-300m\u00b2<\/td><td class=\"column-5\">300-350m\u00b2<\/td><td class=\"column-6\">300-380m\u00b2<\/td>\n<\/tr>\n<\/tbody>\n<\/table>\n<!-- #tablepress-64 from cache --><\/div>\n<\/div>\n<div><\/div>\n<div class=\"woocb\"><a class=\"wocb\" href=\"http:\/\/www.beiaole.com\/wp-content\/uploads\/2025\/09\/d5.2.2.pdf\" target=\"_blank\" rel=\"noopener\">hacerse<\/a><\/div>\n<div><\/div>","protected":false},"excerpt":{"rendered":"<ul>\n<li>\n<h2>Control inteligente\u202fmicro\u2011computadora\u202fcontrol:<\/h2>\n<p>\u202f\u202fAutom\u00e1tico\u202fTemperatura\u202fy\u202fHumimidad\u202fMonitorizaci\u00f3n\u202fcon\u202fajuste preciso\u202fin\u202f1\u202f%\u202fincrementos.<\/li>\n<li>\n<h2>Pantalla en tiempo real\u202fLCD:<\/h2>\n<p>\u202fMuestra\u202fTemperatura,\u202fHumedad,\u202fy\u202foperativa\u202festado\u202fClearly\u202fpara\u202fSimple\u202fSupervisi\u00f3n.<\/li>\n<li>\n<h2>Amplio\u202fHumedad\u202fRango:<\/h2>\n<p>\u202fAjustable\u202f10\u202f\u2013\u202f98\u202f%\u202fRh\u202fRago\u202fcon\u202f\u00b1\u202f%\u202frh\u202fcontrol\u202fexactitud\u202fenvironments\u202fdiferentes\u202fenvironments.<\/li>\n<li>\n<h2>Sistema autom\u00e1tico de descongelaci\u00f3n:<\/h2>\n<p>\u202fPreviene\u202fFrost\u202fbuildUp\u202fpara\u202fmantener\u202festable\u202fopera\u202fen\u202faplicaciones de baja temperatura\u202faplicaciones.<\/li>\n<li>\n<h2>Temporizador programable:<\/h2>\n<p>\u202f1-24\u202fhora\u202fTimer\u202fpermite\u202fapagado\u202fapagado\u202fpara\u202fuso\u202fuso\u202fy\u202fapagado\u202fapagado\u202fpara\u202fuso sin tripulaci\u00f3n\u202fapagado\u202fapagado\u202fapagado\u202fapagado\u202fpara\u202fuso sin tripulaci\u00f3n\u202fapagado\u202fapagado\u202fapagado\u202fpara\u202fuso sin tripulaci\u00f3n\ufffd.<\/li>\n<li>\n<h2>Funci\u00f3n de autodiagn\u00f3stico:<\/h2>\n<p>\u202fBiilt\u2011in\u202ferror\u202fdetection\u202fy\u202fdisplay\u202fpara\u202ffast\u202fdisparar problemas\u202fy\u202fm\u00ednimo\u202findoor.<\/li>\n<li>\n<h2>Drenaje continuo:<\/h2>\n<p>\u202fagua\u202fpipe\u202fdrena\u202fsoporta\u202fno-paradas\u202fopera\u202fsin\u202fintervenci\u00f3n manual\u202fmanual.<\/li>\n<li>\n<h2>Movilidad duradera:<\/h2>\n<p>\u202fIndustrial\u202fSteel\u202fChasis\u202fy\u202fpesado\u2011deber\u202fde-deber\u202fcombinar\u202festabilidad\u202fcon\u202fdesplazamiento f\u00e1cil\u202f.<\/li>\n<li>\n<h2>Sistema de alto rendimiento\u202faire\u202f:<\/h2>\n<p>\u202fCentrifugal\u202fFan\u202fentrega\u202fFuente\u202fFlujo de aire\u202fcon\u202fbajo\u202fnoise\u202fpara\u202feficiente\u202fmoisture\u202feliminaci\u00f3n.<\/li>\n<li>\n<h2>Premium\u202fcompresor:<\/h2>\n<p>\u202fCompresor\u202fInternational\u202fGrade\u202fAsegura\u202fServicio\u202fLargo\u202fVida\u202fy\u202fPower\u202fDehumidificante\u202fVida\u202fVida\u202fy\u202fConsistente\u202fVida\u202fVida\u202fy\u202fconsistente\u202fVida\u202fVida\u202fA.<\/li>\n<\/ul>\n<hr \/>","protected":false},"featured_media":4882,"comment_status":"open","ping_status":"closed","template":"","meta":{"_acf_changed":false},"product_brand":[],"product_cat":[64],"product_tag":[],"class_list":{"0":"post-4851","1":"product","2":"type-product","3":"status-publish","4":"has-post-thumbnail","6":"product_cat-dehumidifier-series","8":"first","9":"outofstock","10":"taxable","11":"shipping-taxable","12":"purchasable","13":"product-type-variable"},"acf":[],"_links":{"self":[{"href":"https:\/\/www.ecvents.com\/es\/wp-json\/wp\/v2\/product\/4851","targetHints":{"allow":["GET"]}}],"collection":[{"href":"https:\/\/www.ecvents.com\/es\/wp-json\/wp\/v2\/product"}],"about":[{"href":"https:\/\/www.ecvents.com\/es\/wp-json\/wp\/v2\/types\/product"}],"replies":[{"embeddable":true,"href":"https:\/\/www.ecvents.com\/es\/wp-json\/wp\/v2\/comments?post=4851"}],"wp:featuredmedia":[{"embeddable":true,"href":"https:\/\/www.ecvents.com\/es\/wp-json\/wp\/v2\/media\/4882"}],"wp:attachment":[{"href":"https:\/\/www.ecvents.com\/es\/wp-json\/wp\/v2\/media?parent=4851"}],"wp:term":[{"taxonomy":"product_brand","embeddable":true,"href":"https:\/\/www.ecvents.com\/es\/wp-json\/wp\/v2\/product_brand?post=4851"},{"taxonomy":"product_cat","embeddable":true,"href":"https:\/\/www.ecvents.com\/es\/wp-json\/wp\/v2\/product_cat?post=4851"},{"taxonomy":"product_tag","embeddable":true,"href":"https:\/\/www.ecvents.com\/es\/wp-json\/wp\/v2\/product_tag?post=4851"}],"curies":[{"name":"pp","href":"https:\/\/api.w.org\/{rel}","templated":true}]}}