{"id":4870,"date":"2026-03-19T06:06:24","date_gmt":"2026-03-19T11:06:24","guid":{"rendered":"https:\/\/www.ecvents.com\/?post_type=product&#038;p=4870"},"modified":"2026-03-19T06:06:45","modified_gmt":"2026-03-19T11:06:45","slug":"habitacion-individual-hrv-vt501-wifi-2","status":"publish","type":"product","link":"https:\/\/www.ecvents.com\/es\/product\/habitacion-individual-hrv-vt501-wifi-2\/","title":{"rendered":"Habitaci\u00f3n Individual HRV VT501-WIFI"},"content":{"rendered":"<div class=\"someee\">\n<h2><strong>Tranquilo Frescura. Control inteligente.\u202f Construido\u202fpara\u202fsin esfuerzo\u202fconfort.<\/strong><\/h2>\n<p>los\u00a0<strong>1. HRV\u202fVT501\u2011HRV\u202fHRV\u202fVT501\u2011WiFi<\/strong>\u00a0Transforma silenciosamente el aire interior sin llamar la atenci\u00f3n sobre s\u00ed mismo. No lo escuchas funcionar, simplemente notas que el aire se siente bien: fresco, equilibrado y naturalmente c\u00f3modo, como una ventana abierta en un d\u00eda perfecto.<\/p>\n<p>escondido dentro de su marco compacto, un\u00a0<strong>N\u00facleo de recuperaci\u00f3n de calor de cer\u00e1mica<\/strong>\u00a0Intercambia energ\u00eda continuamente entre el aire entrante y el de salida. Retiene el calor en invierno, elimina el exceso de calor en verano y alivia la carga de trabajo en los sistemas HVAC, todo mientras mantiene un ambiente estable y c\u00f3modo durante todo el a\u00f1o.<\/p>\n<p>La calidad del aire se refina a trav\u00e9s de un\u00a0<strong>Red de filtro dual<\/strong>\u00a0combinando un\u00a0<strong>Filtro HEPA<\/strong>\u00a0que captura part\u00edculas tan peque\u00f1as como\u202f0.3\u202f\u03bcm\u202fy un\u00a0<strong>Capa activada de carbono<\/strong>\u00a0que absorbe olores y COV. El aire se siente naturalmente limpio, nunca artificial o sobre-tratado.<\/p>\n<p>Funcionando casi en silencio, el sistema ofrece hasta 60\u202fm\u00b3\/h\u202fde flujo de aire con solo 8,5\u202fW de potencia. El control es simple y preciso a trav\u00e9s de\u00a0<strong>Wifi y la aplicaci\u00f3n Tuya\u202f<\/strong>, proporcionando acceso completo a la configuraci\u00f3n de velocidad, horarios y monitoreo de calidad del aire desde su tel\u00e9fono.<\/p>\n<p>Construido para la longevidad, el VT501\u2011WiFi utiliza un\u00a0<strong>N\u00facleo de cer\u00e1mica resistente a la corrosi\u00f3n<\/strong>\u00a0Dentro de un\u00a0<strong>Cuerpo ABS de alta resistencia<\/strong>, asegurando la fiabilidad a largo plazo en condiciones h\u00famedas o variables. El mantenimiento es sencillo: los filtros y el n\u00facleo de cer\u00e1mica se pueden reemplazar o limpiar en minutos sin herramientas.<\/p>\n<\/div>\n<hr \/>\n<p>Dimensiones (unidad: mm):<\/p>\n<div class=\"scroll-table-wrapper\">\n<div class=\"scroll-table\">[ Tabla \u201c74\u201d no encontrada \/]<br \/>\n<\/div>\n<\/div>\n<div><\/div>\n<div><a class=\"wocb\" href=\"https:\/\/www.beiaole.com\/wp-content\/uploads\/2025\/12\/VT501-table1.pdf\" target=\"_blank\" rel=\"noopener\">hacerse<\/a><\/div>\n<div><\/div>\n<div><img loading=\"lazy\" decoding=\"async\" class=\"aligncenter wp-image-21029 size-full\" src=\"https:\/\/www.beiaole.com\/wp-content\/uploads\/2025\/12\/VT501-size.png\" alt=\"VT501-size\" width=\"1087\" height=\"197\" data-no-translation=\"\" \/><\/div>\n<div><\/div>\n<p>Rendimiento:<\/p>\n<div class=\"scroll-table-wrapper\">\n<div class=\"scroll-table\">[ Tabla \u201c75\u201d no encontrada \/]<br \/>\n<\/div>\n<\/div>\n<div><\/div>\n<div class=\"woocb\"><a class=\"wocb\" href=\"https:\/\/www.beiaole.com\/wp-content\/uploads\/2025\/12\/VT501-table2.pdf\" target=\"_blank\" rel=\"noopener\">hacerse<\/a><\/div>\n<div><\/div>\n<div class=\"viddd\">\n<div class=\"lyte-wrapper\" style=\"width:560px;max-width:100%;margin:5px auto;\"><div class=\"lyMe\" id=\"WYL_jN-8IWCc7CA\"><div id=\"lyte_jN-8IWCc7CA\" data-src=\"https:\/\/www.ecvents.com\/wp-content\/plugins\/wp-youtube-lyte\/lyteCache.php?origThumbUrl=%2F%2Fi.ytimg.com%2Fvi%2FjN-8IWCc7CA%2Fhqdefault.jpg\" class=\"pL\"><div class=\"tC\"><div class=\"tT\"><\/div><\/div><div class=\"play\"><\/div><div class=\"ctrl\"><div class=\"Lctrl\"><\/div><div class=\"Rctrl\"><\/div><\/div><\/div><noscript><a href=\"https:\/\/youtu.be\/jN-8IWCc7CA\" rel=\"nofollow noopener\" target=\"_blank\"><img loading=\"lazy\" decoding=\"async\" src=\"https:\/\/www.ecvents.com\/wp-content\/plugins\/wp-youtube-lyte\/lyteCache.php?origThumbUrl=https%3A%2F%2Fi.ytimg.com%2Fvi%2FjN-8IWCc7CA%2F0.jpg\" alt=\"YouTube video thumbnail\" width=\"560\" height=\"295\" data-no-translation=\"\" \/><br \/>Ver este v\u00eddeo en youtube<\/a><\/noscript><\/div><\/div><div class=\"lL\" style=\"max-width:100%;width:560px;margin:5px auto;\"><\/div><\/p>\n<\/div>\n<p><img loading=\"lazy\" decoding=\"async\" class=\"aligncenter wp-image-3772 size-full\" src=\"https:\/\/www.beiaole.com\/wp-content\/uploads\/2025\/12\/VT501m1.jpg\" alt=\"Single Room HRV VT501-Wifi1\" width=\"1000\" height=\"621\" data-no-translation=\"\" \/><\/p>\n<p><img loading=\"lazy\" decoding=\"async\" class=\"aligncenter wp-image-3773 size-full\" src=\"https:\/\/www.beiaole.com\/wp-content\/uploads\/2025\/12\/VT501m2.jpg\" alt=\"Single Room HRV VT501-Wifi2\" width=\"1000\" height=\"1457\" data-no-translation=\"\" \/><\/p>\n<p><img loading=\"lazy\" decoding=\"async\" class=\"aligncenter wp-image-3774 size-full\" src=\"https:\/\/www.beiaole.com\/wp-content\/uploads\/2025\/12\/VT501m3.jpg\" alt=\"Single Room HRV VT501-Wifi3\" width=\"1000\" height=\"1009\" data-no-translation=\"\" \/><\/p>\n<p><img loading=\"lazy\" decoding=\"async\" class=\"aligncenter wp-image-3775 size-full\" src=\"https:\/\/www.beiaole.com\/wp-content\/uploads\/2025\/12\/VT501m4.jpg\" alt=\"Single Room HRV VT501-Wifi4\" width=\"1000\" height=\"745\" data-no-translation=\"\" \/><\/p>\n<p><img loading=\"lazy\" decoding=\"async\" class=\"aligncenter wp-image-3776 size-full\" src=\"https:\/\/www.beiaole.com\/wp-content\/uploads\/2025\/12\/VT501m5.jpg\" alt=\"Single Room HRV VT501-Wifi5\" width=\"1000\" height=\"1039\" data-no-translation=\"\" \/><\/p>\n<p><img loading=\"lazy\" decoding=\"async\" class=\"aligncenter wp-image-22702 size-large\" src=\"https:\/\/www.beiaole.com\/wp-content\/uploads\/2025\/12\/VT501m6-569x1024.jpg\" alt=\"VT501m6\" width=\"569\" height=\"1024\" data-no-translation=\"\" \/><\/p>","protected":false},"excerpt":{"rendered":"<ul>\n<li>\n<h2>Eficiencia de alta\u202frecuperaci\u00f3n de calor:<\/h2>\n<p>\u202fCore \u202fCore\u202fRecupera\u202fUp\u202fa\u202f90\u202f%\u202fde\u202fEnerg\u00eda\u202fEnerg\u00eda\u202fEntre\u202fExhausto\u202fAdmite\u202fArvocamios\u202fahorros\u202fa\u00f1o\u202fahorrando\u202fahorros\u202fa\u00f1os\u202fagua-de-adhesi\u00f3n\u202f------------------------------------------------------------------------.<\/li>\n<li>\n<h2>Filtraci\u00f3n de m\u00faltiples etapas:<\/h2>\n<p>\u202fHepa\u202fFilter\u202fQuita\u202fQuita\u202fPolvo\u202fy\u202fpolen;\u202fCarbo\u202fCapa\u202fCapa\u202fNeutraliza\u202fOlores\u202fy\u202ffinos\u202fcontaminantes.<\/li>\n<li>\n<h2>Operaci\u00f3n ultra silenciosa:<\/h2>\n<p>\u202fNivels de sonido\u202fbajo\u202fsuficientes\u202fpara\u202fhabitaciones\u202fy\u202festudio\u202fespacios\u2014solo\u202fa\u202fsoft\u202ffondo\u202fhum.<\/li>\n<li>\n<h2>Control de Wifi\u202fsmart:<\/h2>\n<p>\u202fTuya\u202fApp\u202fintegraci\u00f3n\u202fHabilita\u202fRemoto\u202fVelocidad\u202fAjuste,\u202fTiempo\u202fReal\u202fAir\u2011Calidad\u202fdatos\u202fAdem\u00e1s\u202fModos\u202faire\u202fair\u202fcalidad\u202faire\u202fair\u202fcalidad\u202fair\u202fdatos.<\/li>\n<li>\n<h2>Motor eficiente de energ\u00eda:<\/h2>\n<p>\u202fAdvanced\u202fDC\u202fDrive\u202fconsumes\u202fSolo\u202f2.5\u202f\u2013\u202f8.5\u202fw\u202f durante\u202foperaci\u00f3n continua.<\/li>\n<li>\n<h2>Flujo de aire equilibrado:<\/h2>\n<p>\u202fFour\u202fvelocidad\u202fConfiguraci\u00f3n\u202fsuministro\u202f20\u202f\u2013\u202f60\u202fm\u00b3\/h\u202fcon\u202fpressure\u202fe incluso\u202fdistribuci\u00f3n.<\/li>\n<li>\n<h2>Construcci\u00f3n duradera:<\/h2>\n<p>\u202fCercer\u00e1mica\u202fCalefactor\u202fCambiador\u202fy\u202fAbs\u202fvivienda\u202fResistir\u202fCorrosi\u00f3n\u202fy\u202fA largo plazo\u202fHumedad\u202fExposici\u00f3n.<\/li>\n<li>\n<h2>Mantenimiento simple:<\/h2>\n<p>\u202fFiltro\u202fFiltro\u202fFiltro\u202fAcceso\u202fMakes\u202flimpieza\u202fy\u202freemplazo\u202fR\u00e1pido\u202fEquipo\u202fR\u00e1pido e intuitivo.<\/li>\n<\/ul>\n<hr \/>\n<div class=\"woodp\"><a class=\"wodp button\" href=\"https:\/\/www.beiaole.com\/wp-content\/uploads\/2025\/12\/VT501-t.pdf\" target=\"_blank\" rel=\"noopener\"><i class=\"fa-solid fa-file-pdf\"><\/i>cat\u00e1logo<\/a><\/div>","protected":false},"featured_media":4884,"comment_status":"open","ping_status":"closed","template":"","meta":{"_acf_changed":false},"product_brand":[],"product_cat":[73],"product_tag":[],"class_list":{"0":"post-4870","1":"product","2":"type-product","3":"status-publish","4":"has-post-thumbnail","6":"product_cat-single-room-hrv-2","7":"pa_control-mode-remote-control","8":"pa_control-mode-wifi-control","10":"first","11":"outofstock","12":"sale","13":"taxable","14":"shipping-taxable","15":"product-type-variable","16":"has-default-attributes"},"acf":[],"_links":{"self":[{"href":"https:\/\/www.ecvents.com\/es\/wp-json\/wp\/v2\/product\/4870","targetHints":{"allow":["GET"]}}],"collection":[{"href":"https:\/\/www.ecvents.com\/es\/wp-json\/wp\/v2\/product"}],"about":[{"href":"https:\/\/www.ecvents.com\/es\/wp-json\/wp\/v2\/types\/product"}],"replies":[{"embeddable":true,"href":"https:\/\/www.ecvents.com\/es\/wp-json\/wp\/v2\/comments?post=4870"}],"wp:featuredmedia":[{"embeddable":true,"href":"https:\/\/www.ecvents.com\/es\/wp-json\/wp\/v2\/media\/4884"}],"wp:attachment":[{"href":"https:\/\/www.ecvents.com\/es\/wp-json\/wp\/v2\/media?parent=4870"}],"wp:term":[{"taxonomy":"product_brand","embeddable":true,"href":"https:\/\/www.ecvents.com\/es\/wp-json\/wp\/v2\/product_brand?post=4870"},{"taxonomy":"product_cat","embeddable":true,"href":"https:\/\/www.ecvents.com\/es\/wp-json\/wp\/v2\/product_cat?post=4870"},{"taxonomy":"product_tag","embeddable":true,"href":"https:\/\/www.ecvents.com\/es\/wp-json\/wp\/v2\/product_tag?post=4870"}],"curies":[{"name":"pp","href":"https:\/\/api.w.org\/{rel}","templated":true}]}}