{"id":4871,"date":"2026-03-19T06:06:24","date_gmt":"2026-03-19T11:06:24","guid":{"rendered":"https:\/\/www.ecvents.com\/?post_type=product&#038;p=4871"},"modified":"2026-03-19T06:13:59","modified_gmt":"2026-03-19T11:13:59","slug":"filtros-de-carbono-hepa-de-aire-de-tres-capas","status":"publish","type":"product","link":"https:\/\/www.ecvents.com\/es\/product\/filtros-de-carbono-hepa-de-aire-de-tres-capas\/","title":{"rendered":"Filtros de carbono HEPA de aire de tres capas"},"content":{"rendered":"<div class=\"someee\">\n<h2><strong>capas limpias. Filtraci\u00f3n inteligente. Construido para un flujo de aire m\u00e1s saludable.<\/strong><\/h2>\n<p>los\u00a0<strong>Filtro de carbono de tres capas\u202fHepa\u202fFiltro\u202fpara\u202fhora\u202fventiladores\u202fy\u202faire\u202faire\u202frecuperadores<\/strong>\u00a0Est\u00e1 dise\u00f1ado para hacer del aire limpio una parte continua de la vida cotidiana. Combinando una filtraci\u00f3n avanzada y una recuperaci\u00f3n de energ\u00eda inteligente, transforma la ventilaci\u00f3n ordinaria en un sistema de aire equilibrado y de alta eficiencia que refresca, protege y sostiene.<\/p>\n<p>En su n\u00facleo se encuentra un\u00a0<strong>Filtro de carbono de tres etapas<\/strong>\u00a0Dise\u00f1ado para capturar part\u00edculas de PM2.5, al\u00e9rgenos en el aire y bacterias tan peque\u00f1as como\u202f0.3\u202f\u03bcm. los\u00a0<strong>Activado\u2011Carbo\u202fCapa<\/strong>\u00a0Neutraliza los olores y los compuestos vol\u00e1tiles, mientras que un filtro primario\u202fBloquea el polvo y los residuos m\u00e1s grandes para mantener el flujo de aire estable. Juntos, estos filtros aseguran que cada respiraci\u00f3n conlleve la claridad del aire limpio y c\u00f3modo.<\/p>\n<p>El sistema se integra perfectamente con las unidades de ventilaci\u00f3n inteligente. a trav\u00e9s de su\u00a0<strong>Control basado en la aplicaci\u00f3n<\/strong>, los usuarios pueden ajustar los modos, monitorear las condiciones interiores o programar la operaci\u00f3n de forma remota. Construido sobre un\u202f<strong>Placa de montaje magn\u00e9tico<\/strong>, los filtros se pueden reemplazar en segundos, simplificando el mantenimiento de rutina.<\/p>\n<p>Cada ciclo se adapta autom\u00e1ticamente a las condiciones reales. la unidad\u00a0<strong>Cambia entre\u202fextracci\u00f3n\u202fy\u202fsupply\u202fmodos\u202fevery\u202f65\u202fsegundos<\/strong>, manteniendo un flujo de aire equilibrado mientras que A\u202f<strong>Intercambiador de Cer\u00e1mica\u202fCalefacci\u00f3n\u202f<\/strong>\u00a0Recupera hasta 90\u202f%\u202fde\u202ftermal\u202fenerg\u00eda: mantiene las habitaciones frescas sin desperdiciar energ\u00eda de calefacci\u00f3n o refrigeraci\u00f3n. Los materiales duraderos, la operaci\u00f3n silenciosa y el perfil compacto lo convierten en un ajuste perfecto para hogares, oficinas y proyectos de renovaci\u00f3n conscientes de la energ\u00eda.<\/p>\n<\/div>\n<hr \/>","protected":false},"excerpt":{"rendered":"<ul>\n<li>\n<h2>Dise\u00f1o duradero y accesible:<\/h2>\n<p>\u202fRobusto\u202fMagn\u00e9tico\u202fMarco\u202fMakes\u202fFilter\u202fCambios\u202fR\u00e1pido\u202fy\u202fFree Tool\u202fFree.<\/li>\n<li>\n<h2>Filtraci\u00f3n de tres capas:<\/h2>\n<p>\u202fPre-filtro,\u202fHepa\u202fcapa,\u202fy\u202factivado\u202felemento\u202fcaptura\u202fpolvo,\u202fPM2.5,\u202fvirus,\u202fy\u202f olores.<\/li>\n<li>\n<h2>Control de aplicaci\u00f3n inteligente:<\/h2>\n<p>\u202fRemoto\u202fMonitorizaci\u00f3n\u202fy\u202fajuste\u202fde\u202fventilaci\u00f3n\u202fmodos\u202fy\u202faire interior\u202faire\u202faire\u202faire\u202faire.<\/li>\n<li>\n<h2>Modo autom\u00e1tico\u202fConmutaci\u00f3n:<\/h2>\n<p>\u202falternativas\u202fentre\u202fexhausto\u202fy\u202fsuministro\u202fcada 65\u202fsegundos\u202fpara\u202fbalanceado\u202fair\u202fintercambio.<\/li>\n<li>\n<h2>Recuperaci\u00f3n t\u00e9rmica: energ\u00eda<\/h2>\n<p>\u202fCercer\u00e1mica\u202fCalefacci\u00f3n\u202fCambiador\u202fRecupera\u202fEnerg\u00eda t\u00e9rmica\u202fpara\u202fMejor\u202fCalefacci\u00f3n\u202fy\u202fCooling\u202fCostos.<\/li>\n<li>\n<h2>Operaci\u00f3n de bajo mantenimiento:<\/h2>\n<p>\u202fFiltro\u202fReemplazo\u202fy\u202flimpieza\u202fT\u00f3mese\u202fminutos\u202fapoyo\u202fuso continuo\u202f.<\/li>\n<\/ul>\n<hr \/>","protected":false},"featured_media":4909,"comment_status":"open","ping_status":"closed","template":"","meta":{"_acf_changed":false},"product_brand":[],"product_cat":[72,73],"product_tag":[],"class_list":{"0":"post-4871","1":"product","2":"type-product","3":"status-publish","4":"has-post-thumbnail","6":"product_cat-filter","7":"product_cat-single-room-hrv-2","9":"first","10":"instock","11":"sale","12":"taxable","13":"shipping-taxable","14":"purchasable","15":"product-type-simple"},"acf":[],"_links":{"self":[{"href":"https:\/\/www.ecvents.com\/es\/wp-json\/wp\/v2\/product\/4871","targetHints":{"allow":["GET"]}}],"collection":[{"href":"https:\/\/www.ecvents.com\/es\/wp-json\/wp\/v2\/product"}],"about":[{"href":"https:\/\/www.ecvents.com\/es\/wp-json\/wp\/v2\/types\/product"}],"replies":[{"embeddable":true,"href":"https:\/\/www.ecvents.com\/es\/wp-json\/wp\/v2\/comments?post=4871"}],"wp:featuredmedia":[{"embeddable":true,"href":"https:\/\/www.ecvents.com\/es\/wp-json\/wp\/v2\/media\/4909"}],"wp:attachment":[{"href":"https:\/\/www.ecvents.com\/es\/wp-json\/wp\/v2\/media?parent=4871"}],"wp:term":[{"taxonomy":"product_brand","embeddable":true,"href":"https:\/\/www.ecvents.com\/es\/wp-json\/wp\/v2\/product_brand?post=4871"},{"taxonomy":"product_cat","embeddable":true,"href":"https:\/\/www.ecvents.com\/es\/wp-json\/wp\/v2\/product_cat?post=4871"},{"taxonomy":"product_tag","embeddable":true,"href":"https:\/\/www.ecvents.com\/es\/wp-json\/wp\/v2\/product_tag?post=4871"}],"curies":[{"name":"pp","href":"https:\/\/api.w.org\/{rel}","templated":true}]}}