{"id":4876,"date":"2026-03-19T06:06:25","date_gmt":"2026-03-19T11:06:25","guid":{"rendered":"https:\/\/www.ecvents.com\/?post_type=product&#038;p=4876"},"modified":"2026-03-25T05:30:03","modified_gmt":"2026-03-25T10:30:03","slug":"valvula-de-aire-fresco-con-termostato","status":"publish","type":"product","link":"https:\/\/www.ecvents.com\/es\/product\/valvula-de-aire-fresco-con-termostato\/","title":{"rendered":"V\u00e1lvula de aire fresco con termostato"},"content":{"rendered":"<h2 class=\"wp-block-heading\"><strong>Dise\u00f1o simple.\u202f Control inteligente.\u202f Construido\u202fpara\u202fsin esfuerzo\u202ffresco\u202faire.<\/strong><\/h2>\n\n\n\n<p>los&nbsp;<strong>Fresh\u202fair\u202fValve\u202fcon\u202fThermostat<\/strong>&nbsp;Es una encarnaci\u00f3n silenciosa de simplicidad inteligente: un sistema compacto y autoajustable que mantiene fresco el aire interior y reduce la p\u00e9rdida de energ\u00eda. Sin cableado, sin motor, sin electricidad, solo flujo de aire natural guiado por una f\u00edsica inteligente que se adapta autom\u00e1ticamente a las condiciones exteriores.<\/p>\n\n\n\n<p>En su n\u00facleo, un&nbsp;<strong>Termostato mec\u00e1nico<\/strong>&nbsp;Detecta la temperatura externa y ajusta el flujo de aire en tiempo real. Cuando se eleva por encima de \u202f+10\u202f\u00b0C, la v\u00e1lvula se abre completamente para proporcionar un flujo constante de aire fresco. A medida que las temperaturas caen por debajo de \u202f\u20135\u202f\u00b0C, se cierra gradualmente, evitando corrientes de aire en fr\u00edo y protegiendo el calor interior. Construido sobre preciso&nbsp;<strong>Mec\u00e1nica de expansi\u00f3n t\u00e9rmica<\/strong>, el dise\u00f1o funciona de forma continua sin ruido, electr\u00f3nica o mantenimiento.<\/p>\n\n\n\n<p>Para mayor flexibilidad, la v\u00e1lvula tambi\u00e9n se puede cerrar manualmente, lo que permite un control r\u00e1pido e intuitivo sobre la ventilaci\u00f3n cuando sea necesario. Compacto, silencioso y completamente pasivo, proporciona aire fresco de fondo que se siente sin esfuerzo d\u00eda y noche.<\/p>\n\n\n\n<p>Ideal para hogares, oficinas, cocinas y \u00e1reas de reuni\u00f3n, el&nbsp;<strong>Fresh\u202fair\u202fValve\u202fcon\u202fThermostat<\/strong>&nbsp;Ofrece comodidad sostenible a trav\u00e9s de inteligencia mec\u00e1nica pura: renovaci\u00f3n a\u00e9rea que se ejecuta silenciosamente.<\/p>\n\n\n\n<hr class=\"wp-block-separator has-alpha-channel-opacity\"\/>\n\n\n\n<figure class=\"wp-block-image aligncenter\"><img decoding=\"async\" src=\"https:\/\/www.beiaole.com\/wp-content\/uploads\/2025\/12\/FRESH-AIR-VALVE-WITH-THERMOSTAT-size1.png\" alt=\"FRESH-AIR-VALVE-WITH-THERMOSTAT-size1\" class=\"wp-image-21315\" data-no-translation=\"\"\/><\/figure>\n\n\n\n<figure class=\"wp-block-image aligncenter\"><img decoding=\"async\" src=\"https:\/\/www.beiaole.com\/wp-content\/uploads\/2025\/12\/FRESH-AIR-VALVE-WITH-THERMOSTAT-size2.png\" alt=\"FRESH-AIR-VALVE-WITH-THERMOSTAT-size2\" class=\"wp-image-21316\" data-no-translation=\"\"\/><\/figure>\n\n\n\n<p>Dimensiones (unidad: mm):<\/p>\n\n\n\n<figure class=\"wp-block-table\"><table><thead><tr><th>Tama\u00f1o del conducto<\/th><th>Longitud del conducto extensible<\/th><th>Flujo de aire m\u00e1ximo permitido<\/th><th>nivel de sonido<\/th><th>\u00e1rea de aplicaci\u00f3n<\/th><\/tr><\/thead><tbody><tr><td>100mm<\/td><td>250 \u2013 500mm<\/td><td>30m\u00b3\/h<\/td><td>20 \u2013 35dB<\/td><td>10m\u00b2<\/td><\/tr><\/tbody><\/table><\/figure>\n\n\n<div class=\"someee\">\u00a0<\/div>\n<p>\u00a0<\/p>","protected":false},"excerpt":{"rendered":"<ul>\n<li>\n<h2>Regulaci\u00f3n autom\u00e1tica de termorregulaci\u00f3n:<\/h2>\n<p>Termostato integrado en\u202fmec\u00e1nico\u202fabre\u202fy\u202fse cierra\u202fbasado\u202fen\u202fal aire libre\u202ffluctuaciones de temperatura.<\/li>\n<li>\n<h2>Operaci\u00f3n de ahorro de energ\u00eda:<\/h2>\n<p>Abre\u202fabove\u202f+10\u202f\u00b0C\u202fpara\u202ffresh\u202fingtake\u202fy\u202fse cierra\u202fdebajo\u202f\u20135\u202f\u00b0C\u202fa-conservar\u202fCalentar\u202f---5\u202f\u00b0C\u202fCheat\u202f-No\u202fPotencia el\u00e9ctrica\u202fel\u00e9ctrico\u202f-requiere.<\/li>\n<li>\n<h2>Ajuste manual:<\/h2>\n<p>Permite\u202fFlujo de aire\u202fcontrolado\u202fairflow\u202fpara\u202fpersonal\u202fventilaci\u00f3n\u202fpreferencias.<\/li>\n<li>\n<h2>Funci\u00f3n silenciosa:<\/h2>\n<p>opera\u202fa\u202f20\u202f\u2013\u202f35\u202fdb,\u202fasegurando\u202factuando\u202factual\u202fpara\u202fhabitaci\u00f3n\u202fhabitaciones\u202factuales.<\/li>\n<li>\n<h2>Intercambio de aire estable:<\/h2>\n<p>proporciona\u202fhacia\u202fa\u202f30\u202fm\u00b3\/h\u202fde\u202fflujo natural\u202fa trav\u00e9s de\u202fconductos\u202f250\u202f\u2013\u202f500\u202fmm\u202flong.<\/li>\n<li>\n<h2>Dise\u00f1o libre de mantenimiento:<\/h2>\n<p>Sistema totalmente\u202fmec\u00e1nico\u202frequiere\u202fno\u202ffiltros,\u202fmotores,\u202fo\u202fajustes\u202fajustes\u202fatenci\u00f3n.<\/li>\n<li>\n<h2>Compatibilidad est\u00e1ndar:<\/h2>\n<p>Se adapta a \u202f\u00d8100\u202fmm\u202fconductos\u202fpara\u202fintegraci\u00f3n\u202fintegraci\u00f3n\u202fen\u202fde\u202fexistentes\u202fde ventilaci\u00f3n\u202flatentes.<\/li>\n<\/ul>\n<hr \/>\n<div class=\"woodp\"><a class=\"wodp button\" href=\"https:\/\/www.beiaole.com\/wp-content\/uploads\/2025\/12\/FRESH-AIR-VALVE-WITH-THERMOSTAT-t.pdf\" target=\"_blank\" rel=\"noopener\"><i class=\"fa-solid fa-file-pdf\"><\/i>cat\u00e1logo<\/a><\/div>","protected":false},"featured_media":4902,"comment_status":"open","ping_status":"closed","template":"","meta":{"_acf_changed":false},"product_brand":[],"product_cat":[73],"product_tag":[],"class_list":{"0":"post-4876","1":"product","2":"type-product","3":"status-publish","4":"has-post-thumbnail","6":"product_cat-single-room-hrv-2","8":"first","9":"instock","10":"sale","11":"taxable","12":"shipping-taxable","13":"purchasable","14":"product-type-simple"},"acf":[],"_links":{"self":[{"href":"https:\/\/www.ecvents.com\/es\/wp-json\/wp\/v2\/product\/4876","targetHints":{"allow":["GET"]}}],"collection":[{"href":"https:\/\/www.ecvents.com\/es\/wp-json\/wp\/v2\/product"}],"about":[{"href":"https:\/\/www.ecvents.com\/es\/wp-json\/wp\/v2\/types\/product"}],"replies":[{"embeddable":true,"href":"https:\/\/www.ecvents.com\/es\/wp-json\/wp\/v2\/comments?post=4876"}],"wp:featuredmedia":[{"embeddable":true,"href":"https:\/\/www.ecvents.com\/es\/wp-json\/wp\/v2\/media\/4902"}],"wp:attachment":[{"href":"https:\/\/www.ecvents.com\/es\/wp-json\/wp\/v2\/media?parent=4876"}],"wp:term":[{"taxonomy":"product_brand","embeddable":true,"href":"https:\/\/www.ecvents.com\/es\/wp-json\/wp\/v2\/product_brand?post=4876"},{"taxonomy":"product_cat","embeddable":true,"href":"https:\/\/www.ecvents.com\/es\/wp-json\/wp\/v2\/product_cat?post=4876"},{"taxonomy":"product_tag","embeddable":true,"href":"https:\/\/www.ecvents.com\/es\/wp-json\/wp\/v2\/product_tag?post=4876"}],"curies":[{"name":"pp","href":"https:\/\/api.w.org\/{rel}","templated":true}]}}