{"id":4877,"date":"2026-03-19T06:06:25","date_gmt":"2026-03-19T11:06:25","guid":{"rendered":"https:\/\/www.ecvents.com\/?post_type=product&#038;p=4877"},"modified":"2026-03-19T06:13:59","modified_gmt":"2026-03-19T11:13:59","slug":"ventilador-de-recuperacion-de-calor-vt100-2","status":"publish","type":"product","link":"https:\/\/www.ecvents.com\/es\/product\/ventilador-de-recuperacion-de-calor-vt100-2\/","title":{"rendered":"Ventilador de recuperaci\u00f3n de calor VT100"},"content":{"rendered":"<div class=\"someee\">\n<h2><strong>Tranquilo\u202fBalance.\u202f Aire fresco.\u202f Construido para\u202f todos los d\u00edas\u202fvivir.<\/strong><\/h2>\n<p>los\u00a0<strong>VT100\u202fHeat\u202fRecuperaci\u00f3n\u202fVentador<\/strong>\u00a0Es una pieza de ingenier\u00eda compacta que transforma silenciosamente la comodidad interior. Trabajando en silencio en el fondo, mantiene el aire fresco, las temperaturas equilibradas y el consumo de energ\u00eda naturalmente bajo, una actualizaci\u00f3n invisible que hace que cada espacio se sienta mejor sin pedir atenci\u00f3n.<\/p>\n<p>En el centro hay un\u00a0<strong>M\u00f3dulo de intercambio de calor de cer\u00e1mica de alta eficiencia<\/strong>\u00a0que transfiere la energ\u00eda t\u00e9rmica entre los flujos de aire entrantes y salientes. En invierno, el aire fresco entra precalentado; en verano, el exceso de calor permanece fuera mientras circula el aire fresco. El resultado es una ventilaci\u00f3n suave y equilibrada a lo largo de cada temporada, brindando comodidad sin sacrificar la energ\u00eda ya invertida en calefacci\u00f3n o refrigeraci\u00f3n.<\/p>\n<p>impulsado por un\u00a0<strong>EC\u202f(electr\u00f3nicamente\u202fconmutado)\u202fmotor<\/strong>, el VT100 proporciona un flujo de aire silencioso de 20 a 50\u202fm\u00b3\/h mientras se consume solo\u202f2.5\u202f\u2013\u202f3.8\u202fw\u202fw\u202f de potencia. Incluso en su ambiente de sue\u00f1o suave, mantiene un intercambio de aire continuo adecuado para dormitorios, estudios u otros entornos tranquilos.<\/p>\n<p>La instalaci\u00f3n es r\u00e1pida. los\u00a0<strong>Cuerpo compacto y ligero<\/strong>\u00a0Se monta limpiamente en las paredes interiores, por lo que es ideal para apartamentos, oficinas en casa o peque\u00f1os espacios comerciales donde no son posibles sistemas de conductos m\u00e1s grandes. un\u00a0<strong>Pre-filtro lavable<\/strong>\u00a0Atrapa el polvo y las part\u00edculas m\u00e1s grandes, asegurando que el aire permanezca limpio mientras simplifica el mantenimiento: retire, enjuague, reemplace, listo.<\/p>\n<\/div>\n<hr \/>\n<p>Dimensiones (unidad: mm):<\/p>\n<div class=\"lightbox-container\"><img loading=\"lazy\" decoding=\"async\" class=\"aligncenter wp-image-21313 size-full\" src=\"https:\/\/www.beiaole.com\/wp-content\/uploads\/2025\/12\/VT100-size.png\" alt=\"VT100-size\" width=\"852\" height=\"261\" data-no-translation=\"\" \/><\/div>\n<p>Rendimiento:<\/p>\n<div class=\"scroll-table-wrapper\">\n<div class=\"scroll-table\">[ Tabla \u201c77\u201d no encontrada \/]<br \/>\n<\/div>\n<\/div>\n<div class=\"woocb\"><a class=\"wocb\" href=\"https:\/\/www.beiaole.com\/wp-content\/uploads\/2025\/12\/VT100-table.pdf\" target=\"_blank\" rel=\"noopener\">hacerse<\/a><\/div>","protected":false},"excerpt":{"rendered":"<ul>\n<li>\n<h2>Eficiencia de alta\u202fcalor\u202frecuperaci\u00f3n\u202f:<\/h2>\n<p>\u202fCeramic\u202fCore\u202fRecupera\u202fUp\u202fto\u202f90\u202f%\u202fde\u202fCalefacci\u00f3n\u202fEnerg\u00eda\u202fpara\u202fa\u00f1o\u202fenerg\u00eda\u202fy\u202fahorros de energ\u00eda\u202fenerg\u00eda\u202fa\u00f1o\u202fenerg\u00eda\u202fa\u00f1o\u202fenerg\u00eda\u202fenerg\u00eda\u202fenerg\u00eda\u202fa\u00f1o\u202fenerg\u00eda\u202fenerg\u00eda\u202fenerg\u00eda\u202fa\u00f1os\u202fenerg\u00eda\u202fen.<\/li>\n<li>\n<h2>Operaci\u00f3n ultra silenciosa:<\/h2>\n<p>\u202fBajo\u2011ruido\u202fEC\u202fMotor\u202fDelivers\u202fSteady\u202fventilaci\u00f3n\u202fideal\u202fpara\u202fdormitorios\u202fy\u202fambiente\u202fareas.<\/li>\n<li>\n<h2>Dise\u00f1o de energ\u00eda eficiente:<\/h2>\n<p>\u202fconsumi\u202fsolo\u202f2.5\u202f\u2013\u202f3.8\u202fw\u202fmientras\u202fmanteniendo\u202fflujo\u202fde\u202f20\u202fa\u202f50\u202fm\u00b3\/h.<\/li>\n<li>\n<h2>Compacto y ligero:<\/h2>\n<p>\u202fSlim\u202fPerfil\u202fSe ajusta\u202fF\u00e1cilmente\u202fpared\u202fparedes\u202fo\u202fespacios confinados\u202findependiente\u202fpara\u202fla m\u00e1s grande\u202fventilaci\u00f3n\u202funidades.<\/li>\n<li>\n<h2>Construcci\u00f3n duradera:<\/h2>\n<p>\u202fResistente a la corrosi\u00f3n\u202fCer\u00e1mico\u202fCalefacci\u00f3n\u202fCambiador\u202fy\u202fAbs\u202fVivienda\u202fProporcionar\u202fA largo plazo\u202fConfiabilidad.<\/li>\n<li>\n<h2>Protecci\u00f3n de prefiltro:<\/h2>\n<p>\u202fFiltro\u202fFiltro\u202fCaptura\u202fPolvo\u202fy\u202fDebris\u202fpara\u202flimpiador\u202faire\u202fy\u202fflujo\u202faire m\u00e1s limpio.<\/li>\n<li>\n<h2>Control de usuario simple:<\/h2>\n<p>\u202fTres\u202fvelocidades\u202fvelocidades\u202fm\u00e1s\u202fdormido\u202fmodo\u202fpermitir\u202ff\u00e1cil\u202fajuste\u202fa\u202fa\u202fa\u202fajustes de condiciones.<\/li>\n<li>\n<h2>Bajo mantenimiento:<\/h2>\n<p>\u202fFiltro\u202flimpiador\u202flimpiador\u202flimpiador\u202fpara\u202ffast,\u202fconveniente\u202fmantenimiento.<\/li>\n<\/ul>\n<hr \/>","protected":false},"featured_media":4903,"comment_status":"open","ping_status":"closed","template":"","meta":{"_acf_changed":false},"product_brand":[],"product_cat":[73],"product_tag":[],"class_list":{"0":"post-4877","1":"product","2":"type-product","3":"status-publish","4":"has-post-thumbnail","6":"product_cat-single-room-hrv-2","7":"pa_control-mode-remote-control","8":"pa_control-mode-wifi-control","10":"first","11":"instock","12":"taxable","13":"shipping-taxable","14":"purchasable","15":"product-type-variable","16":"has-default-attributes"},"acf":[],"_links":{"self":[{"href":"https:\/\/www.ecvents.com\/es\/wp-json\/wp\/v2\/product\/4877","targetHints":{"allow":["GET"]}}],"collection":[{"href":"https:\/\/www.ecvents.com\/es\/wp-json\/wp\/v2\/product"}],"about":[{"href":"https:\/\/www.ecvents.com\/es\/wp-json\/wp\/v2\/types\/product"}],"replies":[{"embeddable":true,"href":"https:\/\/www.ecvents.com\/es\/wp-json\/wp\/v2\/comments?post=4877"}],"wp:featuredmedia":[{"embeddable":true,"href":"https:\/\/www.ecvents.com\/es\/wp-json\/wp\/v2\/media\/4903"}],"wp:attachment":[{"href":"https:\/\/www.ecvents.com\/es\/wp-json\/wp\/v2\/media?parent=4877"}],"wp:term":[{"taxonomy":"product_brand","embeddable":true,"href":"https:\/\/www.ecvents.com\/es\/wp-json\/wp\/v2\/product_brand?post=4877"},{"taxonomy":"product_cat","embeddable":true,"href":"https:\/\/www.ecvents.com\/es\/wp-json\/wp\/v2\/product_cat?post=4877"},{"taxonomy":"product_tag","embeddable":true,"href":"https:\/\/www.ecvents.com\/es\/wp-json\/wp\/v2\/product_tag?post=4877"}],"curies":[{"name":"pp","href":"https:\/\/api.w.org\/{rel}","templated":true}]}}