{"id":669,"date":"2022-05-06T17:39:29","date_gmt":"2022-05-06T17:39:29","guid":{"rendered":"https:\/\/startersites.io\/blocksy\/gadgets\/?post_type=product&#038;p=669"},"modified":"2026-01-08T04:22:17","modified_gmt":"2026-01-08T09:22:17","slug":"habitacion-individual-hrv-vt501-wifi","status":"publish","type":"product","link":"https:\/\/www.ecvents.com\/es\/product\/habitacion-individual-hrv-vt501-wifi\/","title":{"rendered":"KCVENTS VT501-VENTILACI\u00d3N DE RECUPERACI\u00d3N DE CALOR REMOTA O WIFI (HRV) Ventilador de aire fresco de sala montada en la pared con sistema de ventilaci\u00f3n de filtro HEPA de cer\u00e1mica 6 pulgadas"},"content":{"rendered":"<h4 class=\"mcb-wrap-background-overlay\">Dimensiones (unidad: mm):<\/h4>\n<h4 class=\"mcb-wrap-background-overlay\"><img loading=\"lazy\" decoding=\"async\" class=\"alignnone wp-image-4156 size-full\" src=\"https:\/\/www.ecvents.com\/wp-content\/uploads\/2022\/05\/KCVENTS-VT501-Product-Size-Diagram-\u2013-Panel-220\u00d7240-mm-Duct-Length-200\u2013500-mm.png\" alt=\"Product size drawing of the KCVENTS VT501 single-room heat recovery ventilator showing a 220\u00d7240 mm front panel and two duct length options: 200 mm and 500 mm.\" width=\"1326\" height=\"375\" srcset=\"https:\/\/www.ecvents.com\/wp-content\/uploads\/2022\/05\/KCVENTS-VT501-Product-Size-Diagram-\u2013-Panel-220\u00d7240-mm-Duct-Length-200\u2013500-mm.png 1326w, https:\/\/www.ecvents.com\/wp-content\/uploads\/2022\/05\/KCVENTS-VT501-Product-Size-Diagram-\u2013-Panel-220\u00d7240-mm-Duct-Length-200\u2013500-mm-300x85.png 300w, https:\/\/www.ecvents.com\/wp-content\/uploads\/2022\/05\/KCVENTS-VT501-Product-Size-Diagram-\u2013-Panel-220\u00d7240-mm-Duct-Length-200\u2013500-mm-1024x290.png 1024w, https:\/\/www.ecvents.com\/wp-content\/uploads\/2022\/05\/KCVENTS-VT501-Product-Size-Diagram-\u2013-Panel-220\u00d7240-mm-Duct-Length-200\u2013500-mm-768x217.png 768w, https:\/\/www.ecvents.com\/wp-content\/uploads\/2022\/05\/KCVENTS-VT501-Product-Size-Diagram-\u2013-Panel-220\u00d7240-mm-Duct-Length-200\u2013500-mm-18x5.png 18w, https:\/\/www.ecvents.com\/wp-content\/uploads\/2022\/05\/KCVENTS-VT501-Product-Size-Diagram-\u2013-Panel-220\u00d7240-mm-Duct-Length-200\u2013500-mm-500x141.png 500w\" sizes=\"auto, (max-width: 1326px) 100vw, 1326px\" data-no-translation=\"\" \/><\/h4>\n<table>\n<thead>\n<tr id=\"thblue\">\n<th>Unidad de di\u00e1metro<\/th>\n<th>Tubo exterior<\/th>\n<th>Di\u00e1metro\/Grosor de la<\/th>\n<th>Tubo de instalaci\u00f3n (se puede cortar)<\/th>\n<th>Cubierta interior<\/th>\n<\/tr>\n<\/thead>\n<tbody>\n<tr>\n<td>160 mm<\/td>\n<td>163 mm<\/td>\n<td>Est\u00e1ndar: 250 mm \u2013 500 mm<\/td>\n<td>250 mm a 500 mm<\/td>\n<td>242 mm x 242 mm<\/td>\n<\/tr>\n<\/tbody>\n<\/table>\n<div class=\"column mcb-column mcb-item-juqkkdtft one laptop-one tablet-one mobile-one column_column vb-item\">\n<div class=\"mcb-column-inner mfn-module-wrapper mcb-column-inner-juqkkdtft mcb-item-column-inner\">\n<div class=\"column_attr mfn-inline-editor clearfix\">\n<h4>Tabla de par\u00e1metros:<\/h4>\n<table>\n<tbody>\n<tr id=\"thblue\">\n<th>anfetamina<\/th>\n<th>dormir<\/th>\n<th>\u2160<\/th>\n<th>\u2161<\/th>\n<th>\u2162<\/th>\n<\/tr>\n<tr>\n<td>voltaje<\/td>\n<td colspan=\"5\">12 V CC o 100 \u2013 240 V 50 - 60 Hz<\/td>\n<\/tr>\n<tr>\n<td>Ventilaci\u00f3n Potencia total (W)<\/td>\n<td>2.5<\/td>\n<td>3.0<\/td>\n<td>4.5<\/td>\n<td>8.5<\/td>\n<\/tr>\n<tr>\n<td>Corriente del ventilador(A)<\/td>\n<td>0.025<\/td>\n<td>0.030<\/td>\n<td>0.045<\/td>\n<td>0.070<\/td>\n<\/tr>\n<tr>\n<td>Flujo de aire (m\u00b3\/h)<\/td>\n<td>20<\/td>\n<td>48<\/td>\n<td>54<\/td>\n<td>60<\/td>\n<\/tr>\n<tr>\n<td>Velocidad (RPM)<\/td>\n<td>630<\/td>\n<td>1100<\/td>\n<td>1600<\/td>\n<td>2200<\/td>\n<\/tr>\n<tr>\n<td>Temperatura del aire transportada<\/td>\n<td colspan=\"5\">-20\u00b0C(-4\u00b0F) a +50\u00b0C(122\u00b0F)<\/td>\n<\/tr>\n<tr>\n<td>Eficiencia de intercambio de calor<\/td>\n<td colspan=\"5\">Hasta 90%<\/td>\n<\/tr>\n<tr>\n<td>N\u00facleo intercambiador de calor<\/td>\n<td colspan=\"5\">cer\u00e1mico<\/td>\n<\/tr>\n<\/tbody>\n<\/table>\n<h4>\u00a0Especificaciones:<\/h4>\n<table class=\"min-w-full\">\n<tbody>\n<tr>\n<td class=\"px-3 py-2\" data-sentry-component=\"TableCellComponent\" data-sentry-source-file=\"table.tsx\"><strong>Estilo de dise\u00f1o<\/strong><\/td>\n<td class=\"px-3 py-2\" data-sentry-component=\"TableCellComponent\" data-sentry-source-file=\"table.tsx\">moderno<\/td>\n<td class=\"px-3 py-2\" data-sentry-component=\"TableCellComponent\" data-sentry-source-file=\"table.tsx\"><strong>lugar de origen<\/strong><\/td>\n<td class=\"px-3 py-2\" data-sentry-component=\"TableCellComponent\" data-sentry-source-file=\"table.tsx\">Guangdong, China<\/td>\n<\/tr>\n<tr>\n<td class=\"px-3 py-2\" data-sentry-component=\"TableCellComponent\" data-sentry-source-file=\"table.tsx\"><strong>marca de f\u00e1brica<\/strong><\/td>\n<td class=\"px-3 py-2\" data-sentry-component=\"TableCellComponent\" data-sentry-source-file=\"table.tsx\">vent<\/td>\n<td class=\"px-3 py-2\" data-sentry-component=\"TableCellComponent\" data-sentry-source-file=\"table.tsx\"><strong>n\u00famero de modelo<\/strong><\/td>\n<td class=\"px-3 py-2\" data-sentry-component=\"TableCellComponent\" data-sentry-source-file=\"table.tsx\">VT501<\/td>\n<\/tr>\n<tr>\n<td class=\"px-3 py-2\" data-sentry-component=\"TableCellComponent\" data-sentry-source-file=\"table.tsx\"><strong>Nombre del producto<\/strong><\/td>\n<td class=\"px-3 py-2\" data-sentry-component=\"TableCellComponent\" data-sentry-source-file=\"table.tsx\">Ventilador de recuperaci\u00f3n de calor de habitaci\u00f3n individual<\/td>\n<td class=\"px-3 py-2\" data-sentry-component=\"TableCellComponent\" data-sentry-source-file=\"table.tsx\"><strong>tela<\/strong><\/td>\n<td class=\"px-3 py-2\" data-sentry-component=\"TableCellComponent\" data-sentry-source-file=\"table.tsx\">trasero<\/td>\n<\/tr>\n<tr>\n<td class=\"px-3 py-2\" data-sentry-component=\"TableCellComponent\" data-sentry-source-file=\"table.tsx\"><strong>fuente de alimentaci\u00f3n<\/strong><\/td>\n<td class=\"px-3 py-2\" data-sentry-component=\"TableCellComponent\" data-sentry-source-file=\"table.tsx\">100~240V 50\/60Hz<\/td>\n<td class=\"px-3 py-2\" data-sentry-component=\"TableCellComponent\" data-sentry-source-file=\"table.tsx\"><strong>funcionar<\/strong><\/td>\n<td class=\"px-3 py-2\" data-sentry-component=\"TableCellComponent\" data-sentry-source-file=\"table.tsx\">Recuperaci\u00f3n de calor<\/td>\n<\/tr>\n<tr>\n<td class=\"px-3 py-2\" data-sentry-component=\"TableCellComponent\" data-sentry-source-file=\"table.tsx\"><strong>instalaci\u00f3n<\/strong><\/td>\n<td class=\"px-3 py-2\" data-sentry-component=\"TableCellComponent\" data-sentry-source-file=\"table.tsx\">Instalaci\u00f3n montada en la pared<\/td>\n<td class=\"px-3 py-2\" data-sentry-component=\"TableCellComponent\" data-sentry-source-file=\"table.tsx\"><strong>dar un certificado<\/strong><\/td>\n<td class=\"px-3 py-2\" data-sentry-component=\"TableCellComponent\" data-sentry-source-file=\"table.tsx\">CE, SAA<\/td>\n<\/tr>\n<tr>\n<td class=\"px-3 py-2\" data-sentry-component=\"TableCellComponent\" data-sentry-source-file=\"table.tsx\"><strong>r\u00e1faga<\/strong><\/td>\n<td class=\"px-3 py-2\" data-sentry-component=\"TableCellComponent\" data-sentry-source-file=\"table.tsx\">Ahorro de energ\u00eda<\/td>\n<td class=\"px-3 py-2\" data-sentry-component=\"TableCellComponent\" data-sentry-source-file=\"table.tsx\"><strong>espesor<\/strong><\/td>\n<td class=\"px-3 py-2\" data-sentry-component=\"TableCellComponent\" data-sentry-source-file=\"table.tsx\">Espesor de pared de 20-45cm<\/td>\n<\/tr>\n<tr>\n<td class=\"px-3 py-2\" data-sentry-component=\"TableCellComponent\" data-sentry-source-file=\"table.tsx\"><strong>ruborizarse<\/strong><\/td>\n<td class=\"px-3 py-2\" data-sentry-component=\"TableCellComponent\" data-sentry-source-file=\"table.tsx\">blanqui<\/td>\n<td class=\"px-3 py-2\" data-sentry-component=\"TableCellComponent\" data-sentry-source-file=\"table.tsx\"><strong>intercambiador de calor<\/strong><\/td>\n<td class=\"px-3 py-2\" data-sentry-component=\"TableCellComponent\" data-sentry-source-file=\"table.tsx\">cer\u00e1mico<\/td>\n<\/tr>\n<\/tbody>\n<\/table>\n<div class=\"button_align align_center\">\n<div class=\"column mcb-column mcb-item-bvrppphfe one laptop-one tablet-one mobile-one column_column vb-item\">\n<div class=\"mcb-column-inner mfn-module-wrapper mcb-column-inner-bvrppphfe mcb-item-column-inner\">\n<div class=\"column_attr mfn-inline-editor clearfix\"><div class=\"lyte-wrapper\" style=\"width:560px;max-width:100%;margin:5px auto;\"><div class=\"lyMe\" id=\"WYL_jN-8IWCc7CA\"><div id=\"lyte_jN-8IWCc7CA\" data-src=\"https:\/\/www.ecvents.com\/wp-content\/plugins\/wp-youtube-lyte\/lyteCache.php?origThumbUrl=%2F%2Fi.ytimg.com%2Fvi%2FjN-8IWCc7CA%2Fhqdefault.jpg\" class=\"pL\"><div class=\"tC\"><div class=\"tT\"><\/div><\/div><div class=\"play\"><\/div><div class=\"ctrl\"><div class=\"Lctrl\"><\/div><div class=\"Rctrl\"><\/div><\/div><\/div><noscript><a href=\"https:\/\/youtu.be\/jN-8IWCc7CA\" rel=\"nofollow noopener\" target=\"_blank\"><img loading=\"lazy\" decoding=\"async\" src=\"https:\/\/www.ecvents.com\/wp-content\/plugins\/wp-youtube-lyte\/lyteCache.php?origThumbUrl=https%3A%2F%2Fi.ytimg.com%2Fvi%2FjN-8IWCc7CA%2F0.jpg\" alt=\"YouTube video thumbnail\" width=\"560\" height=\"295\" data-no-translation=\"\" \/><br \/>Ver este v\u00eddeo en youtube<\/a><\/noscript><\/div><\/div><div class=\"lL\" style=\"max-width:100%;width:560px;margin:5px auto;\"><\/div><\/div>\n<\/div>\n<\/div>\n<div class=\"column mcb-column mcb-item-juqkkdtft one laptop-one tablet-one mobile-one column_column vb-item\">\n<div class=\"mcb-column-inner mfn-module-wrapper mcb-column-inner-juqkkdtft mcb-item-column-inner\">\n<div class=\"column_attr mfn-inline-editor clearfix\">\n<p><strong>T\u00edtulo del producto: VT501 Ventilador de recuperaci\u00f3n de calor montado en la pared inteligente con WiFi y filtraci\u00f3n HEPA<\/strong><\/p>\n<p><strong>Respira m\u00e1s limpio, vive mejor<\/strong><br \/>\nTransforma la calidad del aire interior con el KCVENTS VT501. Dise\u00f1ado para hogares modernos, este ventilador de recuperaci\u00f3n de calor de una sola habitaci\u00f3n (HRV) reemplaza el aire interior contaminado y contaminado con aire exterior fresco y filtrado mientras conserva la temperatura de su habitaci\u00f3n.<\/p>\n<p><img loading=\"lazy\" decoding=\"async\" class=\"alignnone size-medium wp-image-3807\" src=\"https:\/\/www.ecvents.com\/wp-content\/uploads\/2022\/05\/S6917d1fed2bd4259a13a9507fedddf9b7-206x300.webp\" alt=\"\" width=\"206\" height=\"300\" srcset=\"https:\/\/www.ecvents.com\/wp-content\/uploads\/2022\/05\/S6917d1fed2bd4259a13a9507fedddf9b7-206x300.webp 206w, https:\/\/www.ecvents.com\/wp-content\/uploads\/2022\/05\/S6917d1fed2bd4259a13a9507fedddf9b7-500x729.webp 500w, https:\/\/www.ecvents.com\/wp-content\/uploads\/2022\/05\/S6917d1fed2bd4259a13a9507fedddf9b7-703x1024.webp 703w, https:\/\/www.ecvents.com\/wp-content\/uploads\/2022\/05\/S6917d1fed2bd4259a13a9507fedddf9b7-600x874.webp 600w, https:\/\/www.ecvents.com\/wp-content\/uploads\/2022\/05\/S6917d1fed2bd4259a13a9507fedddf9b7.webp 750w\" sizes=\"auto, (max-width: 206px) 100vw, 206px\" data-no-translation=\"\" \/><\/p>\n<p><strong>M\u00e1xima eficiencia, costo m\u00ednimo<\/strong><br \/>\nEn el coraz\u00f3n del VT501 hay un n\u00facleo intercambiador de calor de cer\u00e1mica de alta tecnolog\u00eda. se recupera hasta\u00a0<strong>90% de energ\u00eda t\u00e9rmica<\/strong>, lo que significa que no pierdes calor cuando se ventila en invierno. con un poder de trabajo entre\u00a0<strong>2W y 6W<\/strong>, es incre\u00edblemente eficiente en energ\u00eda.<\/p>\n<p><img loading=\"lazy\" decoding=\"async\" class=\"alignnone size-medium wp-image-3809\" src=\"https:\/\/www.ecvents.com\/wp-content\/uploads\/2022\/05\/Sbd7e9cc2e8ec48c7bb53e6c581a7e3ffz-298x300.webp\" alt=\"\" width=\"298\" height=\"300\" srcset=\"https:\/\/www.ecvents.com\/wp-content\/uploads\/2022\/05\/Sbd7e9cc2e8ec48c7bb53e6c581a7e3ffz-298x300.webp 298w, https:\/\/www.ecvents.com\/wp-content\/uploads\/2022\/05\/Sbd7e9cc2e8ec48c7bb53e6c581a7e3ffz-500x504.webp 500w, https:\/\/www.ecvents.com\/wp-content\/uploads\/2022\/05\/Sbd7e9cc2e8ec48c7bb53e6c581a7e3ffz-150x150.webp 150w, https:\/\/www.ecvents.com\/wp-content\/uploads\/2022\/05\/Sbd7e9cc2e8ec48c7bb53e6c581a7e3ffz-600x605.webp 600w, https:\/\/www.ecvents.com\/wp-content\/uploads\/2022\/05\/Sbd7e9cc2e8ec48c7bb53e6c581a7e3ffz-100x100.webp 100w, https:\/\/www.ecvents.com\/wp-content\/uploads\/2022\/05\/Sbd7e9cc2e8ec48c7bb53e6c581a7e3ffz.webp 750w\" sizes=\"auto, (max-width: 298px) 100vw, 298px\" data-no-translation=\"\" \/><\/p>\n<p><strong>Tecnolog\u00eda inteligente para un hogar saludable<\/strong><br \/>\n\u00bfPor qu\u00e9 adivinar sobre la calidad del aire? los\u00a0<strong>Modelo VT501-WF<\/strong>\u00a0Se conecta a la perfecci\u00f3n con el\u00a0<strong>Aplicaci\u00f3n Tuya<\/strong>, lo que le permite monitorear los niveles de CO\u2082 en tiempo real y controlar el dispositivo desde su tel\u00e9fono inteligente. Ya sea que necesite eliminar los olores, reducir la humedad o filtrar los al\u00e9rgenos, tiene control total a trav\u00e9s de WiFi o el control remoto incluido.<\/p>\n<p><img loading=\"lazy\" decoding=\"async\" class=\"alignnone size-medium wp-image-3828\" src=\"https:\/\/www.ecvents.com\/wp-content\/uploads\/2022\/05\/vt501-\u4e09\u6a21\u5f0f-300x166.jpg\" alt=\"\" width=\"300\" height=\"166\" srcset=\"https:\/\/www.ecvents.com\/wp-content\/uploads\/2022\/05\/vt501-\u4e09\u6a21\u5f0f-300x166.jpg 300w, https:\/\/www.ecvents.com\/wp-content\/uploads\/2022\/05\/vt501-\u4e09\u6a21\u5f0f-500x276.jpg 500w, https:\/\/www.ecvents.com\/wp-content\/uploads\/2022\/05\/vt501-\u4e09\u6a21\u5f0f-1024x565.jpg 1024w, https:\/\/www.ecvents.com\/wp-content\/uploads\/2022\/05\/vt501-\u4e09\u6a21\u5f0f-768x424.jpg 768w, https:\/\/www.ecvents.com\/wp-content\/uploads\/2022\/05\/vt501-\u4e09\u6a21\u5f0f-600x331.jpg 600w, https:\/\/www.ecvents.com\/wp-content\/uploads\/2022\/05\/vt501-\u4e09\u6a21\u5f0f.jpg 1392w\" sizes=\"auto, (max-width: 300px) 100vw, 300px\" data-no-translation=\"\" \/><\/p>\n<p><strong>Rendimiento silencioso<\/strong><br \/>\nDisfruta del aire fresco sin el ruido. Gracias a su avanzado\u00a0<strong>Motor sin escobillas<\/strong>\u00a0y dise\u00f1o sellado por sonido, el VT501 funciona a un m\u00e1ximo de\u00a0<strong>30dB<\/strong>. Es el complemento perfecto para dormitorios, guarder\u00edas u oficinas en casa donde el silencio es dorado.<\/p>\n<p><img loading=\"lazy\" decoding=\"async\" class=\"alignnone size-medium wp-image-3816\" src=\"https:\/\/www.ecvents.com\/wp-content\/uploads\/2022\/05\/vt501-\u9759\u97f3\u7761\u7720-300x224.webp\" alt=\"\" width=\"300\" height=\"224\" srcset=\"https:\/\/www.ecvents.com\/wp-content\/uploads\/2022\/05\/vt501-\u9759\u97f3\u7761\u7720-300x224.webp 300w, https:\/\/www.ecvents.com\/wp-content\/uploads\/2022\/05\/vt501-\u9759\u97f3\u7761\u7720-500x373.webp 500w, https:\/\/www.ecvents.com\/wp-content\/uploads\/2022\/05\/vt501-\u9759\u97f3\u7761\u7720-600x447.webp 600w, https:\/\/www.ecvents.com\/wp-content\/uploads\/2022\/05\/vt501-\u9759\u97f3\u7761\u7720.webp 750w\" sizes=\"auto, (max-width: 300px) 100vw, 300px\" data-no-translation=\"\" \/><\/p>\n<p><strong>Instalaci\u00f3n sin problemas (no requiere conductos complejos)<\/strong><br \/>\nA diferencia de los sistemas de ventilaci\u00f3n centrales tradicionales, el KCVents VT501 est\u00e1 dise\u00f1ado para una f\u00e1cil instalaci\u00f3n de un solo orificio. No hay necesidad de corredores de techo o de conductos profesionales caros. Simplemente taladre un agujero a trav\u00e9s de una pared exterior, inserte el conducto telesc\u00f3pico, monte la unidad y ench\u00fafela. Es la soluci\u00f3n de bricolaje perfecta para actualizar la calidad del aire de su habitaci\u00f3n en minutos.<\/p>\n<p><img loading=\"lazy\" decoding=\"async\" class=\"alignnone size-medium wp-image-3826\" src=\"https:\/\/www.ecvents.com\/wp-content\/uploads\/2022\/05\/Haec0125c2fd14ec7b8198a16821a5acbv-300x300.webp\" alt=\"\" width=\"300\" height=\"300\" srcset=\"https:\/\/www.ecvents.com\/wp-content\/uploads\/2022\/05\/Haec0125c2fd14ec7b8198a16821a5acbv-300x300.webp 300w, https:\/\/www.ecvents.com\/wp-content\/uploads\/2022\/05\/Haec0125c2fd14ec7b8198a16821a5acbv-500x500.webp 500w, https:\/\/www.ecvents.com\/wp-content\/uploads\/2022\/05\/Haec0125c2fd14ec7b8198a16821a5acbv-150x150.webp 150w, https:\/\/www.ecvents.com\/wp-content\/uploads\/2022\/05\/Haec0125c2fd14ec7b8198a16821a5acbv-768x768.webp 768w, https:\/\/www.ecvents.com\/wp-content\/uploads\/2022\/05\/Haec0125c2fd14ec7b8198a16821a5acbv-600x600.webp 600w, https:\/\/www.ecvents.com\/wp-content\/uploads\/2022\/05\/Haec0125c2fd14ec7b8198a16821a5acbv-100x100.webp 100w, https:\/\/www.ecvents.com\/wp-content\/uploads\/2022\/05\/Haec0125c2fd14ec7b8198a16821a5acbv.webp 1001w\" sizes=\"auto, (max-width: 300px) 100vw, 300px\" data-no-translation=\"\" \/><\/p>\n<p><strong>Caracter\u00edsticas clave:<\/strong><\/p>\n<ul>\n<li><strong>3 modos de ventilaci\u00f3n:<\/strong>\u00a0Modo de aire fresco, modo de escape y modo de ciclo 65S.<\/li>\n<li><strong>Filtraci\u00f3n superior:<\/strong>\u00a0Los filtros combinados de HEPA y carb\u00f3n activado eliminan las part\u00edculas y los olores.<\/li>\n<li><strong>Flujo de aire potente:<\/strong>\u00a0Capacidad de 28 CFM a 35 CFM.<\/li>\n<li><strong>Bajo mantenimiento:<\/strong>\u00a0N\u00facleo de cer\u00e1mica f\u00e1cil de limpiar y filtros accesibles.<\/li>\n<li><strong>Paquete completo:<\/strong>\u00a0Incluye kit de montaje, control remoto y una garant\u00eda de 36 meses para la tranquilidad.<\/li>\n<\/ul>\n<p>Los HRV residenciales de KCVents son la mejor opci\u00f3n para ventilar hogares o lugares de trabajo. Estas unidades est\u00e1n dise\u00f1adas para proporcionar aire fresco al edificio mientras agotan una cantidad igual de aire viciado al exterior. Durante la temporada de calefacci\u00f3n, KCVents Heat Recovery Ventilators (HRV) reemplaza el aire viciado con aire fresco en todas las casas y negocios, lo que ayuda a prevenir la acumulaci\u00f3n de humedad, moho y la podredumbre.<\/p>\n<p>&nbsp;<\/p>\n<p><img loading=\"lazy\" decoding=\"async\" class=\"alignnone size-medium wp-image-3808\" src=\"https:\/\/www.ecvents.com\/wp-content\/uploads\/2022\/05\/S94788fd13e3a4be8baa96211f292aef3j-300x300.webp\" alt=\"\" width=\"300\" height=\"300\" srcset=\"https:\/\/www.ecvents.com\/wp-content\/uploads\/2022\/05\/S94788fd13e3a4be8baa96211f292aef3j-300x300.webp 300w, https:\/\/www.ecvents.com\/wp-content\/uploads\/2022\/05\/S94788fd13e3a4be8baa96211f292aef3j-500x500.webp 500w, https:\/\/www.ecvents.com\/wp-content\/uploads\/2022\/05\/S94788fd13e3a4be8baa96211f292aef3j-150x150.webp 150w, https:\/\/www.ecvents.com\/wp-content\/uploads\/2022\/05\/S94788fd13e3a4be8baa96211f292aef3j-768x768.webp 768w, https:\/\/www.ecvents.com\/wp-content\/uploads\/2022\/05\/S94788fd13e3a4be8baa96211f292aef3j-600x600.webp 600w, https:\/\/www.ecvents.com\/wp-content\/uploads\/2022\/05\/S94788fd13e3a4be8baa96211f292aef3j-100x100.webp 100w, https:\/\/www.ecvents.com\/wp-content\/uploads\/2022\/05\/S94788fd13e3a4be8baa96211f292aef3j.webp 1000w\" sizes=\"auto, (max-width: 300px) 100vw, 300px\" data-no-translation=\"\" \/><img loading=\"lazy\" decoding=\"async\" class=\"alignnone size-medium wp-image-3829\" src=\"https:\/\/www.ecvents.com\/wp-content\/uploads\/2022\/05\/S96b33c9e87b844f28da187cc39456a16f-167x300.webp\" alt=\"\" width=\"167\" height=\"300\" srcset=\"https:\/\/www.ecvents.com\/wp-content\/uploads\/2022\/05\/S96b33c9e87b844f28da187cc39456a16f-167x300.webp 167w, https:\/\/www.ecvents.com\/wp-content\/uploads\/2022\/05\/S96b33c9e87b844f28da187cc39456a16f-500x899.webp 500w, https:\/\/www.ecvents.com\/wp-content\/uploads\/2022\/05\/S96b33c9e87b844f28da187cc39456a16f-569x1024.webp 569w, https:\/\/www.ecvents.com\/wp-content\/uploads\/2022\/05\/S96b33c9e87b844f28da187cc39456a16f-768x1381.webp 768w, https:\/\/www.ecvents.com\/wp-content\/uploads\/2022\/05\/S96b33c9e87b844f28da187cc39456a16f-854x1536.webp 854w, https:\/\/www.ecvents.com\/wp-content\/uploads\/2022\/05\/S96b33c9e87b844f28da187cc39456a16f-600x1079.webp 600w, https:\/\/www.ecvents.com\/wp-content\/uploads\/2022\/05\/S96b33c9e87b844f28da187cc39456a16f.webp 1001w\" sizes=\"auto, (max-width: 167px) 100vw, 167px\" data-no-translation=\"\" \/><\/p>\n<h4>Certificado:<\/h4>\n<p><img loading=\"lazy\" decoding=\"async\" class=\"alignnone size-medium wp-image-4175\" src=\"https:\/\/www.ecvents.com\/wp-content\/uploads\/2022\/05\/KCvents-VT501-Heat-Recovery-Ventilation-Device-Wall-Mounted-Room-Fresh-Air-Fan-Certificate1-213x300.jpeg\" alt=\"RED Declaration of Conformity certificate for heat recovery ventilator (models VT501, VT501S, VT502, etc.)\" width=\"213\" height=\"300\" srcset=\"https:\/\/www.ecvents.com\/wp-content\/uploads\/2022\/05\/KCvents-VT501-Heat-Recovery-Ventilation-Device-Wall-Mounted-Room-Fresh-Air-Fan-Certificate1-213x300.jpeg 213w, https:\/\/www.ecvents.com\/wp-content\/uploads\/2022\/05\/KCvents-VT501-Heat-Recovery-Ventilation-Device-Wall-Mounted-Room-Fresh-Air-Fan-Certificate1-9x12.jpeg 9w, https:\/\/www.ecvents.com\/wp-content\/uploads\/2022\/05\/KCvents-VT501-Heat-Recovery-Ventilation-Device-Wall-Mounted-Room-Fresh-Air-Fan-Certificate1-500x704.jpeg 500w, https:\/\/www.ecvents.com\/wp-content\/uploads\/2022\/05\/KCvents-VT501-Heat-Recovery-Ventilation-Device-Wall-Mounted-Room-Fresh-Air-Fan-Certificate1.jpeg 599w\" sizes=\"auto, (max-width: 213px) 100vw, 213px\" data-no-translation=\"\" \/> <img loading=\"lazy\" decoding=\"async\" class=\"alignnone size-medium wp-image-4176\" src=\"https:\/\/www.ecvents.com\/wp-content\/uploads\/2022\/05\/KCvents-VT501-Heat-Recovery-Ventilation-Device-Wall-Mounted-Room-Fresh-Air-Fan-Certificate2-218x300.jpeg\" alt=\"CE Certificate of Conformity for heat recovery ventilator (models VT501-WF, VT150, etc.)\" width=\"218\" height=\"300\" srcset=\"https:\/\/www.ecvents.com\/wp-content\/uploads\/2022\/05\/KCvents-VT501-Heat-Recovery-Ventilation-Device-Wall-Mounted-Room-Fresh-Air-Fan-Certificate2-218x300.jpeg 218w, https:\/\/www.ecvents.com\/wp-content\/uploads\/2022\/05\/KCvents-VT501-Heat-Recovery-Ventilation-Device-Wall-Mounted-Room-Fresh-Air-Fan-Certificate2-9x12.jpeg 9w, https:\/\/www.ecvents.com\/wp-content\/uploads\/2022\/05\/KCvents-VT501-Heat-Recovery-Ventilation-Device-Wall-Mounted-Room-Fresh-Air-Fan-Certificate2-500x688.jpeg 500w, https:\/\/www.ecvents.com\/wp-content\/uploads\/2022\/05\/KCvents-VT501-Heat-Recovery-Ventilation-Device-Wall-Mounted-Room-Fresh-Air-Fan-Certificate2.jpeg 595w\" sizes=\"auto, (max-width: 218px) 100vw, 218px\" data-no-translation=\"\" \/><\/p>\n<p>&nbsp;<\/p>\n<\/div>\n<\/div>\n<\/div>\n<\/div>\n<\/div>\n<\/div>\n<\/div>","protected":false},"excerpt":{"rendered":"<p><strong>Actualice su habitaci\u00f3n a un ecosistema de aire fresco.<\/strong><br \/>\nLa serie VT501 cambia continuamente el aire de interior viciado con aire fresco exterior sin perder calor. Elige entre el\u00a0<strong>Remoto est\u00e1ndar<\/strong>\u00a0modelo o el\u00a0<strong>WiFi inteligente<\/strong>\u00a0modelo que se adapte a sus necesidades.<\/p>\n<ul>\n<li><strong>Recuperaci\u00f3n de calor 90%:<\/strong>\u00a0El n\u00facleo de cer\u00e1mica ahorra energ\u00eda, manteni\u00e9ndote caliente en invierno.<\/li>\n<li><strong>Opciones de control inteligente:<\/strong>\n<ul>\n<li><em>Modelo de Wifi:<\/em>\u00a0Control de aplicaciones Tuya, monitoreo y automatizaci\u00f3n de CO\u2082.<\/li>\n<li><em>Modelo remoto:<\/em>\u00a0Control remoto IR f\u00e1cil de usar incluido.<\/li>\n<\/ul>\n<\/li>\n<li><strong>Filtraci\u00f3n dual:<\/strong>\u00a0Los filtros HEPA + Carbono bloquean el polen, el polvo y los olores al aire libre.<\/li>\n<li><strong>Susurro silencio:<\/strong>\u00a0El motor de CC sin escobillas funciona bajo\u00a0<strong>30dB<\/strong>\u00a0para el sue\u00f1o intacto.<\/li>\n<li><strong>F\u00e1cil instalaci\u00f3n de bricolaje:<\/strong>\u00a0No se necesita conductos, solo un solo orificio a trav\u00e9s de la pared.<\/li>\n<\/ul>\n<p><a class=\"button button_right button_size_2\" title=\"\" href=\"https:\/\/www.kcvents.com\/wp-content\/uploads\/2025\/07\/VT501.pdf\" target=\"_blank\" rel=\"noopener\"><span class=\"button_label\">cat\u00e1logo<\/span><\/a><\/p>","protected":false},"featured_media":781,"comment_status":"open","ping_status":"closed","template":"","meta":{"_acf_changed":false},"product_brand":[],"product_cat":[25],"product_tag":[],"class_list":{"0":"post-669","1":"product","2":"type-product","3":"status-publish","4":"has-post-thumbnail","6":"product_cat-single-room-hrv","7":"pa_control-mode-remote-control","8":"pa_control-mode-wifi-control","10":"first","11":"instock","12":"sale","13":"taxable","14":"shipping-taxable","15":"purchasable","16":"product-type-variable","17":"has-default-attributes"},"acf":[],"_links":{"self":[{"href":"https:\/\/www.ecvents.com\/es\/wp-json\/wp\/v2\/product\/669","targetHints":{"allow":["GET"]}}],"collection":[{"href":"https:\/\/www.ecvents.com\/es\/wp-json\/wp\/v2\/product"}],"about":[{"href":"https:\/\/www.ecvents.com\/es\/wp-json\/wp\/v2\/types\/product"}],"replies":[{"embeddable":true,"href":"https:\/\/www.ecvents.com\/es\/wp-json\/wp\/v2\/comments?post=669"}],"wp:featuredmedia":[{"embeddable":true,"href":"https:\/\/www.ecvents.com\/es\/wp-json\/wp\/v2\/media\/781"}],"wp:attachment":[{"href":"https:\/\/www.ecvents.com\/es\/wp-json\/wp\/v2\/media?parent=669"}],"wp:term":[{"taxonomy":"product_brand","embeddable":true,"href":"https:\/\/www.ecvents.com\/es\/wp-json\/wp\/v2\/product_brand?post=669"},{"taxonomy":"product_cat","embeddable":true,"href":"https:\/\/www.ecvents.com\/es\/wp-json\/wp\/v2\/product_cat?post=669"},{"taxonomy":"product_tag","embeddable":true,"href":"https:\/\/www.ecvents.com\/es\/wp-json\/wp\/v2\/product_tag?post=669"}],"curies":[{"name":"pp","href":"https:\/\/api.w.org\/{rel}","templated":true}]}}