{"id":958,"date":"2025-08-21T07:13:38","date_gmt":"2025-08-21T07:13:38","guid":{"rendered":"https:\/\/ecvents.com\/?post_type=product&#038;p=958"},"modified":"2026-02-06T04:50:03","modified_gmt":"2026-02-06T09:50:03","slug":"ventilador-en-linea-ec-con-velocidad-continua","status":"publish","type":"product","link":"https:\/\/www.ecvents.com\/es\/product\/ventilador-en-linea-ec-con-velocidad-continua\/","title":{"rendered":"Ventilador de ventilaci\u00f3n en l\u00ednea de 4\/6\/8 pulgadas, ventilador de aire fresco EC con control de velocidad WiFi adecuado para invernaderos, ventiladores de escape"},"content":{"rendered":"<div class=\"wp-block-stackable-columns stk-block-columns stk-block stk-1c6457f\" data-block-id=\"1c6457f\"><div class=\"stk-row stk-inner-blocks stk-block-content stk-content-align stk-1c6457f-column\">\n<div class=\"wp-block-stackable-column stk-block-column stk-column stk-block stk-0567ae9\" data-v=\"4\" data-block-id=\"0567ae9\"><div class=\"stk-column-wrapper stk-block-column__content stk-container stk-0567ae9-container stk--no-background stk--no-padding\"><div class=\"stk-block-content stk-inner-blocks stk-0567ae9-inner-blocks\">\n<p>Dise\u00f1ado para las exigentes configuraciones de ventilaci\u00f3n, este&nbsp;<strong>Kit de ventilador de conducto en l\u00ednea de flujo mixto EC<\/strong>&nbsp;Combina el alto rendimiento de la presi\u00f3n est\u00e1tica con un funcionamiento ultra silencioso. El dise\u00f1o de flujo mixto ayuda a mantener el flujo de aire a trav\u00e9s de las curvas, curvas y filtros de los conductos, mientras que el&nbsp;<strong>Motor EC + Control PWM<\/strong>&nbsp;Garantiza un rendimiento estable y eficiente de energ\u00eda en todo el rango de velocidad.<\/p>\n\n\n\n<p>Con un controlador inteligente y un control integrado de temperatura\/humedad, el ventilador puede aumentar o disminuir autom\u00e1ticamente para mantener su entorno objetivo, ideal para espacios de crecimiento, proyectos de ventilaci\u00f3n en el hogar y refrigeraci\u00f3n de equipos.<\/p>\n<\/div><\/div><\/div>\n\n\n\n<div class=\"wp-block-stackable-column stk-block-column stk-column stk-block stk-03bc00f\" data-v=\"4\" data-block-id=\"03bc00f\"><div class=\"stk-column-wrapper stk-block-column__content stk-container stk-03bc00f-container stk--no-background stk--no-padding\"><div class=\"stk-block-content stk-inner-blocks stk-03bc00f-inner-blocks\"><figure class=\"wp-block-embed-youtube wp-block-embed is-type-video is-provider-youtube wp-embed-aspect-16-9 wp-has-aspect-ratio\"><div class=\"lyte-wrapper\" style=\"width:560px;max-width:100%;margin:5px auto;\"><div class=\"lyMe\" id=\"WYL_yY-lsTz0Fk4\"><div id=\"lyte_yY-lsTz0Fk4\" data-src=\"https:\/\/www.ecvents.com\/wp-content\/plugins\/wp-youtube-lyte\/lyteCache.php?origThumbUrl=%2F%2Fi.ytimg.com%2Fvi%2FyY-lsTz0Fk4%2Fhqdefault.jpg\" class=\"pL\"><div class=\"tC\"><div class=\"tT\"><\/div><\/div><div class=\"play\"><\/div><div class=\"ctrl\"><div class=\"Lctrl\"><\/div><div class=\"Rctrl\"><\/div><\/div><\/div><noscript><a href=\"https:\/\/youtu.be\/yY-lsTz0Fk4\" rel=\"nofollow noopener\" target=\"_blank\"><img loading=\"lazy\" decoding=\"async\" src=\"https:\/\/www.ecvents.com\/wp-content\/plugins\/wp-youtube-lyte\/lyteCache.php?origThumbUrl=https%3A%2F%2Fi.ytimg.com%2Fvi%2FyY-lsTz0Fk4%2F0.jpg\" alt=\"YouTube video thumbnail\" width=\"560\" height=\"295\" data-no-translation=\"\" \/><br \/>Ver este v\u00eddeo en youtube<\/a><\/noscript><\/div><\/div><div class=\"lL\" style=\"max-width:100%;width:560px;margin:5px auto;\"><\/div><figcaption><\/figcaption><\/figure><\/div><\/div><\/div>\n<\/div><\/div>\n\n\n\n<hr class=\"wp-block-separator has-alpha-channel-opacity\"\/>\n\n\n\n<h2 class=\"wp-block-heading\">Por qu\u00e9 te encantar\u00e1<\/h2>\n\n\n\n<h3 class=\"wp-block-heading\">1) Dise\u00f1o de flujo mixto = presi\u00f3n m\u00e1s fuerte, mejor rendimiento del conducto<\/h3>\n\n\n\n<ul class=\"wp-block-list\">\n<li>Maneja la resistencia de\u00a0<strong>Conductos largos, codos, rejillas y filtros de carbono<\/strong>\u00a0M\u00e1s eficazmente que los ventiladores axiales est\u00e1ndar<\/li>\n\n\n\n<li>Mantiene un flujo de aire constante para obtener resultados de ventilaci\u00f3n m\u00e1s consistentes<\/li>\n<\/ul>\n\n\n\n<h3 class=\"wp-block-heading\">2) Motor EC = Silencioso, eficiente, duradero<\/h3>\n\n\n\n<ul class=\"wp-block-list\">\n<li>Menor consumo de energ\u00eda en comparaci\u00f3n con los motores de CA tradicionales<\/li>\n\n\n\n<li>Funciona m\u00e1s suave con vibraci\u00f3n reducida para un funcionamiento m\u00e1s silencioso<\/li>\n\n\n\n<li>Construido para aplicaciones de ventilaci\u00f3n de servicio continuo<\/li>\n<\/ul>\n\n\n\n<h3 class=\"wp-block-heading\">3) Regulaci\u00f3n de velocidad continua PWM<\/h3>\n\n\n\n<ul class=\"wp-block-list\">\n<li>Afina el flujo de aire exactamente a sus necesidades<\/li>\n\n\n\n<li>Perfecto para marcar en el equilibrio entre\u00a0<strong>Nivel de ruido y rendimiento<\/strong><\/li>\n\n\n\n<li>Control de RPM estable y suave en todo el rango<\/li>\n<\/ul>\n\n\n\n<div class=\"wp-block-stackable-columns stk-block-columns stk-block stk-3ec5d2d\" data-block-id=\"3ec5d2d\"><style>.stk-3ec5d2d {margin-bottom:0px !important;}<\/style><div class=\"stk-row stk-inner-blocks stk-block-content stk-content-align stk-3ec5d2d-column\">\n<div class=\"wp-block-stackable-column stk-block-column stk-column stk-block stk-d92ef25\" data-v=\"4\" data-block-id=\"d92ef25\"><div class=\"stk-column-wrapper stk-block-column__content stk-container stk-d92ef25-container stk--no-background stk--no-padding\"><div class=\"stk-block-content stk-inner-blocks stk-d92ef25-inner-blocks\">\n<h3 class=\"wp-block-heading\">4) Control de temperatura y humedad inteligente (modo autom\u00e1tico)<\/h3>\n\n\n\n<ul class=\"wp-block-list\">\n<li>Los sensores integrados de temperatura y humedad monitorean el entorno en tiempo real<\/li>\n\n\n\n<li>La velocidad del ventilador se ajusta autom\u00e1ticamente a las condiciones cambiantes<\/li>\n\n\n\n<li>Ayuda a estabilizar el clima de la sala de cultivo y mejorar la eficiencia general del intercambio de aire<\/li>\n<\/ul>\n<\/div><\/div><\/div>\n\n\n\n<div class=\"wp-block-stackable-column stk-block-column stk-column stk-block stk-0677f2f\" data-v=\"4\" data-block-id=\"0677f2f\"><div class=\"stk-column-wrapper stk-block-column__content stk-container stk-0677f2f-container stk--no-background stk--no-padding\"><div class=\"stk-block-content stk-inner-blocks stk-0677f2f-inner-blocks\">\n<div class=\"wp-block-stackable-image stk-block-image stk-block stk-0560e25\" data-block-id=\"0560e25\"><style>.stk-0560e25 {margin-bottom:4px !important;}<\/style><figure><span class=\"stk-img-wrapper stk-image--shape-stretch\"><img loading=\"lazy\" decoding=\"async\" class=\"stk-img wp-image-4467\" src=\"https:\/\/www.ecvents.com\/wp-content\/uploads\/2025\/08\/kcvents-A-WiFi-Smart-Controller-for-EC-Mixed-Flow-Inline-Duct-Fan-Temp-Humidity-Auto-Control-1.jpg\" width=\"2000\" height=\"2000\" alt=\"Close-up of WiFi smart controller display showing temperature, humidity, fan speed, timer and auto mode for an EC mixed-flow inline duct fan\" srcset=\"https:\/\/www.ecvents.com\/wp-content\/uploads\/2025\/08\/kcvents-A-WiFi-Smart-Controller-for-EC-Mixed-Flow-Inline-Duct-Fan-Temp-Humidity-Auto-Control-1.jpg 2000w, https:\/\/www.ecvents.com\/wp-content\/uploads\/2025\/08\/kcvents-A-WiFi-Smart-Controller-for-EC-Mixed-Flow-Inline-Duct-Fan-Temp-Humidity-Auto-Control-1-300x300.jpg 300w, https:\/\/www.ecvents.com\/wp-content\/uploads\/2025\/08\/kcvents-A-WiFi-Smart-Controller-for-EC-Mixed-Flow-Inline-Duct-Fan-Temp-Humidity-Auto-Control-1-1024x1024.jpg 1024w, https:\/\/www.ecvents.com\/wp-content\/uploads\/2025\/08\/kcvents-A-WiFi-Smart-Controller-for-EC-Mixed-Flow-Inline-Duct-Fan-Temp-Humidity-Auto-Control-1-150x150.jpg 150w, https:\/\/www.ecvents.com\/wp-content\/uploads\/2025\/08\/kcvents-A-WiFi-Smart-Controller-for-EC-Mixed-Flow-Inline-Duct-Fan-Temp-Humidity-Auto-Control-1-768x768.jpg 768w, https:\/\/www.ecvents.com\/wp-content\/uploads\/2025\/08\/kcvents-A-WiFi-Smart-Controller-for-EC-Mixed-Flow-Inline-Duct-Fan-Temp-Humidity-Auto-Control-1-1536x1536.jpg 1536w, https:\/\/www.ecvents.com\/wp-content\/uploads\/2025\/08\/kcvents-A-WiFi-Smart-Controller-for-EC-Mixed-Flow-Inline-Duct-Fan-Temp-Humidity-Auto-Control-1-12x12.jpg 12w, https:\/\/www.ecvents.com\/wp-content\/uploads\/2025\/08\/kcvents-A-WiFi-Smart-Controller-for-EC-Mixed-Flow-Inline-Duct-Fan-Temp-Humidity-Auto-Control-1-500x500.jpg 500w, https:\/\/www.ecvents.com\/wp-content\/uploads\/2025\/08\/kcvents-A-WiFi-Smart-Controller-for-EC-Mixed-Flow-Inline-Duct-Fan-Temp-Humidity-Auto-Control-1-80x80.jpg 80w\" sizes=\"auto, (max-width: 2000px) 100vw, 2000px\" data-no-translation=\"\" \/><\/span><\/figure><\/div>\n<\/div><\/div><\/div>\n<\/div><\/div>\n\n\n\n<h3 class=\"wp-block-heading\">5) Pantalla clara + controles simples<\/h3>\n\n\n\n<ul class=\"wp-block-list\">\n<li>Visualizaci\u00f3n en tiempo real de\u00a0<strong>Temperatura, humedad, velocidad del ventilador\/rpm<\/strong>, y estado operativo<\/li>\n\n\n\n<li>Conmutaci\u00f3n de modo f\u00e1cil (por ejemplo, encendido\/apagado, temporizador, autom\u00e1tico, seg\u00fan las funciones de su controlador)<\/li>\n<\/ul>\n\n\n\n<div class=\"wp-block-stackable-columns stk-block-columns stk-block stk-24c7662\" data-block-id=\"24c7662\"><div class=\"stk-row stk-inner-blocks stk-block-content stk-content-align stk-24c7662-column\">\n<div class=\"wp-block-stackable-column stk-block-column stk-column stk-block stk-1ac7d66\" data-v=\"4\" data-block-id=\"1ac7d66\"><div class=\"stk-column-wrapper stk-block-column__content stk-container stk-1ac7d66-container stk--no-background stk--no-padding\"><div class=\"stk-block-content stk-inner-blocks stk-1ac7d66-inner-blocks\">\n<h2 class=\"wp-block-heading\">Ideal para<\/h2>\n\n\n\n<ul class=\"wp-block-list\">\n<li><strong>Carpa de cultivo \/ Ventilaci\u00f3n de sala de cultivo<\/strong>\u00a0(hidroponia, jardines interiores, invernaderos)<\/li>\n\n\n\n<li><strong>Escape de olor<\/strong>\u00a0(combinar con un filtro de carb\u00f3n)<\/li>\n\n\n\n<li><strong>Transferencia de aire de calor\/fr\u00edo<\/strong>\u00a0entre habitaciones<\/li>\n\n\n\n<li><strong>Mejoras en la circulaci\u00f3n de aire y ventilaci\u00f3n<\/strong>\u00a0En espacios de servicios p\u00fablicos<\/li>\n\n\n\n<li><strong>Refrigeradores AV \/ Armarios de Medios \/ Armarios de Red<\/strong><\/li>\n<\/ul>\n<\/div><\/div><\/div>\n\n\n\n<div class=\"wp-block-stackable-column stk-block-column stk-column stk-block stk-6d0a8cf\" data-v=\"4\" data-block-id=\"6d0a8cf\"><div class=\"stk-column-wrapper stk-block-column__content stk-container stk-6d0a8cf-container stk--no-background stk--no-padding\"><div class=\"stk-block-content stk-inner-blocks stk-6d0a8cf-inner-blocks\">\n<div class=\"wp-block-stackable-image stk-block-image stk-block stk-0776733\" data-block-id=\"0776733\"><figure><span class=\"stk-img-wrapper stk-image--shape-stretch\"><img loading=\"lazy\" decoding=\"async\" class=\"stk-img wp-image-4469\" src=\"https:\/\/www.ecvents.com\/wp-content\/uploads\/2025\/08\/EC-Mixed-Flow-Inline-Duct-Fan-for-Grow-Tent-Greenhouse-Kitchen-and-Garage-Ventilation-1.jpg\" width=\"1000\" height=\"1000\" alt=\"EC mixed-flow inline duct fan for ventilation and exhaust in garage, greenhouse, kitchen and indoor grow rooms, showing airflow direction\" srcset=\"https:\/\/www.ecvents.com\/wp-content\/uploads\/2025\/08\/EC-Mixed-Flow-Inline-Duct-Fan-for-Grow-Tent-Greenhouse-Kitchen-and-Garage-Ventilation-1.jpg 1000w, https:\/\/www.ecvents.com\/wp-content\/uploads\/2025\/08\/EC-Mixed-Flow-Inline-Duct-Fan-for-Grow-Tent-Greenhouse-Kitchen-and-Garage-Ventilation-1-300x300.jpg 300w, https:\/\/www.ecvents.com\/wp-content\/uploads\/2025\/08\/EC-Mixed-Flow-Inline-Duct-Fan-for-Grow-Tent-Greenhouse-Kitchen-and-Garage-Ventilation-1-150x150.jpg 150w, https:\/\/www.ecvents.com\/wp-content\/uploads\/2025\/08\/EC-Mixed-Flow-Inline-Duct-Fan-for-Grow-Tent-Greenhouse-Kitchen-and-Garage-Ventilation-1-768x768.jpg 768w, https:\/\/www.ecvents.com\/wp-content\/uploads\/2025\/08\/EC-Mixed-Flow-Inline-Duct-Fan-for-Grow-Tent-Greenhouse-Kitchen-and-Garage-Ventilation-1-12x12.jpg 12w, https:\/\/www.ecvents.com\/wp-content\/uploads\/2025\/08\/EC-Mixed-Flow-Inline-Duct-Fan-for-Grow-Tent-Greenhouse-Kitchen-and-Garage-Ventilation-1-500x500.jpg 500w, https:\/\/www.ecvents.com\/wp-content\/uploads\/2025\/08\/EC-Mixed-Flow-Inline-Duct-Fan-for-Grow-Tent-Greenhouse-Kitchen-and-Garage-Ventilation-1-80x80.jpg 80w\" sizes=\"auto, (max-width: 1000px) 100vw, 1000px\" data-no-translation=\"\" \/><\/span><\/figure><\/div>\n<\/div><\/div><\/div>\n<\/div><\/div>\n\n\n\n<h4 class=\"wp-block-heading\">Tabla de productos (pulgadas):<\/h4>\n\n\n\n<figure class=\"wp-block-table\"><table><thead><tr><th>modelo<\/th><th>Dimensiones (L\u00d7An\u00d7 Alto, pulg)<\/th><th>Di\u00e1metro del conducto<\/th><th>voltaje<\/th><th>potencia<\/th><th>velocidad m\u00e1xima<\/th><th>Flujo de aire m\u00e1ximo<\/th><th>embutido<\/th><th>Longitud del cable de alimentaci\u00f3n<\/th><th>Cable de ventilador a controlador<\/th><\/tr><\/thead><tbody><tr><td>KC100-A<\/td><td>11.93 \u00d7 7.95 \u00d7 7.48 pulgadas<\/td><td>4 en<\/td><td>CA 110-240V, 50\/60Hz<\/td><td>30 W<\/td><td>2700 rpm<\/td><td>205 CFM<\/td><td>28 dB<\/td><td>59.1 en<\/td><td>98.4 en<\/td><\/tr><tr><td>KC150-A<\/td><td>12.40 \u00d7 8.89 \u00d7 8.28 pulgadas<\/td><td>6 en<\/td><td>CA 110-240V, 50\/60Hz<\/td><td>50 W<\/td><td>2500 rpm<\/td><td>350 CFM<\/td><td>32 dB<\/td><td>59.1 en<\/td><td>98.4 en<\/td><\/tr><tr><td>KC200-A<\/td><td>12,99 \u00d7 9,92 \u00d7 9,25 pulgadas<\/td><td>8 en<\/td><td>CA 110-240V, 50\/60Hz<\/td><td>70 W<\/td><td>2300 rpm<\/td><td>500 cfm<\/td><td>40 dB<\/td><td>59.1 en<\/td><td>98.4 en<\/td><\/tr><\/tbody><\/table><\/figure>\n\n\n\n<h4 class=\"wp-block-heading\">Curvas:<\/h4>\n\n\n\n<figure class=\"wp-block-image\"><img decoding=\"async\" src=\"https:\/\/www.kcvents.com\/wp-content\/uploads\/2025\/07\/%E6%9B%B2%E7%BA%BF%E5%9B%BEKC-A-M.jpg\" alt=\"\" class=\"wp-image-2391\" data-no-translation=\"\"\/><\/figure>\n\n\n\n<hr class=\"wp-block-separator has-alpha-channel-opacity\"\/>\n\n\n\n<h2 class=\"wp-block-heading\">Qu\u00e9 est\u00e1 incluido (Kit completo)<\/h2>\n\n\n\n<ul class=\"wp-block-list\">\n<li>Ventilador de conductos de flujo mixto en l\u00ednea \u00d71<\/li>\n\n\n\n<li>Controlador\/pantalla inteligente \u00d71<\/li>\n\n\n\n<li><strong>Sonda de sensor cableado<\/strong>\u00a0(Temperatura y Humedad) \u00d71<\/li>\n\n\n\n<li>Enchufe de CA\/Adaptador de corriente \u00d71<\/li>\n\n\n\n<li>Abrazaderas de conducto \u00d72<\/li>\n\n\n\n<li>Hardware de montaje \u00d71 juego<\/li>\n\n\n\n<li>Manual de instalaci\u00f3n \u00d71<\/li>\n<\/ul>\n\n\n\n<p><\/p>","protected":false},"excerpt":{"rendered":"<ul>\n<li data-imt-p=\"1\"><strong>Verdadero silencio + alta eficiencia<\/strong>: Impulsor de flujo mixto emparejado con un\u00a0<strong>Motor CE<\/strong>\u00a0Ofrece un fuerte flujo de aire con bajo ruido y bajo consumo de energ\u00eda.<\/li>\n<li data-imt-p=\"1\"><strong>Control de velocidad continuo PWM<\/strong>: Ajuste de velocidad suave y preciso: no hay \u201csalto\u201d entre los ajustes.<\/li>\n<li data-imt-p=\"1\"><strong>Climatizaci\u00f3n automotri<\/strong>: incorporado\u00a0<strong>Sensores de temperatura y humedad<\/strong>\u00a0Habilite el ajuste autom\u00e1tico de la velocidad del ventilador en funci\u00f3n de las condiciones en tiempo real.<\/li>\n<li data-imt-p=\"1\"><strong>Pantalla f\u00e1cil de usar<\/strong>: Lecturas en vivo para\u00a0<strong>Velocidad, temperatura y humedad del ventilador<\/strong>, adem\u00e1s de conmutaci\u00f3n de modo f\u00e1cil.<\/li>\n<li data-imt-p=\"1\"><strong>Kit todo en uno<\/strong>: Incluye sonda de sensor, enchufe\/adaptador de CA, abrazaderas y hardware de montaje, listo para instalar.<\/li>\n<\/ul>","protected":false},"featured_media":4463,"comment_status":"open","ping_status":"closed","template":"","meta":{"_acf_changed":false},"product_brand":[],"product_cat":[27],"product_tag":[],"class_list":{"0":"post-958","1":"product","2":"type-product","3":"status-publish","4":"has-post-thumbnail","6":"product_cat-inline-duct-fan","8":"first","9":"instock","10":"purchasable","11":"product-type-variable","12":"has-default-attributes"},"acf":[],"_links":{"self":[{"href":"https:\/\/www.ecvents.com\/es\/wp-json\/wp\/v2\/product\/958","targetHints":{"allow":["GET"]}}],"collection":[{"href":"https:\/\/www.ecvents.com\/es\/wp-json\/wp\/v2\/product"}],"about":[{"href":"https:\/\/www.ecvents.com\/es\/wp-json\/wp\/v2\/types\/product"}],"replies":[{"embeddable":true,"href":"https:\/\/www.ecvents.com\/es\/wp-json\/wp\/v2\/comments?post=958"}],"wp:featuredmedia":[{"embeddable":true,"href":"https:\/\/www.ecvents.com\/es\/wp-json\/wp\/v2\/media\/4463"}],"wp:attachment":[{"href":"https:\/\/www.ecvents.com\/es\/wp-json\/wp\/v2\/media?parent=958"}],"wp:term":[{"taxonomy":"product_brand","embeddable":true,"href":"https:\/\/www.ecvents.com\/es\/wp-json\/wp\/v2\/product_brand?post=958"},{"taxonomy":"product_cat","embeddable":true,"href":"https:\/\/www.ecvents.com\/es\/wp-json\/wp\/v2\/product_cat?post=958"},{"taxonomy":"product_tag","embeddable":true,"href":"https:\/\/www.ecvents.com\/es\/wp-json\/wp\/v2\/product_tag?post=958"}],"curies":[{"name":"pp","href":"https:\/\/api.w.org\/{rel}","templated":true}]}}