{"id":972,"date":"2025-08-21T07:59:38","date_gmt":"2025-08-21T07:59:38","guid":{"rendered":"https:\/\/ecvents.com\/?post_type=product&#038;p=972"},"modified":"2025-10-29T02:10:43","modified_gmt":"2025-10-29T07:10:43","slug":"ventilador-de-escape-de-obturador-de-motor-ec","status":"publish","type":"product","link":"https:\/\/www.ecvents.com\/es\/product\/ventilador-de-escape-de-obturador-de-motor-ec\/","title":{"rendered":"Ventilador de escape de obturador de motor EC"},"content":{"rendered":"<div class=\"column mcb-column mcb-item-ef2dc8aa4 one laptop-one tablet-one mobile-one column_column vb-item\">\n<div class=\"mcb-column-inner mfn-module-wrapper mcb-column-inner-ef2dc8aa4 mcb-item-column-inner\">\n<div class=\"column_attr mfn-inline-editor clearfix\">\n<div class=\"mcb-wrap-background-overlay\">Tabla de par\u00e1metros:<\/div>\n<div class=\"column mcb-column mcb-item-ef2dc8aa4 one laptop-one tablet-one mobile-one column_column vb-item\">\n<div class=\"mcb-column-inner mfn-module-wrapper mcb-column-inner-ef2dc8aa4 mcb-item-column-inner\">\n<div class=\"column_attr mfn-inline-editor clearfix\">\n<table class=\"w-fit min-w-(--thread-content-width)\" data-start=\"254\" data-end=\"2568\">\n<thead data-start=\"254\" data-end=\"431\">\n<tr data-start=\"254\" data-end=\"431\">\n<th data-start=\"254\" data-end=\"278\" data-col-size=\"sm\"><strong data-start=\"256\" data-end=\"273\">presupuesto<\/strong><\/th>\n<th data-start=\"278\" data-end=\"431\" data-col-size=\"md\"><strong data-start=\"280\" data-end=\"291\">trabizo<\/strong><\/th>\n<\/tr>\n<\/thead>\n<tbody data-start=\"610\" data-end=\"2568\">\n<tr data-start=\"610\" data-end=\"787\">\n<td data-start=\"610\" data-end=\"634\" data-col-size=\"sm\"><strong data-start=\"612\" data-end=\"624\">Tama\u00f1o del abanico<\/strong><\/td>\n<td data-col-size=\"md\" data-start=\"634\" data-end=\"787\">16 pulgadas (40,6 cm)<\/td>\n<\/tr>\n<tr data-start=\"788\" data-end=\"965\">\n<td data-start=\"788\" data-end=\"812\" data-col-size=\"sm\"><strong data-start=\"790\" data-end=\"812\">Dimensiones totales<\/strong><\/td>\n<td data-start=\"812\" data-end=\"965\" data-col-size=\"md\">19.09\u2033 \u00d7 19.09\u2033 \u00d7 7.72\u2033 (48.5 \u00d7 48.5 \u00d7 19.6 cm)<\/td>\n<\/tr>\n<tr data-start=\"966\" data-end=\"1144\">\n<td data-start=\"966\" data-end=\"990\" data-col-size=\"sm\"><strong data-start=\"968\" data-end=\"990\">Tama\u00f1o del orificio de montaje<\/strong><\/td>\n<td data-start=\"990\" data-end=\"1144\" data-col-size=\"md\">Aproximadamente 16.92\u2033 \u00d7 16.92\u2033 (43 \u00d7 43 cm)<\/td>\n<\/tr>\n<tr data-start=\"1145\" data-end=\"1322\">\n<td data-start=\"1145\" data-end=\"1169\" data-col-size=\"sm\"><strong data-start=\"1147\" data-end=\"1167\">Capacidad de flujo de aire<\/strong><\/td>\n<td data-start=\"1169\" data-end=\"1322\" data-col-size=\"md\">2.560 CFM (ventilaci\u00f3n de alta eficiencia)<\/td>\n<\/tr>\n<tr data-start=\"1323\" data-end=\"1501\">\n<td data-start=\"1323\" data-end=\"1347\" data-col-size=\"sm\"><strong data-start=\"1325\" data-end=\"1344\">presi\u00f3n est\u00e1tica<\/strong><\/td>\n<td data-col-size=\"md\" data-start=\"1347\" data-end=\"1501\">25,9 mm-h\u2082O (aproximadamente 96 Pa)<\/td>\n<\/tr>\n<tr data-start=\"1502\" data-end=\"1678\">\n<td data-start=\"1502\" data-end=\"1526\" data-col-size=\"sm\"><strong data-start=\"1504\" data-end=\"1519\">nivel de ruido<\/strong><\/td>\n<td data-start=\"1526\" data-end=\"1678\" data-col-size=\"md\">Por lo general, 70 dBA (var\u00eda entre 67 y 70 dBA entre fuentes)<\/td>\n<\/tr>\n<tr data-start=\"1679\" data-end=\"1856\">\n<td data-start=\"1679\" data-end=\"1703\" data-col-size=\"sm\"><strong data-start=\"1681\" data-end=\"1700\">Conducir y controlar<\/strong><\/td>\n<td data-start=\"1703\" data-end=\"1856\" data-col-size=\"md\">Modulaci\u00f3n inteligente PWM, 10 velocidades (algunos modelos de 8 velocidades), con funci\u00f3n de memoria<\/td>\n<\/tr>\n<tr data-start=\"1857\" data-end=\"2034\">\n<td data-start=\"1857\" data-end=\"1881\" data-col-size=\"sm\"><strong data-start=\"1859\" data-end=\"1873\">Tipo de motor<\/strong><\/td>\n<td data-start=\"1881\" data-end=\"2034\" data-col-size=\"md\">EC (conmutado electr\u00f3nico) Motor eficiente de energ\u00eda, bajo ruido, alta eficiencia<\/td>\n<\/tr>\n<tr data-start=\"2035\" data-end=\"2212\">\n<td data-start=\"2035\" data-end=\"2059\" data-col-size=\"sm\"><strong data-start=\"2037\" data-end=\"2056\">Potencia \/ corriente<\/strong><\/td>\n<td data-start=\"2059\" data-end=\"2212\" data-col-size=\"md\">100 W \/ 1,5 A (100\u2013240 V CA, 50\/60 Hz)<\/td>\n<\/tr>\n<tr data-start=\"2213\" data-end=\"2390\">\n<td data-start=\"2213\" data-end=\"2238\" data-col-size=\"sm\"><strong data-start=\"2215\" data-end=\"2238\">Cojinetes y vida \u00fatil<\/strong><\/td>\n<td data-start=\"2238\" data-end=\"2390\" data-col-size=\"md\">Rodamientos de bolas dobles, L10 de vida \u00fatil de 67.000 horas<\/td>\n<\/tr>\n<tr data-start=\"2391\" data-end=\"2568\">\n<td data-start=\"2391\" data-end=\"2415\" data-col-size=\"sm\"><strong data-start=\"2393\" data-end=\"2415\">Protecci\u00f3n contra entrada<\/strong><\/td>\n<td data-start=\"2415\" data-end=\"2568\" data-col-size=\"md\">Clasificaci\u00f3n IP-44, resistente al polvo y al agua; dise\u00f1o estructural resistente a la corrosi\u00f3n<\/td>\n<\/tr>\n<\/tbody>\n<\/table>\n<\/div>\n<\/div>\n<\/div>\n<\/div>\n<\/div>\n<\/div>\n<div class=\"column mcb-column mcb-item-95b6ace20 one laptop-one tablet-one mobile-one column_column vb-item\">\n<div class=\"mcb-column-inner mfn-module-wrapper mcb-column-inner-95b6ace20 mcb-item-column-inner\">\n<div class=\"column_attr mfn-inline-editor clearfix\">\n<div class=\"button_align align_center\"><a class=\"button button_right button_size_2\" title=\"\" href=\"mailto:info@kcvents.com\" target=\"_blank\" rel=\"noopener\"><i class=\"icon-direction\" aria-hidden=\"true\"><\/i><span class=\"button_label\">\u8be2\u95ee<\/span><\/a><\/div>\n<\/div>\n<\/div>\n<\/div>","protected":false},"excerpt":{"rendered":"<h2>Ventilador de escape de obturador de motor EC<\/h2>\n<hr \/>\n<ol>\n<li>Ventilador de escape de obturador de 16 pulgadas con controlador de 10 velocidades, motor EC: ventilaci\u00f3n y refrigeraci\u00f3n montadas en la pared para cobertizos, \u00e1ticos, talleres e invernadero.<\/li>\n<li>Ventilaci\u00f3n eficiente: el dise\u00f1o del ventilador de obturador de alto flujo elimina r\u00e1pidamente el calor, la humedad y los olores con un flujo de aire de 2560 cfm.<\/li>\n<li>Construcci\u00f3n de metal duradero: las persianas de acero resistentes a la corrosi\u00f3n y las cuchillas de aluminio garantizan la longevidad.<\/li>\n<li>Funcionamiento suave y silencioso: el motor EC con PWM ofrece un rendimiento silencioso (~70 dBA).<\/li>\n<li>Ahorro de energ\u00eda y listo para Smart-Ready: Motor EC + PWM para eficiencia; UIS-Plataforma compatible para una integraci\u00f3n inteligente.<\/li>\n<li>Preciso y vers\u00e1til: controlador manual de 10 velocidades con memoria para entornos personalizados.<\/li>\n<li>Dise\u00f1o de calidad comercial: rodamientos de doble bola con clasificaci\u00f3n IP-44, vida \u00fatil de 67,000 horas para aplicaciones exigentes.<\/li>\n<\/ol>\n<p><a class=\"button button_right button_size_2\" title=\"\" href=\"mailto:info@kcvents.com\" target=\"_blank\" rel=\"noopener\"><i class=\"icon-direction\" aria-hidden=\"true\"><\/i><span class=\"button_label\">consultar<\/span><\/a>\u00a0 \u00a0 <a class=\"button button_right button_size_2\" title=\"\" href=\"https:\/\/www.kcvents.com\/portfolio-item\/ec-motor-shutter-exhaust-fan\" target=\"_blank\" rel=\"noopener\"><i class=\"icon-acrobat\" aria-hidden=\"true\"><\/i><span class=\"button_label\">cat\u00e1logo<\/span><\/a><\/p>","protected":false},"featured_media":976,"comment_status":"open","ping_status":"closed","template":"","meta":{"_acf_changed":false},"product_brand":[],"product_cat":[28],"product_tag":[],"class_list":{"0":"post-972","1":"product","2":"type-product","3":"status-publish","4":"has-post-thumbnail","6":"product_cat-exhaust-fan","8":"first","9":"instock","10":"taxable","11":"shipping-taxable","12":"purchasable","13":"product-type-simple"},"acf":[],"_links":{"self":[{"href":"https:\/\/www.ecvents.com\/es\/wp-json\/wp\/v2\/product\/972","targetHints":{"allow":["GET"]}}],"collection":[{"href":"https:\/\/www.ecvents.com\/es\/wp-json\/wp\/v2\/product"}],"about":[{"href":"https:\/\/www.ecvents.com\/es\/wp-json\/wp\/v2\/types\/product"}],"replies":[{"embeddable":true,"href":"https:\/\/www.ecvents.com\/es\/wp-json\/wp\/v2\/comments?post=972"}],"wp:featuredmedia":[{"embeddable":true,"href":"https:\/\/www.ecvents.com\/es\/wp-json\/wp\/v2\/media\/976"}],"wp:attachment":[{"href":"https:\/\/www.ecvents.com\/es\/wp-json\/wp\/v2\/media?parent=972"}],"wp:term":[{"taxonomy":"product_brand","embeddable":true,"href":"https:\/\/www.ecvents.com\/es\/wp-json\/wp\/v2\/product_brand?post=972"},{"taxonomy":"product_cat","embeddable":true,"href":"https:\/\/www.ecvents.com\/es\/wp-json\/wp\/v2\/product_cat?post=972"},{"taxonomy":"product_tag","embeddable":true,"href":"https:\/\/www.ecvents.com\/es\/wp-json\/wp\/v2\/product_tag?post=972"}],"curies":[{"name":"pp","href":"https:\/\/api.w.org\/{rel}","templated":true}]}}