{"id":1092,"date":"2025-08-28T10:09:58","date_gmt":"2025-08-28T10:09:58","guid":{"rendered":"https:\/\/ecvents.com\/?post_type=product&#038;p=1092"},"modified":"2025-11-10T03:41:25","modified_gmt":"2025-11-10T08:41:25","slug":"panneau-de-ventilateur-dechappement-de-fenetre-murale-c","status":"publish","type":"product","link":"https:\/\/www.ecvents.com\/fr\/product\/panneau-de-ventilateur-dechappement-de-fenetre-murale-c\/","title":{"rendered":"Ventilateur d'extraction mural\/fen\u00eatre \u2013 panneau C"},"content":{"rendered":"<div class=\"container-PrUkKo\">\n<div class=\"item-hGGxLi\">\n<div class=\"container-arOxqB chrome70-container\">\n<div class=\"inner-FyM8gE inner-item-swzCut\" data-target-id=\"message-box-target-id\" data-testid=\"union_message\">\n<div class=\"message-block-container-aFugD6\" data-testid=\"message-block-container\">\n<div class=\"flex flex-row w-full w-full max-w-full s-font-base text-s-color-text-secondary p-0 rounded-s-radius-s bg-transparent group data-[attr=select-mode]:-mt-10 data-[attr=select-mode]:py-10 data-[attr=select-mode]:px-16 data-[attr=select-mode]:sm:p-10 data-[attr=select-mode]:hover:bg-s-color-bg-base data-[attr=select-mode]:hover:rounded-s-radius-xs data-[attr=select-mode]:has-[:checked]:bg-s-color-bg-trans data-[attr=select-mode]:has-[:checked]:rounded-s-radius-xs data-[attr=select-mode]:pointer-events-none\" data-testid=\"receive_message\">\n<div class=\"flex flex-col flex-grow max-w-full min-w-0\">\n<div class=\"flex flex-row w-full\" data-testid=\"message_content\" data-message-id=\"18262907875209218\">\n<div class=\"w-full\" data-plugin-identifier=\"Symbol(infra:receive-message-box:text)\">\n<div class=\"container-ZYIsnH flow-markdown-body theme-samantha-Nbr9UN\" dir=\"ltr\" data-testid=\"message_text_content\" data-show-indicator=\"false\">\n<div class=\"auto-hide-last-sibling-br mdbox-table-root table-container-GhL7Lo\" data-scroll-inline-overflow=\"false\" data-scroll-inline-at-start=\"true\" data-scroll-inline-start-overflow=\"false\" data-scroll-inline-at-end=\"true\" data-scroll-inline-end-overflow=\"false\">\n<div class=\"table-scroll-container-hgHkfW mdbox-table-scroll-container\">\n<p data-start=\"1502\" data-end=\"1528\"><strong data-start=\"1502\" data-end=\"1526\">\ud83d\udd39 Notes suppl\u00e9mentaires\u00a0:<\/strong><\/p>\n<ul data-start=\"1529\" data-end=\"1703\">\n<li data-start=\"1529\" data-end=\"1570\">\n<p data-start=\"1531\" data-end=\"1570\">Id\u00e9al pour une installation de mur ou de fen\u00eatre<\/p>\n<\/li>\n<li data-start=\"1571\" data-end=\"1638\">\n<p data-start=\"1573\" data-end=\"1638\">Convient pour la ventilation r\u00e9sidentielle, commerciale ou industrielle<\/p>\n<\/li>\n<li data-start=\"1639\" data-end=\"1703\">\n<p data-start=\"1641\" data-end=\"1703\">Le mod\u00e8le r\u00e9versible am\u00e9liore la flexibilit\u00e9 de la circulation de l'air int\u00e9rieur<\/p>\n<\/li>\n<\/ul>\n<\/div>\n<\/div>\n<\/div>\n<\/div>\n<\/div>\n<\/div>\n<\/div>\n<\/div>\n<\/div>\n<\/div>\n<\/div>\n<\/div>\n<div class=\"container-PrUkKo\">\n<div class=\"item-hGGxLi\">\n<div class=\"container-arOxqB chrome70-container\">\n<div class=\"inner-FyM8gE inner-item-swzCut\" data-target-id=\"message-box-target-id\" data-testid=\"union_message\">\n<div class=\"message-block-container-aFugD6\" data-testid=\"message-block-container\">\n<div class=\"flex flex-row w-full justify-end w-full max-w-full s-font-base text-s-color-text-secondary p-0 rounded-s-radius-s bg-transparent data-[attr=select-mode]:-mt-10 data-[attr=select-mode]:py-10 data-[attr=select-mode]:px-16 data-[attr=select-mode]:sm:p-10 data-[attr=select-mode]:hover:bg-s-color-bg-base data-[attr=select-mode]:hover:rounded-s-radius-xs data-[attr=select-mode]:has-[:checked]:bg-s-color-bg-trans data-[attr=select-mode]:has-[:checked]:rounded-s-radius-xs data-[attr=select-mode]:pointer-events-none\" data-testid=\"send_message\">\n<div class=\"flex flex-col flex-grow max-w-full min-w-0\">\n<div class=\"flex flex-row w-full justify-end\" data-testid=\"message_content\" data-plugin-identifier=\"Symbol(send-nested-content)\" data-message-id=\"18263694200205058\">\n<div class=\"flex flex-col items-end gap-8\">\n<div class=\"\">\n<div class=\"container-vWPG4p clickable-zqugHB single-image-hMOEum\"><\/div>\n<\/div>\n<\/div>\n<\/div>\n<\/div>\n<\/div>\n<\/div>\n<\/div>\n<\/div>\n<\/div>\n<\/div>","protected":false},"excerpt":{"rendered":"<ul data-start=\"409\" data-end=\"1023\">\n<li data-start=\"409\" data-end=\"533\">\n<p data-start=\"411\" data-end=\"533\"><strong data-start=\"411\" data-end=\"423\">Moteur EC<\/strong>: Moteur \u00e0 commutation \u00e9lectronique \u00e0 haute efficacit\u00e9 avec d'excellentes performances d'\u00e9conomie d'\u00e9nergie et de contr\u00f4le de la vitesse<\/p>\n<\/li>\n<li data-start=\"534\" data-end=\"639\">\n<p data-start=\"536\" data-end=\"639\"><strong data-start=\"536\" data-end=\"551\">Logement en ABS<\/strong>: Fabriqu\u00e9 en acrylonitrile-butadi\u00e8ne-styr\u00e8ne pour une r\u00e9sistance, une r\u00e9sistance et une durabilit\u00e9 \u00e9lev\u00e9es<\/p>\n<\/li>\n<li data-start=\"640\" data-end=\"751\">\n<p data-start=\"642\" data-end=\"751\"><strong data-start=\"642\" data-end=\"662\">Amortisseur de r\u00e9tro-draft<\/strong>: Emp\u00eache l'air ext\u00e9rieur de refluer \u00e0 l'int\u00e9rieur, assurant une bonne direction de ventilation<\/p>\n<\/li>\n<li data-start=\"752\" data-end=\"856\">\n<p data-start=\"754\" data-end=\"856\"><strong data-start=\"754\" data-end=\"776\">D\u00e9bit d'air r\u00e9versible<\/strong>: Peut fonctionner en mode d'\u00e9chappement et d'admission, offrant une ventilation flexible<\/p>\n<\/li>\n<li data-start=\"857\" data-end=\"945\">\n<p data-start=\"859\" data-end=\"945\"><strong data-start=\"859\" data-end=\"877\">vitesse variable<\/strong>: Vitesse de ventilateur r\u00e9glable pour r\u00e9pondre aux diff\u00e9rentes exigences de ventilation<\/p>\n<\/li>\n<li data-start=\"946\" data-end=\"1023\">\n<p data-start=\"948\" data-end=\"1023\"><strong data-start=\"948\" data-end=\"961\">\u00e0 faible bruit<\/strong>: Fonctionnement silencieux, minimisation des perturbations de l'environnement<\/p>\n<\/li>\n<\/ul>\n<p data-start=\"1025\" data-end=\"1059\"><a class=\"button button_right button_size_2\" title=\"\" href=\"mailto:info@kcvents.com\" target=\"_blank\" rel=\"noopener\"><span class=\"button_label\">observation<\/span><\/a><\/p>","protected":false},"featured_media":1087,"comment_status":"open","ping_status":"closed","template":"","meta":{"_acf_changed":false},"product_brand":[],"product_cat":[28],"product_tag":[31,30,29,34,32,33],"class_list":{"0":"post-1092","1":"product","2":"type-product","3":"status-publish","4":"has-post-thumbnail","6":"product_cat-exhaust-fan","7":"product_tag-backdraft-damper","8":"product_tag-durable-abs-housing","9":"product_tag-energy-efficient-ec-motor","10":"product_tag-low-noise-operation","11":"product_tag-reversible-airflow","12":"product_tag-variable-speed-control","13":"pa_control-mode-manual-switch","14":"pa_control-mode-remote-control","15":"pa_control-mode-wifi-control","17":"first","18":"instock","19":"taxable","20":"shipping-taxable","21":"purchasable","22":"product-type-variable","23":"has-default-attributes"},"acf":[],"_links":{"self":[{"href":"https:\/\/www.ecvents.com\/fr\/wp-json\/wp\/v2\/product\/1092","targetHints":{"allow":["GET"]}}],"collection":[{"href":"https:\/\/www.ecvents.com\/fr\/wp-json\/wp\/v2\/product"}],"about":[{"href":"https:\/\/www.ecvents.com\/fr\/wp-json\/wp\/v2\/types\/product"}],"replies":[{"embeddable":true,"href":"https:\/\/www.ecvents.com\/fr\/wp-json\/wp\/v2\/comments?post=1092"}],"wp:featuredmedia":[{"embeddable":true,"href":"https:\/\/www.ecvents.com\/fr\/wp-json\/wp\/v2\/media\/1087"}],"wp:attachment":[{"href":"https:\/\/www.ecvents.com\/fr\/wp-json\/wp\/v2\/media?parent=1092"}],"wp:term":[{"taxonomy":"product_brand","embeddable":true,"href":"https:\/\/www.ecvents.com\/fr\/wp-json\/wp\/v2\/product_brand?post=1092"},{"taxonomy":"product_cat","embeddable":true,"href":"https:\/\/www.ecvents.com\/fr\/wp-json\/wp\/v2\/product_cat?post=1092"},{"taxonomy":"product_tag","embeddable":true,"href":"https:\/\/www.ecvents.com\/fr\/wp-json\/wp\/v2\/product_tag?post=1092"}],"curies":[{"name":"WP","href":"https:\/\/api.w.org\/{rel}","templated":true}]}}