{"id":1106,"date":"2025-08-28T10:38:28","date_gmt":"2025-08-28T10:38:28","guid":{"rendered":"https:\/\/ecvents.com\/?post_type=product&#038;p=1106"},"modified":"2026-01-07T03:54:38","modified_gmt":"2026-01-07T08:54:38","slug":"panneau-de-ventilateur-dechappement-de-fenetre-murale-j","status":"publish","type":"product","link":"https:\/\/www.ecvents.com\/fr\/product\/panneau-de-ventilateur-dechappement-de-fenetre-murale-j\/","title":{"rendered":"Ventilateur d'extraction mural avec t\u00e9l\u00e9commande, amortisseur de flux d'air ou r\u00e9trogradage KCVENTS 4\/6 \u201d"},"content":{"rendered":"<div class=\"container-PrUkKo\">\n<div class=\"item-hGGxLi\">\n<div class=\"container-arOxqB chrome70-container\">\n<div class=\"inner-FyM8gE inner-item-swzCut\" data-target-id=\"message-box-target-id\" data-testid=\"union_message\">\n<div class=\"message-block-container-aFugD6\" data-testid=\"message-block-container\">\n<div class=\"flex flex-row w-full w-full max-w-full s-font-base text-s-color-text-secondary p-0 rounded-s-radius-s bg-transparent group data-[attr=select-mode]:-mt-10 data-[attr=select-mode]:py-10 data-[attr=select-mode]:px-16 data-[attr=select-mode]:sm:p-10 data-[attr=select-mode]:hover:bg-s-color-bg-base data-[attr=select-mode]:hover:rounded-s-radius-xs data-[attr=select-mode]:has-[:checked]:bg-s-color-bg-trans data-[attr=select-mode]:has-[:checked]:rounded-s-radius-xs data-[attr=select-mode]:pointer-events-none\" data-testid=\"receive_message\">\n<div class=\"flex flex-col flex-grow max-w-full min-w-0\">\n<div class=\"flex flex-row w-full\" data-testid=\"message_content\" data-message-id=\"18262907875209218\">\n<div class=\"w-full\" data-plugin-identifier=\"Symbol(infra:receive-message-box:text)\">\n<div class=\"container-ZYIsnH flow-markdown-body theme-samantha-Nbr9UN\" dir=\"ltr\" data-testid=\"message_text_content\" data-show-indicator=\"false\">\n<div class=\"auto-hide-last-sibling-br mdbox-table-root table-container-GhL7Lo\" data-scroll-inline-overflow=\"false\" data-scroll-inline-at-start=\"true\" data-scroll-inline-start-overflow=\"false\" data-scroll-inline-at-end=\"true\" data-scroll-inline-end-overflow=\"false\">\n<div class=\"table-scroll-container-hgHkfW mdbox-table-scroll-container\">\n<h3 data-imt_insert_failed=\"1\">1) Comparaison rapide : amortisseur de contre-draft r\u00e9versible<\/h3>\n<p data-imt_insert_failed=\"1\">Choisissez la version qui correspond \u00e0 votre objectif de ventilation. Si vous avez besoin des deux\u00a0<strong>Entr\u00e9e et \u00e9chappement<\/strong>, choisir\u00a0<strong>D\u00e9bit d'air r\u00e9versible<\/strong>. Si seulement vous avez besoin\u00a0<strong>\u00e9chappement unidirectionnel<\/strong>\u00a0et souhaitez r\u00e9duire le refoulement, choisir\u00a0<strong>Amortisseur de r\u00e9tro-draft<\/strong>.<\/p>\n<div class=\"overflow-x-auto\">\n<table class=\"min-w-full\">\n<thead>\n<tr>\n<th class=\"whitespace-nowrap px-3 py-2\">question<\/th>\n<th class=\"whitespace-nowrap px-3 py-2\">Version \u00e0 flux d'air r\u00e9versible<\/th>\n<th class=\"whitespace-nowrap px-3 py-2\">Version d'amortisseur de r\u00e9tro-draft<\/th>\n<\/tr>\n<\/thead>\n<tbody>\n<tr>\n<td class=\"px-3 py-2\">Sens du flux d'air<\/td>\n<td class=\"px-3 py-2\">R\u00e9versible (admission \u2194 \u00e9chappement)<\/td>\n<td class=\"px-3 py-2\">\u00c9chappement uniquement<\/td>\n<\/tr>\n<tr>\n<td class=\"px-3 py-2\">Amortisseur de r\u00e9tro-draft<\/td>\n<td class=\"px-3 py-2\">non<\/td>\n<td class=\"px-3 py-2\">Oui (aide \u00e0 pr\u00e9venir le refoulement, aide \u00e0 bloquer les insectes)<\/td>\n<\/tr>\n<tr>\n<td class=\"px-3 py-2\">le mieux pour<\/td>\n<td class=\"px-3 py-2\">Chambres qui ont besoin d'une prise d'air frais\u00a0<em>et<\/em>\u00a0Flexibilit\u00e9 des \u00e9chappement<\/td>\n<td class=\"px-3 py-2\">Salles de bains\/cuisines\/garages o\u00f9 l'\u00e9chappement unidirectionnel est pr\u00e9f\u00e9rable<\/td>\n<\/tr>\n<tr>\n<td class=\"px-3 py-2\">ma\u00eetriser<\/td>\n<td class=\"px-3 py-2\">T\u00e9l\u00e9commande (d\u00e9pendante de la version)<\/td>\n<td class=\"px-3 py-2\">T\u00e9l\u00e9commande ou interrupteur mural (d\u00e9pendant de la version)<\/td>\n<\/tr>\n<tr>\n<td class=\"px-3 py-2\">Contr\u00f4le de la vitesse<\/td>\n<td class=\"px-3 py-2\">Vitesse variable en 5 \u00e9tapes<\/td>\n<td class=\"px-3 py-2\">Vitesse variable en 5 \u00e9tapes<\/td>\n<\/tr>\n<tr>\n<td class=\"px-3 py-2\">moteur<\/td>\n<td class=\"px-3 py-2\">Moteur EC<\/td>\n<td class=\"px-3 py-2\">Moteur EC<\/td>\n<\/tr>\n<tr>\n<td class=\"px-3 py-2\">bruit<\/td>\n<td class=\"px-3 py-2\">Fonctionnement \u00e0 faible bruit<\/td>\n<td class=\"px-3 py-2\">Fonctionnement \u00e0 faible bruit<\/td>\n<\/tr>\n<tr>\n<td class=\"px-3 py-2\">Puissance (comparaison de m\u00eame taille)<\/td>\n<td class=\"px-3 py-2\"><strong>puissance sup\u00e9rieure<\/strong>\u00a0(voir le tableau mod\u00e8le)<\/td>\n<td class=\"px-3 py-2\"><strong>puissance inf\u00e9rieure<\/strong>\u00a0(voir le tableau mod\u00e8le)<\/td>\n<\/tr>\n<\/tbody>\n<\/table>\n<\/div>\n<hr \/>\n<h3>2) Sp\u00e9cifications partag\u00e9es<\/h3>\n<p>Ces sp\u00e9cifications s'appliquent aux deux versions (amortisseur de flux d'air r\u00e9versible et de r\u00e9tro-draft) :<\/p>\n<div class=\"overflow-x-auto\">\n<table class=\"min-w-full\">\n<thead>\n<tr>\n<th class=\"whitespace-nowrap px-3 py-2\">\u00c9l\u00e9ment partag\u00e9<\/th>\n<th class=\"whitespace-nowrap px-3 py-2\">sp\u00e9cification<\/th>\n<\/tr>\n<\/thead>\n<tbody>\n<tr>\n<td class=\"px-3 py-2\">\u00e9tiquette<\/td>\n<td class=\"px-3 py-2\">kcvents<\/td>\n<\/tr>\n<tr>\n<td class=\"px-3 py-2\">installation<\/td>\n<td class=\"px-3 py-2\">Montage mural \/ fen\u00eatre (mont\u00e9 au mur)<\/td>\n<\/tr>\n<tr>\n<td class=\"px-3 py-2\">demande<\/td>\n<td class=\"px-3 py-2\">H\u00f4tel, Industriel, VR, Garage, M\u00e9nage<\/td>\n<\/tr>\n<tr>\n<td class=\"px-3 py-2\">fonction<\/td>\n<td class=\"px-3 py-2\">Ventilation des \u00e9chappements (avec direction du flux d'air sp\u00e9cifique \u00e0 la version)<\/td>\n<\/tr>\n<tr>\n<td class=\"px-3 py-2\">Mat\u00e9riau du logement<\/td>\n<td class=\"px-3 py-2\">Plastique \/ ABS (bo\u00eetier ABS sur les ic\u00f4nes de version r\u00e9versible)<\/td>\n<\/tr>\n<tr>\n<td class=\"px-3 py-2\">type de moteur<\/td>\n<td class=\"px-3 py-2\">Moteur EC (\u00e9conomie d'\u00e9nergie)<\/td>\n<\/tr>\n<tr>\n<td class=\"px-3 py-2\">Contr\u00f4le de la vitesse<\/td>\n<td class=\"px-3 py-2\">R\u00e9gulation de vitesse en 5 \u00e9tapes<\/td>\n<\/tr>\n<tr>\n<td class=\"px-3 py-2\">niveau sonore<\/td>\n<td class=\"px-3 py-2\">\u2264 40 dB<\/td>\n<\/tr>\n<tr>\n<td class=\"px-3 py-2\">Contr\u00f4le des applications<\/td>\n<td class=\"px-3 py-2\">non<\/td>\n<\/tr>\n<tr>\n<td class=\"px-3 py-2\">langage d'utilisation<\/td>\n<td class=\"px-3 py-2\">anglais<\/td>\n<\/tr>\n<tr>\n<td class=\"px-3 py-2\">justification<\/td>\n<td class=\"px-3 py-2\"><strong>3 ans<\/strong><\/td>\n<\/tr>\n<tr>\n<td class=\"px-3 py-2\">origine<\/td>\n<td class=\"px-3 py-2\">Guangdong, Chine<\/td>\n<\/tr>\n<tr>\n<td class=\"px-3 py-2\">Personnalisation<\/td>\n<td class=\"px-3 py-2\">Logo\/personnalisation graphique : impression 3D<\/td>\n<\/tr>\n<\/tbody>\n<\/table>\n<\/div>\n<hr \/>\n<h3>3) Mod\u00e8les de tableaux pour la confirmation de commande<\/h3>\n<p>Utilisez les tableaux ci-dessous pour confirmer le mod\u00e8le exact que vous s\u00e9lectionnez (taille, puissance, flux d'air et version).<\/p>\n<h4>a) Mod\u00e8les de flux d'air r\u00e9versibles (direction r\u00e9versible)<\/h4>\n<div class=\"overflow-x-auto\">\n<table class=\"min-w-full\">\n<thead>\n<tr>\n<th class=\"whitespace-nowrap px-3 py-2\">mannequin<\/th>\n<th class=\"whitespace-nowrap px-3 py-2\">Taille (pouce)<\/th>\n<th class=\"whitespace-nowrap px-3 py-2\">tension<\/th>\n<th class=\"whitespace-nowrap px-3 py-2\">Puissance du moteur EC (W)<\/th>\n<th class=\"whitespace-nowrap px-3 py-2\">D\u00e9bit d'air (m\u00b3\/h)<\/th>\n<th class=\"whitespace-nowrap px-3 py-2\">notes<\/th>\n<\/tr>\n<\/thead>\n<tbody>\n<tr>\n<td class=\"px-3 py-2\"><strong>APC10-J-R\u00e9versible<\/strong><\/td>\n<td class=\"px-3 py-2\">4\u2033<\/td>\n<td class=\"px-3 py-2\">80\u2013245V, 50\u201360Hz<\/td>\n<td class=\"px-3 py-2\"><strong>10w<\/strong><\/td>\n<td class=\"px-3 py-2\"><strong>100<\/strong><\/td>\n<td class=\"px-3 py-2\">D\u00e9bit d'air r\u00e9versible;\u00a0<strong>Cycle automatique de 70 secondes<\/strong>; contr\u00f4le de la vitesse \u00e0 5 \u00e9tapes<\/td>\n<\/tr>\n<tr>\n<td class=\"px-3 py-2\"><strong>APC15-J-r\u00e9versible<\/strong><\/td>\n<td class=\"px-3 py-2\">6\u2033<\/td>\n<td class=\"px-3 py-2\">80\u2013245V, 50\u201360Hz<\/td>\n<td class=\"px-3 py-2\"><strong>10w<\/strong><\/td>\n<td class=\"px-3 py-2\"><strong>230<\/strong><\/td>\n<td class=\"px-3 py-2\">D\u00e9bit d'air r\u00e9versible;\u00a0<strong>Cycle automatique de 70 secondes<\/strong>; contr\u00f4le de la vitesse \u00e0 5 \u00e9tapes<\/td>\n<\/tr>\n<\/tbody>\n<\/table>\n<\/div>\n<h4>b) Mod\u00e8les d'amortisseur de contre-draft (seuls d'\u00e9chappement + anti-retour)<\/h4>\n<div class=\"overflow-x-auto\">\n<table class=\"min-w-full\">\n<thead>\n<tr>\n<th class=\"whitespace-nowrap px-3 py-2\">mannequin<\/th>\n<th class=\"whitespace-nowrap px-3 py-2\">Taille (pouce)<\/th>\n<th class=\"whitespace-nowrap px-3 py-2\">tension<\/th>\n<th class=\"whitespace-nowrap px-3 py-2\">Puissance du moteur EC (W)<\/th>\n<th class=\"whitespace-nowrap px-3 py-2\">D\u00e9bit d'air (m\u00b3\/h)<\/th>\n<th class=\"whitespace-nowrap px-3 py-2\">notes<\/th>\n<\/tr>\n<\/thead>\n<tbody>\n<tr>\n<td class=\"px-3 py-2\"><strong>APC10-J<\/strong><\/td>\n<td class=\"px-3 py-2\">4\u2033<\/td>\n<td class=\"px-3 py-2\">220v<\/td>\n<td class=\"px-3 py-2\"><strong>4w<\/strong><\/td>\n<td class=\"px-3 py-2\"><strong>90<\/strong><\/td>\n<td class=\"px-3 py-2\">\u00c9chappement uniquement\u00a0;\u00a0<strong>Amortisseur de r\u00e9tro-draft<\/strong><\/td>\n<\/tr>\n<tr>\n<td class=\"px-3 py-2\"><strong>APC15-J<\/strong><\/td>\n<td class=\"px-3 py-2\">6\u2033<\/td>\n<td class=\"px-3 py-2\">(non fourni)<\/td>\n<td class=\"px-3 py-2\"><strong>5w<\/strong><\/td>\n<td class=\"px-3 py-2\"><strong>180<\/strong><\/td>\n<td class=\"px-3 py-2\">\u00c9chappement uniquement\u00a0;\u00a0<strong>Amortisseur de r\u00e9tro-draft<\/strong><\/td>\n<\/tr>\n<\/tbody>\n<\/table>\n<\/div>\n<h3 data-start=\"74\" data-end=\"153\">\ud83c\udf2c\ufe0f Version standard (par exemple, APC-C-EC \/ interrupteur thermostatique silencieux \/ filaire)<\/h3>\n<p data-start=\"154\" data-end=\"192\"><strong data-start=\"154\" data-end=\"174\">\u2705 Fonction principale\u00a0:<\/strong> \u00e9chappement unidirectionnel<\/p>\n<ul data-start=\"193\" data-end=\"524\">\n<li data-start=\"193\" data-end=\"267\">\n<p data-start=\"195\" data-end=\"267\">\ud83c\udfe0 \u00c9limine l'air int\u00e9rieur contenant des odeurs, de l'humidit\u00e9, de la fum\u00e9e ou des polluants<\/p>\n<\/li>\n<li data-start=\"268\" data-end=\"331\">\n<p data-start=\"270\" data-end=\"331\">\ud83d\udeaa Expulse l'air int\u00e9rieur \u00e0 l'ext\u00e9rieur pour am\u00e9liorer la qualit\u00e9 de l'air int\u00e9rieur<\/p>\n<\/li>\n<li data-start=\"332\" data-end=\"412\">\n<p data-start=\"334\" data-end=\"412\">\ud83d\udca8 Pensez-y comme un \u201c transporteur a\u00e9rien \u201d \u00e0 sens unique : il ne pousse que l'air int\u00e9rieur.<\/p>\n<\/li>\n<li data-start=\"413\" data-end=\"524\">\n<p data-start=\"415\" data-end=\"524\">\ud83c\udf73 Exemple : apr\u00e8s la cuisson, il peut \u00e9liminer les fum\u00e9es de cuisson et la fum\u00e9e, mais <strong data-start=\"485\" data-end=\"522\">ne peut pas apporter d'air ext\u00e9rieur frais dans<\/strong><\/p>\n<\/li>\n<\/ul>\n<hr data-start=\"526\" data-end=\"529\" \/>\n<h3 data-start=\"531\" data-end=\"594\">\ud83d\udd04 Version r\u00e9versible (p. ex., APC-C-EC \/ mod\u00e8le r\u00e9versible)<\/h3>\n<p data-start=\"595\" data-end=\"658\"><strong data-start=\"595\" data-end=\"615\">\u2705 Fonction principale\u00a0:<\/strong> D\u00e9bit d'air bidirectionnel (\u00e9chappement et admission)<\/p>\n<ul data-start=\"659\" data-end=\"969\">\n<li data-start=\"659\" data-end=\"722\">\n<p data-start=\"661\" data-end=\"722\">\ud83c\udfe0 Expulse l'air pollu\u00e9 \u00e0 l'int\u00e9rieur <strong data-start=\"691\" data-end=\"720\">Comme la version standard<\/strong><\/p>\n<\/li>\n<li data-start=\"723\" data-end=\"800\">\n<p data-start=\"725\" data-end=\"800\">\ud83c\udf3f Peut s'inverser pour apporter de l'air ext\u00e9rieur frais \u00e0 l'int\u00e9rieur pour une circulation bidirectionnelle<\/p>\n<\/li>\n<li data-start=\"801\" data-end=\"891\">\n<p data-start=\"803\" data-end=\"891\">\ud83d\udca8 Exemple : lorsque l'air int\u00e9rieur est \u00e9touffant, passez en mode invers\u00e9 pour apporter de l'air frais<\/p>\n<\/li>\n<li data-start=\"892\" data-end=\"969\">\n<p data-start=\"894\" data-end=\"969\">\ud83d\udd04 Le mode normal fonctionne toujours comme un \u00e9chappement standard pour \u00e9liminer l'air us\u00e9<\/p>\n<\/li>\n<\/ul>\n<hr data-start=\"971\" data-end=\"974\" \/>\n<h3 data-start=\"976\" data-end=\"1000\">\ud83d\udca1 Conseils pour les utilisateurs :<\/h3>\n<ul data-start=\"1001\" data-end=\"1192\">\n<li data-start=\"1001\" data-end=\"1093\">\n<p data-start=\"1003\" data-end=\"1093\">Parfait pour les cuisines, les salles de bain ou tout autre espace int\u00e9rieur n\u00e9cessitant <strong data-start=\"1064\" data-end=\"1091\">Am\u00e9lioration de la qualit\u00e9 de<\/strong><\/p>\n<\/li>\n<li data-start=\"1094\" data-end=\"1192\">\n<p data-start=\"1096\" data-end=\"1192\">La version r\u00e9versible fournit <strong data-start=\"1124\" data-end=\"1148\">Ventilation flexible<\/strong>, Am\u00e9lioration de la fra\u00eecheur et du confort de l'air<\/p>\n<\/li>\n<\/ul>\n<p data-start=\"1502\" data-end=\"1528\"><strong data-start=\"1502\" data-end=\"1526\">\ud83d\udd39 Notes suppl\u00e9mentaires\u00a0:<\/strong><\/p>\n<ul data-start=\"1529\" data-end=\"1703\">\n<li data-start=\"1529\" data-end=\"1570\">\n<p data-start=\"1531\" data-end=\"1570\">Id\u00e9al pour une installation de mur ou de fen\u00eatre<\/p>\n<\/li>\n<li data-start=\"1571\" data-end=\"1638\">\n<p data-start=\"1573\" data-end=\"1638\">Convient pour la ventilation r\u00e9sidentielle, commerciale ou industrielle<\/p>\n<\/li>\n<li data-start=\"1639\" data-end=\"1703\">\n<p data-start=\"1641\" data-end=\"1703\">Le mod\u00e8le r\u00e9versible am\u00e9liore la flexibilit\u00e9 de la circulation de l'air int\u00e9rieur<\/p>\n<\/li>\n<\/ul>\n<\/div>\n<\/div>\n<\/div>\n<\/div>\n<\/div>\n<\/div>\n<\/div>\n<\/div>\n<\/div>\n<\/div>\n<\/div>\n<\/div>","protected":false},"excerpt":{"rendered":"<p>Le ventilateur mural KCVENTS aide \u00e0 \u00e9liminer l'humidit\u00e9, les odeurs et l'air vici\u00e9 dans les salles de bains, les cuisines, les buanderies et d'autres espaces de la maison. Choisissez parmi les tailles de 4\u2033\/6\u2033 et diff\u00e9rentes configurations pour r\u00e9pondre \u00e0 vos besoins d'installation et d'utilisation.<\/p>\n<ul>\n<li>Installation murale pour salle de bain\/cuisine\/ventilation de pi\u00e8ce<\/li>\n<li>Options de taille de 4\u2033\/6\u2033 pour s'adapter \u00e0 diff\u00e9rentes ouvertures de conduits<\/li>\n<li>Options de commande \u00e0 distance ou de commutation pour plus de commodit\u00e9<\/li>\n<li>Fonctionnement \u00e9co-responsable et \u00e9conome en \u00e9nergie<\/li>\n<li>R\u00e9sistance \u00e0 haute temp\u00e9rature (jusqu'\u00e0\u00a0<strong>105\u00b0C<\/strong>, selon la version)<\/li>\n<li>Plusieurs types de prises : US \/ EU \/ UK \/ UA (s\u00e9lectionnez \u00e0 la caisse)<\/li>\n<\/ul>","protected":false},"featured_media":3913,"comment_status":"open","ping_status":"closed","template":"","meta":{"_acf_changed":false},"product_brand":[62],"product_cat":[28],"product_tag":[31,30,29,34,32,33],"class_list":{"0":"post-1106","1":"product","2":"type-product","3":"status-publish","4":"has-post-thumbnail","6":"product_brand-kcvents","7":"product_cat-exhaust-fan","8":"product_tag-backdraft-damper","9":"product_tag-durable-abs-housing","10":"product_tag-energy-efficient-ec-motor","11":"product_tag-low-noise-operation","12":"product_tag-reversible-airflow","13":"product_tag-variable-speed-control","15":"first","16":"instock","17":"taxable","18":"shipping-taxable","19":"purchasable","20":"product-type-variable","21":"has-default-attributes"},"acf":[],"_links":{"self":[{"href":"https:\/\/www.ecvents.com\/fr\/wp-json\/wp\/v2\/product\/1106","targetHints":{"allow":["GET"]}}],"collection":[{"href":"https:\/\/www.ecvents.com\/fr\/wp-json\/wp\/v2\/product"}],"about":[{"href":"https:\/\/www.ecvents.com\/fr\/wp-json\/wp\/v2\/types\/product"}],"replies":[{"embeddable":true,"href":"https:\/\/www.ecvents.com\/fr\/wp-json\/wp\/v2\/comments?post=1106"}],"wp:featuredmedia":[{"embeddable":true,"href":"https:\/\/www.ecvents.com\/fr\/wp-json\/wp\/v2\/media\/3913"}],"wp:attachment":[{"href":"https:\/\/www.ecvents.com\/fr\/wp-json\/wp\/v2\/media?parent=1106"}],"wp:term":[{"taxonomy":"product_brand","embeddable":true,"href":"https:\/\/www.ecvents.com\/fr\/wp-json\/wp\/v2\/product_brand?post=1106"},{"taxonomy":"product_cat","embeddable":true,"href":"https:\/\/www.ecvents.com\/fr\/wp-json\/wp\/v2\/product_cat?post=1106"},{"taxonomy":"product_tag","embeddable":true,"href":"https:\/\/www.ecvents.com\/fr\/wp-json\/wp\/v2\/product_tag?post=1106"}],"curies":[{"name":"WP","href":"https:\/\/api.w.org\/{rel}","templated":true}]}}