{"id":239,"date":"2022-05-04T14:09:56","date_gmt":"2022-05-04T14:09:56","guid":{"rendered":"https:\/\/startersites.io\/blocksy\/gadgets\/?post_type=product&#038;p=239"},"modified":"2026-02-06T04:52:51","modified_gmt":"2026-02-06T09:52:51","slug":"ventilateur-en-ligne-ec-avec-thermo-hygrometrique","status":"publish","type":"product","link":"https:\/\/www.ecvents.com\/fr\/product\/ventilateur-en-ligne-ec-avec-thermo-hygrometrique\/","title":{"rendered":"Ventilateur EC en ligne avec une vitesse continue"},"content":{"rendered":"<div class=\"column mcb-column mcb-item-fb0f6563c one laptop-one tablet-one mobile-one column_video vb-item\">\n<div class=\"mcb-column-inner mfn-module-wrapper mcb-column-inner-fb0f6563c mcb-item-video-inner\">\n<div class=\"content_video iframe auto-wh\"><div class=\"lyte-wrapper\" style=\"width:560px;max-width:100%;margin:5px auto;\"><div class=\"lyMe qsa_\\&amp;enablejsapi\\=1\\&amp;origin\\=https:\/\/www.ecvents.com\" id=\"WYL_yY-lsTz0Fk4\"><div id=\"lyte_yY-lsTz0Fk4\" data-src=\"https:\/\/www.ecvents.com\/wp-content\/plugins\/wp-youtube-lyte\/lyteCache.php?origThumbUrl=%2F%2Fi.ytimg.com%2Fvi%2FyY-lsTz0Fk4%2Fhqdefault.jpg\" class=\"pL\"><div class=\"tC\"><div class=\"tT\"><\/div><\/div><div class=\"play\"><\/div><div class=\"ctrl\"><div class=\"Lctrl\"><\/div><div class=\"Rctrl\"><\/div><\/div><\/div><noscript><a href=\"https:\/\/youtu.be\/yY-lsTz0Fk4\" rel=\"nofollow noopener\" target=\"_blank\"><img loading=\"lazy\" decoding=\"async\" src=\"https:\/\/www.ecvents.com\/wp-content\/plugins\/wp-youtube-lyte\/lyteCache.php?origThumbUrl=https%3A%2F%2Fi.ytimg.com%2Fvi%2FyY-lsTz0Fk4%2F0.jpg\" alt=\"YouTube video thumbnail\" width=\"560\" height=\"295\" data-no-translation=\"\" \/><br \/>Lire cette vid\u00e9o sur YouTube<\/a><\/noscript><\/div><\/div><div class=\"lL\" style=\"max-width:100%;width:560px;margin:5px auto;\"><\/div><\/div>\n<\/div>\n<\/div>\n<div class=\"column mcb-column mcb-item-pdyqd734b one laptop-one tablet-one mobile-one column_column vb-item\">\n<div class=\"mcb-column-inner mfn-module-wrapper mcb-column-inner-pdyqd734b mcb-item-column-inner\">\n<div class=\"column_attr mfn-inline-editor clearfix\">\n<p>(Terminal mobile) : glissez la feuille vers la droite pour en voir plus.<\/p>\n<div class=\"mcb-wrap-background-overlay\"><\/div>\n<div class=\"column mcb-column mcb-item-1f437567e one laptop-one tablet-one mobile-one column_video vb-item\">\n<div class=\"mcb-column-inner mfn-module-wrapper mcb-column-inner-1f437567e mcb-item-video-inner\">\n<div class=\"content_video iframe auto-wh\"><div class=\"lyte-wrapper\" style=\"width:560px;max-width:100%;margin:5px auto;\"><div class=\"lyMe qsa_\\&amp;enablejsapi\\=1\\&amp;origin\\=https:\/\/www.ecvents.com\" id=\"WYL_yY-lsTz0Fk4\"><div id=\"lyte_yY-lsTz0Fk4\" data-src=\"https:\/\/www.ecvents.com\/wp-content\/plugins\/wp-youtube-lyte\/lyteCache.php?origThumbUrl=%2F%2Fi.ytimg.com%2Fvi%2FyY-lsTz0Fk4%2Fhqdefault.jpg\" class=\"pL\"><div class=\"tC\"><div class=\"tT\"><\/div><\/div><div class=\"play\"><\/div><div class=\"ctrl\"><div class=\"Lctrl\"><\/div><div class=\"Rctrl\"><\/div><\/div><\/div><noscript><a href=\"https:\/\/youtu.be\/yY-lsTz0Fk4\" rel=\"nofollow noopener\" target=\"_blank\"><img loading=\"lazy\" decoding=\"async\" src=\"https:\/\/www.ecvents.com\/wp-content\/plugins\/wp-youtube-lyte\/lyteCache.php?origThumbUrl=https%3A%2F%2Fi.ytimg.com%2Fvi%2FyY-lsTz0Fk4%2F0.jpg\" alt=\"YouTube video thumbnail\" width=\"560\" height=\"295\" data-no-translation=\"\" \/><br \/>Lire cette vid\u00e9o sur YouTube<\/a><\/noscript><\/div><\/div><div class=\"lL\" style=\"max-width:100%;width:560px;margin:5px auto;\"><\/div><\/div>\n<\/div>\n<\/div>\n<div class=\"column mcb-column mcb-item-dt7roja3r one laptop-one tablet-one mobile-one column_column vb-item\">\n<div class=\"mcb-column-inner mfn-module-wrapper mcb-column-inner-dt7roja3r mcb-item-column-inner\">\n<div class=\"column_attr mfn-inline-editor clearfix\">\n<h4>Table de produit (pouce):<\/h4>\n<table>\n<thead>\n<tr>\n<th>mannequin<\/th>\n<th>Dimensions (pouces)<\/th>\n<th>diam\u00e8tre<\/th>\n<th>\u00a0tension<\/th>\n<th>Puissance (W)<\/th>\n<th>Vitesse (tr\/min)<\/th>\n<th>D\u00e9bit d'air (CFM)<\/th>\n<th>Bruit (dB)<\/th>\n<th>Longueur du cordon d'alimentation<\/th>\n<th>Longueur du fil du ventilateur \u00e0 contr\u00f4leur<\/th>\n<\/tr>\n<\/thead>\n<tbody>\n<tr>\n<td>KC100 \u2013 M<\/td>\n<td>11.93*<em>7.95*<\/em>7.48<\/td>\n<td>4<\/td>\n<td>AC110 \u2013 240V 50\/60Hz<\/td>\n<td>30<\/td>\n<td>2700<\/td>\n<td>205<\/td>\n<td>28<\/td>\n<td>59.06<\/td>\n<td>98.43<\/td>\n<\/tr>\n<tr>\n<td>KC150 \u2013 M<\/td>\n<td>12.40*<em>8.89*<\/em>8.28<\/td>\n<td>6<\/td>\n<td>AC110 \u2013 240V 50\/60Hz<\/td>\n<td>50<\/td>\n<td>2500<\/td>\n<td>350<\/td>\n<td>32<\/td>\n<td>59.06<\/td>\n<td>98.43<\/td>\n<\/tr>\n<tr>\n<td>KC200 \u2013 M<\/td>\n<td>12.99*<em>9.92*<\/em>9.25<\/td>\n<td>8<\/td>\n<td>AC110 \u2013 240V 50\/60Hz<\/td>\n<td>70<\/td>\n<td>2300<\/td>\n<td>500<\/td>\n<td>40<\/td>\n<td>59.06<\/td>\n<td>98.43<\/td>\n<\/tr>\n<\/tbody>\n<\/table>\n<\/div>\n<\/div>\n<\/div>\n<h4>Courbes :<\/h4>\n<p><img loading=\"lazy\" decoding=\"async\" class=\"alignnone size-full wp-image-2391\" src=\"https:\/\/www.kcvents.com\/wp-content\/uploads\/2025\/07\/%E6%9B%B2%E7%BA%BF%E5%9B%BEKC-A-M.jpg\" alt=\"\" width=\"1500\" height=\"770\" data-no-translation=\"\" \/><\/p>\n<h4>Autres couleurs : jaune et vert<\/h4>\n<p><img decoding=\"async\" class=\"scale-with-grid\" src=\"https:\/\/www.kcvents.com\/wp-content\/uploads\/2021\/10\/ECcolor.jpg\" alt=\"\" data-no-translation=\"\" \/><\/p>\n<p><img decoding=\"async\" class=\"scale-with-grid\" src=\"https:\/\/www.kcvents.com\/wp-content\/uploads\/2021\/12\/Duct-Fan-With-Controller_01.jpg\" alt=\"Duct-Fan-With-Controller\" data-no-translation=\"\" \/><br \/>\n<img decoding=\"async\" class=\"scale-with-grid\" src=\"https:\/\/www.kcvents.com\/wp-content\/uploads\/2021\/12\/Duct-Fan-With-Controller_02.jpg\" alt=\"Duct-Fan-With-Controller\" data-no-translation=\"\" \/><br \/>\n<img decoding=\"async\" class=\"scale-with-grid\" src=\"https:\/\/www.kcvents.com\/wp-content\/uploads\/2021\/12\/Duct-Fan-With-Controller_03.jpg\" alt=\"Duct-Fan-With-Controller\" data-no-translation=\"\" \/><\/p>\n<\/div>\n<\/div>\n<\/div>\n<div class=\"column mcb-column mcb-item-8eobft5hg one laptop-one tablet-one mobile-one column_button vb-item\">\n<div class=\"mcb-column-inner mfn-module-wrapper mcb-column-inner-8eobft5hg mcb-item-button-inner\">\n<div class=\"button_align align_center\"><a class=\"button button_right button_size_2\" title=\"\" href=\"mailto:info@kcvents.com\"><i class=\"icon-direction\" aria-hidden=\"true\"><\/i><span class=\"button_label\">observation<\/span><\/a><\/div>\n<\/div>\n<\/div>","protected":false},"excerpt":{"rendered":"<ol>\n<li>La conception \u00e0 flux mixte combin\u00e9e \u00e0 un moteur DC ou EC contr\u00f4l\u00e9 par PWM permet des performances vraiment silencieuses et \u00e9conomes en \u00e9nergie avec une r\u00e9gulation de vitesse sans faille.<\/li>\n<li>Affichage convivial avec r\u00e9glage de la vitesse, de la temp\u00e9rature et de l'humidit\u00e9 du ventilateur. Contr\u00f4leur intelligent avec minuterie et syst\u00e8me d'alarme. Les capteurs de temp\u00e9rature et d'humidit\u00e9 int\u00e9gr\u00e9s permettent un r\u00e9glage automatique de la vitesse en fonction des conditions environnementales.<\/li>\n<li>Il peut \u00eatre utilis\u00e9 dans une vari\u00e9t\u00e9 d'environnements tels que la ventilation de la pi\u00e8ce de culture hydroponique, le chauffage\/refroidissement par transfert, les placards AV de refroidissement et l'extraction d'odeurs.<\/li>\n<li>Le kit comprend une sonde de capteur filaire, une prise d'alimentation secteur, deux colliers de serrage et le mat\u00e9riel de montage requis.<\/li>\n<\/ol>\n<p><a class=\"button button_right button_size_2\" title=\"\" href=\"mailto:info@kcvents.com\" target=\"_blank\" rel=\"noopener\"><i class=\"icon-direction\" aria-hidden=\"true\"><\/i><span class=\"button_label\">observation<\/span><\/a>\u00a0<a class=\"button button_right button_size_2\" title=\"\" href=\"https:\/\/www.kcvents.com\/wp-content\/uploads\/2021\/12\/EC-inline-duct-fan.pdf\" target=\"_blank\" rel=\"noopener\"><i class=\"icon-acrobat\" aria-hidden=\"true\"><\/i><span class=\"button_label\">catalogue<\/span><\/a><\/p>","protected":false},"featured_media":962,"comment_status":"open","ping_status":"closed","template":"","meta":{"_acf_changed":false},"product_brand":[],"product_cat":[27],"product_tag":[],"class_list":{"0":"post-239","1":"product","2":"type-product","3":"status-publish","4":"has-post-thumbnail","6":"product_cat-inline-duct-fan","8":"first","9":"instock","10":"taxable","11":"shipping-taxable","12":"purchasable","13":"product-type-variable"},"acf":[],"_links":{"self":[{"href":"https:\/\/www.ecvents.com\/fr\/wp-json\/wp\/v2\/product\/239","targetHints":{"allow":["GET"]}}],"collection":[{"href":"https:\/\/www.ecvents.com\/fr\/wp-json\/wp\/v2\/product"}],"about":[{"href":"https:\/\/www.ecvents.com\/fr\/wp-json\/wp\/v2\/types\/product"}],"replies":[{"embeddable":true,"href":"https:\/\/www.ecvents.com\/fr\/wp-json\/wp\/v2\/comments?post=239"}],"wp:featuredmedia":[{"embeddable":true,"href":"https:\/\/www.ecvents.com\/fr\/wp-json\/wp\/v2\/media\/962"}],"wp:attachment":[{"href":"https:\/\/www.ecvents.com\/fr\/wp-json\/wp\/v2\/media?parent=239"}],"wp:term":[{"taxonomy":"product_brand","embeddable":true,"href":"https:\/\/www.ecvents.com\/fr\/wp-json\/wp\/v2\/product_brand?post=239"},{"taxonomy":"product_cat","embeddable":true,"href":"https:\/\/www.ecvents.com\/fr\/wp-json\/wp\/v2\/product_cat?post=239"},{"taxonomy":"product_tag","embeddable":true,"href":"https:\/\/www.ecvents.com\/fr\/wp-json\/wp\/v2\/product_tag?post=239"}],"curies":[{"name":"WP","href":"https:\/\/api.w.org\/{rel}","templated":true}]}}