{"id":253,"date":"2022-05-04T14:23:18","date_gmt":"2022-05-04T14:23:18","guid":{"rendered":"https:\/\/startersites.io\/blocksy\/gadgets\/?post_type=product&#038;p=253"},"modified":"2025-10-29T02:45:09","modified_gmt":"2025-10-29T07:45:09","slug":"ventilateur-de-salle-de-bain","status":"publish","type":"product","link":"https:\/\/www.ecvents.com\/fr\/product\/ventilateur-de-salle-de-bain\/","title":{"rendered":"Ventilateur de salle de bain"},"content":{"rendered":"<div class=\"column mcb-column mcb-item-ef2dc8aa4 one laptop-one tablet-one mobile-one column_column vb-item\">\n<div class=\"mcb-column-inner mfn-module-wrapper mcb-column-inner-ef2dc8aa4 mcb-item-column-inner\">\n<div class=\"column_attr mfn-inline-editor clearfix\">\n<p><img loading=\"lazy\" decoding=\"async\" class=\"alignnone size-full wp-image-2485\" src=\"https:\/\/www.kcvents.com\/wp-content\/uploads\/2025\/07\/ec-Motor-Exhaust-Fan.jpg\" alt=\"\" width=\"1000\" height=\"589\" data-no-translation=\"\" \/><\/p>\n<h4>Dimensions (mm)<\/h4>\n<table>\n<thead>\n<tr>\n<th>mannequin<\/th>\n<th>jury d<\/th>\n<th>\u00e9paisseur<\/th>\n<th>diam\u00e8tre<\/th>\n<\/tr>\n<\/thead>\n<tbody>\n<tr>\n<td>APC10 \u2013 CE<\/td>\n<td>142*142<\/td>\n<td>75<\/td>\n<td>98<\/td>\n<\/tr>\n<tr>\n<td>APC15 \u2013 CE<\/td>\n<td>200*200<\/td>\n<td>75<\/td>\n<td>150<\/td>\n<\/tr>\n<tr>\n<td>APC20 \u2013 CE<\/td>\n<td>250*250<\/td>\n<td>100<\/td>\n<td>180<\/td>\n<\/tr>\n<\/tbody>\n<\/table>\n<h4>Sp\u00e9cification :<\/h4>\n<table>\n<thead>\n<tr>\n<th>mannequin<\/th>\n<th>Tension (V\/Hz)<\/th>\n<th>Puissance (W)<\/th>\n<th>D\u00e9bit d'air (m\u00b3\/h)<\/th>\n<th>Vitesse (r\/min)<\/th>\n<th>Bruit (dB)<\/th>\n<th>Taille (mm)<\/th>\n<th>Taille du trou (mm)<\/th>\n<\/tr>\n<\/thead>\n<tbody>\n<tr>\n<td>APC10 \u2013 CE<\/td>\n<td>220V \u2013 50Hz<\/td>\n<td>4<\/td>\n<td>192<\/td>\n<td>1800<\/td>\n<td>38<\/td>\n<td>142<em>77<\/em>98<\/td>\n<td>102 \u2013 103<\/td>\n<\/tr>\n<tr>\n<td>APC15 \u2013 CE<\/td>\n<td>220V \u2013 50Hz<\/td>\n<td>5<\/td>\n<td>192<\/td>\n<td>1800<\/td>\n<td>40<\/td>\n<td>200<em>87<\/em>150<\/td>\n<td>152 \u2013 158<\/td>\n<\/tr>\n<tr>\n<td>APC20 \u2013 CE<\/td>\n<td>220V \u2013 50Hz<\/td>\n<td>6<\/td>\n<td>258<\/td>\n<td>1800<\/td>\n<td>42<\/td>\n<td>250<em>100<\/em>180<\/td>\n<td>198 \u2013 203<\/td>\n<\/tr>\n<\/tbody>\n<\/table>\n<p>&nbsp;<\/p>\n<\/div>\n<\/div>\n<\/div>\n<div class=\"column mcb-column mcb-item-95b6ace20 one laptop-one tablet-one mobile-one column_column vb-item\">\n<div class=\"mcb-column-inner mfn-module-wrapper mcb-column-inner-95b6ace20 mcb-item-column-inner\">\n<div class=\"column_attr mfn-inline-editor clearfix\">\n<p>&nbsp;<\/p>\n<div class=\"button_align align_center\"><a class=\"button button_right button_size_2\" title=\"\" href=\"mailto:info@kcvents.com\" target=\"_blank\" rel=\"noopener\"><i class=\"icon-direction\" aria-hidden=\"true\"><\/i><span class=\"button_label\">observation<\/span><\/a><\/div>\n<\/div>\n<\/div>\n<\/div>","protected":false},"excerpt":{"rendered":"<ol>\n<li>Ventilation efficace avec moteur EC haute performance, assurant un flux d'air optimal pour votre espace. Performances puissantes et fiables.<\/li>\n<li>Technologie de moteur EC avanc\u00e9e pour une ventilation puissante tout en consommant une \u00e9nergie minimale. \u00c9conomisez de l'argent sur les factures de services publics gr\u00e2ce \u00e0 notre conception efficace.<\/li>\n<li>Con\u00e7u pour un fonctionnement silencieux, parfait pour les chambres, les bureaux ou les espaces sensibles au bruit. Profitez d'un environnement paisible avec notre fan<\/li>\n<li>Une construction robuste et des mat\u00e9riaux r\u00e9sistants \u00e0 la corrosion garantissent la durabilit\u00e9. Id\u00e9al pour les salles de bains, les cuisines ou les environnements commerciaux o\u00f9 la fiabilit\u00e9 est essentielle.<\/li>\n<li>Un syst\u00e8me de montage simple et des instructions incluses facilitent l'installation. Configuration sans tracas pour les amateurs de bricolage ou les installateurs professionnels.<\/li>\n<\/ol>\n<p><a class=\"button button_right button_size_2\" title=\"\" href=\"mailto:info@kcvents.com\" target=\"_blank\" rel=\"noopener\"><i class=\"icon-direction\" aria-hidden=\"true\"><\/i><span class=\"button_label\">observation<\/span><\/a>\u00a0<a class=\"button button_right button_size_2\" title=\"\" href=\"https:\/\/www.kcvents.com\/portfolio-item\/ec-motor-exhaust-fan\" target=\"_blank\" rel=\"noopener\"><i class=\"icon-acrobat\" aria-hidden=\"true\"><\/i><span class=\"button_label\">catalogue<\/span><\/a><\/p>","protected":false},"featured_media":934,"comment_status":"open","ping_status":"closed","template":"","meta":{"_acf_changed":false},"product_brand":[],"product_cat":[28],"product_tag":[],"class_list":{"0":"post-253","1":"product","2":"type-product","3":"status-publish","4":"has-post-thumbnail","6":"product_cat-exhaust-fan","8":"first","9":"instock","10":"taxable","11":"shipping-taxable","12":"purchasable","13":"product-type-variable","14":"has-default-attributes"},"acf":[],"_links":{"self":[{"href":"https:\/\/www.ecvents.com\/fr\/wp-json\/wp\/v2\/product\/253","targetHints":{"allow":["GET"]}}],"collection":[{"href":"https:\/\/www.ecvents.com\/fr\/wp-json\/wp\/v2\/product"}],"about":[{"href":"https:\/\/www.ecvents.com\/fr\/wp-json\/wp\/v2\/types\/product"}],"replies":[{"embeddable":true,"href":"https:\/\/www.ecvents.com\/fr\/wp-json\/wp\/v2\/comments?post=253"}],"wp:featuredmedia":[{"embeddable":true,"href":"https:\/\/www.ecvents.com\/fr\/wp-json\/wp\/v2\/media\/934"}],"wp:attachment":[{"href":"https:\/\/www.ecvents.com\/fr\/wp-json\/wp\/v2\/media?parent=253"}],"wp:term":[{"taxonomy":"product_brand","embeddable":true,"href":"https:\/\/www.ecvents.com\/fr\/wp-json\/wp\/v2\/product_brand?post=253"},{"taxonomy":"product_cat","embeddable":true,"href":"https:\/\/www.ecvents.com\/fr\/wp-json\/wp\/v2\/product_cat?post=253"},{"taxonomy":"product_tag","embeddable":true,"href":"https:\/\/www.ecvents.com\/fr\/wp-json\/wp\/v2\/product_tag?post=253"}],"curies":[{"name":"WP","href":"https:\/\/api.w.org\/{rel}","templated":true}]}}