{"id":259,"date":"2022-05-04T14:27:46","date_gmt":"2022-05-04T14:27:46","guid":{"rendered":"https:\/\/startersites.io\/blocksy\/gadgets\/?post_type=product&#038;p=259"},"modified":"2026-03-25T01:46:01","modified_gmt":"2026-03-25T06:46:01","slug":"ventilateur-de-recuperation-de-chaleur-vt125","status":"publish","type":"product","link":"https:\/\/www.ecvents.com\/fr\/product\/ventilateur-de-recuperation-de-chaleur-vt125\/","title":{"rendered":"Ventilateur de r\u00e9cup\u00e9ration de chaleur VT125"},"content":{"rendered":"<h4 class=\"wp-block-heading\">Dimensions (unit\u00e9:mm):<\/h4>\n\n\n\n<figure class=\"wp-block-image\"><img decoding=\"async\" src=\"https:\/\/www.kcvents.com\/wp-content\/uploads\/2025\/07\/model-2.png\" alt=\"\" class=\"wp-image-2550\" data-no-translation=\"\"\/><\/figure>\n\n\n\n<h4 class=\"wp-block-heading\">Sp\u00e9cifications du produit<\/h4>\n\n\n\n<figure class=\"wp-block-table\"><table><thead><tr><td><strong>Champ (anglais)<\/strong><\/td><td><strong>\u00e9valuer<\/strong><\/td><td><strong>Champ (anglais)<\/strong><\/td><td><strong>\u00e9valuer<\/strong><\/td><\/tr><\/thead><tbody><tr><td><strong>tension<\/strong><\/td><td>autre<\/td><td><strong>Produits chimiques dangereux<\/strong><\/td><td>nul<\/td><\/tr><tr><td><strong>nom de marque<\/strong><\/td><td>kcvents<\/td><td><strong>num\u00e9ro de mod\u00e8le<\/strong><\/td><td>VT125-WF<\/td><\/tr><tr><td><strong>Lieu d'origine<\/strong><\/td><td>Chine continentale<\/td><td><strong>attestation<\/strong><\/td><td>ce<\/td><\/tr><tr><td><strong>pouvoir<\/strong><\/td><td>12w<\/td><td><strong>Taille du panneau<\/strong><\/td><td>245 \u00d7 245 mm<\/td><\/tr><tr><td><strong>alimentation<\/strong><\/td><td>90V-240V 50\/60Hz<\/td><td><strong>Domaine applicable<\/strong><\/td><td>24 m\u00b2 (258 pi2)<\/td><\/tr><\/tbody><\/table><\/figure>\n\n\n\n<h4 class=\"wp-block-heading\">Tableau des param\u00e8tres\u00a0:<\/h4>\n\n\n\n<figure class=\"wp-block-table\"><table><tbody><tr><th><strong>allure<\/strong><\/th><th><strong>sommeil<\/strong><\/th><th><strong>\u2160<\/strong><\/th><th><strong>\u2161<\/strong><\/th><th><strong>\u2162<\/strong><\/th><\/tr><tr><td>tension<\/td><td colspan=\"4\">12VDC ou 100 \u2013 240V 50 \u2013 60Hz<\/td><\/tr><tr><td>Puissance totale du ventilateur (W)<\/td><td>5.5<\/td><td>6.0<\/td><td>8.5<\/td><td>12<\/td><\/tr><tr><td>Courant de ventilateur (A)<\/td><td>0.035<\/td><td>0.040<\/td><td>0.050<\/td><td>0.080<\/td><\/tr><tr><td>D\u00e9bit d'air (m\u00b3\/h)<\/td><td>20<\/td><td>30<\/td><td>45<\/td><td>60<\/td><\/tr><tr><td>Vitesse (tr\/min)<\/td><td>1000<\/td><td>1200<\/td><td>2050<\/td><td>2900<\/td><\/tr><tr><td>Temp\u00e9rature de l'air transport\u00e9<\/td><td colspan=\"4\">-20\u00b0C (-4\u00b0F) \u00e0 +50\u00b0C (122\u00b0F)<\/td><\/tr><tr><td>Efficacit\u00e9 des \u00e9changes de chaleur<\/td><td colspan=\"4\">Jusqu'\u00e0 90%<\/td><\/tr><tr><td>Noyau d'\u00e9changeur de chaleur<\/td><td colspan=\"4\">c\u00e9ramique<\/td><\/tr><\/tbody><\/table><\/figure>\n\n\n\n<h4 class=\"wp-block-heading\">Calme\u202fefficacit\u00e9.\u202f Propre\u202f\u00e9quilibre.\u202f Con\u00e7u pour\u202fpour\u202f\u00e0 chaque jour\u202fconfort.<\/h4>\n\n\n\n<p>le&nbsp;<strong>VT125\u202fChauffage\u202fR\u00e9cup\u00e9ration\u202fVentilateur<\/strong>&nbsp;Prouve que le bon air n'a pas \u00e0 faire un son. Fonctionnant tranquillement en arri\u00e8re-plan, il \u00e9change continuellement de l'air int\u00e9rieur p\u00e9rim\u00e9 contre de l'air ext\u00e9rieur tout en r\u00e9cup\u00e9rant jusqu'\u00e0 90\u202f%\u202fde l'\u00e9nergie thermique qui serait autrement perdue. Le r\u00e9sultat : un espace qui se sent naturellement rafra\u00eechi, \u00e9quilibr\u00e9 et confortablement vivant.<\/p>\n\n\n\n<p>Au fond, un&nbsp;<strong>Module d'\u00e9change de chaleur<\/strong>&nbsp;Transf\u00e8re la chaleur de l'air sortant au flux entrant. En hiver, il garde les int\u00e9rieurs confortables et, en \u00e9t\u00e9, il minimise le gain de chaleur, ce qui r\u00e9duit la charge de CVC et les co\u00fbts \u00e9nerg\u00e9tiques sans compromettre le confort.<\/p>\n\n\n\n<p>anim\u00e9 par un&nbsp;<strong>\u00c9conomie d'\u00e9nergie\u202fEC\u202fmoteur<\/strong>, le VT125 maintient un flux d'air fluide et efficace \u00e0 des niveaux de chuchotement. M\u00eame \u00e0 son d\u00e9bit d'air maximum de 60\u00a0\u202f\u00a0m\u00b3\/h, il ne consomme que\u00a05,5\u00a0\u2013\u00a0\u202f\u00a012\u00a0w\u00a0w\u202fd'\u00e9nergie et se fond parfaitement dans les chambres, les bureaux ou les studios o\u00f9 le silence est le plus important.<\/p>\n\n\n\n<p>A&nbsp;<strong>Profil mince et raffin\u00e9<\/strong>&nbsp;Permet l'installation dans des plafonds, des murs ou des armoires, parfait pour les appartements modernes o\u00f9 l'espace est limit\u00e9. son&nbsp;<strong>Syst\u00e8me de filtration bi-couche<\/strong>&nbsp;g\u00e8re les contaminants grossiers et fins : un\u202fprimaire\u202ffiltre\u202fpour\u202fde\u202fde\u202fdust\u202fdouble,\u202fdouble\u202fd\u2019\u00e9l\u00e9ments\u202fd\u2019\u00e9l\u00e9ments\u202fd\u2019enfouissement\u202fd\u2019\u00e9l\u00e9ments\u202fd\u2019enfouis\u202fd\u2019\u00e9l\u00e9ments\u202fd\u2019enfouissement\u2019d\u2019\u00e9l\u00e9ments\u202fd\u2019allerg\u00e8nes\u202fd\u2019enl\u00e8vements,\u202fd\u2019\u00e9l\u00e9ments\u202fd\u00e9livr\u00e9s,\u202fd\u00e9livrant\u202fd\u2019une \u202fd\u2019aspects-de\u202fde\u202fd\u2019aspects-de\u202fd\u2019une \u202fd\u2019aspects-de\u202fde\u202fd\u2019aspects\u202fd\u2019une \u202fd\u2019aspects-de\u202fde\u202fd\u2019une \u202fd\u2019une \u202fde\u202fd\u2019une\u202fd\u2019aspects\u202fd\u2019a.<\/p>\n\n\n\n<p>L'entretien est simple. Les filtres glissent pour le nettoyage et l'interface reste intuitive, sans complexit\u00e9, sans tracas. Une fois install\u00e9, il fait tranquillement son travail tout en profitant de la clart\u00e9 de l'air \u00e9quilibr\u00e9.<\/p>","protected":false},"excerpt":{"rendered":"<p>1.KCVENTS VT125 HRV \u2013 Ventilateur de r\u00e9cup\u00e9ration de chaleur \u00e0 haut rendement.<br \/>\nLes technologies de pointe sont utilis\u00e9es pour r\u00e9cup\u00e9rer la chaleur, r\u00e9duire les co\u00fbts et am\u00e9liorer la qualit\u00e9 de l'air int\u00e9rieur.<\/p>\n<p>2 Fonctionnement silencieux : \u00e9quip\u00e9 d'un moteur EC, il assure un faible bruit et un rendement \u00e9lev\u00e9, ce qui le rend id\u00e9al pour les maisons et les bureaux.<\/p>\n<p>3.Compact: la conception mince convient aux plafonds, aux murs ou aux armoires dans des espaces petits \u00e0 moyens.<\/p>\n<p>4. Filtration avanc\u00e9e : Le VT125 comprend un pr\u00e9filtre et des filtres HEPA et carbone en option pour \u00e9liminer la poussi\u00e8re, les allerg\u00e8nes et les contaminants.<\/p>\n<p>5. Commandes simples et maintenance r\u00e9duite : Con\u00e7u dans un souci de facilit\u00e9 d'utilisation, le VT125 dispose d'une interface intuitive pour un fonctionnement sans effort et une maintenance r\u00e9duite. Id\u00e9al pour tous ceux qui recherchent un syst\u00e8me de VRC sans tracas qui offre une r\u00e9cup\u00e9ration optimale de la chaleur et une circulation de l'air.<\/p>\n<p>&nbsp;<\/p>\n<p><a class=\"button button_right button_size_2\" title=\"\" href=\"mailto:info@kcvents.com\" target=\"_blank\" rel=\"noopener\"><i class=\"icon-direction\" aria-hidden=\"true\"><\/i><span class=\"button_label\">observation<\/span><\/a>\u00a0<a class=\"button button_right button_size_2\" title=\"\" href=\"https:\/\/www.kcvents.com\/wp-content\/uploads\/2025\/07\/VT125.pdf\" target=\"_blank\" rel=\"noopener\"><i class=\"icon-acrobat\" aria-hidden=\"true\"><\/i><span class=\"button_label\">catalogue<\/span><\/a><\/p>","protected":false},"featured_media":915,"comment_status":"open","ping_status":"closed","template":"","meta":{"_acf_changed":false},"product_brand":[],"product_cat":[25],"product_tag":[],"class_list":{"0":"post-259","1":"product","2":"type-product","3":"status-publish","4":"has-post-thumbnail","6":"product_cat-single-room-hrv","8":"first","9":"instock","10":"taxable","11":"shipping-taxable","12":"purchasable","13":"product-type-variable","14":"has-default-attributes"},"acf":[],"_links":{"self":[{"href":"https:\/\/www.ecvents.com\/fr\/wp-json\/wp\/v2\/product\/259","targetHints":{"allow":["GET"]}}],"collection":[{"href":"https:\/\/www.ecvents.com\/fr\/wp-json\/wp\/v2\/product"}],"about":[{"href":"https:\/\/www.ecvents.com\/fr\/wp-json\/wp\/v2\/types\/product"}],"replies":[{"embeddable":true,"href":"https:\/\/www.ecvents.com\/fr\/wp-json\/wp\/v2\/comments?post=259"}],"wp:featuredmedia":[{"embeddable":true,"href":"https:\/\/www.ecvents.com\/fr\/wp-json\/wp\/v2\/media\/915"}],"wp:attachment":[{"href":"https:\/\/www.ecvents.com\/fr\/wp-json\/wp\/v2\/media?parent=259"}],"wp:term":[{"taxonomy":"product_brand","embeddable":true,"href":"https:\/\/www.ecvents.com\/fr\/wp-json\/wp\/v2\/product_brand?post=259"},{"taxonomy":"product_cat","embeddable":true,"href":"https:\/\/www.ecvents.com\/fr\/wp-json\/wp\/v2\/product_cat?post=259"},{"taxonomy":"product_tag","embeddable":true,"href":"https:\/\/www.ecvents.com\/fr\/wp-json\/wp\/v2\/product_tag?post=259"}],"curies":[{"name":"WP","href":"https:\/\/api.w.org\/{rel}","templated":true}]}}