{"id":4312,"date":"2026-01-12T20:17:03","date_gmt":"2026-01-13T01:17:03","guid":{"rendered":"https:\/\/www.ecvents.com\/?post_type=product&#038;p=4312"},"modified":"2026-01-23T04:00:21","modified_gmt":"2026-01-23T09:00:21","slug":"ventilateur-dechappement-de-salle-de-bain-amortisseur-de-mur-de-fond-de-fenetre-a-distance-g","status":"publish","type":"product","link":"https:\/\/www.ecvents.com\/fr\/product\/ventilateur-dechappement-de-salle-de-bain-amortisseur-de-mur-de-fond-de-fenetre-a-distance-g\/","title":{"rendered":"KCVENTS Ventilateur de salle de bain pour fen\u00eatres et murs avec t\u00e9l\u00e9commande, amortisseur de r\u00e9tro-draft (4\/6\/8 pouces)"},"content":{"rendered":"<div class=\"wp-block-stackable-columns stk-block-columns stk-block stk-c89edeb\" data-block-id=\"c89edeb\"><style>.stk-c89edeb {margin-top:var(--stk--preset--spacing--none, 0px) !important;margin-bottom:0px !important;}<\/style><div class=\"stk-row stk-inner-blocks stk-block-content stk-content-align stk-c89edeb-column\">\n<div class=\"wp-block-stackable-column stk-block-column stk-column stk-block stk-f790622 col-img-full\" data-v=\"4\" data-block-id=\"f790622\"><style>.stk-f790622 {margin-right:auto !important;margin-left:auto !important;}@media screen and (min-width:690px){.stk-f790622 {flex:var(--stk-flex-grow, 1) 1 calc(33.333% - var(--stk-column-gap, 0px) * 1 \/ 2 ) !important;}}<\/style><div class=\"stk-column-wrapper stk-block-column__content stk-container stk-f790622-container stk--no-background stk--no-padding\"><div class=\"stk-block-content stk-inner-blocks stk-f790622-inner-blocks\">\n<p><strong>Ventilateur d'\u00e9chappement de moteur EC haute performance \u2013 silencieux, efficace et intelligent<\/strong><\/p>\n\n\n\n<p>Am\u00e9liorez votre ventilation avec la s\u00e9rie KCVENTS APC-G. Dot\u00e9 d'une technologie de moteur EC avanc\u00e9e, ce ventilateur d\u00e9livre un flux d'air puissant tout en fonctionnant \u00e0 des niveaux de chuchotement (&lt;35\u00a0dB). Con\u00e7u pour une compatibilit\u00e9 globale (80-245V), c&#039;est la solution ultime pour \u00e9liminer l&#039;humidit\u00e9, les odeurs et la fum\u00e9e de votre maison.<\/p>\n<\/div><\/div><\/div>\n\n\n\n<div class=\"wp-block-stackable-column stk-block-column stk-column stk-block stk-9a66b73\" data-v=\"4\" data-block-id=\"9a66b73\"><style>.stk-9a66b73-container{margin-top:var(--stk--preset--spacing--none, 0px) !important;margin-bottom:var(--stk--preset--spacing--none, 0px) !important;}.stk-9a66b73 {align-self:center !important;}@media screen and (min-width:690px){.stk-9a66b73 {flex:var(--stk-flex-grow, 1) 1 calc(66.666% - var(--stk-column-gap, 0px) * 1 \/ 2 ) !important;}}<\/style><div class=\"stk-column-wrapper stk-block-column__content stk-container stk-9a66b73-container stk--no-background stk--no-padding\"><div class=\"stk-block-content stk-inner-blocks stk-9a66b73-inner-blocks\">\n<figure class=\"wp-block-image size-full\"><img loading=\"lazy\" decoding=\"async\" width=\"1024\" height=\"1024\" src=\"https:\/\/www.ecvents.com\/wp-content\/uploads\/2026\/01\/kcvents-apc-g-bathroom-exhaust-fan-retail-packaging-eco-friendly-3.jpg\" alt=\"\" class=\"wp-image-4422\" srcset=\"https:\/\/www.ecvents.com\/wp-content\/uploads\/2026\/01\/kcvents-apc-g-bathroom-exhaust-fan-retail-packaging-eco-friendly-3.jpg 1024w, https:\/\/www.ecvents.com\/wp-content\/uploads\/2026\/01\/kcvents-apc-g-bathroom-exhaust-fan-retail-packaging-eco-friendly-3-300x300.jpg 300w, https:\/\/www.ecvents.com\/wp-content\/uploads\/2026\/01\/kcvents-apc-g-bathroom-exhaust-fan-retail-packaging-eco-friendly-3-150x150.jpg 150w, https:\/\/www.ecvents.com\/wp-content\/uploads\/2026\/01\/kcvents-apc-g-bathroom-exhaust-fan-retail-packaging-eco-friendly-3-768x768.jpg 768w, https:\/\/www.ecvents.com\/wp-content\/uploads\/2026\/01\/kcvents-apc-g-bathroom-exhaust-fan-retail-packaging-eco-friendly-3-12x12.jpg 12w, https:\/\/www.ecvents.com\/wp-content\/uploads\/2026\/01\/kcvents-apc-g-bathroom-exhaust-fan-retail-packaging-eco-friendly-3-500x500.jpg 500w, https:\/\/www.ecvents.com\/wp-content\/uploads\/2026\/01\/kcvents-apc-g-bathroom-exhaust-fan-retail-packaging-eco-friendly-3-80x80.jpg 80w\" sizes=\"auto, (max-width: 1024px) 100vw, 1024px\" data-no-translation=\"\" \/><\/figure>\n<\/div><\/div><\/div>\n<\/div><\/div>\n\n\n\n<div class=\"wp-block-stackable-columns stk-block-columns stk-block stk-411cbfd\" data-block-id=\"411cbfd\"><style>.stk-411cbfd {margin-bottom:1px !important;}<\/style><div class=\"stk-row stk-inner-blocks stk-block-content stk-content-align stk-411cbfd-column\">\n<div class=\"wp-block-stackable-column stk-block-column stk-column stk-block stk-989a0c0\" data-v=\"4\" data-block-id=\"989a0c0\"><style>.stk-989a0c0 {align-self:center !important;}@media screen and (min-width:690px){.stk-989a0c0 {flex:var(--stk-flex-grow, 1) 1 calc(33.333% - var(--stk-column-gap, 0px) * 1 \/ 2 ) !important;}}<\/style><div class=\"stk-column-wrapper stk-block-column__content stk-container stk-989a0c0-container stk--no-background stk--no-padding\"><div class=\"stk-block-content stk-inner-blocks stk-989a0c0-inner-blocks\">\n<p><strong>Comment \u00e7a marche \u2013 Simple et puissant<\/strong><br>C'est un vrai&nbsp;<strong>Ventilateur d'\u00e9chappement unidirectionnel<\/strong>&nbsp;Avec amortisseur de r\u00e9trogradage professionnel :<\/p>\n\n\n\n<ul class=\"wp-block-list\">\n<li><strong>Extraction active\u00a0:<\/strong>\u00a0\u00c9limine activement l'humidit\u00e9, les vapeurs de cuisson, les odeurs, la fum\u00e9e et la vapeur de salle de bain en quelques minutes.<\/li>\n\n\n\n<li><strong>Valve de gravit\u00e9 intelligente :<\/strong>\u00a0Le flux d'air pousse le couvercle \u00e0 l'air libre. Une fois que le ventilateur s'arr\u00eate, il se ferme automatiquement et s'\u00e9tanch\u00e8re.<\/li>\n\n\n\n<li><strong>Anti-insectes et odeurs :<\/strong>\u00a0Prot\u00e8ge votre pi\u00e8ce des insectes, des moustiques, de la poussi\u00e8re, des courants d'air froids et des odeurs de refoulement.<\/li>\n<\/ul>\n<\/div><\/div><\/div>\n\n\n\n<div class=\"wp-block-stackable-column stk-block-column stk-column stk-block stk-3715bf6\" data-v=\"4\" data-block-id=\"3715bf6\"><style>@media screen and (min-width:690px){.stk-3715bf6 {flex:var(--stk-flex-grow, 1) 1 calc(66.666% - var(--stk-column-gap, 0px) * 1 \/ 2 ) !important;}}<\/style><div class=\"stk-column-wrapper stk-block-column__content stk-container stk-3715bf6-container stk--no-background stk--no-padding\"><div class=\"stk-block-content stk-inner-blocks stk-3715bf6-inner-blocks\">\n<div class=\"wp-block-stackable-video-popup stk-block-video-popup stk-block stk-48f57cc\" data-video=\"https:\/\/www.ecvents.com\/wp-content\/uploads\/2026\/01\/KCvents_G_Bathroom_Exhaust_Fan_70-171CFM_Ultra_Quiet_4-7W_Remote_Control_2026.mp4\" data-block-id=\"48f57cc\"><div class=\"stk-block-video-popup__overlay stk-row stk-inner-blocks stk-block-content stk-hover-parent\" aria-label=\"Lire la vid\u00e9o\" tabindex=\"0\" role=\"button\">\n<div class=\"wp-block-stackable-icon stk-block-icon has-text-align-center stk-block stk-c99c00e\" data-block-id=\"c99c00e\"><style>.stk-c99c00e .stk--svg-wrapper .stk--inner-svg svg:last-child, .stk-c99c00e .stk--svg-wrapper .stk--inner-svg svg:last-child :is(g, path, rect, polygon, ellipse){fill:#c25a5a !important;}<\/style><span class=\"stk--svg-wrapper\"><div class=\"stk--inner-svg\"><svg style=\"height:0;width:0\"><defs><lineargradient id=\"linear-gradient-c99c00e\" x1=\"0\" x2=\"100%\" y1=\"0\" y2=\"0\"><stop offset=\"0%\" style=\"stop-opacity:1;stop-color:var(--linear-gradient-c-99-c-00-e-color-1)\"><\/stop><stop offset=\"100%\" style=\"stop-opacity:1;stop-color:var(--linear-gradient-c-99-c-00-e-color-2)\"><\/stop><\/lineargradient><\/defs><\/svg><svg data-prefix=\"fas\" data-icon=\"play\" class=\"svg-inline--fa fa-play fa-w-14\" xmlns=\"http:\/\/www.w3.org\/2000\/svg\" viewbox=\"0 0 448 512\" aria-hidden=\"true\" width=\"32\" height=\"32\"><path fill=\"currentColor\" d=\"M424.4 214.7L72.4 6.6C43.8-10.3 0 6.1 0 47.9V464c0 37.5 40.7 60.1 72.4 41.3l352-208c31.4-18.5 31.5-64.1 0-82.6z\"><\/path><\/svg><\/div><\/span><\/div>\n\n\n\n<div class=\"wp-block-stackable-image stk-block-image stk-block stk-a0475b0\" data-block-id=\"a0475b0\"><figure><span class=\"stk-img-wrapper stk-image--shape-stretch\"><img loading=\"lazy\" decoding=\"async\" class=\"stk-img wp-image-4400\" src=\"https:\/\/www.ecvents.com\/wp-content\/uploads\/2025\/08\/kcvents-g-fan-backdraft-damper-prevent-mosquitoes-insects-1.jpg\" width=\"1025\" height=\"1024\" alt=\"1. Backdraft damper for HVAC systems, mosquito and insect prevention, smooth exhaust, high efficiency airflow control.\" srcset=\"https:\/\/www.ecvents.com\/wp-content\/uploads\/2025\/08\/kcvents-g-fan-backdraft-damper-prevent-mosquitoes-insects-1.jpg 1025w, https:\/\/www.ecvents.com\/wp-content\/uploads\/2025\/08\/kcvents-g-fan-backdraft-damper-prevent-mosquitoes-insects-1-300x300.jpg 300w, https:\/\/www.ecvents.com\/wp-content\/uploads\/2025\/08\/kcvents-g-fan-backdraft-damper-prevent-mosquitoes-insects-1-150x150.jpg 150w, https:\/\/www.ecvents.com\/wp-content\/uploads\/2025\/08\/kcvents-g-fan-backdraft-damper-prevent-mosquitoes-insects-1-768x767.jpg 768w, https:\/\/www.ecvents.com\/wp-content\/uploads\/2025\/08\/kcvents-g-fan-backdraft-damper-prevent-mosquitoes-insects-1-12x12.jpg 12w, https:\/\/www.ecvents.com\/wp-content\/uploads\/2025\/08\/kcvents-g-fan-backdraft-damper-prevent-mosquitoes-insects-1-500x500.jpg 500w, https:\/\/www.ecvents.com\/wp-content\/uploads\/2025\/08\/kcvents-g-fan-backdraft-damper-prevent-mosquitoes-insects-1-80x80.jpg 80w\" sizes=\"auto, (max-width: 1025px) 100vw, 1025px\" data-no-translation=\"\" \/><\/span><\/figure><\/div>\n<\/div><\/div>\n<\/div><\/div><\/div>\n<\/div><\/div>\n\n\n\n<div class=\"wp-block-stackable-columns stk-block-columns stk-block stk-f0a90b4\" data-block-id=\"f0a90b4\"><style>.stk-f0a90b4 {margin-bottom:0px !important;}<\/style><div class=\"stk-row stk-inner-blocks stk-block-content stk-content-align stk-f0a90b4-column\">\n<div class=\"wp-block-stackable-column stk-block-column stk-column stk-block stk-c842183\" data-v=\"4\" data-block-id=\"c842183\"><style>.stk-c842183 {align-self:center !important;}@media screen and (min-width:690px){.stk-c842183 {flex:var(--stk-flex-grow, 1) 1 calc(50% - var(--stk-column-gap, 0px) * 1 \/ 2 ) !important;}}<\/style><div class=\"stk-column-wrapper stk-block-column__content stk-container stk-c842183-container stk--no-background stk--no-padding\"><div class=\"stk-block-content stk-inner-blocks stk-c842183-inner-blocks\">\n<p><strong>\u00a0Pourquoi passer \u00e0 notre ventilateur d'\u00e9chappement de moteur EC ?<\/strong><\/p>\n\n\n\n<ul class=\"wp-block-list\">\n<li><strong>Technologie de moteur EC avanc\u00e9e :<\/strong>\u00a0Surperforme les moteurs alternatifs traditionnels avec une efficacit\u00e9 \u00e9nerg\u00e9tique plus \u00e9lev\u00e9e et une dur\u00e9e de vie plus longue. Dites adieu aux rempla\u00e7ants fr\u00e9quents.<\/li>\n\n\n\n<li><strong>Fonctionnement silencieux (&lt;35dB)\u00a0:<\/strong>\u00a0Profitez d'un environnement paisible. Fonctionne \u00e0 un niveau de bruit nettement inf\u00e9rieur \u00e0 celui des ventilateurs standard (&gt;70 dB).<\/li>\n\n\n\n<li><strong>Lames dynamiques \u00e9quilibr\u00e9es :<\/strong>\u00a0Con\u00e7u pour la stabilit\u00e9 et le flux d'air puissant, \u00e9liminant les vibrations.<\/li>\n\n\n\n<li><strong>Contr\u00f4le sans tracas :<\/strong>\u00a0Contrairement aux mod\u00e8les standard, le n\u00f4tre prend en charge les options de commutateur ou de t\u00e9l\u00e9commande pratiques.<\/li>\n<\/ul>\n<\/div><\/div><\/div>\n\n\n\n<div class=\"wp-block-stackable-column stk-block-column stk-column stk-block stk-5812ad0 col-img-full\" data-v=\"4\" data-block-id=\"5812ad0\"><style>@media screen and (min-width:690px){.stk-5812ad0 {flex:var(--stk-flex-grow, 1) 1 calc(50% - var(--stk-column-gap, 0px) * 1 \/ 2 ) !important;}}<\/style><div class=\"stk-column-wrapper stk-block-column__content stk-container stk-5812ad0-container stk--no-background stk--no-padding\"><div class=\"stk-block-content stk-inner-blocks stk-5812ad0-inner-blocks\">\n<figure class=\"wp-block-image size-large\"><img loading=\"lazy\" decoding=\"async\" width=\"1024\" height=\"483\" src=\"https:\/\/www.ecvents.com\/wp-content\/uploads\/2026\/01\/kcvents-ec-motor-fan-vs-ordinary-fan-comparison-chart-3-1024x483.jpg\" alt=\"\" class=\"wp-image-4429\" srcset=\"https:\/\/www.ecvents.com\/wp-content\/uploads\/2026\/01\/kcvents-ec-motor-fan-vs-ordinary-fan-comparison-chart-3-1024x483.jpg 1024w, https:\/\/www.ecvents.com\/wp-content\/uploads\/2026\/01\/kcvents-ec-motor-fan-vs-ordinary-fan-comparison-chart-3-300x142.jpg 300w, https:\/\/www.ecvents.com\/wp-content\/uploads\/2026\/01\/kcvents-ec-motor-fan-vs-ordinary-fan-comparison-chart-3-768x362.jpg 768w, https:\/\/www.ecvents.com\/wp-content\/uploads\/2026\/01\/kcvents-ec-motor-fan-vs-ordinary-fan-comparison-chart-3-18x8.jpg 18w, https:\/\/www.ecvents.com\/wp-content\/uploads\/2026\/01\/kcvents-ec-motor-fan-vs-ordinary-fan-comparison-chart-3-500x236.jpg 500w, https:\/\/www.ecvents.com\/wp-content\/uploads\/2026\/01\/kcvents-ec-motor-fan-vs-ordinary-fan-comparison-chart-3.jpg 1424w\" sizes=\"auto, (max-width: 1024px) 100vw, 1024px\" data-no-translation=\"\" \/><\/figure>\n<\/div><\/div><\/div>\n<\/div><\/div>\n\n\n\n<div class=\"wp-block-stackable-columns stk-block-columns stk-block stk-25a4184\" data-block-id=\"25a4184\"><style>.stk-25a4184 {margin-bottom:0px !important;}<\/style><div class=\"stk-row stk-inner-blocks stk-block-content stk-content-align stk-25a4184-column\">\n<div class=\"wp-block-stackable-column stk-block-column stk-column stk-block stk-63a74db\" data-v=\"4\" data-block-id=\"63a74db\"><style>.stk-63a74db {align-self:center !important;}@media screen and (min-width:690px){.stk-63a74db {flex:var(--stk-flex-grow, 1) 1 calc(33.333% - var(--stk-column-gap, 0px) * 1 \/ 2 ) !important;}}<\/style><div class=\"stk-column-wrapper stk-block-column__content stk-container stk-63a74db-container stk--no-background stk--no-padding\"><div class=\"stk-block-content stk-inner-blocks stk-63a74db-inner-blocks\">\n<p><strong>Applications parfaites<\/strong><\/p>\n\n\n\n<ul class=\"wp-block-list\">\n<li><strong>Salles de bain :<\/strong>\u00a0Bain principal, bain d'invit\u00e9, salle d'eau.<\/li>\n\n\n\n<li><strong>Cuisines :<\/strong>\u00a0Efface rapidement les odeurs de fum\u00e9e et de graisse de cuisson.<\/li>\n\n\n\n<li><strong>Sous-sols, garages, buanderies :<\/strong>\u00a0Pr\u00e9vient les moisissures et les odeurs de moisi.<\/li>\n\n\n\n<li>Toute pi\u00e8ce n\u00e9cessitant une \u00e9limination rapide de l'air humide ou pollu\u00e9<\/li>\n<\/ul>\n<\/div><\/div><\/div>\n\n\n\n<div class=\"wp-block-stackable-column stk-block-column stk-column stk-block stk-370dcc5\" data-v=\"4\" data-block-id=\"370dcc5\"><style>@media screen and (min-width:690px){.stk-370dcc5 {flex:var(--stk-flex-grow, 1) 1 calc(66.666% - var(--stk-column-gap, 0px) * 1 \/ 2 ) !important;}}<\/style><div class=\"stk-column-wrapper stk-block-column__content stk-container stk-370dcc5-container stk--no-background stk--no-padding\"><div class=\"stk-block-content stk-inner-blocks stk-370dcc5-inner-blocks\">\n<figure class=\"wp-block-image size-full\"><img loading=\"lazy\" decoding=\"async\" width=\"1024\" height=\"1024\" src=\"https:\/\/www.ecvents.com\/wp-content\/uploads\/2025\/08\/kcvents-g-fan-application-scenarios-bathroom-kitchen-petroom-1.jpg\" alt=\"A clean, modern bathroom with a ceiling-mounted exhaust fan, highlighting indoor air quality and ventilation solutions from ECvents EC Motor Shop.\" class=\"wp-image-4416\" srcset=\"https:\/\/www.ecvents.com\/wp-content\/uploads\/2025\/08\/kcvents-g-fan-application-scenarios-bathroom-kitchen-petroom-1.jpg 1024w, https:\/\/www.ecvents.com\/wp-content\/uploads\/2025\/08\/kcvents-g-fan-application-scenarios-bathroom-kitchen-petroom-1-300x300.jpg 300w, https:\/\/www.ecvents.com\/wp-content\/uploads\/2025\/08\/kcvents-g-fan-application-scenarios-bathroom-kitchen-petroom-1-150x150.jpg 150w, https:\/\/www.ecvents.com\/wp-content\/uploads\/2025\/08\/kcvents-g-fan-application-scenarios-bathroom-kitchen-petroom-1-768x768.jpg 768w, https:\/\/www.ecvents.com\/wp-content\/uploads\/2025\/08\/kcvents-g-fan-application-scenarios-bathroom-kitchen-petroom-1-12x12.jpg 12w, https:\/\/www.ecvents.com\/wp-content\/uploads\/2025\/08\/kcvents-g-fan-application-scenarios-bathroom-kitchen-petroom-1-500x500.jpg 500w, https:\/\/www.ecvents.com\/wp-content\/uploads\/2025\/08\/kcvents-g-fan-application-scenarios-bathroom-kitchen-petroom-1-80x80.jpg 80w\" sizes=\"auto, (max-width: 1024px) 100vw, 1024px\" data-no-translation=\"\" \/><\/figure>\n<\/div><\/div><\/div>\n<\/div><\/div>\n\n\n\n<p style=\"margin-top:0;margin-bottom:0;padding-top:0;padding-bottom:0\"><strong><strong>Choisissez la taille parfaite pour votre chambre<\/strong>\uff1a<\/strong><\/p>\n\n\n\n<p style=\"margin-top:0;margin-bottom:0\">Ne devinez pas! Choisissez le bon mod\u00e8le en fonction de la taille de votre pi\u00e8ce.<\/p>\n\n\n\n<figure style=\"margin-top:0;margin-bottom:0\" class=\"wp-block-table\"><table><thead><tr><th>mannequin<\/th><th>Taille du conduit<\/th><th>tension<\/th><th>Puissance (moteur EC)<\/th><th>D\u00e9bit d'air (CFM)<\/th><th>D\u00e9bit d'air (m\u00b3\/h)<\/th><th>Taille de la pi\u00e8ce recommand\u00e9e<\/th><\/tr><\/thead><tbody><tr><td>APC10-G<\/td><td>4 pouces<\/td><td>80\u2013245V \/ 50\u201360Hz<\/td><td>4w<\/td><td>70 cfm<\/td><td>120 m\u00b3\/h<\/td><td>parfait pour\u00a0<strong>\u2264 80 pieds carr\u00e9s<\/strong>\u00a0(\u2264 7,5 \u33a1)<\/td><\/tr><tr><td>APC15-G<\/td><td>6 pouces<\/td><td>80\u2013245V \/ 50\u201360Hz<\/td><td>5w<\/td><td>124 cfm<\/td><td>210 m\u00b3\/h<\/td><td>id\u00e9al pour\u00a0<strong>80-110 pieds carr\u00e9s<\/strong>\u00a0(7,5-10,2 \u33a1)<\/td><\/tr><tr><td>APC20-G<\/td><td>8 pouces<\/td><td>80\u2013245V \/ 50\u201360Hz<\/td><td>7w<\/td><td>171 cfm<\/td><td>290 m\u00b3\/h<\/td><td>puissant pour\u00a0<strong>110-150 pieds carr\u00e9s<\/strong>\u00a0(10-14 \u33a1)<\/td><\/tr><\/tbody><\/table><\/figure>\n\n\n\n<p style=\"margin-top:var(--wp--preset--spacing--20);margin-bottom:0\"><strong>Dimensions techniques (sp\u00e9cifications de l'installation)<\/strong><\/p>\n\n\n\n<p style=\"margin-top:0;margin-bottom:0\"><em>Veuillez v\u00e9rifier la taille de votre ouverture de mur\/fen\u00eatre avant d'acheter.<\/em><\/p>\n\n\n\n<div class=\"wp-block-stackable-columns stk-block-columns stk-block stk-2d28ca7\" data-block-id=\"2d28ca7\"><style>.stk-2d28ca7 {margin-top:var(--stk--preset--spacing--none, 0px) !important;margin-bottom:0px !important;}<\/style><div class=\"stk-row stk-inner-blocks stk-block-content stk-content-align stk-2d28ca7-column\">\n<div class=\"wp-block-stackable-column stk-block-column stk-column stk-block stk-cfda450 col-img-full\" data-v=\"4\" data-block-id=\"cfda450\"><style>.stk-cfda450 {margin-right:auto !important;margin-left:auto !important;}@media screen and (min-width:690px){.stk-cfda450 {flex:var(--stk-flex-grow, 1) 1 calc(40% - var(--stk-column-gap, 0px) * 1 \/ 2 ) !important;}}<\/style><div class=\"stk-column-wrapper stk-block-column__content stk-container stk-cfda450-container stk--no-background stk--no-padding\"><div class=\"stk-block-content stk-inner-blocks stk-cfda450-inner-blocks\">\n<figure class=\"wp-block-image size-full\"><img loading=\"lazy\" decoding=\"async\" width=\"614\" height=\"301\" src=\"https:\/\/www.ecvents.com\/wp-content\/uploads\/2026\/01\/kcvents-g-bathroom-exhaust-fan-size.png\" alt=\"High-quality EC motor for industrial applications, featuring efficient design and durable construction, available at ECvents EC Motor Shop for reliable performance.\" class=\"wp-image-4348\" srcset=\"https:\/\/www.ecvents.com\/wp-content\/uploads\/2026\/01\/kcvents-g-bathroom-exhaust-fan-size.png 614w, https:\/\/www.ecvents.com\/wp-content\/uploads\/2026\/01\/kcvents-g-bathroom-exhaust-fan-size-300x147.png 300w, https:\/\/www.ecvents.com\/wp-content\/uploads\/2026\/01\/kcvents-g-bathroom-exhaust-fan-size-18x9.png 18w, https:\/\/www.ecvents.com\/wp-content\/uploads\/2026\/01\/kcvents-g-bathroom-exhaust-fan-size-500x245.png 500w\" sizes=\"auto, (max-width: 614px) 100vw, 614px\" data-no-translation=\"\" \/><\/figure>\n<\/div><\/div><\/div>\n\n\n\n<div class=\"wp-block-stackable-column stk-block-column stk-column stk-block stk-736e1e6\" data-v=\"4\" data-block-id=\"736e1e6\"><style>.stk-736e1e6-container{margin-top:var(--stk--preset--spacing--none, 0px) !important;margin-bottom:var(--stk--preset--spacing--none, 0px) !important;}.stk-736e1e6 {align-self:center !important;}@media screen and (min-width:690px){.stk-736e1e6 {flex:var(--stk-flex-grow, 1) 1 calc(60% - var(--stk-column-gap, 0px) * 1 \/ 2 ) !important;}}<\/style><div class=\"stk-column-wrapper stk-block-column__content stk-container stk-736e1e6-container stk--no-background stk--no-padding\"><div class=\"stk-block-content stk-inner-blocks stk-736e1e6-inner-blocks\">\n<figure class=\"wp-block-table\"><table><thead><tr><th>mannequin <\/th><th>a (mm)<\/th><th>B (mm)<\/th><th>c (mm)<\/th><\/tr><\/thead><tbody><tr><td><strong>APC10-G<\/strong><\/td><td>125<\/td><td>155<\/td><td>100<\/td><\/tr><tr><td><strong>APC15-G<\/strong><\/td><td>125<\/td><td>205<\/td><td>150<\/td><\/tr><tr><td><strong>APC20-G<\/strong><\/td><td>150<\/td><td>245<\/td><td>200<\/td><\/tr><\/tbody><\/table><\/figure>\n<\/div><\/div><\/div>\n<\/div><\/div>\n\n\n\n<p style=\"margin-top:var(--wp--preset--spacing--20);margin-bottom:0\"><strong>2025 Principales fonctionnalit\u00e9s que les clients adorent le plus<\/strong><\/p>\n\n\n\n<figure style=\"padding-top:0;padding-bottom:0\" class=\"wp-block-table\"><table><thead><tr><th>figure<\/th><th>Un v\u00e9ritable avantage pour vous<\/th><\/tr><\/thead><tbody><tr><td><strong>T\u00e9l\u00e9commande sans fil compl\u00e8te<\/strong><\/td><td>Activez\/d\u00e9sactivez ou changez de vitesse sans quitter la douche (version \u00e0 distance uniquement).<\/td><\/tr><tr><td><strong>Moteur EC \u00e0 haut rendement<\/strong><\/td><td>Ne consomme que 4 \u00e0 7 W. Consomme moins d'\u00e9nergie qu'une ampoule LED standard. Consommation mensuelle : seulement 3 \u00e0 5 kWh (dur\u00e9e d'ex\u00e9cution 24\/7).<\/td><\/tr><tr><td><strong>Tension universelle<\/strong><\/td><td>Tension de 80 \u00e0 245\u00a0V. Compatible avec les normes am\u00e9ricaines, europ\u00e9ennes et asiatiques. Aucun convertisseur n\u00e9cessaire.<\/td><\/tr><tr><td><strong>V\u00e9ritable installation de fen\u00eatre ou de mur<\/strong><\/td><td>Aucun acc\u00e8s au grenier requis \u2013 installez en 15 minutes.<\/td><\/tr><tr><td><strong>\u00c9co &amp; sant\u00e9<\/strong><\/td><td>Fonctionne cool (\u2264 105\u2103), mat\u00e9riaux certifi\u00e9s ETL.<\/td><\/tr><\/tbody><\/table><\/figure>\n\n\n\n<h4 class=\"wp-block-heading\" style=\"margin-top:10px;margin-bottom:10px\">Le package comprend tout ce dont vous avez besoin pour une installation rapide<\/h4>\n\n\n\n<ul class=\"wp-block-list\">\n<li>1 \u00d7 KCVENTS G Ventilateur d'extraction (votre taille s\u00e9lectionn\u00e9e : 4\u2033 \/ 6\u2033 \/ 8\u2033)<\/li>\n\n\n\n<li>1 \u00d7 amortisseur de contre-draft (pr\u00e9install\u00e9, anti-insectes et anti-retour)<\/li>\n\n\n\n<li>1 \u00d7 Manuel d'utilisation anglais facile \u00e0 lire + mod\u00e8le de per\u00e7age<\/li>\n\n\n\n<li>1 \u00d7 kit de vis pour montage mural\/fen\u00eatre<\/li>\n<\/ul>\n\n\n\n<p style=\"margin-bottom:10px\"><strong><strong>Mise \u00e0 niveau de la version de la t\u00e9l\u00e9commande\u00a0:<\/strong><\/strong><\/p>\n\n\n\n<ul class=\"wp-block-list\">\n<li>Comprend tout ce qui pr\u00e9c\u00a0<strong>plus<\/strong>:<\/li>\n\n\n\n<li>1 \u00d7 T\u00e9l\u00e9commande sans fil + batterie (pr\u00eat \u00e0 l'emploi pr\u00eat \u00e0 l'emploi)<br>\u2192 Choisissez l'option \u201cavec t\u00e9l\u00e9commande\u201d en haut de la page si vous souhaitez cette mise \u00e0 niveau<\/li>\n<\/ul>\n\n\n\n<p style=\"margin-bottom:10px\"><strong>Garantie et assistance<\/strong><\/p>\n\n\n\n<ul style=\"margin-bottom:10px\" class=\"wp-block-list\">\n<li>Garantie de moteur EC de 3 ans<\/li>\n\n\n\n<li>Assistance client\u00e8le \u00e0 vie (r\u00e9ponse dans les 12\u00a0heures)<\/li>\n<\/ul>\n\n\n\n<p>La plupart des clients terminent leur installation en 15 \u00e0 25 minutes \u2013 aucun \u00e9lectricien n'est n\u00e9cessaire.<\/p>\n\n\n\n<p><strong><strong>\u26a0\ufe0f Remarque importante :\u00a0<\/strong><\/strong><br>c'est le\u00a0<strong>\u00c9chappement unidirectionnel classique<\/strong>\u00a0Mod\u00e8le (tirez l'air). Si vous avez besoin\u00a0<strong>D\u00e9bit d'air r\u00e9versible<\/strong>\u00a0(Echappement + prise d'air frais), veuillez consulter notre\u00a0<strong>S\u00e9rie r\u00e9versible APC-G<\/strong>.<\/p>\n\n\n\n<p><\/p>","protected":false},"excerpt":{"rendered":"<ul>\n<li><strong>Fonctionnement ultra-silencieux :<\/strong>\u00a0Fonctionne \u00e0 \u2264\u00a035\u00a0dB, cr\u00e9ant un environnement paisible contrairement aux fans traditionnels bruyants.<\/li>\n<li><strong>Moteur EC \u00e9conome en \u00e9nergie :<\/strong>\u00a0Ne consomme que 4 \u00e0 7 W, \u00e9conomisant jusqu'\u00e0 80% sur les factures d'\u00e9lectricit\u00e9 par rapport aux moteurs \u00e0 courant alternatif.<\/li>\n<li><strong>Amortisseur de r\u00e9tro-draft int\u00e9gr\u00e9 :<\/strong>\u00a0Se scelle automatiquement lorsqu'il est \u00e9teint pour \u00e9viter les insectes, les moustiques et les odeurs de refoulement.<\/li>\n<li><strong>Bo\u00eetier ABS durable :<\/strong>\u00a0Fabriqu\u00e9 en mat\u00e9riau de premi\u00e8re qualit\u00e9, r\u00e9sistant aux UV, imperm\u00e9able, antirouille et facile \u00e0 nettoyer.<\/li>\n<li><strong>Contr\u00f4le flexible :<\/strong>\u00a0choisir\u00a0<strong>Commutateur manuel<\/strong>\u00a0Pour simplifier ou\u00a0<strong>t\u00e9l\u00e9commande<\/strong>\u00a0Pour un r\u00e9glage pratique de la vitesse et des fonctions de minuterie.<\/li>\n<\/ul>","protected":false},"featured_media":1099,"comment_status":"open","ping_status":"closed","template":"","meta":{"_acf_changed":false},"product_brand":[62],"product_cat":[28],"product_tag":[31,30,29,34,33],"class_list":{"0":"post-4312","1":"product","2":"type-product","3":"status-publish","4":"has-post-thumbnail","6":"product_brand-kcvents","7":"product_cat-exhaust-fan","8":"product_tag-backdraft-damper","9":"product_tag-durable-abs-housing","10":"product_tag-energy-efficient-ec-motor","11":"product_tag-low-noise-operation","12":"product_tag-variable-speed-control","13":"pa_control-mode-manual-switch","14":"pa_control-mode-remote-control","16":"first","17":"instock","18":"sale","19":"purchasable","20":"product-type-variable","21":"has-default-attributes"},"acf":[],"_links":{"self":[{"href":"https:\/\/www.ecvents.com\/fr\/wp-json\/wp\/v2\/product\/4312","targetHints":{"allow":["GET"]}}],"collection":[{"href":"https:\/\/www.ecvents.com\/fr\/wp-json\/wp\/v2\/product"}],"about":[{"href":"https:\/\/www.ecvents.com\/fr\/wp-json\/wp\/v2\/types\/product"}],"replies":[{"embeddable":true,"href":"https:\/\/www.ecvents.com\/fr\/wp-json\/wp\/v2\/comments?post=4312"}],"wp:featuredmedia":[{"embeddable":true,"href":"https:\/\/www.ecvents.com\/fr\/wp-json\/wp\/v2\/media\/1099"}],"wp:attachment":[{"href":"https:\/\/www.ecvents.com\/fr\/wp-json\/wp\/v2\/media?parent=4312"}],"wp:term":[{"taxonomy":"product_brand","embeddable":true,"href":"https:\/\/www.ecvents.com\/fr\/wp-json\/wp\/v2\/product_brand?post=4312"},{"taxonomy":"product_cat","embeddable":true,"href":"https:\/\/www.ecvents.com\/fr\/wp-json\/wp\/v2\/product_cat?post=4312"},{"taxonomy":"product_tag","embeddable":true,"href":"https:\/\/www.ecvents.com\/fr\/wp-json\/wp\/v2\/product_tag?post=4312"}],"curies":[{"name":"WP","href":"https:\/\/api.w.org\/{rel}","templated":true}]}}